{"id":104,"date":"2017-02-27T11:29:05","date_gmt":"2017-02-27T11:29:05","guid":{"rendered":"http:\/\/demo.acmethemes.com\/education-base-pro\/?page_id=346"},"modified":"2021-11-09T17:13:42","modified_gmt":"2021-11-09T16:13:42","slug":"extra-activities","status":"publish","type":"page","link":"https:\/\/www.univ-usto.dz\/buc\/?page_id=104","title":{"rendered":"Vous cherchez une th\u00e8se?"},"content":{"rendered":"<p>Service Th\u00e8se de la BUC met \u00e0 votre votre disposition L&rsquo;ensemble des th\u00e8ses de doctorat et m\u00e9moires de magister soutenues \u00e0 l&rsquo;USTO MB<\/p>\n","protected":false},"excerpt":{"rendered":"<p>Service Th\u00e8se de la BUC met \u00e0 votre votre disposition L&rsquo;ensemble des th\u00e8ses de doctorat et m\u00e9moires de magister soutenues \u00e0 l&rsquo;USTO MB<\/p>\n","protected":false},"author":1,"featured_media":0,"parent":110,"menu_order":0,"comment_status":"closed","ping_status":"closed","template":"","meta":{"footnotes":""},"class_list":["post-104","page","type-page","status-publish","hentry"],"_links":{"self":[{"href":"https:\/\/www.univ-usto.dz\/buc\/index.php?rest_route=\/wp\/v2\/pages\/104","targetHints":{"allow":["GET"]}}],"collection":[{"href":"https:\/\/www.univ-usto.dz\/buc\/index.php?rest_route=\/wp\/v2\/pages"}],"about":[{"href":"https:\/\/www.univ-usto.dz\/buc\/index.php?rest_route=\/wp\/v2\/types\/page"}],"author":[{"embeddable":true,"href":"https:\/\/www.univ-usto.dz\/buc\/index.php?rest_route=\/wp\/v2\/users\/1"}],"replies":[{"embeddable":true,"href":"https:\/\/www.univ-usto.dz\/buc\/index.php?rest_route=%2Fwp%2Fv2%2Fcomments&post=104"}],"version-history":[{"count":3,"href":"https:\/\/www.univ-usto.dz\/buc\/index.php?rest_route=\/wp\/v2\/pages\/104\/revisions"}],"predecessor-version":[{"id":282,"href":"https:\/\/www.univ-usto.dz\/buc\/index.php?rest_route=\/wp\/v2\/pages\/104\/revisions\/282"}],"up":[{"embeddable":true,"href":"https:\/\/www.univ-usto.dz\/buc\/index.php?rest_route=\/wp\/v2\/pages\/110"}],"wp:attachment":[{"href":"https:\/\/www.univ-usto.dz\/buc\/index.php?rest_route=%2Fwp%2Fv2%2Fmedia&parent=104"}],"curies":[{"name":"wp","href":"https:\/\/api.w.org\/{rel}","templated":true}]}}