{"id":154,"date":"2016-10-17T13:59:36","date_gmt":"2016-10-17T13:59:36","guid":{"rendered":"http:\/\/www.demo.acmethemes.com\/education-base\/?page_id=52"},"modified":"2022-02-24T15:19:58","modified_gmt":"2022-02-24T14:19:58","slug":"extended-premium-features","status":"publish","type":"page","link":"https:\/\/www.univ-usto.dz\/buc\/?page_id=154","title":{"rendered":"SNDL Systeme National de Documentation en Ligne"},"content":{"rendered":"<p>La Direction de la Biblioth\u00e8que Centrale invite les enseignants , les doctorat et les \u00e9tudiants en deuxi\u00e8me ann\u00e9e master \u00e0 cr\u00e9er un compte SNDL.<\/p>\n<p>Le SNDL est un portail l\u2019acc\u00e8s \u00e0 une documentation \u00e9lectronique nationale et internationale tr\u00e8s riche et tr\u00e8s vari\u00e9e, \u00a0couvrant tous les domaines de l\u2019enseignement et de la recherche scientifique.<\/p>\n<p><strong>Les types de ressources offertes\u00a0:<\/strong><br \/>\nLes ressources \u00e9lectroniques accessibles via le portail SNDL sont de trois cat\u00e9gories<\/p>\n<ol>\n<li>Les ressources acquises via des abonnements chez des fournisseurs habilit\u00e9s\u00a0: Elles sont class\u00e9es en \u00a0quatre grands domaines\u00a0: Sciences de la vie et de la terre, Sciences et techniques, Sciences humaines et sociales, Multidisciplinaires. Ces ressources sont de plusieurs types : e_journals, bases de donn\u00e9es scientomtriques, e_books, etc.<\/li>\n<li>Les ressources libres disponible le Net et peuvent \u00eatre de tout types (ouvrages, th\u00e8ses, rapports, communications, des revues, des bases de donn\u00e9es scientom\u00e9triques etc.)<\/li>\n<li>Les ressources produites au niveau national mises en place par le CERIST dans le cadre de ses missions ou en collaboration avec des organismes nationaux et internationaux (Th\u00e8ses, Revues, bases de donn\u00e9es)<\/li>\n<\/ol>\n","protected":false},"excerpt":{"rendered":"<p>Obtenir un compte  d&rsquo;acc\u00e8s SNDL Portail d\u2019acc\u00e8s aux ressources \u00e9lectroniques nationales et internationales en ligne<\/p>\n","protected":false},"author":1,"featured_media":271,"parent":0,"menu_order":0,"comment_status":"closed","ping_status":"closed","template":"","meta":{"footnotes":""},"class_list":["post-154","page","type-page","status-publish","has-post-thumbnail","hentry"],"_links":{"self":[{"href":"https:\/\/www.univ-usto.dz\/buc\/index.php?rest_route=\/wp\/v2\/pages\/154","targetHints":{"allow":["GET"]}}],"collection":[{"href":"https:\/\/www.univ-usto.dz\/buc\/index.php?rest_route=\/wp\/v2\/pages"}],"about":[{"href":"https:\/\/www.univ-usto.dz\/buc\/index.php?rest_route=\/wp\/v2\/types\/page"}],"author":[{"embeddable":true,"href":"https:\/\/www.univ-usto.dz\/buc\/index.php?rest_route=\/wp\/v2\/users\/1"}],"replies":[{"embeddable":true,"href":"https:\/\/www.univ-usto.dz\/buc\/index.php?rest_route=%2Fwp%2Fv2%2Fcomments&post=154"}],"version-history":[{"count":4,"href":"https:\/\/www.univ-usto.dz\/buc\/index.php?rest_route=\/wp\/v2\/pages\/154\/revisions"}],"predecessor-version":[{"id":455,"href":"https:\/\/www.univ-usto.dz\/buc\/index.php?rest_route=\/wp\/v2\/pages\/154\/revisions\/455"}],"wp:featuredmedia":[{"embeddable":true,"href":"https:\/\/www.univ-usto.dz\/buc\/index.php?rest_route=\/wp\/v2\/media\/271"}],"wp:attachment":[{"href":"https:\/\/www.univ-usto.dz\/buc\/index.php?rest_route=%2Fwp%2Fv2%2Fmedia&parent=154"}],"curies":[{"name":"wp","href":"https:\/\/api.w.org\/{rel}","templated":true}]}}