{"id":156,"date":"2016-10-17T13:56:05","date_gmt":"2016-10-17T13:56:05","guid":{"rendered":"http:\/\/www.demo.acmethemes.com\/education-base\/?page_id=49"},"modified":"2022-11-20T15:10:21","modified_gmt":"2022-11-20T14:10:21","slug":"awesome-theme-with-incredible-supports","status":"publish","type":"page","link":"https:\/\/www.univ-usto.dz\/buc\/?page_id=156","title":{"rendered":"Recherche Documentaire"},"content":{"rendered":"<p>La Biblioth\u00e8que Centrale de L&rsquo;USTOMB met \u00e0 votre dispostion un catalogue pour vous aider \u00e0 faire des recherches et d\u00e9couvrir notre richesse de notre fond documentaire.<\/p>\n<p>Ce lien vous pr\u00e9sente de nombreuses possibilit\u00e9s de recherche et de navigation, celles-ci sont grandement param\u00e9trables.<\/p>\n<p>http:\/\/www.univ-usto.dz\/catalog_en_ligne\/<\/p>\n<p>&nbsp;<\/p>\n","protected":false},"excerpt":{"rendered":"<p>D\u00c9COUVRIR LA RICHESSE DE NOTRE FOND DOCUMENTAIRE<\/p>\n","protected":false},"author":1,"featured_media":477,"parent":0,"menu_order":0,"comment_status":"closed","ping_status":"closed","template":"","meta":{"footnotes":""},"class_list":["post-156","page","type-page","status-publish","has-post-thumbnail","hentry"],"_links":{"self":[{"href":"https:\/\/www.univ-usto.dz\/buc\/index.php?rest_route=\/wp\/v2\/pages\/156","targetHints":{"allow":["GET"]}}],"collection":[{"href":"https:\/\/www.univ-usto.dz\/buc\/index.php?rest_route=\/wp\/v2\/pages"}],"about":[{"href":"https:\/\/www.univ-usto.dz\/buc\/index.php?rest_route=\/wp\/v2\/types\/page"}],"author":[{"embeddable":true,"href":"https:\/\/www.univ-usto.dz\/buc\/index.php?rest_route=\/wp\/v2\/users\/1"}],"replies":[{"embeddable":true,"href":"https:\/\/www.univ-usto.dz\/buc\/index.php?rest_route=%2Fwp%2Fv2%2Fcomments&post=156"}],"version-history":[{"count":5,"href":"https:\/\/www.univ-usto.dz\/buc\/index.php?rest_route=\/wp\/v2\/pages\/156\/revisions"}],"predecessor-version":[{"id":458,"href":"https:\/\/www.univ-usto.dz\/buc\/index.php?rest_route=\/wp\/v2\/pages\/156\/revisions\/458"}],"wp:featuredmedia":[{"embeddable":true,"href":"https:\/\/www.univ-usto.dz\/buc\/index.php?rest_route=\/wp\/v2\/media\/477"}],"wp:attachment":[{"href":"https:\/\/www.univ-usto.dz\/buc\/index.php?rest_route=%2Fwp%2Fv2%2Fmedia&parent=156"}],"curies":[{"name":"wp","href":"https:\/\/api.w.org\/{rel}","templated":true}]}}