{"id":170,"date":"2016-10-17T13:42:46","date_gmt":"2016-10-17T13:42:46","guid":{"rendered":"http:\/\/www.demo.acmethemes.com\/education-base\/?page_id=35"},"modified":"2021-11-11T16:12:33","modified_gmt":"2021-11-11T15:12:33","slug":"raghuram-rastra","status":"publish","type":"page","link":"https:\/\/www.univ-usto.dz\/buc\/?page_id=170","title":{"rendered":"D\u00e9poser une Th\u00e8se \u00e0 la Biblioth\u00e8que Universitaire"},"content":{"rendered":"<p>Le d\u00e9p\u00f4t de la th\u00e8se est obligatoire pour l\u2019obtention du dipl\u00f4me de docteur de l&rsquo;universit\u00e9 de l&rsquo;USTO MB \u00e0 la biblioth\u00e8que centrale.<br \/>\nLe Doctorant doit se pr\u00e9senter lors de son d\u00e9p\u00f4t de la th\u00e8se muni d&rsquo;un quitus sign\u00e9 et cachet\u00e9 de son encadreur et de la biblioth\u00e8que de facult\u00e9 plus la th\u00e8se.<br \/>\nla th\u00e8se doit contenir<br \/>\n&#8211; Un seul exemplaire version papier de la th\u00e8se.<br \/>\n-Une version \u00e9lectronique dans un CD de la th\u00e8se.<br \/>\nLa version \u00e9lectronique d\u00e9pos\u00e9e doit \u00eatre identique \u00e0 la version papier<\/p>\n<p>Le CD de th\u00e8se doit contenir ces fichier<br \/>\n&#8211; La th\u00e8se au format PDF et en un seul fichier<br \/>\n&#8211; Le r\u00e9sum\u00e9 et mots cl\u00e9s en format word<\/p>\n","protected":false},"excerpt":{"rendered":"<p>Le Doctorant doit se pr\u00e9senter lors de son d\u00e9p\u00f4t de la th\u00e8se muni d&rsquo;un quitus sign\u00e9 et cachet\u00e9 de son encadreur et de la biblioth\u00e8que de facult\u00e9 plus la th\u00e8se.<br \/>\n&#8211; Un seul exemplaire version papier de la th\u00e8se et une version \u00e9lectronique dans un CD.<\/p>\n","protected":false},"author":1,"featured_media":83,"parent":176,"menu_order":0,"comment_status":"closed","ping_status":"closed","template":"","meta":{"footnotes":""},"class_list":["post-170","page","type-page","status-publish","has-post-thumbnail","hentry"],"_links":{"self":[{"href":"https:\/\/www.univ-usto.dz\/buc\/index.php?rest_route=\/wp\/v2\/pages\/170","targetHints":{"allow":["GET"]}}],"collection":[{"href":"https:\/\/www.univ-usto.dz\/buc\/index.php?rest_route=\/wp\/v2\/pages"}],"about":[{"href":"https:\/\/www.univ-usto.dz\/buc\/index.php?rest_route=\/wp\/v2\/types\/page"}],"author":[{"embeddable":true,"href":"https:\/\/www.univ-usto.dz\/buc\/index.php?rest_route=\/wp\/v2\/users\/1"}],"replies":[{"embeddable":true,"href":"https:\/\/www.univ-usto.dz\/buc\/index.php?rest_route=%2Fwp%2Fv2%2Fcomments&post=170"}],"version-history":[{"count":7,"href":"https:\/\/www.univ-usto.dz\/buc\/index.php?rest_route=\/wp\/v2\/pages\/170\/revisions"}],"predecessor-version":[{"id":312,"href":"https:\/\/www.univ-usto.dz\/buc\/index.php?rest_route=\/wp\/v2\/pages\/170\/revisions\/312"}],"up":[{"embeddable":true,"href":"https:\/\/www.univ-usto.dz\/buc\/index.php?rest_route=\/wp\/v2\/pages\/176"}],"wp:featuredmedia":[{"embeddable":true,"href":"https:\/\/www.univ-usto.dz\/buc\/index.php?rest_route=\/"}],"wp:attachment":[{"href":"https:\/\/www.univ-usto.dz\/buc\/index.php?rest_route=%2Fwp%2Fv2%2Fmedia&parent=170"}],"curies":[{"name":"wp","href":"https:\/\/api.w.org\/{rel}","templated":true}]}}