{"id":172,"date":"2016-10-17T13:41:16","date_gmt":"2016-10-17T13:41:16","guid":{"rendered":"http:\/\/www.demo.acmethemes.com\/education-base\/?page_id=33"},"modified":"2022-02-10T15:38:15","modified_gmt":"2022-02-10T14:38:15","slug":"mrs-sudana-bric","status":"publish","type":"page","link":"https:\/\/www.univ-usto.dz\/buc\/?page_id=172","title":{"rendered":"S&rsquo;inscrire, Demander une Carte"},"content":{"rendered":"<p><strong>VOTRE INSCRIPTION<\/strong><\/p>\r\n<p>Les conditions d&rsquo;accueil dans la BUC ont chang\u00e9 en raison de la crise sanitaire : retrouvez toutes les informations sur notre site \u00e0 <a href=\"https:\/\/bu.univ-perp.fr\/fr\/bu-covid19\">la rubrique BUC COVID-19<\/a>. L&rsquo;acc\u00e8s aux salles de la BUC est libre dans les conditions normales. Actuellement en raison de la crise sanitaire , il est indispensable d&rsquo;\u00eatre inscrit\u00b7e \u00e0 la BUC pour pouvoir fr\u00e9quenter nos espaces. L\u2019inscription est obligatoire pour tout emprunt et pour certains services (internet, consultation des documents). <strong>Demander une Carte<\/strong><\/p>\r\n<!-- \/wp:post-content -->\r\n\r\n<!-- wp:paragraph -->\r\n<p>l&rsquo;utilisation des \u00a0services\u00a0de la biblioth\u00e8que n\u00e9cessite une\u00a0inscription pour avoir une carte de lecteur,<\/p>\r\n<!-- \/wp:paragraph -->\r\n\r\n<!-- wp:paragraph -->\r\n<p>La pr\u00e9sentation de la carte est obligatoire pour :<\/p>\r\n<!-- \/wp:paragraph -->\r\n\r\n<!-- wp:paragraph -->\r\n<p>&nbsp;<\/p>\r\n<!-- \/wp:paragraph -->\r\n\r\n<!-- wp:list -->\r\n<ul>\r\n<li>Consultation sur place des documents<\/li>\r\n<li>Emprunter des documents<\/li>\r\n<li>L\u2019acc\u00e8s aux ordinateurs et r\u00e9seaux internet<\/li>\r\n<\/ul>\r\n<!-- \/wp:list -->\r\n\r\n<!-- wp:heading -->\r\n<h2><strong>Condition d&rsquo;Inscription<\/strong><\/h2>\r\n<!-- \/wp:heading -->\r\n\r\n<!-- wp:paragraph -->\r\n<p>Une carte de biblioth\u00e8que est \u00e9tablie, apr\u00e8s remise de :<\/p>\r\n<!-- \/wp:paragraph -->\r\n\r\n<!-- wp:list {\"ordered\":true} -->\r\n<ol>\r\n<li>Une photo d&rsquo;identit\u00e9.<\/li>\r\n<li>Une photocopie d&rsquo;attestation d&rsquo;inscription \u00e0 l&rsquo;universit\u00e9.<\/li>\r\n<\/ol>\r\n<!-- \/wp:list -->\r\n\r\n<!-- wp:paragraph -->\r\n<p>La carte de lecteur est valable toute l&rsquo;ann\u00e9e universitaire.<\/p>","protected":false},"excerpt":{"rendered":"<p>Education Base is one of the awesome theme in the WordPress theme history. The experts team developed theme with highly crafted design and quality codes.<\/p>\n","protected":false},"author":1,"featured_media":0,"parent":176,"menu_order":0,"comment_status":"closed","ping_status":"closed","template":"","meta":{"footnotes":""},"class_list":["post-172","page","type-page","status-publish","hentry"],"_links":{"self":[{"href":"https:\/\/www.univ-usto.dz\/buc\/index.php?rest_route=\/wp\/v2\/pages\/172","targetHints":{"allow":["GET"]}}],"collection":[{"href":"https:\/\/www.univ-usto.dz\/buc\/index.php?rest_route=\/wp\/v2\/pages"}],"about":[{"href":"https:\/\/www.univ-usto.dz\/buc\/index.php?rest_route=\/wp\/v2\/types\/page"}],"author":[{"embeddable":true,"href":"https:\/\/www.univ-usto.dz\/buc\/index.php?rest_route=\/wp\/v2\/users\/1"}],"replies":[{"embeddable":true,"href":"https:\/\/www.univ-usto.dz\/buc\/index.php?rest_route=%2Fwp%2Fv2%2Fcomments&post=172"}],"version-history":[{"count":6,"href":"https:\/\/www.univ-usto.dz\/buc\/index.php?rest_route=\/wp\/v2\/pages\/172\/revisions"}],"predecessor-version":[{"id":433,"href":"https:\/\/www.univ-usto.dz\/buc\/index.php?rest_route=\/wp\/v2\/pages\/172\/revisions\/433"}],"up":[{"embeddable":true,"href":"https:\/\/www.univ-usto.dz\/buc\/index.php?rest_route=\/wp\/v2\/pages\/176"}],"wp:attachment":[{"href":"https:\/\/www.univ-usto.dz\/buc\/index.php?rest_route=%2Fwp%2Fv2%2Fmedia&parent=172"}],"curies":[{"name":"wp","href":"https:\/\/api.w.org\/{rel}","templated":true}]}}