{"id":178,"date":"2016-10-17T13:35:34","date_gmt":"2016-10-17T13:35:34","guid":{"rendered":"http:\/\/www.demo.acmethemes.com\/education-base\/?page_id=27"},"modified":"2021-11-09T16:47:43","modified_gmt":"2021-11-09T15:47:43","slug":"message-from-director","status":"publish","type":"page","link":"https:\/\/www.univ-usto.dz\/buc\/","title":{"rendered":"PR\u00c9SENTATION DE LA BIBLIOTH\u00c8QUE UNIVERSITAIRE CENTRALE"},"content":{"rendered":"<p>La biblioth\u00e8que universitaire de l\u2019USTO a ouvert ses portes en 1977, sur le site de l\u2019IGCMO (institut de G\u00e9nie civil et G\u00e9nie M\u00e9canique) par ordonnance N\u00b0 75-27 du 29 avril 1975 : En tant que biblioth\u00e8que d\u2019institut puis comme biblioth\u00e8que universitaire.<\/p>\n<p>En 1986, elle a \u00e9t\u00e9 transf\u00e9r\u00e9e a Bir el Djir, vers les locaux de la nouvelle universit\u00e9 des sciences et de la technologie, cr\u00e9\u00e9 et con\u00e7ue par l\u2019architecte japonais Kenzo Tange<\/p>\n<p>En 1999 prendra le nom d\u00e9finitif de biblioth\u00e8que universitaire centrale Mohamed Boudiaf USTOMB Oran.<br \/>\nEn 1977, la biblioth\u00e8que comptait 108 titres et 452 exemplaire, aujourd\u2019hui elle le fond documentaire est \u00e0 42421 titres et 237437 volumes.<\/p>\n<p>La biblioth\u00e8que centrale de l\u2019USTOMB s\u2019\u00e9tale sur une superficie de 123.000m2. B\u00e2timent de 5 \u00e9tages elle est compose comme suit :<\/p>\n<p>-D\u2019un sous-sol (d\u00e9p\u00f4t de livre)<\/p>\n<p>-de 3 salles de consultation sur place (au total 154 places).<\/p>\n<p>-d\u2019une salle d\u2019internet (50 places).<\/p>\n<p>-d\u2019une grande salle de lecture et de 4 salles pour travail de groupe d\u2019une capacit\u00e9 totale de 143 places.<\/p>\n<p>-de bureaux administratifs.<\/p>\n","protected":false},"excerpt":{"rendered":"<p>La biblioth\u00e8que universitaire de l\u2019USTO a ouvert ses portes en 1977, sur le site de l\u2019IGCMO, En 1986, elle a \u00e9t\u00e9 transf\u00e9r\u00e9e a Bir el Djir, vers les locaux de la nouvelle universit\u00e9 des sciences et de la technologie, cr\u00e9\u00e9 et con\u00e7ue par l\u2019architecte japonais Kenzo Tange,  En 1999 prendra le nom d\u00e9finitif de biblioth\u00e8que universitaire centrale Mohamed Boudiaf USTOMB Oran.<br \/>\nEn 1977, la biblioth\u00e8que comptait 108 titres et 452 exemplaire, aujourd\u2019hui elle le fond documentaire est \u00e0 42421 titres et 237437 volumes.<br \/>\nLa biblioth\u00e8que centrale de l\u2019USTOMB s\u2019\u00e9tale sur une superficie de 123.000m2. B\u00e2timent de 5 \u00e9tages<\/p>\n","protected":false},"author":1,"featured_media":0,"parent":0,"menu_order":0,"comment_status":"closed","ping_status":"closed","template":"","meta":{"footnotes":""},"class_list":["post-178","page","type-page","status-publish","hentry"],"_links":{"self":[{"href":"https:\/\/www.univ-usto.dz\/buc\/index.php?rest_route=\/wp\/v2\/pages\/178","targetHints":{"allow":["GET"]}}],"collection":[{"href":"https:\/\/www.univ-usto.dz\/buc\/index.php?rest_route=\/wp\/v2\/pages"}],"about":[{"href":"https:\/\/www.univ-usto.dz\/buc\/index.php?rest_route=\/wp\/v2\/types\/page"}],"author":[{"embeddable":true,"href":"https:\/\/www.univ-usto.dz\/buc\/index.php?rest_route=\/wp\/v2\/users\/1"}],"replies":[{"embeddable":true,"href":"https:\/\/www.univ-usto.dz\/buc\/index.php?rest_route=%2Fwp%2Fv2%2Fcomments&post=178"}],"version-history":[{"count":4,"href":"https:\/\/www.univ-usto.dz\/buc\/index.php?rest_route=\/wp\/v2\/pages\/178\/revisions"}],"predecessor-version":[{"id":275,"href":"https:\/\/www.univ-usto.dz\/buc\/index.php?rest_route=\/wp\/v2\/pages\/178\/revisions\/275"}],"wp:attachment":[{"href":"https:\/\/www.univ-usto.dz\/buc\/index.php?rest_route=%2Fwp%2Fv2%2Fmedia&parent=178"}],"curies":[{"name":"wp","href":"https:\/\/api.w.org\/{rel}","templated":true}]}}