{"id":500,"date":"2024-02-27T14:08:04","date_gmt":"2024-02-27T13:08:04","guid":{"rendered":"https:\/\/www.univ-usto.dz\/buc\/?page_id=500"},"modified":"2024-02-27T14:10:14","modified_gmt":"2024-02-27T13:10:14","slug":"reglement-interieur-de-la-bibliotheque-centrale","status":"publish","type":"page","link":"https:\/\/www.univ-usto.dz\/buc\/?page_id=500","title":{"rendered":"R\u00e8glement Int\u00e9rieur de la Biblioth\u00e8que Centrale"},"content":{"rendered":"<p><strong>Chapitre 1 \u2013 Dispositions g\u00e9n\u00e9rales \u2013inscriptions<\/strong><\/p>\n<ul>\n<li>Article 1\u00a0:l\u2019acc\u00e8s aux biblioth\u00e8ques de l\u2019universit\u00e9 est r\u00e9serv\u00e9 aux cat\u00e9gories suivantes\u00a0:<\/li>\n<\/ul>\n<p>-enseignants et \u00e9tudiants r\u00e9guli\u00e8rement inscrits dans l\u2019une des facult\u00e9s ou institut de l\u2019universit\u00e9.<\/p>\n<p>-personnes express\u00e9ment autoris\u00e9es par la Directrice de la biblioth\u00e8que, soit enseignants universitaire, chercheurs, ou \u00e9tudiants externes.<\/p>\n<ul>\n<li>Article 2\u00a0: Afin d\u2019emprunter les ouvrages de la biblioth\u00e8que, l\u2019utilisateur doit \u00eatre muni d\u2019une carte de lecteur d\u00e9livr\u00e9e par la biblioth\u00e8que.<\/li>\n<li>Article 3\u00a0: L\u2019\u00e9tudiant et le chercheur doivent respecter la p\u00e9riode d\u2019\u00e9tablissement des cartes de biblioth\u00e8que<strong><u>(renouvelable chaque ann\u00e9e),<\/u><\/strong> et qui s\u2019\u00e9tale du 1<sup>er<\/sup> septembre au 31 janvier.<\/li>\n<li>Article 4\u00a0: la carte de lecteur est d\u00e9livr\u00e9e par les services de la biblioth\u00e8queapr\u00e8s avoir pr\u00e9sent\u00e9 les documents suivants\u00a0:<\/li>\n<\/ul>\n<p>-une copie de l\u2019attestation d\u2019inscription (pour les \u00e9tudiants de l\u2019USTOMB)<\/p>\n<p>-une copie de l\u2019attestation de fonction (pour les enseignants de l\u2019USTOMB)<\/p>\n<p>-une photo d\u2019identit\u00e9<\/p>\n<p>-une copie de la C.N.<\/p>\n<p>&nbsp;<\/p>\n<p><strong>Chapitre 2 \u2013 Le pr\u00eat<\/strong><\/p>\n<ul>\n<li>Article 5 :* tout \u00e9tudiant est autoris\u00e9 dans le cadre du pr\u00eat externe \u00e0 emprunter trois ouvrages \u00a0pour une dur\u00e9e de 15 jours.<\/li>\n<\/ul>\n<p>*Tout enseignant est autoris\u00e9 \u00e0 emprunter quatre ouvrages et plus si n\u00e9cessaire, renouvelables durant toute l\u2019ann\u00e9e.<\/p>\n<ul>\n<li>Article 6\u00a0: sont exclus du pr\u00eat\u00a0:<\/li>\n<\/ul>\n<p>&#8211; Tout document (th\u00e8ses y compris) se trouvant dans la salle de r\u00e9f\u00e9rence (ex p\u00e9riodiques).<\/p>\n<p>&#8211; les ouvrages \u00a0se trouvant dans les deux salles de consultation sur place.<\/p>\n<ul>\n<li>Article 7\u00a0: le pr\u00eat externe est suspendu durant la p\u00e9riode des vacances estivales.<\/li>\n<li>Article 8\u00a0: Les ouvrages doivent \u00eatre restitues a la biblioth\u00e8que avant le 31 juin.<\/li>\n<\/ul>\n<p>&nbsp;<\/p>\n<p><strong>Chapitre 3 \u2013 Recommandations et Interdictions<\/strong><\/p>\n<ul>\n<li>Article 9\u00a0: L\u2019utilisateur doit d\u00e9poser obligatoirement ses affaires sur les rayonnages mis a sa disposition dans les salles de consultations.<\/li>\n<li>Article 10\u00a0: L\u2019utilisateur de salles d\u2019internet, doit imp\u00e9rativement respecter le temps qui lui est imparti.<\/li>\n<li>Article 11\u00a0:L\u2019utilisateur doit se soumettre aux instructions des responsables dessalles.<\/li>\n<li>Article 12\u00a0: L\u2019utilisateur est responsable du mat\u00e9riel et de l\u2019\u00e9quipement lors de l\u2019utilisation et s\u2019engage \u00e0 rembourser tout d\u00e9g\u00e2t d\u00fb \u00e0 une mauvaise utilisation.Livres et revues y compris.<\/li>\n<li>Article 13\u00a0: Respecter l\u2019ordre et le silence dans tout l\u2019\u00e9tablissement.<\/li>\n<li>Article 14\u00a0: Les t\u00e9l\u00e9phones portables doivent \u00eatre en mode silencieux.<\/li>\n<li>Article 15\u00a0: Boire, manger ou fumer dans la biblioth\u00e8que est formellement interdit.<\/li>\n<\/ul>\n<ul>\n<li>article 16\u00a0: L\u2019usage d\u2019Internet est pour la consultation d\u2019email, pour les recherches et t\u00e9l\u00e9chargement de documents. Le chat n\u2019est pas autoris\u00e9.<\/li>\n<li>Article 17 : toute entrave au r\u00e8glement int\u00e9rieur entra\u00eene selon sa gravite les sanctions suivantes :<\/li>\n<\/ul>\n<p>&#8211; avertissement<\/p>\n<p>-\u00eatre inviter \u00e0 quitter les lieux<\/p>\n<p>-\u00eatre priv\u00e9 d\u2019acc\u00e8s pour une dur\u00e9e d\u00e9termin\u00e9e par d\u00e9cision de la directrice de la biblioth\u00e8que.<\/p>\n<p>-exclusion d\u00e9finitive de la biblioth\u00e8que<\/p>\n<p>&nbsp;<\/p>\n<p><strong>Chapitre 4 \u2013 Horaires d\u2019Ouverture<\/strong><\/p>\n<ul>\n<li>Article 18\u00a0: la biblioth\u00e8que est ouverte du dimanche a jeudi de 8h00 \u00e0 18h 00. A l&rsquo;exception des p\u00e9riodes des vacances universitaire.<\/li>\n<li>Article 19\u00a0: une permanence est assur\u00e9e durant la p\u00e9riode de vacances d\u2019hivers et de printemps.<\/li>\n<li>Article 20\u00a0: la biblioth\u00e8que est ferm\u00e9e durant les vacances d\u2019\u00e9t\u00e9 (du 22 juillet au 31 aout).<\/li>\n<\/ul>\n<p>&nbsp;<\/p>\n","protected":false},"excerpt":{"rendered":"<p>Chapitre 1 \u2013 Dispositions g\u00e9n\u00e9rales \u2013inscriptions Article 1\u00a0:l\u2019acc\u00e8s aux biblioth\u00e8ques de l\u2019universit\u00e9 est r\u00e9serv\u00e9 aux cat\u00e9gories suivantes\u00a0: -enseignants et \u00e9tudiants r\u00e9guli\u00e8rement inscrits dans l\u2019une des facult\u00e9s ou institut de l\u2019universit\u00e9. -personnes express\u00e9ment autoris\u00e9es par la Directrice de la biblioth\u00e8que, soit enseignants universitaire, chercheurs, ou \u00e9tudiants externes. Article 2\u00a0: Afin d\u2019emprunter les ouvrages de la biblioth\u00e8que, [&hellip;]<\/p>\n","protected":false},"author":1,"featured_media":0,"parent":0,"menu_order":0,"comment_status":"closed","ping_status":"closed","template":"","meta":{"footnotes":""},"class_list":["post-500","page","type-page","status-publish","hentry"],"_links":{"self":[{"href":"https:\/\/www.univ-usto.dz\/buc\/index.php?rest_route=\/wp\/v2\/pages\/500","targetHints":{"allow":["GET"]}}],"collection":[{"href":"https:\/\/www.univ-usto.dz\/buc\/index.php?rest_route=\/wp\/v2\/pages"}],"about":[{"href":"https:\/\/www.univ-usto.dz\/buc\/index.php?rest_route=\/wp\/v2\/types\/page"}],"author":[{"embeddable":true,"href":"https:\/\/www.univ-usto.dz\/buc\/index.php?rest_route=\/wp\/v2\/users\/1"}],"replies":[{"embeddable":true,"href":"https:\/\/www.univ-usto.dz\/buc\/index.php?rest_route=%2Fwp%2Fv2%2Fcomments&post=500"}],"version-history":[{"count":5,"href":"https:\/\/www.univ-usto.dz\/buc\/index.php?rest_route=\/wp\/v2\/pages\/500\/revisions"}],"predecessor-version":[{"id":505,"href":"https:\/\/www.univ-usto.dz\/buc\/index.php?rest_route=\/wp\/v2\/pages\/500\/revisions\/505"}],"wp:attachment":[{"href":"https:\/\/www.univ-usto.dz\/buc\/index.php?rest_route=%2Fwp%2Fv2%2Fmedia&parent=500"}],"curies":[{"name":"wp","href":"https:\/\/api.w.org\/{rel}","templated":true}]}}