{"id":1024,"date":"2026-01-26T08:19:00","date_gmt":"2026-01-26T08:19:00","guid":{"rendered":"https:\/\/www.univ-usto.dz\/dup\/ceilusto\/?page_id=1024"},"modified":"2026-03-16T12:22:00","modified_gmt":"2026-03-16T12:22:00","slug":"inscription2026","status":"publish","type":"page","link":"https:\/\/www.univ-usto.dz\/dup\/ceilusto\/inscription2026\/","title":{"rendered":"Inscription"},"content":{"rendered":"\t\t<div data-elementor-type=\"wp-page\" data-elementor-id=\"1024\" class=\"elementor elementor-1024\">\n\t\t\t\t\t\t<section class=\"elementor-section elementor-top-section elementor-element elementor-element-20e9c95 elementor-section-boxed elementor-section-height-default elementor-section-height-default\" data-id=\"20e9c95\" data-element_type=\"section\">\n\t\t\t\t\t\t<div class=\"elementor-container elementor-column-gap-default\">\n\t\t\t\t\t<div class=\"elementor-column elementor-col-100 elementor-top-column elementor-element elementor-element-66992ed\" data-id=\"66992ed\" data-element_type=\"column\">\n\t\t\t<div class=\"elementor-widget-wrap elementor-element-populated\">\n\t\t\t\t\t\t<div class=\"elementor-element elementor-element-d017972 elementor-widget elementor-widget-text-editor\" data-id=\"d017972\" data-element_type=\"widget\" data-widget_type=\"text-editor.default\">\n\t\t\t\t<div class=\"elementor-widget-container\">\n\t\t\t\t\t\t\t\t\t<h2><strong>Inscription au Centre d\u2019Enseignement Intensif des Langues C.E.I.L de l\u2019USTO-MB<\/strong><\/h2>\n<b><span style=\"color: #ff0000;\">du 1 Mars   au 19 Mars <\/span><\/b>\n\n<strong>\u00a0<\/strong>\t\t\t\t\t\t\t\t<\/div>\n\t\t\t\t<\/div>\n\t\t\t\t\t<\/div>\n\t\t<\/div>\n\t\t\t\t\t<\/div>\n\t\t<\/section>\n\t\t\t\t<section class=\"elementor-section elementor-top-section elementor-element elementor-element-c678966 elementor-section-boxed elementor-section-height-default elementor-section-height-default\" data-id=\"c678966\" data-element_type=\"section\">\n\t\t\t\t\t\t<div class=\"elementor-container elementor-column-gap-default\">\n\t\t\t\t\t<div class=\"elementor-column elementor-col-100 elementor-top-column elementor-element elementor-element-a8a0e00\" data-id=\"a8a0e00\" data-element_type=\"column\">\n\t\t\t<div class=\"elementor-widget-wrap elementor-element-populated\">\n\t\t\t\t\t\t<div class=\"elementor-element elementor-element-6db06b8 elementor-widget elementor-widget-video\" data-id=\"6db06b8\" data-element_type=\"widget\" data-settings=\"{&quot;video_type&quot;:&quot;hosted&quot;,&quot;controls&quot;:&quot;yes&quot;}\" data-widget_type=\"video.default\">\n\t\t\t\t<div class=\"elementor-widget-container\">\n\t\t\t\t\t\t\t<div class=\"e-hosted-video elementor-wrapper elementor-open-inline\">\n\t\t\t\t\t<video class=\"elementor-video\" src=\"https:\/\/www.univ-usto.dz\/dup\/ceilusto\/wp-content\/uploads\/2025\/05\/CEIL-USTO-MB-.mp4\" controls=\"\" preload=\"metadata\" controlsList=\"nodownload\"><\/video>\n\t\t\t\t<\/div>\n\t\t\t\t\t\t<\/div>\n\t\t\t\t<\/div>\n\t\t\t\t\t<\/div>\n\t\t<\/div>\n\t\t\t\t\t<\/div>\n\t\t<\/section>\n\t\t\t\t<section class=\"elementor-section elementor-top-section elementor-element elementor-element-35960fb elementor-section-boxed elementor-section-height-default elementor-section-height-default\" data-id=\"35960fb\" data-element_type=\"section\">\n\t\t\t\t\t\t<div class=\"elementor-container elementor-column-gap-default\">\n\t\t\t\t\t<div class=\"elementor-column elementor-col-100 elementor-top-column elementor-element elementor-element-9d20597\" data-id=\"9d20597\" data-element_type=\"column\">\n\t\t\t<div class=\"elementor-widget-wrap elementor-element-populated\">\n\t\t\t\t\t\t<div class=\"elementor-element elementor-element-8b8bdc4 elementor-widget__width-initial elementor-widget elementor-widget-timeline-widget-addon\" data-id=\"8b8bdc4\" data-element_type=\"widget\" data-widget_type=\"timeline-widget-addon.default\">\n\t\t\t\t<div class=\"elementor-widget-container\">\n\t\t\t\t\t<!-- ========= Timeline Widget Addon For Elementor 1.6.6 ========= -->\n<div id=\"twae-wrapper-8b8bdc4\" class=\"twae-vertical twae-wrapper  twae-both-sided\">   \n    <div class=\"twae-start\"><\/div>    \n    <div id=\"twea-timeline-8b8bdc4\" class=\"twae-timeline\" ><!-- Start of Story Repeater Content --><div id=\"story-6bfb3e1\" class=\"twae-story twae-repeater-item twae-story-right twae-story-no-icon\"><!-- Story Label --><div class=\"twae-labels\"><div class=\"twae-label-big\">01 Mars   au 24 Mars <\/div><div class=\"twae-label-small\">Remplir le formulaire en ligne.<\/div><\/div><!-- Story Icon --><div class=\"twae-icon\"><\/div><!-- Story Arrow --><div class=\"twae-arrow\"><\/div><!-- Start of Story Content --><div class=\"twae-content\"><!-- Story Title --><div class=\"twae-title\">Remplir fiche d\u2019inscription et formulaire en ligne<\/div><!-- Story Description --><div class=\"twae-description\"><hr \/><p><span style=\"text-align: var(--tw-cbx-text-align)\">-Remplir les informations sur la plateforme suivante:\u00a0<\/span><\/p><p><strong><span style=\"text-decoration: underline\"><span style=\"text-align: var(--tw-cbx-text-align)\">\u00a0<a href=\"https:\/\/istimara.univ-usto.dz\/home\/inscriptionceil.php\" target=\"_blank\" rel=\"noopener\">https:\/\/istimara.univ-usto.dz\/home\/inscriptionceil.php<\/a><\/span><\/span><\/strong><\/p><p><strong>Vous recevrez une confirmation par email : Adresse \u00e9lectronique doit \u00eatre un compte actif et valide<\/strong><\/p><p><span style=\"text-align: var(--tw-cbx-text-align)\">Payer les frais d\u2019inscription (payer apr\u00e8s le Test )<\/span><\/p><p>Exemple<\/p><ul><li><strong>Etudiants<\/strong>:<strong>2710 DA<\/strong><\/li><li><strong>Enseignants<\/strong>:\u00a0<strong>3710 DA<\/strong><\/li><li><strong>ATS<\/strong>:\u00a0<strong>3210 DA<\/strong><\/li><li><strong>Public (particuliers)<\/strong>:\u00a0<strong>4210 DA<\/strong><\/li><\/ul><p>Mandat :<span style=\"text-decoration: underline\"><strong><a href=\"https:\/\/www.univ-usto.dz\/dup\/ceilusto\/mondats\/\">T\u00e9l\u00e9charger Ici<\/a><\/strong><\/span><\/p><p>Consulter les emplois du temps des formations<span style=\"text-decoration: underline\"><strong> <a href=\"https:\/\/www.univ-usto.dz\/dup\/ceilusto\/wp-content\/uploads\/2026\/03\/Emploi-du-temps-provisoire-Session-III.pdf\">Emploi du temps provisoire Session III<\/a><\/strong><\/span><\/p><p>Les inscriptions au CEIL USTO-MB- sont ouvertes du:<\/p><p><strong><span style=\"color: #ff0000\">24 Mars :<\/span> Fermeture du site d'inscription\u00a0 (Formulaire\u00a0 en ligne).<\/strong><\/p><\/div><\/div><\/div><!-- Start of Story Repeater Content --><div id=\"story-6c2628e\" class=\"twae-story twae-repeater-item twae-story-left twae-story-no-icon\"><!-- Story Label --><div class=\"twae-labels\"><div class=\"twae-label-big\">28 f\u00e9vrier au 6 mars <\/div><div class=\"twae-label-small\">Tests de positionnement<\/div><\/div><!-- Story Icon --><div class=\"twae-icon\"><\/div><!-- Story Arrow --><div class=\"twae-arrow\"><\/div><!-- Start of Story Content --><div class=\"twae-content\"><!-- Story Title --><div class=\"twae-title\">Faire les tests de positionnement <\/div><!-- Story Description --><div class=\"twae-description\"><h2 style=\"text-align: left\"><span style=\"color: #008000\">Remplir formulaire pour le test de positionnement\u00a0<\/span><\/h2><p style=\"text-align: left\"><a href=\"https:\/\/istimara.univ-usto.dz\/home\/inscriptiontest.php\"><span style=\"text-decoration: underline;color: #333399\"><strong>https:\/\/istimara.univ-usto.dz\/home\/inscriptiontest.php<\/strong><\/span><\/a><\/p><p style=\"text-align: left\"><span style=\"color: #ff0000\"><strong>Tests de positionnement<\/strong><\/span><\/p><div><b><span style=\"color: #ff0000\">28 f\u00e9vrier au 6 mars\u00a0<\/span><\/b><\/div><div style=\"text-align: left\"><b>remise des talons de la poste \u00e0 l'administration<\/b><\/div><div>\u00a0<\/div><div style=\"text-align: left\"><b>d\u00e9but des cours<\/b><\/div><p style=\"text-align: left\">\u00a0<b>Test Anglais + Allemand\u00a0<\/b><\/p><p style=\"text-align: left\">\u00a0<b>Test Fran\u00e7ais +Espagnol<\/b><\/p><p style=\"text-align: left\">\u00a0<b>D\u00e9nier d\u00e9lais de mandats<\/b><\/p><p style=\"text-align: left\"><b><span style=\"color: #ff0000\">10 Janvier<\/span> d\u00e9but du cours<\/b><\/p><\/div><\/div><\/div><!-- Start of Story Repeater Content --><div id=\"story-111b8b6\" class=\"twae-story twae-repeater-item twae-story-right twae-story-no-icon\"><!-- Story Label --><div class=\"twae-labels\"><div class=\"twae-label-small\">Remise des talons de la poste \u00e0 l'administration<\/div><\/div><!-- Story Icon --><div class=\"twae-icon\"><\/div><!-- Story Arrow --><div class=\"twae-arrow\"><\/div><!-- Start of Story Content --><div class=\"twae-content\"><!-- Story Title --><div class=\"twae-title\">(d\u00e9lai de rigueur) mettre les talons de la poste \u00e0 l'administration.<\/div><!-- Story Description --><div class=\"twae-description\"><p><strong><span style=\"color: #800000\">Dernier d\u00e9lais de Mandats<\/span><\/strong><\/p><p>Remettre \u00e0 l\u2019administration\u00a0<strong>CEIL USTO-MB\u00a0<\/strong>le talon de la poste\u00a0<strong>(mentionner votre nom, la langue choisie et le niveau obtenu sur le mandat de la poste)<\/strong> (tr\u00e8s important sinon votre inscription ne sera pas valid\u00e9e).<\/p><p><strong>Au dos du mandat : \u00e9crire votre nom en fran\u00e7ais + la langue choisie + le niveau obtenu au test.<\/strong><\/p><div class=\"gmail_default\"><b>remise des talons de la poste \u00e0 l'administration<\/b><\/div><div class=\"gmail_default\"><b>d\u00e9but des cours<\/b><\/div><\/div><\/div><\/div><!-- Start of Story Repeater Content --><div id=\"story-0d649e7\" class=\"twae-story twae-repeater-item twae-story-left twae-story-no-icon\"><!-- Story Label --><div class=\"twae-labels\"><div class=\"twae-label-big\">Remarques importantes<\/div><\/div><!-- Story Icon --><div class=\"twae-icon\"><\/div><!-- Story Arrow --><div class=\"twae-arrow\"><\/div><!-- Start of Story Content --><div class=\"twae-content\"><!-- Story Description --><div class=\"twae-description\"><p style=\"text-align: left\">Les apprenants d\u00e9j\u00e0 inscrits au CEIL ne devront pr\u00e9senter que le talon de la poste avec leur nom, la langue choisie et le niveau obtenu.<\/p><p style=\"text-align: left\">La remise des talons de la poste se fait uniquement le matin, de\u00a0<strong>8h \u00e0 12<\/strong><b>h<\/b>.<\/p><\/div><\/div><\/div><\/div>\n    <div class=\"twae-end\"><\/div>\n    <\/div><style type=\"text\/css\">@media (max-width: 1024px){ .twae-wrapper{--tw-ybx-size: 80px !important;}}@media (max-width: 767px){ .twae-wrapper{--tw-ybx-size: 80px !important}}<\/style>\t\t\t\t<\/div>\n\t\t\t\t<\/div>\n\t\t\t\t\t<\/div>\n\t\t<\/div>\n\t\t\t\t\t<\/div>\n\t\t<\/section>\n\t\t\t\t<\/div>\n\t\t","protected":false},"excerpt":{"rendered":"<p>Les inscriptions au CEIL USTO-MB auront lieu du 02 au 19 d\u00e9cembre  2024.<\/p>\n","protected":false},"author":1,"featured_media":1240,"parent":0,"menu_order":0,"comment_status":"closed","ping_status":"closed","template":"","meta":{"footnotes":""},"class_list":["post-1024","page","type-page","status-publish","has-post-thumbnail","hentry"],"_links":{"self":[{"href":"https:\/\/www.univ-usto.dz\/dup\/ceilusto\/wp-json\/wp\/v2\/pages\/1024","targetHints":{"allow":["GET"]}}],"collection":[{"href":"https:\/\/www.univ-usto.dz\/dup\/ceilusto\/wp-json\/wp\/v2\/pages"}],"about":[{"href":"https:\/\/www.univ-usto.dz\/dup\/ceilusto\/wp-json\/wp\/v2\/types\/page"}],"author":[{"embeddable":true,"href":"https:\/\/www.univ-usto.dz\/dup\/ceilusto\/wp-json\/wp\/v2\/users\/1"}],"replies":[{"embeddable":true,"href":"https:\/\/www.univ-usto.dz\/dup\/ceilusto\/wp-json\/wp\/v2\/comments?post=1024"}],"version-history":[{"count":375,"href":"https:\/\/www.univ-usto.dz\/dup\/ceilusto\/wp-json\/wp\/v2\/pages\/1024\/revisions"}],"predecessor-version":[{"id":3862,"href":"https:\/\/www.univ-usto.dz\/dup\/ceilusto\/wp-json\/wp\/v2\/pages\/1024\/revisions\/3862"}],"wp:featuredmedia":[{"embeddable":true,"href":"https:\/\/www.univ-usto.dz\/dup\/ceilusto\/wp-json\/wp\/v2\/media\/1240"}],"wp:attachment":[{"href":"https:\/\/www.univ-usto.dz\/dup\/ceilusto\/wp-json\/wp\/v2\/media?parent=1024"}],"curies":[{"name":"wp","href":"https:\/\/api.w.org\/{rel}","templated":true}]}}