{"id":191,"date":"2021-01-05T13:24:00","date_gmt":"2021-01-05T13:24:00","guid":{"rendered":"https:\/\/www.univ-usto.dz\/dup\/ceilusto\/?page_id=191"},"modified":"2026-03-04T08:32:06","modified_gmt":"2026-03-04T08:32:06","slug":"reglement-interne","status":"publish","type":"page","link":"https:\/\/www.univ-usto.dz\/dup\/ceilusto\/reglement-interne\/","title":{"rendered":"R\u00e8glement interne"},"content":{"rendered":"\t\t<div data-elementor-type=\"wp-page\" data-elementor-id=\"191\" class=\"elementor elementor-191\">\n\t\t\t\t\t\t<section class=\"elementor-section elementor-top-section elementor-element elementor-element-13b73bc elementor-section-boxed elementor-section-height-default elementor-section-height-default\" data-id=\"13b73bc\" data-element_type=\"section\">\n\t\t\t\t\t\t<div class=\"elementor-container elementor-column-gap-default\">\n\t\t\t\t\t<div class=\"elementor-column elementor-col-100 elementor-top-column elementor-element elementor-element-ffcc8a6\" data-id=\"ffcc8a6\" data-element_type=\"column\">\n\t\t\t<div class=\"elementor-widget-wrap elementor-element-populated\">\n\t\t\t\t\t\t<div class=\"elementor-element elementor-element-bf7b0a8 elementor-widget elementor-widget-text-editor\" data-id=\"bf7b0a8\" data-element_type=\"widget\" data-widget_type=\"text-editor.default\">\n\t\t\t\t<div class=\"elementor-widget-container\">\n\t\t\t\t\t\t\t\t\t<p><strong>R\u00e8glement interne<\/strong><\/p><h3><strong>G\u00e9n\u00e9ralit\u00e9s<\/strong><\/h3><p><strong>Article 01 :<\/strong> Les droits d\u2019inscription ne peuvent \u00eatre ni rembours\u00e9s ni report\u00e9s quel qu\u2019en soit le motif.<\/p><p><strong>Article 02 :<\/strong> Tout changement d\u2019horaire, de groupe ou de niveau doit avoir l\u2019aval de l\u2019administration du CEIL.<\/p><p><strong>Article 03 :<\/strong> L\u2019administration du CEIL USTO-MB- se r\u00e9serve le droit, en fonction de la demande de changement de groupe, de la disponibilit\u00e9 des contraintes des locaux et des enseignants, afin d\u2019attribuer \u00e0 l\u2019apprenant un horaire autre que celui qu\u2019il aura choisi.<\/p><p><strong>Article 04 :<\/strong> L\u2019apprenant peut choisir de s\u2019inscrire pour l\u2019apprentissage d\u2019une seule langue.<\/p><p><strong>Article 05 :<\/strong> Les apprenants doivent consulter les affiches, le site web ainsi que la page Facebook du Centre des langues afin de s\u2019informer sur les dates des examens et sur l\u2019actualit\u00e9 du CEIL USTO-MB- en g\u00e9n\u00e9ral.<\/p><p><strong>Article 06\u00a0: <\/strong>L\u2019acc\u00e8s au CEIL USTO-MB- est strictement interdit aux apprenants de moins de 18 ans.<\/p><h2><strong>Rigueur et assiduit\u00e9<\/strong><\/h2><p><strong>Article 01 :<\/strong> Les apprenants ayant totalis\u00e9s <span style=\"color: #ff0000;\"><strong>trois (3) absences <\/strong><\/span>sans motif valable n\u2019auront pas le droit de passer l\u2019examen.<\/p><p><strong>Article 02 :<\/strong> L\u2019administration du CEIL USTO-MB- se r\u00e9serve le droit de v\u00e9rifier l\u2019identit\u00e9 des apprenants \u00e0 n\u2019importe quel moment et \u00e0 n\u2019importe quel endroit du centre.<\/p><p><strong>Article 03 :<\/strong> L\u2019administration du CEIL USTO-MB- accorde une grande importance au comportement des apprenants \u00e0 l\u2019int\u00e9rieur du centre. Tout acte d\u2019indiscipline, ou de comportement jug\u00e9 incorrect vis-\u00e0-vis d\u2019autrui est susceptible de subir des mesures disciplinaires \u00e0 son encontre conform\u00e9ment aux r\u00e8glements en vigueur.<\/p><p><strong>Article 04 :<\/strong> Le renvoi pour indiscipline ne donne droit \u00e0 aucun remboursement des droits d\u2019inscription.<\/p><p><strong>Article 05 :<\/strong> L\u2019administration du CEIL USTO-MB- rappelle aux apprenants qu\u2019il est interdit de fumer dans les locaux du centre, de manger et d\u2019utiliser les t\u00e9l\u00e9phones portables pendant les s\u00e9ances de cours. Des pauses seront octroy\u00e9es pour cela.<\/p><p><strong>Article 07 :<\/strong> Une attestation de ma\u00eetrise de niveau reconnue (pour les bourses de mobilit\u00e9 Erasmus<sup>+<\/sup> de l\u2019USTO-MB)sera d\u00e9livr\u00e9e aux apprenants ayant obtenue la moyenne aux examens.<\/p>\t\t\t\t\t\t\t\t<\/div>\n\t\t\t\t<\/div>\n\t\t\t\t\t<\/div>\n\t\t<\/div>\n\t\t\t\t\t<\/div>\n\t\t<\/section>\n\t\t\t\t<\/div>\n\t\t","protected":false},"excerpt":{"rendered":"<p>R\u00e8glement interne G\u00e9n\u00e9ralit\u00e9s Article 01 : Les droits d\u2019inscription ne peuvent \u00eatre ni rembours\u00e9s ni report\u00e9s quel qu\u2019en soit le motif. Article 02 : Tout changement d\u2019horaire, de groupe ou de niveau doit avoir l\u2019aval de l\u2019administration du CEIL. Article <a href=\"https:\/\/www.univ-usto.dz\/dup\/ceilusto\/reglement-interne\/\" class=\"read-more\">Lire la suite &#8230;<\/a><\/p>\n","protected":false},"author":1,"featured_media":0,"parent":0,"menu_order":0,"comment_status":"closed","ping_status":"closed","template":"","meta":{"footnotes":""},"class_list":["post-191","page","type-page","status-publish","hentry"],"_links":{"self":[{"href":"https:\/\/www.univ-usto.dz\/dup\/ceilusto\/wp-json\/wp\/v2\/pages\/191","targetHints":{"allow":["GET"]}}],"collection":[{"href":"https:\/\/www.univ-usto.dz\/dup\/ceilusto\/wp-json\/wp\/v2\/pages"}],"about":[{"href":"https:\/\/www.univ-usto.dz\/dup\/ceilusto\/wp-json\/wp\/v2\/types\/page"}],"author":[{"embeddable":true,"href":"https:\/\/www.univ-usto.dz\/dup\/ceilusto\/wp-json\/wp\/v2\/users\/1"}],"replies":[{"embeddable":true,"href":"https:\/\/www.univ-usto.dz\/dup\/ceilusto\/wp-json\/wp\/v2\/comments?post=191"}],"version-history":[{"count":26,"href":"https:\/\/www.univ-usto.dz\/dup\/ceilusto\/wp-json\/wp\/v2\/pages\/191\/revisions"}],"predecessor-version":[{"id":3807,"href":"https:\/\/www.univ-usto.dz\/dup\/ceilusto\/wp-json\/wp\/v2\/pages\/191\/revisions\/3807"}],"wp:attachment":[{"href":"https:\/\/www.univ-usto.dz\/dup\/ceilusto\/wp-json\/wp\/v2\/media?parent=191"}],"curies":[{"name":"wp","href":"https:\/\/api.w.org\/{rel}","templated":true}]}}