{"id":28,"date":"2020-08-10T18:21:15","date_gmt":"2020-08-10T18:21:15","guid":{"rendered":"https:\/\/www.univ-usto.dz\/dup\/ceilusto\/?page_id=28"},"modified":"2025-02-23T09:34:30","modified_gmt":"2025-02-23T09:34:30","slug":"presentation-ceil-ustomb","status":"publish","type":"page","link":"https:\/\/www.univ-usto.dz\/dup\/ceilusto\/presentation-ceil-ustomb\/","title":{"rendered":"Pr\u00e9sentation du C.E.I.L de l\u2019USTO-MB"},"content":{"rendered":"\t\t<div data-elementor-type=\"wp-page\" data-elementor-id=\"28\" class=\"elementor elementor-28\">\n\t\t\t\t\t\t<section class=\"elementor-section elementor-top-section elementor-element elementor-element-405ac56 elementor-section-boxed elementor-section-height-default elementor-section-height-default\" data-id=\"405ac56\" data-element_type=\"section\">\n\t\t\t\t\t\t<div class=\"elementor-container elementor-column-gap-default\">\n\t\t\t\t\t<div class=\"elementor-column elementor-col-100 elementor-top-column elementor-element elementor-element-6b475c8e\" data-id=\"6b475c8e\" data-element_type=\"column\">\n\t\t\t<div class=\"elementor-widget-wrap elementor-element-populated\">\n\t\t\t\t\t\t<div class=\"elementor-element elementor-element-12b9c734 elementor-widget elementor-widget-text-editor\" data-id=\"12b9c734\" data-element_type=\"widget\" data-widget_type=\"text-editor.default\">\n\t\t\t\t<div class=\"elementor-widget-container\">\n\t\t\t\t\t\t\t\t\t\n<p><strong>Centre d\u2019Enseignement Intensif des Langues<\/strong><\/p>\n<p><strong>Qui sommes-nous\u00a0?<\/strong><\/p>\n<p><strong>Le Centre d\u2019Enseignement Intensif des Langues de l&rsquo;Universit\u00e9 des Sciences et de la Technologie d&rsquo;Oran Mohamed Boudiaf (CEIL USTO-MB)<\/strong> est un lieu d\u00e9di\u00e9 \u00e0 l&rsquo;apprentissage et \u00e0 la pratique des langues \u00e0 savoir l&rsquo;anglais, le fran\u00e7ais, l&rsquo;espagnol, l&rsquo;allemand, le chinois, le turc et m\u00eame l&rsquo;italien*, le russe* et le cor\u00e9en*. Nous proposons \u00e9galement des s\u00e9ances d&rsquo;anglais m\u00e9dical et d&rsquo;allemand m\u00e9dical.<\/p>\n<p>Notre objectif ultime est de fournir des programmes d&rsquo;enseignement interactifs, efficaces et riches \u00e0 un large public d\u00e9sireux de ma\u00eetriser de nouvelles langues.<\/p>\n<p><strong>O\u00f9 sommes-nous situ\u00e9\u00a0?<\/strong><\/p>\n<p>Le Centre d\u2019Enseignement Intensif des Langues se situe au sein du campus principal de l\u2019Universit\u00e9 des Sciences et de la Technologie d\u2019Oran. Au 5<sup>\u00e8me<\/sup> \u00e9tage au bout de la facult\u00e9 de Chimie.<\/p>\n<p><strong>Qui peut assister aux sessions du CEIL USTO-MB-\u00a0?<\/strong><\/p>\n<p>Toute personne d\u00e9sirant apprendre une nouvelle langue ou souhaitant simplement rafra\u00eechir ses connaissances dans une langue donn\u00e9e.<\/p>\n<p><strong>Comment s\u2019inscrire au CEIL USTO-MB-\u00a0?<\/strong><\/p>\n<p>Veuillez suivre les \u00e9tapes d\u00e9taill\u00e9es sous la rubrique \u201cinscription\u201d. La version existe en langue arabe, fran\u00e7aise et anglaise.<\/p>\n<p>\u00a0<\/p>\n\t\t\t\t\t\t\t\t<\/div>\n\t\t\t\t<\/div>\n\t\t\t\t\t<\/div>\n\t\t<\/div>\n\t\t\t\t\t<\/div>\n\t\t<\/section>\n\t\t\t\t<\/div>\n\t\t","protected":false},"excerpt":{"rendered":"<p>Centre d\u2019Enseignement Intensif des Langues Qui sommes-nous\u00a0? Le Centre d\u2019Enseignement Intensif des Langues de l&rsquo;Universit\u00e9 des Sciences et de la Technologie d&rsquo;Oran Mohamed Boudiaf (CEIL USTO-MB) est un lieu d\u00e9di\u00e9 \u00e0 l&rsquo;apprentissage et \u00e0 la pratique des langues \u00e0 savoir <a href=\"https:\/\/www.univ-usto.dz\/dup\/ceilusto\/presentation-ceil-ustomb\/\" class=\"read-more\">Lire la suite &#8230;<\/a><\/p>\n","protected":false},"author":1,"featured_media":0,"parent":0,"menu_order":0,"comment_status":"closed","ping_status":"closed","template":"","meta":{"footnotes":""},"class_list":["post-28","page","type-page","status-publish","hentry"],"_links":{"self":[{"href":"https:\/\/www.univ-usto.dz\/dup\/ceilusto\/wp-json\/wp\/v2\/pages\/28","targetHints":{"allow":["GET"]}}],"collection":[{"href":"https:\/\/www.univ-usto.dz\/dup\/ceilusto\/wp-json\/wp\/v2\/pages"}],"about":[{"href":"https:\/\/www.univ-usto.dz\/dup\/ceilusto\/wp-json\/wp\/v2\/types\/page"}],"author":[{"embeddable":true,"href":"https:\/\/www.univ-usto.dz\/dup\/ceilusto\/wp-json\/wp\/v2\/users\/1"}],"replies":[{"embeddable":true,"href":"https:\/\/www.univ-usto.dz\/dup\/ceilusto\/wp-json\/wp\/v2\/comments?post=28"}],"version-history":[{"count":7,"href":"https:\/\/www.univ-usto.dz\/dup\/ceilusto\/wp-json\/wp\/v2\/pages\/28\/revisions"}],"predecessor-version":[{"id":1852,"href":"https:\/\/www.univ-usto.dz\/dup\/ceilusto\/wp-json\/wp\/v2\/pages\/28\/revisions\/1852"}],"wp:attachment":[{"href":"https:\/\/www.univ-usto.dz\/dup\/ceilusto\/wp-json\/wp\/v2\/media?parent=28"}],"curies":[{"name":"wp","href":"https:\/\/api.w.org\/{rel}","templated":true}]}}