{"id":2914,"date":"2025-02-25T09:35:27","date_gmt":"2025-02-25T09:35:27","guid":{"rendered":"https:\/\/www.univ-usto.dz\/dup\/ceilusto\/?page_id=2914"},"modified":"2025-02-25T09:51:10","modified_gmt":"2025-02-25T09:51:10","slug":"registration-en","status":"publish","type":"page","link":"https:\/\/www.univ-usto.dz\/dup\/ceilusto\/en\/registration-en\/","title":{"rendered":"Registration III"},"content":{"rendered":"\t\t<div data-elementor-type=\"wp-page\" data-elementor-id=\"2914\" class=\"elementor elementor-2914\">\n\t\t\t\t\t\t<section class=\"elementor-section elementor-top-section elementor-element elementor-element-20e9c95 elementor-section-boxed elementor-section-height-default elementor-section-height-default\" data-id=\"20e9c95\" data-element_type=\"section\">\n\t\t\t\t\t\t<div class=\"elementor-container elementor-column-gap-default\">\n\t\t\t\t\t<div class=\"elementor-column elementor-col-100 elementor-top-column elementor-element elementor-element-66992ed\" data-id=\"66992ed\" data-element_type=\"column\">\n\t\t\t<div class=\"elementor-widget-wrap elementor-element-populated\">\n\t\t\t\t\t\t<div class=\"elementor-element elementor-element-d017972 elementor-widget elementor-widget-text-editor\" data-id=\"d017972\" data-element_type=\"widget\" data-widget_type=\"text-editor.default\">\n\t\t\t\t<div class=\"elementor-widget-container\">\n\t\t\t\t\t\t\t\t\t<h2>Registration at the Intensive Language Teaching Center (C.E.I.L) of USTO-MB<\/h2><p><strong>\u00a0<\/strong><\/p>\t\t\t\t\t\t\t\t<\/div>\n\t\t\t\t<\/div>\n\t\t\t\t\t<\/div>\n\t\t<\/div>\n\t\t\t\t\t<\/div>\n\t\t<\/section>\n\t\t\t\t<section class=\"elementor-section elementor-top-section elementor-element elementor-element-f046c7b elementor-section-boxed elementor-section-height-default elementor-section-height-default\" data-id=\"f046c7b\" data-element_type=\"section\">\n\t\t\t\t\t\t<div class=\"elementor-container elementor-column-gap-default\">\n\t\t\t\t\t<div class=\"elementor-column elementor-col-100 elementor-top-column elementor-element elementor-element-6533225\" data-id=\"6533225\" data-element_type=\"column\">\n\t\t\t<div class=\"elementor-widget-wrap elementor-element-populated\">\n\t\t\t\t\t\t<div class=\"elementor-element elementor-element-924f22f elementor-widget__width-initial elementor-widget elementor-widget-timeline-widget-addon\" data-id=\"924f22f\" data-element_type=\"widget\" data-widget_type=\"timeline-widget-addon.default\">\n\t\t\t\t<div class=\"elementor-widget-container\">\n\t\t\t\t\t<!-- ========= Timeline Widget Addon For Elementor 1.6.6 ========= -->\n<div id=\"twae-wrapper-924f22f\" class=\"twae-vertical twae-wrapper  twae-both-sided\">   \n    <div class=\"twae-start\"><\/div>    \n    <div id=\"twea-timeline-924f22f\" class=\"twae-timeline\" ><!-- Start of Story Repeater Content --><div id=\"story-6bfb3e1\" class=\"twae-story twae-repeater-item twae-story-right twae-story-no-icon\"><!-- Story Label --><div class=\"twae-labels\"><div class=\"twae-label-big\">February 21 to March 13<\/div><div class=\"twae-label-small\">Complete the online form<\/div><\/div><!-- Story Icon --><div class=\"twae-icon\"><\/div><!-- Story Arrow --><div class=\"twae-arrow\"><\/div><!-- Start of Story Content --><div class=\"twae-content\"><!-- Story Title --><div class=\"twae-title\">Fill out the registration form and the online form<\/div><!-- Story Description --><div class=\"twae-description\"><p>Fill in the information on the following platform<\/p><p><strong><span style=\"text-decoration: underline\"><span style=\"text-align: var(--tw-cbx-text-align)\">\u00a0<a href=\"https:\/\/istimara.univ-usto.dz\/home\/inscriptionceil.php\" target=\"_blank\" rel=\"noopener\">https:\/\/istimara.univ-usto.dz\/home\/inscriptionceil.php<\/a><\/span><\/span><\/strong><\/p><p>You will receive an email confirmation: your email address must be active and valid.<\/p><p><span style=\"text-align: var(--tw-cbx-text-align)\">Payer les frais d\u2019inscription (payer apr\u00e8s le Test )<\/span><\/p><p>Example<\/p><ul><li><strong>Students::2710 DA<\/strong><\/li><li><strong>Teachers:: 3710 DA<\/strong><\/li><li><strong>ATS:\u00a03210 DA<\/strong><\/li><li><strong>Public (individuals): 4210 DA<\/strong><\/li><\/ul><p>Mandate :<span style=\"text-decoration: underline\"><strong><a href=\"https:\/\/www.univ-usto.dz\/dup\/ceilusto\/mondats\/\">Download here<\/a><\/strong><\/span><\/p><p>Check out the course schedules <strong><span style=\"text-decoration: underline\"><a href=\"https:\/\/www.univ-usto.dz\/dup\/ceilusto\/wp-content\/uploads\/2025\/02\/emploi-du-temps.pdf\">Timetable<\/a><\/span><\/strong><\/p><p>Registrations for CEIL USTO-MB are open from:<\/p><p><strong><b><span style=\"color: #ff0000\">13 March <\/span><\/b>: Registration website closes (online form).<\/strong><\/p><p data-start=\"80\" data-end=\"133\" data-is-last-node=\"\" data-is-only-node=\"\">\u00a0<\/p><\/div><\/div><\/div><!-- Start of Story Repeater Content --><div id=\"story-6c2628e\" class=\"twae-story twae-repeater-item twae-story-left twae-story-no-icon\"><!-- Story Label --><div class=\"twae-labels\"><div class=\"twae-label-big\">26 f\u00e9vier  ou 02 mars: test de positionnement<\/div><div class=\"twae-label-small\">Tests de positionnement1 et 2<\/div><\/div><!-- Story Icon --><div class=\"twae-icon\"><\/div><!-- Story Arrow --><div class=\"twae-arrow\"><\/div><!-- Start of Story Content --><div class=\"twae-content\"><!-- Story Title --><div class=\"twae-title\">Faire les tests de positionnement <\/div><!-- Story Description --><div class=\"twae-description\"><h2 style=\"text-align: left\"><span style=\"color: #008000\">Remplir formulaire pour le test de positionnement\u00a0<\/span><\/h2><p style=\"text-align: left\"><a href=\"https:\/\/istimara.univ-usto.dz\/home\/inscriptiontest.php\"><span style=\"text-decoration: underline;color: #333399\"><strong>https:\/\/istimara.univ-usto.dz\/home\/inscriptiontest.php<\/strong><\/span><\/a><\/p><p style=\"text-align: left\"><span style=\"color: #ff0000\"><strong>Tests de positionnement<\/strong><\/span><\/p><p style=\"text-align: left\"><b><span style=\"color: #ff0000\">26 f\u00e9vier<\/span><\/b>:<b>\u00a0test de positionnement 1\u00a0<\/b><\/p><p style=\"text-align: left\"><b><span style=\"color: #ff0000\">02 mars<\/span><\/b>:\u00a0<b>test de positionnement 2<\/b><\/p><p style=\"text-align: left\"><b><span style=\"color: #ff0000\">25 f\u00e9vrier 12h00<\/span><\/b>:<b>\u00a0fermeture de la plateforme des tests de positionnement<\/b><\/p><div class=\"gmail_default\" style=\"text-align: left\"><b><span style=\"color: #ff0000\">13-20 mars<\/span><\/b>:\u00a0<b>remise des talons de la poste \u00e0 l'administration<\/b><\/div><div class=\"gmail_default\" style=\"text-align: left\"><b><span style=\"color: #ff0000\">12 avril<\/span>: d\u00e9but des cours<\/b><\/div><p style=\"text-align: left\">\u00a0<b>Test Anglais + Allemand\u00a0<\/b><\/p><p style=\"text-align: left\">\u00a0<b>Test Fran\u00e7ais +Espagnol<\/b><\/p><p style=\"text-align: left\">\u00a0<b>D\u00e9nier d\u00e9lais de mandats<\/b><\/p><p style=\"text-align: left\">\u00a0<b>D\u00e9but du cours<\/b><\/p><\/div><\/div><\/div><!-- Start of Story Repeater Content --><div id=\"story-111b8b6\" class=\"twae-story twae-repeater-item twae-story-right twae-story-no-icon\"><!-- Story Label --><div class=\"twae-labels\"><div class=\"twae-label-big\">13-20 mars<\/div><div class=\"twae-label-small\">Remise des talons de la poste \u00e0 l'administration<\/div><\/div><!-- Story Icon --><div class=\"twae-icon\"><\/div><!-- Story Arrow --><div class=\"twae-arrow\"><\/div><!-- Start of Story Content --><div class=\"twae-content\"><!-- Story Title --><div class=\"twae-title\">(d\u00e9lai de rigueur) mettre les talons de la poste \u00e0 l'administration.<\/div><!-- Story Description --><div class=\"twae-description\"><p><strong><span style=\"color: #800000\">Dernier d\u00e9lais de Mandats<\/span><\/strong><\/p><p>Remettre \u00e0 l\u2019administration\u00a0<strong>CEIL USTO-MB\u00a0<\/strong>le talon de la poste\u00a0<strong>(mentionner votre nom, la langue choisie et le niveau obtenu sur le mandat de la poste)<\/strong> (tr\u00e8s important sinon votre inscription ne sera pas valid\u00e9e).<\/p><p><strong>Au dos du mandat : \u00e9crire votre nom en fran\u00e7ais + la langue choisie + le niveau obtenu au test.<\/strong><\/p><div class=\"gmail_default\"><b><span style=\"color: #ff0000\">13-20 mars<\/span><\/b>:\u00a0<b>remise des talons de la poste \u00e0 l'administration<\/b><\/div><div class=\"gmail_default\"><b><span style=\"color: #ff0000\">12 avril<\/span>: d\u00e9but des cours<\/b><\/div><\/div><\/div><\/div><!-- Start of Story Repeater Content --><div id=\"story-0d649e7\" class=\"twae-story twae-repeater-item twae-story-left twae-story-no-icon\"><!-- Story Label --><div class=\"twae-labels\"><div class=\"twae-label-big\">Remarques importantes<\/div><\/div><!-- Story Icon --><div class=\"twae-icon\"><\/div><!-- Story Arrow --><div class=\"twae-arrow\"><\/div><!-- Start of Story Content --><div class=\"twae-content\"><!-- Story Description --><div class=\"twae-description\"><p style=\"text-align: left\">Les apprenants d\u00e9j\u00e0 inscrits au CEIL ne devront pr\u00e9senter que le talon de la poste avec leur nom, la langue choisie et le niveau obtenu.<\/p><p style=\"text-align: left\">La remise des talons de la poste se fait uniquement le matin, de\u00a0<strong>8h \u00e0 12<\/strong><b>h<\/b>.<\/p><\/div><\/div><\/div><\/div>\n    <div class=\"twae-end\"><\/div>\n    <\/div><style type=\"text\/css\">@media (max-width: 1024px){ .twae-wrapper{--tw-ybx-size: 80px !important;}}@media (max-width: 767px){ .twae-wrapper{--tw-ybx-size: 80px !important}}<\/style>\t\t\t\t<\/div>\n\t\t\t\t<\/div>\n\t\t\t\t\t<\/div>\n\t\t<\/div>\n\t\t\t\t\t<\/div>\n\t\t<\/section>\n\t\t\t\t<\/div>\n\t\t","protected":false},"excerpt":{"rendered":"<p>Registration at the Intensive Language Teaching Center (C.E.I.L) of USTO-MB \u00a0 February 21 to March 13Complete the online formFill out the registration form and the online form Fill in the information on the following platform \u00a0https:\/\/istimara.univ-usto.dz\/home\/inscriptionceil.php You will receive an <a href=\"https:\/\/www.univ-usto.dz\/dup\/ceilusto\/en\/registration-en\/\" class=\"read-more\">Lire la suite &#8230;<\/a><\/p>\n","protected":false},"author":1,"featured_media":1240,"parent":0,"menu_order":0,"comment_status":"closed","ping_status":"closed","template":"","meta":{"footnotes":""},"class_list":["post-2914","page","type-page","status-publish","has-post-thumbnail","hentry"],"_links":{"self":[{"href":"https:\/\/www.univ-usto.dz\/dup\/ceilusto\/wp-json\/wp\/v2\/pages\/2914","targetHints":{"allow":["GET"]}}],"collection":[{"href":"https:\/\/www.univ-usto.dz\/dup\/ceilusto\/wp-json\/wp\/v2\/pages"}],"about":[{"href":"https:\/\/www.univ-usto.dz\/dup\/ceilusto\/wp-json\/wp\/v2\/types\/page"}],"author":[{"embeddable":true,"href":"https:\/\/www.univ-usto.dz\/dup\/ceilusto\/wp-json\/wp\/v2\/users\/1"}],"replies":[{"embeddable":true,"href":"https:\/\/www.univ-usto.dz\/dup\/ceilusto\/wp-json\/wp\/v2\/comments?post=2914"}],"version-history":[{"count":19,"href":"https:\/\/www.univ-usto.dz\/dup\/ceilusto\/wp-json\/wp\/v2\/pages\/2914\/revisions"}],"predecessor-version":[{"id":2934,"href":"https:\/\/www.univ-usto.dz\/dup\/ceilusto\/wp-json\/wp\/v2\/pages\/2914\/revisions\/2934"}],"wp:featuredmedia":[{"embeddable":true,"href":"https:\/\/www.univ-usto.dz\/dup\/ceilusto\/wp-json\/wp\/v2\/media\/1240"}],"wp:attachment":[{"href":"https:\/\/www.univ-usto.dz\/dup\/ceilusto\/wp-json\/wp\/v2\/media?parent=2914"}],"curies":[{"name":"wp","href":"https:\/\/api.w.org\/{rel}","templated":true}]}}