{"id":338,"date":"2021-02-10T13:56:27","date_gmt":"2021-02-10T13:56:27","guid":{"rendered":"https:\/\/www.univ-usto.dz\/dup\/ceilusto\/?page_id=338"},"modified":"2025-02-19T14:32:48","modified_gmt":"2025-02-19T14:32:48","slug":"inscription-test","status":"publish","type":"page","link":"https:\/\/www.univ-usto.dz\/dup\/ceilusto\/inscription-test\/","title":{"rendered":"Inscription pour le test du positionnement"},"content":{"rendered":"\t\t<div data-elementor-type=\"wp-page\" data-elementor-id=\"338\" class=\"elementor elementor-338\">\n\t\t\t\t\t\t<section class=\"elementor-section elementor-top-section elementor-element elementor-element-7cf8d76 elementor-section-boxed elementor-section-height-default elementor-section-height-default\" data-id=\"7cf8d76\" data-element_type=\"section\">\n\t\t\t\t\t\t<div class=\"elementor-container elementor-column-gap-default\">\n\t\t\t\t\t<div class=\"elementor-column elementor-col-100 elementor-top-column elementor-element elementor-element-66a5776\" data-id=\"66a5776\" data-element_type=\"column\">\n\t\t\t<div class=\"elementor-widget-wrap elementor-element-populated\">\n\t\t\t\t\t\t<div class=\"elementor-element elementor-element-2be299d elementor-widget elementor-widget-text-editor\" data-id=\"2be299d\" data-element_type=\"widget\" data-widget_type=\"text-editor.default\">\n\t\t\t\t<div class=\"elementor-widget-container\">\n\t\t\t\t\t\t\t\t\t\n<p><a href=\"https:\/\/istimara.univ-usto.dz\/home\/inscriptiontest.php\"><span style=\"text-decoration: underline;\"><strong>Formulaire d&rsquo;Inscription au\u00a0 test de\u00a0 positionnement : Centre d\u2019Enseignement Intensif des Langues<\/strong><\/span><\/a><\/p>\n<p>Remplir les informations sur la plateforme suivante:\u00a0<\/p>\n<p><strong>Inscriptions aux tests de positionnement<\/strong><\/p>\n<p><strong>Nom et pr\u00e9noms (complets)<\/strong><\/p>\n<p><strong>Langue d\u00e9sir\u00e9e<\/strong><\/p>\n<p><strong>Date\u00a0<\/strong><\/p>\n<p><strong>Date du paiement du mandat postal<\/strong><\/p>\n<p><strong>Mandat postal<\/strong><\/p>\n<p>\u00a0<\/p>\n\t\t\t\t\t\t\t\t<\/div>\n\t\t\t\t<\/div>\n\t\t\t\t<div class=\"elementor-element elementor-element-e757dd5 elementor-widget elementor-widget-image\" data-id=\"e757dd5\" data-element_type=\"widget\" data-widget_type=\"image.default\">\n\t\t\t\t<div class=\"elementor-widget-container\">\n\t\t\t\t\t\t\t\t\t\t\t\t\t\t\t\t<a href=\"https:\/\/istimara.univ-usto.dz\/home\/inscriptiontest.php\">\n\t\t\t\t\t\t\t<img fetchpriority=\"high\" decoding=\"async\" width=\"847\" height=\"469\" src=\"https:\/\/www.univ-usto.dz\/dup\/ceilusto\/wp-content\/uploads\/2020\/08\/test.jpg\" class=\"attachment-large size-large wp-image-331\" alt=\"\" srcset=\"https:\/\/www.univ-usto.dz\/dup\/ceilusto\/wp-content\/uploads\/2020\/08\/test.jpg 1012w, https:\/\/www.univ-usto.dz\/dup\/ceilusto\/wp-content\/uploads\/2020\/08\/test-300x166.jpg 300w, https:\/\/www.univ-usto.dz\/dup\/ceilusto\/wp-content\/uploads\/2020\/08\/test-768x425.jpg 768w, https:\/\/www.univ-usto.dz\/dup\/ceilusto\/wp-content\/uploads\/2020\/08\/test-360x199.jpg 360w\" sizes=\"(max-width: 847px) 100vw, 847px\" \/>\t\t\t\t\t\t\t\t<\/a>\n\t\t\t\t\t\t\t\t\t\t\t\t\t\t\t<\/div>\n\t\t\t\t<\/div>\n\t\t\t\t\t<\/div>\n\t\t<\/div>\n\t\t\t\t\t<\/div>\n\t\t<\/section>\n\t\t\t\t<\/div>\n\t\t","protected":false},"excerpt":{"rendered":"<p>Formulaire d&rsquo;Inscription au\u00a0 test de\u00a0 positionnement : Centre d\u2019Enseignement Intensif des Langues Remplir les informations sur la plateforme suivante:\u00a0 Inscriptions aux tests de positionnement Nom et pr\u00e9noms (complets) Langue d\u00e9sir\u00e9e Date\u00a0 Date du paiement du mandat postal Mandat postal \u00a0<\/p>\n","protected":false},"author":1,"featured_media":344,"parent":0,"menu_order":0,"comment_status":"closed","ping_status":"closed","template":"","meta":{"footnotes":""},"class_list":["post-338","page","type-page","status-publish","has-post-thumbnail","hentry"],"_links":{"self":[{"href":"https:\/\/www.univ-usto.dz\/dup\/ceilusto\/wp-json\/wp\/v2\/pages\/338","targetHints":{"allow":["GET"]}}],"collection":[{"href":"https:\/\/www.univ-usto.dz\/dup\/ceilusto\/wp-json\/wp\/v2\/pages"}],"about":[{"href":"https:\/\/www.univ-usto.dz\/dup\/ceilusto\/wp-json\/wp\/v2\/types\/page"}],"author":[{"embeddable":true,"href":"https:\/\/www.univ-usto.dz\/dup\/ceilusto\/wp-json\/wp\/v2\/users\/1"}],"replies":[{"embeddable":true,"href":"https:\/\/www.univ-usto.dz\/dup\/ceilusto\/wp-json\/wp\/v2\/comments?post=338"}],"version-history":[{"count":22,"href":"https:\/\/www.univ-usto.dz\/dup\/ceilusto\/wp-json\/wp\/v2\/pages\/338\/revisions"}],"predecessor-version":[{"id":2574,"href":"https:\/\/www.univ-usto.dz\/dup\/ceilusto\/wp-json\/wp\/v2\/pages\/338\/revisions\/2574"}],"wp:featuredmedia":[{"embeddable":true,"href":"https:\/\/www.univ-usto.dz\/dup\/ceilusto\/wp-json\/wp\/v2\/media\/344"}],"wp:attachment":[{"href":"https:\/\/www.univ-usto.dz\/dup\/ceilusto\/wp-json\/wp\/v2\/media?parent=338"}],"curies":[{"name":"wp","href":"https:\/\/api.w.org\/{rel}","templated":true}]}}