{"id":654,"date":"2021-09-13T08:30:35","date_gmt":"2021-09-13T08:30:35","guid":{"rendered":"https:\/\/www.univ-usto.dz\/dup\/ceilusto\/?page_id=654"},"modified":"2025-02-19T14:29:47","modified_gmt":"2025-02-19T14:29:47","slug":"etapes-inscriptions","status":"publish","type":"page","link":"https:\/\/www.univ-usto.dz\/dup\/ceilusto\/etapes-inscriptions\/","title":{"rendered":"Contrat de l\u2019apprenant"},"content":{"rendered":"\t\t<div data-elementor-type=\"wp-page\" data-elementor-id=\"654\" class=\"elementor elementor-654\">\n\t\t\t\t\t\t<section class=\"elementor-section elementor-top-section elementor-element elementor-element-7640c83 elementor-section-boxed elementor-section-height-default elementor-section-height-default\" data-id=\"7640c83\" data-element_type=\"section\">\n\t\t\t\t\t\t<div class=\"elementor-container elementor-column-gap-default\">\n\t\t\t\t\t<div class=\"elementor-column elementor-col-100 elementor-top-column elementor-element elementor-element-ac6ed65\" data-id=\"ac6ed65\" data-element_type=\"column\">\n\t\t\t<div class=\"elementor-widget-wrap elementor-element-populated\">\n\t\t\t\t\t\t<div class=\"elementor-element elementor-element-f72f545 elementor-widget elementor-widget-text-editor\" data-id=\"f72f545\" data-element_type=\"widget\" data-widget_type=\"text-editor.default\">\n\t\t\t\t<div class=\"elementor-widget-container\">\n\t\t\t\t\t\t\t\t\t<p><strong>Contrat de l\u2019apprenant<\/strong><\/p><ol><li>L\u2019inscription doit \u00eatre faite par l\u2019apprenant<\/li><li>L\u2019inscription est consid\u00e9r\u00e9e valide qu\u2019apr\u00e8s retour du mandate de la poste \u00e0 l\u2019administration<\/li><li>L&rsquo;apprenant est tenu de respecter les emplois du temps affich\u00e9s<\/li><li>Aucun remboursement ne sera effectu\u00e9 si l&rsquo;apprenant ne peut plus assister aux cours<\/li><li>Les apprenants qui ne figurent pas sur la liste d&rsquo;inscription ne sont pas consid\u00e9r\u00e9s comme officiellement inscrits et seront imm\u00e9diatement exclus du cours par l&rsquo;enseignant<\/li><li>Les apprenants ayant un total de 5 absences injustifi\u00e9es ne pourront pas passer leurs examens<\/li><li>Toutes les informations relatives au CEIL USTO-MB- seront affich\u00e9es \u00e0 l&rsquo;administration, sur le site web du CEIL USTO-MB- et sur nos r\u00e9seaux sociaux<\/li><li>Tout changement d\u2019horaire, de groupe ou de niveau doit avoir l\u2019aval de l\u2019administration du CEIL USTO-MB<\/li><li>L\u2019administration du CEIL accorde une grande importance au comportement des apprenants \u00e0 l\u2019int\u00e9rieur du centre. Tout acte d\u2019indiscipline, de d\u00e9gradation ou de comportement jug\u00e9 incorrect vis \u00e0 vis d\u2019autrui est susceptible d\u2019\u00eatre sanctionn\u00e9 par un renvoi d\u00e9finitif<\/li><li>Le renvoi pour comportement incorrect ou indiscipline ne donne droit \u00e0 aucun remboursement des droits d\u2019inscription<\/li><li>Les attestations de niveaux seront d\u00e9livr\u00e9es \u00e0 la demande des apprenants (demande sur notre site web)<\/li><li>Les attestations de niveaux archiv\u00e9es ne peuvent \u00eatre r\u00e9clam\u00e9es au-del\u00e0 de 3 sessions, et seraient payantes -500DZD- pour obtenir un duplicata<\/li><li>Les attestations de formation(s) seront d\u00e9livr\u00e9es uniquement pour les apprenants ayant obtenu au minimum la moyenne aux examens<\/li><li>Les r\u00e9sultats des tests de positionnement ou des examens seront affich\u00e9s au CEIL USTO-MB- et seront consultables sur notre site web<\/li><\/ol>\t\t\t\t\t\t\t\t<\/div>\n\t\t\t\t<\/div>\n\t\t\t\t\t<\/div>\n\t\t<\/div>\n\t\t\t\t\t<\/div>\n\t\t<\/section>\n\t\t\t\t<section class=\"elementor-section elementor-top-section elementor-element elementor-element-b571cc5 elementor-section-boxed elementor-section-height-default elementor-section-height-default\" data-id=\"b571cc5\" data-element_type=\"section\">\n\t\t\t\t\t\t<div class=\"elementor-container elementor-column-gap-default\">\n\t\t\t\t\t<div class=\"elementor-column elementor-col-100 elementor-top-column elementor-element elementor-element-c44640c\" data-id=\"c44640c\" data-element_type=\"column\">\n\t\t\t<div class=\"elementor-widget-wrap elementor-element-populated\">\n\t\t\t\t\t\t<div class=\"elementor-element elementor-element-aac6032 elementor-widget elementor-widget-image\" data-id=\"aac6032\" data-element_type=\"widget\" data-widget_type=\"image.default\">\n\t\t\t\t<div class=\"elementor-widget-container\">\n\t\t\t\t\t\t\t\t\t\t\t\t\t\t\t<img fetchpriority=\"high\" decoding=\"async\" width=\"847\" height=\"424\" src=\"https:\/\/www.univ-usto.dz\/dup\/ceilusto\/wp-content\/uploads\/2025\/02\/Inscriptions-1024x512.png\" class=\"attachment-large size-large wp-image-2184\" alt=\"\" srcset=\"https:\/\/www.univ-usto.dz\/dup\/ceilusto\/wp-content\/uploads\/2025\/02\/Inscriptions-1024x512.png 1024w, https:\/\/www.univ-usto.dz\/dup\/ceilusto\/wp-content\/uploads\/2025\/02\/Inscriptions-300x150.png 300w, https:\/\/www.univ-usto.dz\/dup\/ceilusto\/wp-content\/uploads\/2025\/02\/Inscriptions-768x384.png 768w, https:\/\/www.univ-usto.dz\/dup\/ceilusto\/wp-content\/uploads\/2025\/02\/Inscriptions-1536x768.png 1536w, https:\/\/www.univ-usto.dz\/dup\/ceilusto\/wp-content\/uploads\/2025\/02\/Inscriptions-2048x1024.png 2048w, https:\/\/www.univ-usto.dz\/dup\/ceilusto\/wp-content\/uploads\/2025\/02\/Inscriptions-360x180.png 360w\" sizes=\"(max-width: 847px) 100vw, 847px\" \/>\t\t\t\t\t\t\t\t\t\t\t\t\t\t\t<\/div>\n\t\t\t\t<\/div>\n\t\t\t\t\t<\/div>\n\t\t<\/div>\n\t\t\t\t\t<\/div>\n\t\t<\/section>\n\t\t\t\t<\/div>\n\t\t","protected":false},"excerpt":{"rendered":"<p>Contrat de l\u2019apprenant L\u2019inscription doit \u00eatre faite par l\u2019apprenant L\u2019inscription est consid\u00e9r\u00e9e valide qu\u2019apr\u00e8s retour du mandate de la poste \u00e0 l\u2019administration L&rsquo;apprenant est tenu de respecter les emplois du temps affich\u00e9s Aucun remboursement ne sera effectu\u00e9 si l&rsquo;apprenant ne <a href=\"https:\/\/www.univ-usto.dz\/dup\/ceilusto\/etapes-inscriptions\/\" class=\"read-more\">Lire la suite &#8230;<\/a><\/p>\n","protected":false},"author":1,"featured_media":0,"parent":0,"menu_order":0,"comment_status":"closed","ping_status":"closed","template":"","meta":{"footnotes":""},"class_list":["post-654","page","type-page","status-publish","hentry"],"_links":{"self":[{"href":"https:\/\/www.univ-usto.dz\/dup\/ceilusto\/wp-json\/wp\/v2\/pages\/654","targetHints":{"allow":["GET"]}}],"collection":[{"href":"https:\/\/www.univ-usto.dz\/dup\/ceilusto\/wp-json\/wp\/v2\/pages"}],"about":[{"href":"https:\/\/www.univ-usto.dz\/dup\/ceilusto\/wp-json\/wp\/v2\/types\/page"}],"author":[{"embeddable":true,"href":"https:\/\/www.univ-usto.dz\/dup\/ceilusto\/wp-json\/wp\/v2\/users\/1"}],"replies":[{"embeddable":true,"href":"https:\/\/www.univ-usto.dz\/dup\/ceilusto\/wp-json\/wp\/v2\/comments?post=654"}],"version-history":[{"count":23,"href":"https:\/\/www.univ-usto.dz\/dup\/ceilusto\/wp-json\/wp\/v2\/pages\/654\/revisions"}],"predecessor-version":[{"id":2571,"href":"https:\/\/www.univ-usto.dz\/dup\/ceilusto\/wp-json\/wp\/v2\/pages\/654\/revisions\/2571"}],"wp:attachment":[{"href":"https:\/\/www.univ-usto.dz\/dup\/ceilusto\/wp-json\/wp\/v2\/media?parent=654"}],"curies":[{"name":"wp","href":"https:\/\/api.w.org\/{rel}","templated":true}]}}