{"id":107,"date":"2020-05-13T11:57:42","date_gmt":"2020-05-13T11:57:42","guid":{"rendered":"https:\/\/www.univ-usto.dz\/erasmus\/presentation-cbhe\/"},"modified":"2023-04-05T08:38:24","modified_gmt":"2023-04-05T08:38:24","slug":"presentation-cbhe","status":"publish","type":"page","link":"https:\/\/www.univ-usto.dz\/erasmus\/presentation-cbhe\/","title":{"rendered":"CBHE"},"content":{"rendered":"\t\t<div data-elementor-type=\"wp-page\" data-elementor-id=\"107\" class=\"elementor elementor-107\">\n\t\t\t\t\t\t<section class=\"elementor-section elementor-top-section elementor-element elementor-element-ae38fc5 elementor-section-boxed elementor-section-height-default elementor-section-height-default\" data-id=\"ae38fc5\" data-element_type=\"section\" data-settings=\"{&quot;background_background&quot;:&quot;classic&quot;}\">\n\t\t\t\t\t\t<div class=\"elementor-container elementor-column-gap-default\">\n\t\t\t\t\t<div class=\"elementor-column elementor-col-33 elementor-top-column elementor-element elementor-element-f974ea7\" data-id=\"f974ea7\" data-element_type=\"column\">\n\t\t\t<div class=\"elementor-widget-wrap elementor-element-populated\">\n\t\t\t\t\t\t<div class=\"elementor-element elementor-element-fec7ab5 elementor-widget elementor-widget-wp-widget-bellows_navigation_widget\" data-id=\"fec7ab5\" data-element_type=\"widget\" data-widget_type=\"wp-widget-bellows_navigation_widget.default\">\n\t\t\t\t<div class=\"elementor-widget-container\">\n\t\t\t\t\t<nav id=\"bellows-main-22\" class=\"bellows bellows-nojs bellows-main bellows-source-menu bellows-align-full bellows-skin-vanilla bellows-type- bellows-expand-current\"><ul id=\"menu-cbhe\" class=\"bellows-nav\" data-bellows-config=\"main\"><li id=\"menu-item-6201\" class=\"bellows-menu-item bellows-menu-item-type-post_type bellows-menu-item-object-page bellows-menu-item-6201 bellows-item-level-0\"><a  target=\"_blank\" href=\"https:\/\/www.univ-usto.dz\/erasmus\/presentation-cbhe\/\" class=\"bellows-target\"><span class=\"bellows-target-title bellows-target-text\">Pr\u00e9sentation CBHE<\/span><\/a><\/li>\n<li id=\"menu-item-6202\" class=\"bellows-menu-item bellows-menu-item-type-post_type bellows-menu-item-object-page bellows-menu-item-6202 bellows-item-level-0\"><a  href=\"https:\/\/www.univ-usto.dz\/erasmus\/objectif-cbhe\/\" class=\"bellows-target\"><span class=\"bellows-target-title bellows-target-text\">Objectifs du CBHE<\/span><\/a><\/li>\n<li id=\"menu-item-6203\" class=\"bellows-menu-item bellows-menu-item-type-post_type bellows-menu-item-object-page bellows-menu-item-6203 bellows-item-level-0\"><a  href=\"https:\/\/www.univ-usto.dz\/erasmus\/typescbhe\/\" class=\"bellows-target\"><span class=\"bellows-target-title bellows-target-text\">Types du projet<\/span><\/a><\/li>\n<li id=\"menu-item-6262\" class=\"bellows-menu-item bellows-menu-item-type-post_type bellows-menu-item-object-page bellows-menu-item-6262 bellows-item-level-0\"><a  href=\"https:\/\/www.univ-usto.dz\/erasmus\/evenementcbhe\/\" class=\"bellows-target\"><span class=\"bellows-target-title bellows-target-text\">Ev\u00e8nement<\/span><\/a><\/li>\n<li id=\"menu-item-6204\" class=\"bellows-menu-item bellows-menu-item-type-post_type bellows-menu-item-object-page bellows-menu-item-6204 bellows-item-level-0\"><a  href=\"https:\/\/www.univ-usto.dz\/erasmus\/ensaoirplus\/\" class=\"bellows-target\"><span class=\"bellows-target-title bellows-target-text\">En savoir plus<\/span><\/a><\/li>\n<\/ul><\/nav>\t\t\t\t<\/div>\n\t\t\t\t<\/div>\n\t\t\t\t\t<\/div>\n\t\t<\/div>\n\t\t\t\t<div class=\"elementor-column elementor-col-66 elementor-top-column elementor-element elementor-element-daa96bb\" data-id=\"daa96bb\" data-element_type=\"column\">\n\t\t\t<div class=\"elementor-widget-wrap elementor-element-populated\">\n\t\t\t\t\t\t<div class=\"elementor-element elementor-element-3a8d3a3 elementor-widget elementor-widget-elementskit-heading\" data-id=\"3a8d3a3\" data-element_type=\"widget\" data-widget_type=\"elementskit-heading.default\">\n\t\t\t\t<div class=\"elementor-widget-container\">\n\t\t\t\t\t<div class=\"ekit-wid-con\" ><div class=\"ekit-heading elementskit-section-title-wraper text_left   ekit_heading_tablet-   ekit_heading_mobile-\"><h3 class=\"ekit-heading--title elementskit-section-title \">Pr\u00e9sentation CBHE<\/h3><\/div><\/div>\t\t\t\t<\/div>\n\t\t\t\t<\/div>\n\t\t\t\t<div class=\"elementor-element elementor-element-3223a1a elementor-widget elementor-widget-text-editor\" data-id=\"3223a1a\" data-element_type=\"widget\" data-widget_type=\"text-editor.default\">\n\t\t\t\t<div class=\"elementor-widget-container\">\n\t\t\t\t\t\t\t\t\t<p>Le renforcement de capacit\u00e9s dans l\u2019enseignement sup\u00e9rieur\u00a0\u00ab\u00a0Capacity Building for Higher Education (CBHE)\u00a0\u00bb des projets g\u00e9r\u00e9e par l\u2019agence ex\u00e9cutive \u2018Education, Audiovisuel et Culture\u2019 (EACEA) \u00e0 Bruxelles.<\/p><p>Ce sont des projets\u00a0<strong>de coop\u00e9ration qui favorisent la modernisation, l&rsquo;accessibilit\u00e9 et l&rsquo;internationalisation de l&rsquo;enseignement sup\u00e9rieur dans\u00a0<\/strong>les pays partenaire du voisinage de l\u2019est Europ\u00e9en, du Nord-Africain \u00a0des Balkans occidentaux, de l\u2019Asie Centrale, de la Russie, de l\u2019Asie, de l\u2019Am\u00e9rique Latine et des pays de la Zone Afrique-Cara\u00efbe-Pacifique et de la zone Irak, Iran et Yemen.<strong>\u00a0Ces projets s&rsquo;appuient sur le succ\u00e8s des programmes Alfa, Edu-link et Tempus.<\/strong><\/p><p><strong>Les principes du projet\u00a0:<\/strong><\/p><p>Approche institutionnelle<\/p><p>Programme \u00ab\u00a0bottom-up\u00a0\u00bb<\/p><p>Implication des autorit\u00e9s nationales Diffusion<\/p><p>\u00a0Durabilit\u00e9 et exploitation des r\u00e9sultats\u00a0<\/p>\t\t\t\t\t\t\t\t<\/div>\n\t\t\t\t<\/div>\n\t\t\t\t\t<\/div>\n\t\t<\/div>\n\t\t\t\t\t<\/div>\n\t\t<\/section>\n\t\t\t\t<\/div>\n\t\t","protected":false},"excerpt":{"rendered":"<p>Pr\u00e9sentation CBHE Le renforcement de capacit\u00e9s dans l\u2019enseignement sup\u00e9rieur\u00a0\u00ab\u00a0Capacity Building for Higher Education (CBHE)\u00a0\u00bb des projets g\u00e9r\u00e9e par l\u2019agence ex\u00e9cutive \u2018Education, Audiovisuel et Culture\u2019 (EACEA) \u00e0 Bruxelles. Ce sont des projets\u00a0de coop\u00e9ration qui favorisent la modernisation, l&rsquo;accessibilit\u00e9 et l&rsquo;internationalisation de l&rsquo;enseignement sup\u00e9rieur dans\u00a0les pays partenaire du voisinage de l\u2019est Europ\u00e9en, du Nord-Africain \u00a0des Balkans occidentaux, [&hellip;]<\/p>\n","protected":false},"author":1,"featured_media":0,"parent":0,"menu_order":4,"comment_status":"closed","ping_status":"open","template":"","meta":{"_mi_skip_tracking":false,"footnotes":""},"class_list":["post-107","page","type-page","status-publish","hentry"],"aioseo_notices":[],"_links":{"self":[{"href":"https:\/\/www.univ-usto.dz\/erasmus\/wp-json\/wp\/v2\/pages\/107","targetHints":{"allow":["GET"]}}],"collection":[{"href":"https:\/\/www.univ-usto.dz\/erasmus\/wp-json\/wp\/v2\/pages"}],"about":[{"href":"https:\/\/www.univ-usto.dz\/erasmus\/wp-json\/wp\/v2\/types\/page"}],"author":[{"embeddable":true,"href":"https:\/\/www.univ-usto.dz\/erasmus\/wp-json\/wp\/v2\/users\/1"}],"replies":[{"embeddable":true,"href":"https:\/\/www.univ-usto.dz\/erasmus\/wp-json\/wp\/v2\/comments?post=107"}],"version-history":[{"count":16,"href":"https:\/\/www.univ-usto.dz\/erasmus\/wp-json\/wp\/v2\/pages\/107\/revisions"}],"predecessor-version":[{"id":6237,"href":"https:\/\/www.univ-usto.dz\/erasmus\/wp-json\/wp\/v2\/pages\/107\/revisions\/6237"}],"wp:attachment":[{"href":"https:\/\/www.univ-usto.dz\/erasmus\/wp-json\/wp\/v2\/media?parent=107"}],"curies":[{"name":"wp","href":"https:\/\/api.w.org\/{rel}","templated":true}]}}