{"id":108,"date":"2020-05-13T11:59:24","date_gmt":"2020-05-13T11:59:24","guid":{"rendered":"https:\/\/www.univ-usto.dz\/erasmus\/objectif-cbhe\/"},"modified":"2023-04-05T08:28:30","modified_gmt":"2023-04-05T08:28:30","slug":"objectif-cbhe","status":"publish","type":"page","link":"https:\/\/www.univ-usto.dz\/erasmus\/objectif-cbhe\/","title":{"rendered":"Objectifs du CBHE"},"content":{"rendered":"\t\t<div data-elementor-type=\"wp-page\" data-elementor-id=\"108\" class=\"elementor elementor-108\">\n\t\t\t\t\t\t<section class=\"elementor-section elementor-top-section elementor-element elementor-element-be1ce46 elementor-section-boxed elementor-section-height-default elementor-section-height-default\" data-id=\"be1ce46\" data-element_type=\"section\" data-settings=\"{&quot;background_background&quot;:&quot;classic&quot;}\">\n\t\t\t\t\t\t<div class=\"elementor-container elementor-column-gap-default\">\n\t\t\t\t\t<div class=\"elementor-column elementor-col-33 elementor-top-column elementor-element elementor-element-d078cd7\" data-id=\"d078cd7\" data-element_type=\"column\">\n\t\t\t<div class=\"elementor-widget-wrap elementor-element-populated\">\n\t\t\t\t\t\t<div class=\"elementor-element elementor-element-e0f2f31 elementor-widget elementor-widget-wp-widget-bellows_navigation_widget\" data-id=\"e0f2f31\" data-element_type=\"widget\" data-widget_type=\"wp-widget-bellows_navigation_widget.default\">\n\t\t\t\t<div class=\"elementor-widget-container\">\n\t\t\t\t\t<nav id=\"bellows-main-22\" class=\"bellows bellows-nojs bellows-main bellows-source-menu bellows-align-full bellows-skin-vanilla bellows-type- bellows-expand-current\"><ul id=\"menu-cbhe\" class=\"bellows-nav\" data-bellows-config=\"main\"><li id=\"menu-item-6201\" class=\"bellows-menu-item bellows-menu-item-type-post_type bellows-menu-item-object-page bellows-menu-item-6201 bellows-item-level-0\"><a  target=\"_blank\" href=\"https:\/\/www.univ-usto.dz\/erasmus\/presentation-cbhe\/\" class=\"bellows-target\"><span class=\"bellows-target-title bellows-target-text\">Pr\u00e9sentation CBHE<\/span><\/a><\/li>\n<li id=\"menu-item-6202\" class=\"bellows-menu-item bellows-menu-item-type-post_type bellows-menu-item-object-page bellows-menu-item-6202 bellows-item-level-0\"><a  href=\"https:\/\/www.univ-usto.dz\/erasmus\/objectif-cbhe\/\" class=\"bellows-target\"><span class=\"bellows-target-title bellows-target-text\">Objectifs du CBHE<\/span><\/a><\/li>\n<li id=\"menu-item-6203\" class=\"bellows-menu-item bellows-menu-item-type-post_type bellows-menu-item-object-page bellows-menu-item-6203 bellows-item-level-0\"><a  href=\"https:\/\/www.univ-usto.dz\/erasmus\/typescbhe\/\" class=\"bellows-target\"><span class=\"bellows-target-title bellows-target-text\">Types du projet<\/span><\/a><\/li>\n<li id=\"menu-item-6262\" class=\"bellows-menu-item bellows-menu-item-type-post_type bellows-menu-item-object-page bellows-menu-item-6262 bellows-item-level-0\"><a  href=\"https:\/\/www.univ-usto.dz\/erasmus\/evenementcbhe\/\" class=\"bellows-target\"><span class=\"bellows-target-title bellows-target-text\">Ev\u00e8nement<\/span><\/a><\/li>\n<li id=\"menu-item-6204\" class=\"bellows-menu-item bellows-menu-item-type-post_type bellows-menu-item-object-page bellows-menu-item-6204 bellows-item-level-0\"><a  href=\"https:\/\/www.univ-usto.dz\/erasmus\/ensaoirplus\/\" class=\"bellows-target\"><span class=\"bellows-target-title bellows-target-text\">En savoir plus<\/span><\/a><\/li>\n<\/ul><\/nav>\t\t\t\t<\/div>\n\t\t\t\t<\/div>\n\t\t\t\t\t<\/div>\n\t\t<\/div>\n\t\t\t\t<div class=\"elementor-column elementor-col-66 elementor-top-column elementor-element elementor-element-8003bb6\" data-id=\"8003bb6\" data-element_type=\"column\">\n\t\t\t<div class=\"elementor-widget-wrap elementor-element-populated\">\n\t\t\t\t\t\t<div class=\"elementor-element elementor-element-69eab61 elementor-widget elementor-widget-elementskit-heading\" data-id=\"69eab61\" data-element_type=\"widget\" data-widget_type=\"elementskit-heading.default\">\n\t\t\t\t<div class=\"elementor-widget-container\">\n\t\t\t\t\t<div class=\"ekit-wid-con\" ><div class=\"ekit-heading elementskit-section-title-wraper text_left   ekit_heading_tablet-   ekit_heading_mobile-\"><h3 class=\"ekit-heading--title elementskit-section-title \">Objectifs du CBHE<\/h3><\/div><\/div>\t\t\t\t<\/div>\n\t\t\t\t<\/div>\n\t\t\t\t<div class=\"elementor-element elementor-element-c017ed6 elementor-widget elementor-widget-text-editor\" data-id=\"c017ed6\" data-element_type=\"widget\" data-widget_type=\"text-editor.default\">\n\t\t\t\t<div class=\"elementor-widget-container\">\n\t\t\t\t\t\t\t\t\t<p>-Le projet vise \u00e0 \u00e9tablir une coop\u00e9ration entre l&rsquo;UE et les pays partenaires \u00e9ligibles<\/p><p>-Am\u00e9liorer la qualit\u00e9 de l&rsquo;enseignement sup\u00e9rieur et accro\u00eetre sa pertinence pour le march\u00e9 du travail et la soci\u00e9t\u00e9<\/p><p>-Am\u00e9liorer le niveau de comp\u00e9tences et d&rsquo;aptitudes dans les \u00e9tablissements d&rsquo;enseignement sup\u00e9rieur en d\u00e9veloppant des programmes d&rsquo;enseignement nouveaux et innovants<\/p><p>-Renforcer les capacit\u00e9s de gestion, de gouvernance et d&rsquo;innovation des \u00e9tablissements d&rsquo;enseignement sup\u00e9rieur<\/p><p>-Accro\u00eetre les capacit\u00e9s des autorit\u00e9s nationales \u00e0 moderniser leurs syst\u00e8mes d&rsquo;enseignement sup\u00e9rieur, en soutenant la d\u00e9finition, la mise en \u0153uvre et le suivi des politiques de r\u00e9forme<\/p><p>-Favoriser l&rsquo;int\u00e9gration et la coop\u00e9ration r\u00e9gionales entre les diff\u00e9rentes r\u00e9gions du monde gr\u00e2ce \u00e0 des initiatives conjointes, au partage des bonnes pratiques et \u00e0 la coop\u00e9ration.<\/p>\t\t\t\t\t\t\t\t<\/div>\n\t\t\t\t<\/div>\n\t\t\t\t\t<\/div>\n\t\t<\/div>\n\t\t\t\t\t<\/div>\n\t\t<\/section>\n\t\t\t\t<\/div>\n\t\t","protected":false},"excerpt":{"rendered":"<p>Objectifs du CBHE -Le projet vise \u00e0 \u00e9tablir une coop\u00e9ration entre l&rsquo;UE et les pays partenaires \u00e9ligibles -Am\u00e9liorer la qualit\u00e9 de l&rsquo;enseignement sup\u00e9rieur et accro\u00eetre sa pertinence pour le march\u00e9 du travail et la soci\u00e9t\u00e9 -Am\u00e9liorer le niveau de comp\u00e9tences et d&rsquo;aptitudes dans les \u00e9tablissements d&rsquo;enseignement sup\u00e9rieur en d\u00e9veloppant des programmes d&rsquo;enseignement nouveaux et innovants [&hellip;]<\/p>\n","protected":false},"author":1,"featured_media":0,"parent":0,"menu_order":3,"comment_status":"closed","ping_status":"open","template":"","meta":{"_mi_skip_tracking":false,"footnotes":""},"class_list":["post-108","page","type-page","status-publish","hentry"],"aioseo_notices":[],"_links":{"self":[{"href":"https:\/\/www.univ-usto.dz\/erasmus\/wp-json\/wp\/v2\/pages\/108","targetHints":{"allow":["GET"]}}],"collection":[{"href":"https:\/\/www.univ-usto.dz\/erasmus\/wp-json\/wp\/v2\/pages"}],"about":[{"href":"https:\/\/www.univ-usto.dz\/erasmus\/wp-json\/wp\/v2\/types\/page"}],"author":[{"embeddable":true,"href":"https:\/\/www.univ-usto.dz\/erasmus\/wp-json\/wp\/v2\/users\/1"}],"replies":[{"embeddable":true,"href":"https:\/\/www.univ-usto.dz\/erasmus\/wp-json\/wp\/v2\/comments?post=108"}],"version-history":[{"count":14,"href":"https:\/\/www.univ-usto.dz\/erasmus\/wp-json\/wp\/v2\/pages\/108\/revisions"}],"predecessor-version":[{"id":6216,"href":"https:\/\/www.univ-usto.dz\/erasmus\/wp-json\/wp\/v2\/pages\/108\/revisions\/6216"}],"wp:attachment":[{"href":"https:\/\/www.univ-usto.dz\/erasmus\/wp-json\/wp\/v2\/media?parent=108"}],"curies":[{"name":"wp","href":"https:\/\/api.w.org\/{rel}","templated":true}]}}