{"id":110,"date":"2020-05-13T12:16:24","date_gmt":"2020-05-13T12:16:24","guid":{"rendered":"https:\/\/www.univ-usto.dz\/erasmus\/ensaoirplus\/"},"modified":"2023-04-05T08:44:07","modified_gmt":"2023-04-05T08:44:07","slug":"ensaoirplus","status":"publish","type":"page","link":"https:\/\/www.univ-usto.dz\/erasmus\/ensaoirplus\/","title":{"rendered":"En savoir plus"},"content":{"rendered":"\t\t<div data-elementor-type=\"wp-page\" data-elementor-id=\"110\" class=\"elementor elementor-110\">\n\t\t\t\t\t\t<section class=\"elementor-section elementor-top-section elementor-element elementor-element-74947ea6 elementor-section-boxed elementor-section-height-default elementor-section-height-default\" data-id=\"74947ea6\" data-element_type=\"section\">\n\t\t\t\t\t\t<div class=\"elementor-container elementor-column-gap-default\">\n\t\t\t\t\t<div class=\"elementor-column elementor-col-100 elementor-top-column elementor-element elementor-element-790e2982\" data-id=\"790e2982\" data-element_type=\"column\">\n\t\t\t<div class=\"elementor-widget-wrap elementor-element-populated\">\n\t\t\t\t\t\t\t<\/div>\n\t\t<\/div>\n\t\t\t\t\t<\/div>\n\t\t<\/section>\n\t\t\t\t<section class=\"elementor-section elementor-top-section elementor-element elementor-element-7e68cab elementor-section-boxed elementor-section-height-default elementor-section-height-default\" data-id=\"7e68cab\" data-element_type=\"section\" data-settings=\"{&quot;background_background&quot;:&quot;classic&quot;}\">\n\t\t\t\t\t\t<div class=\"elementor-container elementor-column-gap-default\">\n\t\t\t\t\t<div class=\"elementor-column elementor-col-33 elementor-top-column elementor-element elementor-element-1c46897\" data-id=\"1c46897\" data-element_type=\"column\">\n\t\t\t<div class=\"elementor-widget-wrap elementor-element-populated\">\n\t\t\t\t\t\t<div class=\"elementor-element elementor-element-1b9f72f elementor-widget elementor-widget-wp-widget-bellows_navigation_widget\" data-id=\"1b9f72f\" data-element_type=\"widget\" data-widget_type=\"wp-widget-bellows_navigation_widget.default\">\n\t\t\t\t<div class=\"elementor-widget-container\">\n\t\t\t\t\t<nav id=\"bellows-main-22\" class=\"bellows bellows-nojs bellows-main bellows-source-menu bellows-align-full bellows-skin-vanilla bellows-type- bellows-expand-current\"><ul id=\"menu-cbhe\" class=\"bellows-nav\" data-bellows-config=\"main\"><li id=\"menu-item-6201\" class=\"bellows-menu-item bellows-menu-item-type-post_type bellows-menu-item-object-page bellows-menu-item-6201 bellows-item-level-0\"><a  target=\"_blank\" href=\"https:\/\/www.univ-usto.dz\/erasmus\/presentation-cbhe\/\" class=\"bellows-target\"><span class=\"bellows-target-title bellows-target-text\">Pr\u00e9sentation CBHE<\/span><\/a><\/li>\n<li id=\"menu-item-6202\" class=\"bellows-menu-item bellows-menu-item-type-post_type bellows-menu-item-object-page bellows-menu-item-6202 bellows-item-level-0\"><a  href=\"https:\/\/www.univ-usto.dz\/erasmus\/objectif-cbhe\/\" class=\"bellows-target\"><span class=\"bellows-target-title bellows-target-text\">Objectifs du CBHE<\/span><\/a><\/li>\n<li id=\"menu-item-6203\" class=\"bellows-menu-item bellows-menu-item-type-post_type bellows-menu-item-object-page bellows-menu-item-6203 bellows-item-level-0\"><a  href=\"https:\/\/www.univ-usto.dz\/erasmus\/typescbhe\/\" class=\"bellows-target\"><span class=\"bellows-target-title bellows-target-text\">Types du projet<\/span><\/a><\/li>\n<li id=\"menu-item-6262\" class=\"bellows-menu-item bellows-menu-item-type-post_type bellows-menu-item-object-page bellows-menu-item-6262 bellows-item-level-0\"><a  href=\"https:\/\/www.univ-usto.dz\/erasmus\/evenementcbhe\/\" class=\"bellows-target\"><span class=\"bellows-target-title bellows-target-text\">Ev\u00e8nement<\/span><\/a><\/li>\n<li id=\"menu-item-6204\" class=\"bellows-menu-item bellows-menu-item-type-post_type bellows-menu-item-object-page bellows-menu-item-6204 bellows-item-level-0\"><a  href=\"https:\/\/www.univ-usto.dz\/erasmus\/ensaoirplus\/\" class=\"bellows-target\"><span class=\"bellows-target-title bellows-target-text\">En savoir plus<\/span><\/a><\/li>\n<\/ul><\/nav>\t\t\t\t<\/div>\n\t\t\t\t<\/div>\n\t\t\t\t\t<\/div>\n\t\t<\/div>\n\t\t\t\t<div class=\"elementor-column elementor-col-66 elementor-top-column elementor-element elementor-element-fd40c5f\" data-id=\"fd40c5f\" data-element_type=\"column\">\n\t\t\t<div class=\"elementor-widget-wrap elementor-element-populated\">\n\t\t\t\t\t\t<div class=\"elementor-element elementor-element-9708f4e elementor-widget elementor-widget-elementskit-heading\" data-id=\"9708f4e\" data-element_type=\"widget\" data-widget_type=\"elementskit-heading.default\">\n\t\t\t\t<div class=\"elementor-widget-container\">\n\t\t\t\t\t<div class=\"ekit-wid-con\" ><div class=\"ekit-heading elementskit-section-title-wraper text_left   ekit_heading_tablet-   ekit_heading_mobile-\"><h3 class=\"ekit-heading--title elementskit-section-title \">En savoir plus<\/h3><\/div><\/div>\t\t\t\t<\/div>\n\t\t\t\t<\/div>\n\t\t\t\t<div class=\"elementor-element elementor-element-5438527 elementor-widget elementor-widget-text-editor\" data-id=\"5438527\" data-element_type=\"widget\" data-widget_type=\"text-editor.default\">\n\t\t\t\t<div class=\"elementor-widget-container\">\n\t\t\t\t\t\t\t\t\t<p style=\"text-align: justify;\"><span style=\"font-size: 12pt; font-family: arial, helvetica, sans-serif;\">En Alg\u00e9rie, le bureau national Erasmus plus<span style=\"text-decoration: underline;\"><span style=\"color: #000080;\"><strong>\u00a0<a style=\"color: #000080; text-decoration: underline;\" href=\"https:\/\/erasmusplus.dz\/index.php\/fr\/neo-algerie\/\">https:\/\/erasmusplus.dz\/index.php\/fr\/neo-algerie\/<\/a> <\/strong><\/span><\/span>accompagne les porteurs de projets dans le montage,\u00a0suivi et ex\u00e9cution de ces projets.<\/span><\/p><p style=\"text-align: justify;\"><span style=\"font-size: 12pt; font-family: arial, helvetica, sans-serif;\">Les projets de Renforcement des Capacit\u00e9s (Capacity building) sont des projets transnationaux, d\u2019une dur\u00e9e de 24 ou 36 mois, qui doivent impliquer au moins autant d\u2019\u00e9tablissement d\u2019enseignement sup\u00e9rieur des pays partenaires que d\u2019\u00e9tablissements d\u2019enseignement sup\u00e9rieur des pays du programme.<\/span><\/p><p style=\"text-align: justify;\"><span style=\"font-size: 12pt; font-family: arial, helvetica, sans-serif;\">Pour plus d\u2019information voici quelques liens utiles\u00a0:<\/span><\/p><ul><li style=\"text-align: justify;\"><span style=\"text-decoration: underline; color: #000080;\"><span style=\"font-size: 12pt; font-family: arial, helvetica, sans-serif;\"><strong><a style=\"color: #000080; text-decoration: underline;\" href=\"https:\/\/eacea.ec.europa.eu\/erasmus-plus\/erasmus-plus-%E2%80%93-action-cle-n%C2%BA-2-%E2%80%93-renforcement-des-capacites-dans-le-domaine-de-l-enseignement-superieur_fr?qt-related_content_book=5#qt-related_content_book\">https:\/\/eacea.ec.europa.eu\/erasmus-plus\/erasmus-plus-%E2%80%93-action-cle-n%C2%BA-2-%E2%80%93-renforcement-des-capacites-dans-le-domaine-de-l-enseignement-superieur_fr?qt-related_content_book=5#qt-related_content_book<\/a><\/strong><\/span><\/span><\/li><li style=\"text-align: justify;\"><span style=\"text-decoration: underline; color: #000080;\"><span style=\"font-size: 12pt; font-family: arial, helvetica, sans-serif;\"><strong><a style=\"color: #000080; text-decoration: underline;\" href=\"https:\/\/eacea.ec.europa.eu\/erasmus-plus\/funding\/capacity-building-higher-education-2019_en\">https:\/\/eacea.ec.europa.eu\/erasmus-plus\/funding\/capacity-building-higher-education-2019_en<\/a><\/strong><\/span><\/span><\/li><li style=\"text-align: justify;\"><span style=\"text-decoration: underline; color: #000080;\"><strong><span style=\"font-size: 12pt; font-family: arial, helvetica, sans-serif;\"><a style=\"color: #000080; text-decoration: underline;\" href=\"images\/erasmus\/Erasmus-CBHE-1.pdf\">Renforcement des Capacit\u00e9s dans l&rsquo;Enseignement Sup\u00e9rieur :Journ\u00e9e d&rsquo;Information Erasmus+ <\/a><\/span><\/strong>\u00a0<\/span><\/li><\/ul><p style=\"text-align: center;\">\u00a0<\/p>\t\t\t\t\t\t\t\t<\/div>\n\t\t\t\t<\/div>\n\t\t\t\t\t<\/div>\n\t\t<\/div>\n\t\t\t\t\t<\/div>\n\t\t<\/section>\n\t\t\t\t<\/div>\n\t\t","protected":false},"excerpt":{"rendered":"<p>En savoir plus En Alg\u00e9rie, le bureau national Erasmus plus\u00a0https:\/\/erasmusplus.dz\/index.php\/fr\/neo-algerie\/ accompagne les porteurs de projets dans le montage,\u00a0suivi et ex\u00e9cution de ces projets. Les projets de Renforcement des Capacit\u00e9s (Capacity building) sont des projets transnationaux, d\u2019une dur\u00e9e de 24 ou 36 mois, qui doivent impliquer au moins autant d\u2019\u00e9tablissement d\u2019enseignement sup\u00e9rieur des pays partenaires que [&hellip;]<\/p>\n","protected":false},"author":1,"featured_media":0,"parent":0,"menu_order":1,"comment_status":"closed","ping_status":"open","template":"","meta":{"_mi_skip_tracking":false,"footnotes":""},"class_list":["post-110","page","type-page","status-publish","hentry"],"aioseo_notices":[],"_links":{"self":[{"href":"https:\/\/www.univ-usto.dz\/erasmus\/wp-json\/wp\/v2\/pages\/110","targetHints":{"allow":["GET"]}}],"collection":[{"href":"https:\/\/www.univ-usto.dz\/erasmus\/wp-json\/wp\/v2\/pages"}],"about":[{"href":"https:\/\/www.univ-usto.dz\/erasmus\/wp-json\/wp\/v2\/types\/page"}],"author":[{"embeddable":true,"href":"https:\/\/www.univ-usto.dz\/erasmus\/wp-json\/wp\/v2\/users\/1"}],"replies":[{"embeddable":true,"href":"https:\/\/www.univ-usto.dz\/erasmus\/wp-json\/wp\/v2\/comments?post=110"}],"version-history":[{"count":19,"href":"https:\/\/www.univ-usto.dz\/erasmus\/wp-json\/wp\/v2\/pages\/110\/revisions"}],"predecessor-version":[{"id":6257,"href":"https:\/\/www.univ-usto.dz\/erasmus\/wp-json\/wp\/v2\/pages\/110\/revisions\/6257"}],"wp:attachment":[{"href":"https:\/\/www.univ-usto.dz\/erasmus\/wp-json\/wp\/v2\/media?parent=110"}],"curies":[{"name":"wp","href":"https:\/\/api.w.org\/{rel}","templated":true}]}}