{"id":303,"date":"2018-01-10T08:57:20","date_gmt":"2018-01-10T08:57:20","guid":{"rendered":"https:\/\/demo.axlethemes.com\/education-mind\/?page_id=303"},"modified":"2023-04-05T20:49:20","modified_gmt":"2023-04-05T20:49:20","slug":"a-world-class-education","status":"publish","type":"page","link":"https:\/\/www.univ-usto.dz\/erasmus\/a-world-class-education\/","title":{"rendered":"Erasms +"},"content":{"rendered":"\t\t<div data-elementor-type=\"wp-page\" data-elementor-id=\"303\" class=\"elementor elementor-303\">\n\t\t\t\t\t\t<section class=\"elementor-section elementor-top-section elementor-element elementor-element-6e31b5d5 elementor-section-boxed elementor-section-height-default elementor-section-height-default\" data-id=\"6e31b5d5\" data-element_type=\"section\">\n\t\t\t\t\t\t<div class=\"elementor-container elementor-column-gap-default\">\n\t\t\t\t\t<div class=\"elementor-column elementor-col-100 elementor-top-column elementor-element elementor-element-5d0c4e8c\" data-id=\"5d0c4e8c\" data-element_type=\"column\">\n\t\t\t<div class=\"elementor-widget-wrap elementor-element-populated\">\n\t\t\t\t\t\t<div class=\"elementor-element elementor-element-4ed2f890 elementor-widget elementor-widget-text-editor\" data-id=\"4ed2f890\" data-element_type=\"widget\" data-widget_type=\"text-editor.default\">\n\t\t\t\t<div class=\"elementor-widget-container\">\n\t\t\t\t\t\t\t\t\t<h4>Mobilit\u00e9 internationale dans le cadre du programme Erasmus\u00a0<\/h4><p>\u00a0<\/p><p>Le programme Erasmus permet \u00e0 tous les \u00e9tudiants inscrits dans un \u00e9tablissement d\u2019enseignement sup\u00e9rieur de passer de 3 mois \u00e0 6 mois d&rsquo;\u00e9tudes dans une autre universit\u00e9 europ\u00e9enne en validant leur cursus dans leur universit\u00e9 de d\u00e9part.<br \/><br \/>Le programme d&rsquo;\u00e9change Erasmus permet d&rsquo;\u00e9tudier \u00e0 l&rsquo;\u00e9tranger pendant un temps limit\u00e9 et a des co\u00fbts tr\u00e8s r\u00e9duits.\u00a0<\/p><h4>Bourse et R\u00e8glement\u00a0<\/h4><h3>Qui peut participer au programme Erasmus ?<\/h3><p>Tous les \u00e9tudiants inscrits \u00e0 l\u2019USTO-MB, qui ont valid\u00e9 leur premi\u00e8re ann\u00e9e d&rsquo;\u00e9tudes universitaires, peuvent postuler au programme (l&rsquo;\u00e9change Erasmus peut s&rsquo;effectuer \u00e0 partir de la deuxi\u00e8me ann\u00e9e d&rsquo;\u00e9tudes dans certains appels d\u2019offre jusqu&rsquo;au doctorat inclus).<br \/><br \/>Mais attention les places sont limit\u00e9es, une s\u00e9lection des \u00e9tudiants qui ont le droit de participer au programme se fait au niveau de l\u2019USTO-MB, sur des crit\u00e8res acad\u00e9miques (r\u00e9sultats universitaires ant\u00e9rieurs, comp\u00e9tence linguistique) et de motivation.<br \/><br \/>Le candidat doit imp\u00e9rativement pr\u00e9parer un dossier qu\u2019il enverra soit \u00e0 l\u2019universit\u00e9 partenaire via sa plateforme, soit \u00e0 la cellule\u00a0<strong>Erasmus+<\/strong>\u00a0d\u00e9di\u00e9e \u00e0 cet effet<\/p>\t\t\t\t\t\t\t\t<\/div>\n\t\t\t\t<\/div>\n\t\t\t\t\t<\/div>\n\t\t<\/div>\n\t\t\t\t\t<\/div>\n\t\t<\/section>\n\t\t\t\t<\/div>\n\t\t","protected":false},"excerpt":{"rendered":"<p>Mobilit\u00e9 internationale dans le cadre du programme Erasmus\u00a0 \u00a0 Le programme Erasmus permet \u00e0 tous les \u00e9tudiants inscrits dans un \u00e9tablissement d\u2019enseignement sup\u00e9rieur de passer de 3 mois \u00e0 6 mois d&rsquo;\u00e9tudes dans une autre universit\u00e9 europ\u00e9enne en validant leur cursus dans leur universit\u00e9 de d\u00e9part. Le programme d&rsquo;\u00e9change Erasmus permet d&rsquo;\u00e9tudier \u00e0 l&rsquo;\u00e9tranger pendant [&hellip;]<\/p>\n","protected":false},"author":1,"featured_media":139,"parent":0,"menu_order":0,"comment_status":"closed","ping_status":"closed","template":"","meta":{"_mi_skip_tracking":false,"footnotes":""},"class_list":["post-303","page","type-page","status-publish","has-post-thumbnail","hentry"],"aioseo_notices":[],"_links":{"self":[{"href":"https:\/\/www.univ-usto.dz\/erasmus\/wp-json\/wp\/v2\/pages\/303","targetHints":{"allow":["GET"]}}],"collection":[{"href":"https:\/\/www.univ-usto.dz\/erasmus\/wp-json\/wp\/v2\/pages"}],"about":[{"href":"https:\/\/www.univ-usto.dz\/erasmus\/wp-json\/wp\/v2\/types\/page"}],"author":[{"embeddable":true,"href":"https:\/\/www.univ-usto.dz\/erasmus\/wp-json\/wp\/v2\/users\/1"}],"replies":[{"embeddable":true,"href":"https:\/\/www.univ-usto.dz\/erasmus\/wp-json\/wp\/v2\/comments?post=303"}],"version-history":[{"count":18,"href":"https:\/\/www.univ-usto.dz\/erasmus\/wp-json\/wp\/v2\/pages\/303\/revisions"}],"predecessor-version":[{"id":38566,"href":"https:\/\/www.univ-usto.dz\/erasmus\/wp-json\/wp\/v2\/pages\/303\/revisions\/38566"}],"wp:featuredmedia":[{"embeddable":true,"href":"https:\/\/www.univ-usto.dz\/erasmus\/wp-json\/wp\/v2\/media\/139"}],"wp:attachment":[{"href":"https:\/\/www.univ-usto.dz\/erasmus\/wp-json\/wp\/v2\/media?parent=303"}],"curies":[{"name":"wp","href":"https:\/\/api.w.org\/{rel}","templated":true}]}}