{"id":10576,"date":"2021-01-31T09:10:08","date_gmt":"2021-01-31T09:10:08","guid":{"rendered":"http:\/\/www.univ-usto.dz\/fac-electrique\/?page_id=10576"},"modified":"2021-09-13T09:52:15","modified_gmt":"2021-09-13T09:52:15","slug":"inscription-re-inscription","status":"publish","type":"page","link":"https:\/\/www.univ-usto.dz\/fac-electrique\/inscription-re-inscription\/","title":{"rendered":"INSCRIPTION &#038; RE-INSCRIPTION"},"content":{"rendered":"\t\t<div data-elementor-type=\"wp-page\" data-elementor-id=\"10576\" class=\"elementor elementor-10576\">\n\t\t\t\t\t\t<section class=\"elementor-section elementor-top-section elementor-element elementor-element-5045cb7 elementor-section-boxed elementor-section-height-default elementor-section-height-default\" data-id=\"5045cb7\" data-element_type=\"section\">\n\t\t\t\t\t\t<div class=\"elementor-container elementor-column-gap-default\">\n\t\t\t\t\t<div class=\"elementor-column elementor-col-33 elementor-top-column elementor-element elementor-element-b8efcc7\" data-id=\"b8efcc7\" data-element_type=\"column\">\n\t\t\t<div class=\"elementor-widget-wrap elementor-element-populated\">\n\t\t\t\t\t\t\t<\/div>\n\t\t<\/div>\n\t\t\t\t<div class=\"elementor-column elementor-col-66 elementor-top-column elementor-element elementor-element-d35b93f\" data-id=\"d35b93f\" data-element_type=\"column\">\n\t\t\t<div class=\"elementor-widget-wrap\">\n\t\t\t\t\t\t\t<\/div>\n\t\t<\/div>\n\t\t\t\t\t<\/div>\n\t\t<\/section>\n\t\t\t\t<section class=\"elementor-section elementor-top-section elementor-element elementor-element-703bbe4 elementor-section-boxed elementor-section-height-default elementor-section-height-default\" data-id=\"703bbe4\" data-element_type=\"section\">\n\t\t\t\t\t\t<div class=\"elementor-container elementor-column-gap-default\">\n\t\t\t\t\t<div class=\"elementor-column elementor-col-50 elementor-top-column elementor-element elementor-element-62c2c43\" data-id=\"62c2c43\" data-element_type=\"column\">\n\t\t\t<div class=\"elementor-widget-wrap elementor-element-populated\">\n\t\t\t\t\t\t<div class=\"elementor-element elementor-element-9fe5563 elementor-widget elementor-widget-wp-widget-bellows_navigation_widget\" data-id=\"9fe5563\" data-element_type=\"widget\" data-widget_type=\"wp-widget-bellows_navigation_widget.default\">\n\t\t\t\t<div class=\"elementor-widget-container\">\n\t\t\t\t\t<nav id=\"bellows-main-17\" class=\"bellows bellows-nojs bellows-main bellows-source-menu bellows-align-full bellows-skin-vanilla bellows-type-\"><ul id=\"menu-recherche-scientifique\" class=\"bellows-nav\" data-bellows-config=\"main\"><li id=\"menu-item-12131\" class=\"bellows-menu-item bellows-menu-item-type-post_type bellows-menu-item-object-page bellows-menu-item-12131 bellows-item-level-0\"><a  href=\"https:\/\/www.univ-usto.dz\/fac-electrique\/inscription-re-inscription\/\" class=\"bellows-target\"><span class=\"bellows-target-title bellows-target-text\">Doctorat<\/span><\/a><\/li>\n<li id=\"menu-item-12029\" class=\"bellows-menu-item bellows-menu-item-type-post_type bellows-menu-item-object-page bellows-menu-item-12029 bellows-item-level-0\"><a  href=\"https:\/\/www.univ-usto.dz\/fac-electrique\/soutenance\/\" class=\"bellows-target\"><span class=\"bellows-target-title bellows-target-text\">Soutenance<\/span><\/a><\/li>\n<li id=\"menu-item-12133\" class=\"bellows-menu-item bellows-menu-item-type-post_type bellows-menu-item-object-page bellows-menu-item-12133 bellows-item-level-0\"><a  href=\"https:\/\/www.univ-usto.dz\/fac-electrique\/habilitation-universitaire-3\/\" class=\"bellows-target\"><span class=\"bellows-target-title bellows-target-text\">Habilitation<\/span><\/a><\/li>\n<li id=\"menu-item-14488\" class=\"bellows-menu-item bellows-menu-item-type-post_type bellows-menu-item-object-post bellows-menu-item-14488 bellows-item-level-0\"><a  href=\"https:\/\/www.univ-usto.dz\/fac-electrique\/calendrier-csd-csf-2021-2022\/\" class=\"bellows-target\"><span class=\"bellows-target-title bellows-target-text\">Calendrier-Planning CSF-CSD<\/span><\/a><\/li>\n<li id=\"menu-item-14000\" class=\"bellows-menu-item bellows-menu-item-type-post_type bellows-menu-item-object-post bellows-menu-item-14000 bellows-item-level-0\"><a  href=\"https:\/\/www.univ-usto.dz\/fac-electrique\/documents-utiles-a-telecharger\/\" class=\"bellows-target\"><span class=\"bellows-target-title bellows-target-text\">Documents utiles \u00e0 t\u00e9l\u00e9charger<\/span><\/a><\/li>\n<li id=\"menu-item-12134\" class=\"bellows-menu-item bellows-menu-item-type-post_type bellows-menu-item-object-page bellows-menu-item-12134 bellows-item-level-0\"><a  href=\"https:\/\/www.univ-usto.dz\/fac-electrique\/recherche-scientifique\/\" class=\"bellows-target\"><span class=\"bellows-target-title bellows-target-text\">Projets de Recherche<\/span><\/a><\/li>\n<li id=\"menu-item-12139\" class=\"bellows-menu-item bellows-menu-item-type-post_type bellows-menu-item-object-page bellows-menu-item-12139 bellows-item-level-0\"><a  href=\"https:\/\/www.univ-usto.dz\/fac-electrique\/perfectionnement-a-letranger\/\" class=\"bellows-target\"><span class=\"bellows-target-title bellows-target-text\">Relations Ext\u00e9rieures<\/span><\/a><\/li>\n<li id=\"menu-item-15643\" class=\"bellows-menu-item bellows-menu-item-type-post_type bellows-menu-item-object-post bellows-menu-item-15643 bellows-item-level-0\"><a  href=\"https:\/\/www.univ-usto.dz\/fac-electrique\/categorisation-des-revues-scientifiques\/\" class=\"bellows-target\"><span class=\"bellows-target-title bellows-target-text\">Cat\u00e9gorisation des Revues Scientifiques<\/span><\/a><\/li>\n<li id=\"menu-item-11923\" class=\"bellows-menu-item bellows-menu-item-type-post_type bellows-menu-item-object-page bellows-menu-item-11923 bellows-item-level-0\"><a  href=\"https:\/\/www.univ-usto.dz\/fac-electrique\/conseil-scientifique-2\/\" class=\"bellows-target\"><span class=\"bellows-target-title bellows-target-text\">CUN<\/span><\/a><\/li>\n<li id=\"menu-item-12030\" class=\"bellows-menu-item bellows-menu-item-type-post_type bellows-menu-item-object-page bellows-menu-item-12030 bellows-item-level-0\"><a  href=\"https:\/\/www.univ-usto.dz\/fac-electrique\/agrements-csd-et-csf\/\" class=\"bellows-target\"><span class=\"bellows-target-title bellows-target-text\">Agr\u00e9ments CSD et CSF<\/span><\/a><\/li>\n<li id=\"menu-item-12479\" class=\"bellows-menu-item bellows-menu-item-type-post_type bellows-menu-item-object-post bellows-menu-item-12479 bellows-item-level-0\"><a  href=\"https:\/\/www.univ-usto.dz\/fac-electrique\/textes-reglementaires\/\" class=\"bellows-target\"><span class=\"bellows-target-title bellows-target-text\">Textes r\u00e9glementaires<\/span><\/a><\/li>\n<\/ul><\/nav>\t\t\t\t<\/div>\n\t\t\t\t<\/div>\n\t\t\t\t\t<\/div>\n\t\t<\/div>\n\t\t\t\t<div class=\"elementor-column elementor-col-50 elementor-top-column elementor-element elementor-element-eff045f\" data-id=\"eff045f\" data-element_type=\"column\">\n\t\t\t<div class=\"elementor-widget-wrap elementor-element-populated\">\n\t\t\t\t\t\t<div class=\"elementor-element elementor-element-aa24ba2 elementor-widget elementor-widget-elementskit-heading\" data-id=\"aa24ba2\" data-element_type=\"widget\" data-widget_type=\"elementskit-heading.default\">\n\t\t\t\t<div class=\"elementor-widget-container\">\n\t\t\t\t\t<div class=\"ekit-wid-con\" ><div class=\"ekit-heading elementskit-section-title-wraper text_left   ekit_heading_tablet-   ekit_heading_mobile-\"><h3 class=\"ekit-heading--title elementskit-section-title \">INSCRIPTION &amp; RE-INSCRIPTION EN DOCTORAT CLASSIQUE ET DOCTORAT LMD <\/h3><div class=\"ekit_heading_separetor_wraper ekit_heading_elementskit-border-divider ekit-dotted\"><div class=\"elementskit-border-divider ekit-dotted\"><\/div><\/div><\/div><\/div>\t\t\t\t<\/div>\n\t\t\t\t<\/div>\n\t\t\t\t<div class=\"elementor-element elementor-element-ad0f0e4 elementor-widget elementor-widget-text-editor\" data-id=\"ad0f0e4\" data-element_type=\"widget\" data-widget_type=\"text-editor.default\">\n\t\t\t\t<div class=\"elementor-widget-container\">\n\t\t\t\t\t\t\t\t\t<div class=\"page-header\"><h2>\u00a0<\/h2><\/div><div class=\"icons\"><div class=\"btn-group pull-right\"><button id=\"dropdownMenuButton-203\" class=\"btn dropdown-toggle\" type=\"button\" aria-label=\"Outils utilisateur\" data-toggle=\"dropdown\" aria-haspopup=\"true\" aria-expanded=\"false\">\u00a0<\/button><\/div><\/div><div><p><span style=\"color: #0000ff;\"><strong>\u00a0<span style=\"color: #003366;\">I-\u00a0<a style=\"color: #003366;\" href=\"https:\/\/www.univ-usto.dz\/fac-electrique\/inscription\/\">Premi\u00e8re Inscription en sujet de Doctorat en Sciences et Doctorat LMD<\/a><\/span><\/strong><\/span><\/p><p><strong><span style=\"color: #003366;\">II-\u00a0<a style=\"color: #003366;\" href=\"https:\/\/www.univ-usto.dz\/fac-electrique\/reinscription-en-doctorat-en-sciences-et-doctorat-lmd\/\">R\u00e9inscription en Doctorat en Sciences et Doctorat LMD<\/a><\/span><br \/><\/strong><\/p><p>\u00a0<\/p><\/div><div><h3><span style=\"color: #993300;\"><strong><u>REMARQUES IMPORTANTES<\/u><\/strong><\/span><\/h3><p>1- Pour les Doctorants [<em><strong>DSc <\/strong><\/em>et\u00a0<em><strong>LMD<\/strong><\/em>], ayant d\u00e9pass\u00e9 le Nombre d\u2019Ann\u00e9es d\u2019Inscriptions, ils ne sont oblig\u00e9s de d\u00e9poser que seulement l\u2019\u00e9tat d\u2019avancement.<\/p><p>2- Pour les Doctorants en Sciences : <strong>2<sup>\u00e8me<\/sup> <\/strong>\u00e0 la\u00a0<strong>6<sup>\u00e8me<\/sup> Ann\u00e9e<\/strong>: peuvent d\u00e9poser le dossier de r\u00e9inscription avec seulement l\u2019Avis de l\u2019Encadreur.<\/p><p>3- Pour les Doctorants en 3\u00e8me cycle (LMD):<\/p><p style=\"text-align: left;\">D2 au D5\u00a0:\u00a0peuvent d\u00e9poser le dossier de r\u00e9inscription\u00a0<strong>avec seulement l\u2019Avis de l\u2019Encadreur.<\/strong><\/p><p style=\"text-align: left;\">D4 et D5\u00a0:\u00a0peuvent d\u00e9poser le dossier de r\u00e9inscription\u00a0<strong>avec seulement l\u2019Avis de l\u2019Encadreur et une d\u00e9rogation valid\u00e9e par le CFD.<\/strong><\/p><p>4- Saisir l\u2019intitul\u00e9 du m\u00e9moire ou la th\u00e8se dans la base de donn\u00e9es du CERIST. Cette base est d\u00e9nomm\u00e9e <strong>PNST.<\/strong><\/p><p style=\"text-align: left;\">La saisie des intitul\u00e9s est une phase obligatoire pour l\u2019inscription.<\/p><p>5- l\u2019intitul\u00e9 du m\u00e9moire ou de la th\u00e8se doit \u00eatre mentionn\u00e9 en <strong>fran\u00e7ais <\/strong>et en\u00a0<strong>arabe.<\/strong><\/p><\/div>\t\t\t\t\t\t\t\t<\/div>\n\t\t\t\t<\/div>\n\t\t\t\t\t<\/div>\n\t\t<\/div>\n\t\t\t\t\t<\/div>\n\t\t<\/section>\n\t\t\t\t<section class=\"elementor-section elementor-top-section elementor-element elementor-element-57170ab featured-conten elementor-section-boxed elementor-section-height-default elementor-section-height-default\" data-id=\"57170ab\" data-element_type=\"section\" id=\"featured-conten\" data-settings=\"{&quot;background_background&quot;:&quot;classic&quot;}\">\n\t\t\t\t\t\t<div class=\"elementor-container elementor-column-gap-default\">\n\t\t\t\t\t\t<\/div>\n\t\t<\/section>\n\t\t\t\t<\/div>\n\t\t","protected":false},"excerpt":{"rendered":"<p>INSCRIPTION &amp; RE-INSCRIPTION EN DOCTORAT CLASSIQUE ET DOCTORAT LMD \u00a0 \u00a0 \u00a0I-\u00a0Premi\u00e8re Inscription en sujet de Doctorat en Sciences et Doctorat LMD II-\u00a0R\u00e9inscription en Doctorat en Sciences et Doctorat LMD <a href=\"https:\/\/www.univ-usto.dz\/fac-electrique\/inscription-re-inscription\/\" class=\"read-more\">Lire la suite &#8230;<\/a><\/p>\n","protected":false},"author":1,"featured_media":0,"parent":0,"menu_order":0,"comment_status":"closed","ping_status":"closed","template":"","meta":{"footnotes":""},"class_list":["post-10576","page","type-page","status-publish","hentry"],"_links":{"self":[{"href":"https:\/\/www.univ-usto.dz\/fac-electrique\/wp-json\/wp\/v2\/pages\/10576","targetHints":{"allow":["GET"]}}],"collection":[{"href":"https:\/\/www.univ-usto.dz\/fac-electrique\/wp-json\/wp\/v2\/pages"}],"about":[{"href":"https:\/\/www.univ-usto.dz\/fac-electrique\/wp-json\/wp\/v2\/types\/page"}],"author":[{"embeddable":true,"href":"https:\/\/www.univ-usto.dz\/fac-electrique\/wp-json\/wp\/v2\/users\/1"}],"replies":[{"embeddable":true,"href":"https:\/\/www.univ-usto.dz\/fac-electrique\/wp-json\/wp\/v2\/comments?post=10576"}],"version-history":[{"count":124,"href":"https:\/\/www.univ-usto.dz\/fac-electrique\/wp-json\/wp\/v2\/pages\/10576\/revisions"}],"predecessor-version":[{"id":13741,"href":"https:\/\/www.univ-usto.dz\/fac-electrique\/wp-json\/wp\/v2\/pages\/10576\/revisions\/13741"}],"wp:attachment":[{"href":"https:\/\/www.univ-usto.dz\/fac-electrique\/wp-json\/wp\/v2\/media?parent=10576"}],"curies":[{"name":"wp","href":"https:\/\/api.w.org\/{rel}","templated":true}]}}