{"id":10828,"date":"2021-02-16T14:17:06","date_gmt":"2021-02-16T14:17:06","guid":{"rendered":"http:\/\/www.univ-usto.dz\/fac-electrique\/?page_id=10828"},"modified":"2025-01-28T08:49:25","modified_gmt":"2025-01-28T08:49:25","slug":"habilitation-universitaire-3","status":"publish","type":"page","link":"https:\/\/www.univ-usto.dz\/fac-electrique\/habilitation-universitaire-3\/","title":{"rendered":"Habilitation Universitaire"},"content":{"rendered":"\t\t<div data-elementor-type=\"wp-page\" data-elementor-id=\"10828\" class=\"elementor elementor-10828\">\n\t\t\t\t\t\t<section class=\"elementor-section elementor-top-section elementor-element elementor-element-703bbe4 elementor-section-boxed elementor-section-height-default elementor-section-height-default\" data-id=\"703bbe4\" data-element_type=\"section\">\n\t\t\t\t\t\t<div class=\"elementor-container elementor-column-gap-default\">\n\t\t\t\t\t<div class=\"elementor-column elementor-col-50 elementor-top-column elementor-element elementor-element-62c2c43\" data-id=\"62c2c43\" data-element_type=\"column\">\n\t\t\t<div class=\"elementor-widget-wrap elementor-element-populated\">\n\t\t\t\t\t\t<div class=\"elementor-element elementor-element-6ec5284 elementor-widget elementor-widget-wp-widget-bellows_navigation_widget\" data-id=\"6ec5284\" data-element_type=\"widget\" data-widget_type=\"wp-widget-bellows_navigation_widget.default\">\n\t\t\t\t<div class=\"elementor-widget-container\">\n\t\t\t\t\t<nav id=\"bellows-main-17\" class=\"bellows bellows-nojs bellows-main bellows-source-menu bellows-align-full bellows-skin-vanilla bellows-type-\"><ul id=\"menu-recherche-scientifique\" class=\"bellows-nav\" data-bellows-config=\"main\"><li id=\"menu-item-12131\" class=\"bellows-menu-item bellows-menu-item-type-post_type bellows-menu-item-object-page bellows-menu-item-12131 bellows-item-level-0\"><a  href=\"https:\/\/www.univ-usto.dz\/fac-electrique\/inscription-re-inscription\/\" class=\"bellows-target\"><span class=\"bellows-target-title bellows-target-text\">Doctorat<\/span><\/a><\/li>\n<li id=\"menu-item-12029\" class=\"bellows-menu-item bellows-menu-item-type-post_type bellows-menu-item-object-page bellows-menu-item-12029 bellows-item-level-0\"><a  href=\"https:\/\/www.univ-usto.dz\/fac-electrique\/soutenance\/\" class=\"bellows-target\"><span class=\"bellows-target-title bellows-target-text\">Soutenance<\/span><\/a><\/li>\n<li id=\"menu-item-12133\" class=\"bellows-menu-item bellows-menu-item-type-post_type bellows-menu-item-object-page bellows-menu-item-12133 bellows-item-level-0\"><a  href=\"https:\/\/www.univ-usto.dz\/fac-electrique\/habilitation-universitaire-3\/\" class=\"bellows-target\"><span class=\"bellows-target-title bellows-target-text\">Habilitation<\/span><\/a><\/li>\n<li id=\"menu-item-14488\" class=\"bellows-menu-item bellows-menu-item-type-post_type bellows-menu-item-object-post bellows-menu-item-14488 bellows-item-level-0\"><a  href=\"https:\/\/www.univ-usto.dz\/fac-electrique\/calendrier-csd-csf-2021-2022\/\" class=\"bellows-target\"><span class=\"bellows-target-title bellows-target-text\">Calendrier-Planning CSF-CSD<\/span><\/a><\/li>\n<li id=\"menu-item-14000\" class=\"bellows-menu-item bellows-menu-item-type-post_type bellows-menu-item-object-post bellows-menu-item-14000 bellows-item-level-0\"><a  href=\"https:\/\/www.univ-usto.dz\/fac-electrique\/documents-utiles-a-telecharger\/\" class=\"bellows-target\"><span class=\"bellows-target-title bellows-target-text\">Documents utiles \u00e0 t\u00e9l\u00e9charger<\/span><\/a><\/li>\n<li id=\"menu-item-12134\" class=\"bellows-menu-item bellows-menu-item-type-post_type bellows-menu-item-object-page bellows-menu-item-12134 bellows-item-level-0\"><a  href=\"https:\/\/www.univ-usto.dz\/fac-electrique\/recherche-scientifique\/\" class=\"bellows-target\"><span class=\"bellows-target-title bellows-target-text\">Projets de Recherche<\/span><\/a><\/li>\n<li id=\"menu-item-12139\" class=\"bellows-menu-item bellows-menu-item-type-post_type bellows-menu-item-object-page bellows-menu-item-12139 bellows-item-level-0\"><a  href=\"https:\/\/www.univ-usto.dz\/fac-electrique\/perfectionnement-a-letranger\/\" class=\"bellows-target\"><span class=\"bellows-target-title bellows-target-text\">Relations Ext\u00e9rieures<\/span><\/a><\/li>\n<li id=\"menu-item-15643\" class=\"bellows-menu-item bellows-menu-item-type-post_type bellows-menu-item-object-post bellows-menu-item-15643 bellows-item-level-0\"><a  href=\"https:\/\/www.univ-usto.dz\/fac-electrique\/categorisation-des-revues-scientifiques\/\" class=\"bellows-target\"><span class=\"bellows-target-title bellows-target-text\">Cat\u00e9gorisation des Revues Scientifiques<\/span><\/a><\/li>\n<li id=\"menu-item-11923\" class=\"bellows-menu-item bellows-menu-item-type-post_type bellows-menu-item-object-page bellows-menu-item-11923 bellows-item-level-0\"><a  href=\"https:\/\/www.univ-usto.dz\/fac-electrique\/conseil-scientifique-2\/\" class=\"bellows-target\"><span class=\"bellows-target-title bellows-target-text\">CUN<\/span><\/a><\/li>\n<li id=\"menu-item-12030\" class=\"bellows-menu-item bellows-menu-item-type-post_type bellows-menu-item-object-page bellows-menu-item-12030 bellows-item-level-0\"><a  href=\"https:\/\/www.univ-usto.dz\/fac-electrique\/agrements-csd-et-csf\/\" class=\"bellows-target\"><span class=\"bellows-target-title bellows-target-text\">Agr\u00e9ments CSD et CSF<\/span><\/a><\/li>\n<li id=\"menu-item-12479\" class=\"bellows-menu-item bellows-menu-item-type-post_type bellows-menu-item-object-post bellows-menu-item-12479 bellows-item-level-0\"><a  href=\"https:\/\/www.univ-usto.dz\/fac-electrique\/textes-reglementaires\/\" class=\"bellows-target\"><span class=\"bellows-target-title bellows-target-text\">Textes r\u00e9glementaires<\/span><\/a><\/li>\n<\/ul><\/nav>\t\t\t\t<\/div>\n\t\t\t\t<\/div>\n\t\t\t\t\t<\/div>\n\t\t<\/div>\n\t\t\t\t<div class=\"elementor-column elementor-col-50 elementor-top-column elementor-element elementor-element-eff045f\" data-id=\"eff045f\" data-element_type=\"column\">\n\t\t\t<div class=\"elementor-widget-wrap elementor-element-populated\">\n\t\t\t\t\t\t<div class=\"elementor-element elementor-element-aa24ba2 elementor-widget elementor-widget-elementskit-heading\" data-id=\"aa24ba2\" data-element_type=\"widget\" data-widget_type=\"elementskit-heading.default\">\n\t\t\t\t<div class=\"elementor-widget-container\">\n\t\t\t\t\t<div class=\"ekit-wid-con\" ><div class=\"ekit-heading elementskit-section-title-wraper text_left   ekit_heading_tablet-   ekit_heading_mobile-\"><h3 class=\"ekit-heading--title elementskit-section-title \">Habilitation Universitaire<\/h3><div class=\"ekit_heading_separetor_wraper ekit_heading_elementskit-border-divider ekit-dotted\"><div class=\"elementskit-border-divider ekit-dotted\"><\/div><\/div><\/div><\/div>\t\t\t\t<\/div>\n\t\t\t\t<\/div>\n\t\t\t\t<div class=\"elementor-element elementor-element-8a21f4d elementor-widget elementor-widget-text-editor\" data-id=\"8a21f4d\" data-element_type=\"widget\" data-widget_type=\"text-editor.default\">\n\t\t\t\t<div class=\"elementor-widget-container\">\n\t\t\t\t\t\t\t\t\t<p>L\u2019Habilitation Universitaire est une \u00e9tape n\u00e9cessaire et importante dans la carri\u00e8re scientifique de l\u2019enseignant chercheur ou chercheur permanent. Elle permet \u00e0 son titulaire d\u2019acqu\u00e9rir le rang magistral et d\u2019\u00eatre nomm\u00e9 au grade Maitre de Conf\u00e9rences classe \u00ab A\u00bb ; d\u2019encadrer des m\u00e9moires de magist\u00e8re et des th\u00e8ses de doctorat, diriger des projets de recherche ou une \u00e9quipe de recherche et de postuler \u00e0 une promotion au grade \u00abProfesseur\u00bb.<\/p><p><strong>-Arr\u00eat\u00e9 N\u00b0804 du 14 juillet 2021, fixant les modalit\u00e9s d\u2019application relatives \u00e0 l\u2019obtention de<\/strong>\u00a0l\u2019habilitation<strong>\u00a0universitaire (t\u00e9l\u00e9charger la\u00a0<a href=\"https:\/\/www.univ-usto.dz\/wp-content\/uploads\/2021\/10\/Arrete-n%C2%B0804-du-14-juil-2021_Habilitation-universitaire_Ar_Compressed.pdf\">version Ar<\/a><\/strong>\u00a0 \u00a0la\u00a0<strong><a href=\"https:\/\/www.univ-usto.dz\/wp-content\/uploads\/2021\/10\/Arrete-n%C2%B0804-du-14-juil-2021_Habilitation-universitaire_Fr-1.pdf\">version Fr<\/a><\/strong>)<\/p><p>&#8211;<b>Arr\u00eat\u00e9_N\u00b0493_20_Avril_2022 modifiant et compl\u00e9tant l&rsquo;arr\u00eat\u00e9\u00a0n \u00b0804 du 14 juillet 2021 fixant les modalit\u00e9s d&rsquo;application des dispositions relatives a l&rsquo;obtention de l&rsquo;habilitation universitaire <\/b><a style=\"font-weight: bold;\" href=\"https:\/\/www.univ-usto.dz\/fac-electrique\/wp-content\/uploads\/2025\/01\/Arrete_N\u00b0493_20_Avril_2022.pdf\">T\u00e9l\u00e9charger<\/a><\/p><p>-Planning du d\u00e9roulement de la session\u00a0<strong>T\u00e9l\u00e9charger<\/strong>\u00a0\u00a0<strong><a href=\"https:\/\/www.univ-usto.dz\/wp-content\/uploads\/2022\/03\/Planning-du-deroulement-de-la-session-2022-FR.pdf\">version Fr <\/a><\/strong><strong><a href=\"https:\/\/www.univ-usto.dz\/wp-content\/uploads\/2022\/03\/Planning-du-deroulement-de-la-session-2022-FR.pdf\">\u00a0, <\/a><\/strong><strong><a href=\"https:\/\/www.univ-usto.dz\/wp-content\/uploads\/2022\/03\/Planning-du-deroulement-de-la-session-2022-AR.pdf\">version Ar <\/a><\/strong><\/p><p><b>Comptes rendus:\u00a0\u00a0<\/b><\/p><p>-Compte rendu activit\u00e9s p\u00e9dagogiques\u00a0<a href=\"https:\/\/www.univ-usto.dz\/fac-electrique\/wp-content\/uploads\/2023\/05\/Activites-Pedagogiques-H.U.docx\"><strong>T\u00e9l\u00e9charger<\/strong><\/a><\/p><p>-Compte rendu activit\u00e9s scientifiques<strong>\u00a0<a href=\"https:\/\/www.univ-usto.dz\/fac-electrique\/wp-content\/uploads\/2023\/05\/Activites-Scientifiques-H.U.docx\">T\u00e9l\u00e9charger<\/a><\/strong><\/p><p><strong>La p\u00e9riode de d\u00e9p\u00f4t en ligne des dossiers s\u2019\u00e9tale\u00a0<\/strong><\/p><p>-Lien de la plate-forme de d\u00e9p\u00f4t des candidatures: <a href=\"https:\/\/progres.mesrs.dz\/webgrh\"><strong>https:\/\/progres.mesrs.dz\/webgrh<\/strong><\/a><\/p><p>-Guide de proc\u00e9dures (t\u00e9l\u00e9charger la\u00a0<strong><a href=\"https:\/\/www.univ-usto.dz\/wp-content\/uploads\/2021\/10\/Guide-de-procedures-HU_Ar.pdf\">version Ar<\/a>\u00a0<\/strong>\u00a0\u00a0 la\u00a0<a href=\"https:\/\/www.univ-usto.dz\/wp-content\/uploads\/2021\/10\/Guide-de-procedures-HU-Fr.pdf\"><strong>version Fr <span style=\"color: #808080;\">)<\/span><\/strong><\/a><\/p>\t\t\t\t\t\t\t\t<\/div>\n\t\t\t\t<\/div>\n\t\t\t\t<div class=\"elementor-element elementor-element-b96bde4 elementor-widget elementor-widget-text-editor\" data-id=\"b96bde4\" data-element_type=\"widget\" data-widget_type=\"text-editor.default\">\n\t\t\t\t<div class=\"elementor-widget-container\">\n\t\t\t\t\t\t\t\t\t<ul><li><h4><strong><a href=\"https:\/\/www.univ-usto.dz\/fac-electrique\/wp-content\/uploads\/2021\/02\/Habilitation_Universitaire-2.docx\">Guide\u00a0Habilitation Universitaire<\/a><\/strong><\/h4><\/li><\/ul>\t\t\t\t\t\t\t\t<\/div>\n\t\t\t\t<\/div>\n\t\t\t\t<div class=\"elementor-element elementor-element-6a668e1 elementor-widget elementor-widget-text-editor\" data-id=\"6a668e1\" data-element_type=\"widget\" data-widget_type=\"text-editor.default\">\n\t\t\t\t<div class=\"elementor-widget-container\">\n\t\t\t\t\t\t\t\t\t<h3><strong>\u00a0Voici la vid\u00e9o illustrant les \u00e9tapes de d\u00e9p\u00f4t du dossier de candidature<\/strong><\/h3>\t\t\t\t\t\t\t\t<\/div>\n\t\t\t\t<\/div>\n\t\t\t\t<div class=\"elementor-element elementor-element-2c58562 elementor-widget elementor-widget-video\" data-id=\"2c58562\" data-element_type=\"widget\" data-settings=\"{&quot;youtube_url&quot;:&quot;https:\\\/\\\/youtu.be\\\/tg8PizMrHHM&quot;,&quot;video_type&quot;:&quot;youtube&quot;,&quot;controls&quot;:&quot;yes&quot;}\" data-widget_type=\"video.default\">\n\t\t\t\t<div class=\"elementor-widget-container\">\n\t\t\t\t\t\t\t<div class=\"elementor-wrapper elementor-open-inline\">\n\t\t\t<div class=\"elementor-video\"><\/div>\t\t<\/div>\n\t\t\t\t\t\t<\/div>\n\t\t\t\t<\/div>\n\t\t\t\t\t<\/div>\n\t\t<\/div>\n\t\t\t\t\t<\/div>\n\t\t<\/section>\n\t\t\t\t<\/div>\n\t\t","protected":false},"excerpt":{"rendered":"<p>Habilitation Universitaire L\u2019Habilitation Universitaire est une \u00e9tape n\u00e9cessaire et importante dans la carri\u00e8re scientifique de l\u2019enseignant chercheur ou chercheur permanent. Elle permet \u00e0 son titulaire d\u2019acqu\u00e9rir le rang magistral et <a href=\"https:\/\/www.univ-usto.dz\/fac-electrique\/habilitation-universitaire-3\/\" class=\"read-more\">Lire la suite &#8230;<\/a><\/p>\n","protected":false},"author":1,"featured_media":0,"parent":0,"menu_order":0,"comment_status":"closed","ping_status":"closed","template":"","meta":{"footnotes":""},"class_list":["post-10828","page","type-page","status-publish","hentry"],"_links":{"self":[{"href":"https:\/\/www.univ-usto.dz\/fac-electrique\/wp-json\/wp\/v2\/pages\/10828","targetHints":{"allow":["GET"]}}],"collection":[{"href":"https:\/\/www.univ-usto.dz\/fac-electrique\/wp-json\/wp\/v2\/pages"}],"about":[{"href":"https:\/\/www.univ-usto.dz\/fac-electrique\/wp-json\/wp\/v2\/types\/page"}],"author":[{"embeddable":true,"href":"https:\/\/www.univ-usto.dz\/fac-electrique\/wp-json\/wp\/v2\/users\/1"}],"replies":[{"embeddable":true,"href":"https:\/\/www.univ-usto.dz\/fac-electrique\/wp-json\/wp\/v2\/comments?post=10828"}],"version-history":[{"count":216,"href":"https:\/\/www.univ-usto.dz\/fac-electrique\/wp-json\/wp\/v2\/pages\/10828\/revisions"}],"predecessor-version":[{"id":19654,"href":"https:\/\/www.univ-usto.dz\/fac-electrique\/wp-json\/wp\/v2\/pages\/10828\/revisions\/19654"}],"wp:attachment":[{"href":"https:\/\/www.univ-usto.dz\/fac-electrique\/wp-json\/wp\/v2\/media?parent=10828"}],"curies":[{"name":"wp","href":"https:\/\/api.w.org\/{rel}","templated":true}]}}