{"id":10834,"date":"2021-02-16T14:20:06","date_gmt":"2021-02-16T14:20:06","guid":{"rendered":"http:\/\/www.univ-usto.dz\/fac-electrique\/?page_id=10834"},"modified":"2025-02-02T10:02:23","modified_gmt":"2025-02-02T10:02:23","slug":"recherche-scientifique","status":"publish","type":"page","link":"https:\/\/www.univ-usto.dz\/fac-electrique\/recherche-scientifique\/","title":{"rendered":"Projets de Recherche"},"content":{"rendered":"\t\t<div data-elementor-type=\"wp-page\" data-elementor-id=\"10834\" class=\"elementor elementor-10834\">\n\t\t\t\t\t\t<section class=\"elementor-section elementor-top-section elementor-element elementor-element-703bbe4 elementor-section-boxed elementor-section-height-default elementor-section-height-default\" data-id=\"703bbe4\" data-element_type=\"section\">\n\t\t\t\t\t\t<div class=\"elementor-container elementor-column-gap-default\">\n\t\t\t\t\t<div class=\"elementor-column elementor-col-50 elementor-top-column elementor-element elementor-element-62c2c43\" data-id=\"62c2c43\" data-element_type=\"column\">\n\t\t\t<div class=\"elementor-widget-wrap elementor-element-populated\">\n\t\t\t\t\t\t<div class=\"elementor-element elementor-element-6ec5284 elementor-widget elementor-widget-wp-widget-bellows_navigation_widget\" data-id=\"6ec5284\" data-element_type=\"widget\" data-widget_type=\"wp-widget-bellows_navigation_widget.default\">\n\t\t\t\t<div class=\"elementor-widget-container\">\n\t\t\t\t\t<nav id=\"bellows-main-17\" class=\"bellows bellows-nojs bellows-main bellows-source-menu bellows-align-full bellows-skin-vanilla bellows-type-\"><ul id=\"menu-recherche-scientifique\" class=\"bellows-nav\" data-bellows-config=\"main\"><li id=\"menu-item-12131\" class=\"bellows-menu-item bellows-menu-item-type-post_type bellows-menu-item-object-page bellows-menu-item-12131 bellows-item-level-0\"><a  href=\"https:\/\/www.univ-usto.dz\/fac-electrique\/inscription-re-inscription\/\" class=\"bellows-target\"><span class=\"bellows-target-title bellows-target-text\">Doctorat<\/span><\/a><\/li>\n<li id=\"menu-item-12029\" class=\"bellows-menu-item bellows-menu-item-type-post_type bellows-menu-item-object-page bellows-menu-item-12029 bellows-item-level-0\"><a  href=\"https:\/\/www.univ-usto.dz\/fac-electrique\/soutenance\/\" class=\"bellows-target\"><span class=\"bellows-target-title bellows-target-text\">Soutenance<\/span><\/a><\/li>\n<li id=\"menu-item-12133\" class=\"bellows-menu-item bellows-menu-item-type-post_type bellows-menu-item-object-page bellows-menu-item-12133 bellows-item-level-0\"><a  href=\"https:\/\/www.univ-usto.dz\/fac-electrique\/habilitation-universitaire-3\/\" class=\"bellows-target\"><span class=\"bellows-target-title bellows-target-text\">Habilitation<\/span><\/a><\/li>\n<li id=\"menu-item-14488\" class=\"bellows-menu-item bellows-menu-item-type-post_type bellows-menu-item-object-post bellows-menu-item-14488 bellows-item-level-0\"><a  href=\"https:\/\/www.univ-usto.dz\/fac-electrique\/calendrier-csd-csf-2021-2022\/\" class=\"bellows-target\"><span class=\"bellows-target-title bellows-target-text\">Calendrier-Planning CSF-CSD<\/span><\/a><\/li>\n<li id=\"menu-item-14000\" class=\"bellows-menu-item bellows-menu-item-type-post_type bellows-menu-item-object-post bellows-menu-item-14000 bellows-item-level-0\"><a  href=\"https:\/\/www.univ-usto.dz\/fac-electrique\/documents-utiles-a-telecharger\/\" class=\"bellows-target\"><span class=\"bellows-target-title bellows-target-text\">Documents utiles \u00e0 t\u00e9l\u00e9charger<\/span><\/a><\/li>\n<li id=\"menu-item-12134\" class=\"bellows-menu-item bellows-menu-item-type-post_type bellows-menu-item-object-page bellows-menu-item-12134 bellows-item-level-0\"><a  href=\"https:\/\/www.univ-usto.dz\/fac-electrique\/recherche-scientifique\/\" class=\"bellows-target\"><span class=\"bellows-target-title bellows-target-text\">Projets de Recherche<\/span><\/a><\/li>\n<li id=\"menu-item-12139\" class=\"bellows-menu-item bellows-menu-item-type-post_type bellows-menu-item-object-page bellows-menu-item-12139 bellows-item-level-0\"><a  href=\"https:\/\/www.univ-usto.dz\/fac-electrique\/perfectionnement-a-letranger\/\" class=\"bellows-target\"><span class=\"bellows-target-title bellows-target-text\">Relations Ext\u00e9rieures<\/span><\/a><\/li>\n<li id=\"menu-item-15643\" class=\"bellows-menu-item bellows-menu-item-type-post_type bellows-menu-item-object-post bellows-menu-item-15643 bellows-item-level-0\"><a  href=\"https:\/\/www.univ-usto.dz\/fac-electrique\/categorisation-des-revues-scientifiques\/\" class=\"bellows-target\"><span class=\"bellows-target-title bellows-target-text\">Cat\u00e9gorisation des Revues Scientifiques<\/span><\/a><\/li>\n<li id=\"menu-item-11923\" class=\"bellows-menu-item bellows-menu-item-type-post_type bellows-menu-item-object-page bellows-menu-item-11923 bellows-item-level-0\"><a  href=\"https:\/\/www.univ-usto.dz\/fac-electrique\/conseil-scientifique-2\/\" class=\"bellows-target\"><span class=\"bellows-target-title bellows-target-text\">CUN<\/span><\/a><\/li>\n<li id=\"menu-item-12030\" class=\"bellows-menu-item bellows-menu-item-type-post_type bellows-menu-item-object-page bellows-menu-item-12030 bellows-item-level-0\"><a  href=\"https:\/\/www.univ-usto.dz\/fac-electrique\/agrements-csd-et-csf\/\" class=\"bellows-target\"><span class=\"bellows-target-title bellows-target-text\">Agr\u00e9ments CSD et CSF<\/span><\/a><\/li>\n<li id=\"menu-item-12479\" class=\"bellows-menu-item bellows-menu-item-type-post_type bellows-menu-item-object-post bellows-menu-item-12479 bellows-item-level-0\"><a  href=\"https:\/\/www.univ-usto.dz\/fac-electrique\/textes-reglementaires\/\" class=\"bellows-target\"><span class=\"bellows-target-title bellows-target-text\">Textes r\u00e9glementaires<\/span><\/a><\/li>\n<\/ul><\/nav>\t\t\t\t<\/div>\n\t\t\t\t<\/div>\n\t\t\t\t\t<\/div>\n\t\t<\/div>\n\t\t\t\t<div class=\"elementor-column elementor-col-50 elementor-top-column elementor-element elementor-element-eff045f\" data-id=\"eff045f\" data-element_type=\"column\">\n\t\t\t<div class=\"elementor-widget-wrap elementor-element-populated\">\n\t\t\t\t\t\t<div class=\"elementor-element elementor-element-aa24ba2 elementor-widget elementor-widget-elementskit-heading\" data-id=\"aa24ba2\" data-element_type=\"widget\" data-widget_type=\"elementskit-heading.default\">\n\t\t\t\t<div class=\"elementor-widget-container\">\n\t\t\t\t\t<div class=\"ekit-wid-con\" ><div class=\"ekit-heading elementskit-section-title-wraper text_left   ekit_heading_tablet-   ekit_heading_mobile-\"><h3 class=\"ekit-heading--title elementskit-section-title \">Projets de Recherche<\/h3><div class=\"ekit_heading_separetor_wraper ekit_heading_elementskit-border-divider ekit-dotted\"><div class=\"elementskit-border-divider ekit-dotted\"><\/div><\/div><\/div><\/div>\t\t\t\t<\/div>\n\t\t\t\t<\/div>\n\t\t\t\t<div class=\"elementor-element elementor-element-aad42f3 elementor-widget elementor-widget-heading\" data-id=\"aad42f3\" data-element_type=\"widget\" data-widget_type=\"heading.default\">\n\t\t\t\t<div class=\"elementor-widget-container\">\n\t\t\t\t\t<h2 class=\"elementor-heading-title elementor-size-default\">Guide PRFU<\/h2>\t\t\t\t<\/div>\n\t\t\t\t<\/div>\n\t\t\t\t<div class=\"elementor-element elementor-element-fd87163 elementor-widget elementor-widget-text-editor\" data-id=\"fd87163\" data-element_type=\"widget\" data-widget_type=\"text-editor.default\">\n\t\t\t\t<div class=\"elementor-widget-container\">\n\t\t\t\t\t\t\t\t\t<ul><li><strong>Liste des projets de recherche PRFU de la Facult\u00e9<\/strong><\/li><li><strong>Canevas de soumission d\u2019un projet de recherche PRFU<\/strong><\/li><li><strong>Canevas de Bilan Mi-Parcours <a href=\"https:\/\/www.univ-usto.dz\/fac-electrique\/wp-content\/uploads\/2025\/01\/CANEVAS-DE-BILAN-PROJET-PRFU-MI-PARCOURS.docx\"><span style=\"text-decoration: underline; color: #0000ff;\">T\u00e9l\u00e9charger<\/span><\/a>\u00a0 Final <a href=\"https:\/\/www.univ-usto.dz\/fac-electrique\/wp-content\/uploads\/2025\/01\/CANEVAS-DE-BILAN-PROJET-PRFU-FINAL.docx\"><span style=\"text-decoration: underline; color: #0000ff;\">T\u00e9l\u00e9charger<\/span><\/a><\/strong><\/li><li><strong><a href=\"https:\/\/www.univ-usto.dz\/wp-content\/uploads\/2020\/09\/GuideplateformePRFU.pdf\" target=\"_blank\" rel=\"noopener\">Guide d\u2019utilisation de la plateforme PRFU<\/a><\/strong><\/li><\/ul>\t\t\t\t\t\t\t\t<\/div>\n\t\t\t\t<\/div>\n\t\t\t\t<div class=\"elementor-element elementor-element-c243d02 elementor-widget elementor-widget-heading\" data-id=\"c243d02\" data-element_type=\"widget\" data-widget_type=\"heading.default\">\n\t\t\t\t<div class=\"elementor-widget-container\">\n\t\t\t\t\t<h2 class=\"elementor-heading-title elementor-size-default\">Textes Reglementaires<\/h2>\t\t\t\t<\/div>\n\t\t\t\t<\/div>\n\t\t\t\t<div class=\"elementor-element elementor-element-4489f74 elementor-widget elementor-widget-text-editor\" data-id=\"4489f74\" data-element_type=\"widget\" data-widget_type=\"text-editor.default\">\n\t\t\t\t<div class=\"elementor-widget-container\">\n\t\t\t\t\t\t\t\t\t<ul><li><a href=\"https:\/\/www.univ-usto.dz\/wp-content\/uploads\/2020\/09\/Circulaire_n_02_du_20-02-2018_FR.pdf\" target=\"_blank\" rel=\"noopener\"><strong>Circulaire N\u00b002 du 20-02-2018 FR<\/strong><\/a><\/li><li><strong><a href=\"https:\/\/www.univ-usto.dz\/wp-content\/uploads\/2020\/09\/Circulaire_n_06_du_09-12-2019-_FR.pdf\" target=\"_blank\" rel=\"noopener\">Circulaire N\u00b006 du 09-12-2019\u00a0 FR<\/a><\/strong><\/li><li><strong><a href=\"https:\/\/www.univ-usto.dz\/wp-content\/uploads\/2020\/12\/Decret-executif-n%C2%B001-296-correspondant-au-01-octobre-2001.pdf\">D\u00e9cret ex\u00e9cutif N\u00b001-296 correspondant au 01 octobre 2001 modifiant le d\u00e9cret ex\u00e9cutif N\u00b092-22 du 13 janvier 1992 portant cr\u00e9ation, organisation et fonctionnement<\/a><\/strong><\/li><li><strong><a href=\"https:\/\/www.univ-usto.dz\/fac-electrique\/wp-content\/uploads\/2025\/01\/Decret_executif_N\u00b001-295_du_01-10-2001.pdf\">D\u00e9cret_executif_N\u00b001-295_du_01-10-2001 modifiant le d\u00e9cret n\u00b086-53 du 18 mars 1986,modifi\u00e9,relatif \u00e0 la r\u00e9muniration des chercheurs associ\u00e9s.<\/a><\/strong><\/li><li><a href=\"https:\/\/www.univ-usto.dz\/fac-electrique\/wp-content\/uploads\/2025\/01\/Decret-excutif-144-21-du-17-avril-2021_conditions-exercice-activits-de-recherche_fr-1.pdf\"><strong>D\u00e9cret excutif 144-21 du 17 avril 2021_conditions exercice activit\u00e9s de recherche_fr\u00a0<\/strong><\/a><\/li><\/ul>\t\t\t\t\t\t\t\t<\/div>\n\t\t\t\t<\/div>\n\t\t\t\t\t<\/div>\n\t\t<\/div>\n\t\t\t\t\t<\/div>\n\t\t<\/section>\n\t\t\t\t<section class=\"elementor-section elementor-top-section elementor-element elementor-element-57170ab featured-conten elementor-section-boxed elementor-section-height-default elementor-section-height-default\" data-id=\"57170ab\" data-element_type=\"section\" id=\"featured-conten\" data-settings=\"{&quot;background_background&quot;:&quot;classic&quot;}\">\n\t\t\t\t\t\t<div class=\"elementor-container elementor-column-gap-default\">\n\t\t\t\t\t\t<\/div>\n\t\t<\/section>\n\t\t\t\t<\/div>\n\t\t","protected":false},"excerpt":{"rendered":"<p>Projets de Recherche Guide PRFU Liste des projets de recherche PRFU de la Facult\u00e9 Canevas de soumission d\u2019un projet de recherche PRFU Canevas de Bilan Mi-Parcours T\u00e9l\u00e9charger\u00a0 Final T\u00e9l\u00e9charger Guide <a href=\"https:\/\/www.univ-usto.dz\/fac-electrique\/recherche-scientifique\/\" class=\"read-more\">Lire la suite &#8230;<\/a><\/p>\n","protected":false},"author":1,"featured_media":0,"parent":0,"menu_order":0,"comment_status":"closed","ping_status":"closed","template":"","meta":{"footnotes":""},"class_list":["post-10834","page","type-page","status-publish","hentry"],"_links":{"self":[{"href":"https:\/\/www.univ-usto.dz\/fac-electrique\/wp-json\/wp\/v2\/pages\/10834","targetHints":{"allow":["GET"]}}],"collection":[{"href":"https:\/\/www.univ-usto.dz\/fac-electrique\/wp-json\/wp\/v2\/pages"}],"about":[{"href":"https:\/\/www.univ-usto.dz\/fac-electrique\/wp-json\/wp\/v2\/types\/page"}],"author":[{"embeddable":true,"href":"https:\/\/www.univ-usto.dz\/fac-electrique\/wp-json\/wp\/v2\/users\/1"}],"replies":[{"embeddable":true,"href":"https:\/\/www.univ-usto.dz\/fac-electrique\/wp-json\/wp\/v2\/comments?post=10834"}],"version-history":[{"count":118,"href":"https:\/\/www.univ-usto.dz\/fac-electrique\/wp-json\/wp\/v2\/pages\/10834\/revisions"}],"predecessor-version":[{"id":19759,"href":"https:\/\/www.univ-usto.dz\/fac-electrique\/wp-json\/wp\/v2\/pages\/10834\/revisions\/19759"}],"wp:attachment":[{"href":"https:\/\/www.univ-usto.dz\/fac-electrique\/wp-json\/wp\/v2\/media?parent=10834"}],"curies":[{"name":"wp","href":"https:\/\/api.w.org\/{rel}","templated":true}]}}