{"id":10842,"date":"2021-02-16T14:22:25","date_gmt":"2021-02-16T14:22:25","guid":{"rendered":"http:\/\/www.univ-usto.dz\/fac-electrique\/?page_id=10842"},"modified":"2023-07-09T14:50:39","modified_gmt":"2023-07-09T14:50:39","slug":"perfectionnement-a-letranger","status":"publish","type":"page","link":"https:\/\/www.univ-usto.dz\/fac-electrique\/perfectionnement-a-letranger\/","title":{"rendered":"Perfectionnement \u00e0 l&rsquo;Etranger"},"content":{"rendered":"\t\t<div data-elementor-type=\"wp-page\" data-elementor-id=\"10842\" class=\"elementor elementor-10842\">\n\t\t\t\t\t\t<section class=\"elementor-section elementor-top-section elementor-element elementor-element-703bbe4 elementor-section-boxed elementor-section-height-default elementor-section-height-default\" data-id=\"703bbe4\" data-element_type=\"section\">\n\t\t\t\t\t\t<div class=\"elementor-container elementor-column-gap-default\">\n\t\t\t\t\t<div class=\"elementor-column elementor-col-50 elementor-top-column elementor-element elementor-element-62c2c43\" data-id=\"62c2c43\" data-element_type=\"column\">\n\t\t\t<div class=\"elementor-widget-wrap elementor-element-populated\">\n\t\t\t\t\t\t<div class=\"elementor-element elementor-element-6ec5284 elementor-widget elementor-widget-wp-widget-bellows_navigation_widget\" data-id=\"6ec5284\" data-element_type=\"widget\" data-widget_type=\"wp-widget-bellows_navigation_widget.default\">\n\t\t\t\t<div class=\"elementor-widget-container\">\n\t\t\t\t\t<nav id=\"bellows-main-17\" class=\"bellows bellows-nojs bellows-main bellows-source-menu bellows-align-full bellows-skin-vanilla bellows-type-\"><ul id=\"menu-recherche-scientifique\" class=\"bellows-nav\" data-bellows-config=\"main\"><li id=\"menu-item-12131\" class=\"bellows-menu-item bellows-menu-item-type-post_type bellows-menu-item-object-page bellows-menu-item-12131 bellows-item-level-0\"><a  href=\"https:\/\/www.univ-usto.dz\/fac-electrique\/inscription-re-inscription\/\" class=\"bellows-target\"><span class=\"bellows-target-title bellows-target-text\">Doctorat<\/span><\/a><\/li>\n<li id=\"menu-item-12029\" class=\"bellows-menu-item bellows-menu-item-type-post_type bellows-menu-item-object-page bellows-menu-item-12029 bellows-item-level-0\"><a  href=\"https:\/\/www.univ-usto.dz\/fac-electrique\/soutenance\/\" class=\"bellows-target\"><span class=\"bellows-target-title bellows-target-text\">Soutenance<\/span><\/a><\/li>\n<li id=\"menu-item-12133\" class=\"bellows-menu-item bellows-menu-item-type-post_type bellows-menu-item-object-page bellows-menu-item-12133 bellows-item-level-0\"><a  href=\"https:\/\/www.univ-usto.dz\/fac-electrique\/habilitation-universitaire-3\/\" class=\"bellows-target\"><span class=\"bellows-target-title bellows-target-text\">Habilitation<\/span><\/a><\/li>\n<li id=\"menu-item-14488\" class=\"bellows-menu-item bellows-menu-item-type-post_type bellows-menu-item-object-post bellows-menu-item-14488 bellows-item-level-0\"><a  href=\"https:\/\/www.univ-usto.dz\/fac-electrique\/calendrier-csd-csf-2021-2022\/\" class=\"bellows-target\"><span class=\"bellows-target-title bellows-target-text\">Calendrier-Planning CSF-CSD<\/span><\/a><\/li>\n<li id=\"menu-item-14000\" class=\"bellows-menu-item bellows-menu-item-type-post_type bellows-menu-item-object-post bellows-menu-item-14000 bellows-item-level-0\"><a  href=\"https:\/\/www.univ-usto.dz\/fac-electrique\/documents-utiles-a-telecharger\/\" class=\"bellows-target\"><span class=\"bellows-target-title bellows-target-text\">Documents utiles \u00e0 t\u00e9l\u00e9charger<\/span><\/a><\/li>\n<li id=\"menu-item-12134\" class=\"bellows-menu-item bellows-menu-item-type-post_type bellows-menu-item-object-page bellows-menu-item-12134 bellows-item-level-0\"><a  href=\"https:\/\/www.univ-usto.dz\/fac-electrique\/recherche-scientifique\/\" class=\"bellows-target\"><span class=\"bellows-target-title bellows-target-text\">Projets de Recherche<\/span><\/a><\/li>\n<li id=\"menu-item-12139\" class=\"bellows-menu-item bellows-menu-item-type-post_type bellows-menu-item-object-page bellows-menu-item-12139 bellows-item-level-0\"><a  href=\"https:\/\/www.univ-usto.dz\/fac-electrique\/perfectionnement-a-letranger\/\" class=\"bellows-target\"><span class=\"bellows-target-title bellows-target-text\">Relations Ext\u00e9rieures<\/span><\/a><\/li>\n<li id=\"menu-item-15643\" class=\"bellows-menu-item bellows-menu-item-type-post_type bellows-menu-item-object-post bellows-menu-item-15643 bellows-item-level-0\"><a  href=\"https:\/\/www.univ-usto.dz\/fac-electrique\/categorisation-des-revues-scientifiques\/\" class=\"bellows-target\"><span class=\"bellows-target-title bellows-target-text\">Cat\u00e9gorisation des Revues Scientifiques<\/span><\/a><\/li>\n<li id=\"menu-item-11923\" class=\"bellows-menu-item bellows-menu-item-type-post_type bellows-menu-item-object-page bellows-menu-item-11923 bellows-item-level-0\"><a  href=\"https:\/\/www.univ-usto.dz\/fac-electrique\/conseil-scientifique-2\/\" class=\"bellows-target\"><span class=\"bellows-target-title bellows-target-text\">CUN<\/span><\/a><\/li>\n<li id=\"menu-item-12030\" class=\"bellows-menu-item bellows-menu-item-type-post_type bellows-menu-item-object-page bellows-menu-item-12030 bellows-item-level-0\"><a  href=\"https:\/\/www.univ-usto.dz\/fac-electrique\/agrements-csd-et-csf\/\" class=\"bellows-target\"><span class=\"bellows-target-title bellows-target-text\">Agr\u00e9ments CSD et CSF<\/span><\/a><\/li>\n<li id=\"menu-item-12479\" class=\"bellows-menu-item bellows-menu-item-type-post_type bellows-menu-item-object-post bellows-menu-item-12479 bellows-item-level-0\"><a  href=\"https:\/\/www.univ-usto.dz\/fac-electrique\/textes-reglementaires\/\" class=\"bellows-target\"><span class=\"bellows-target-title bellows-target-text\">Textes r\u00e9glementaires<\/span><\/a><\/li>\n<\/ul><\/nav>\t\t\t\t<\/div>\n\t\t\t\t<\/div>\n\t\t\t\t\t<\/div>\n\t\t<\/div>\n\t\t\t\t<div class=\"elementor-column elementor-col-50 elementor-top-column elementor-element elementor-element-eff045f\" data-id=\"eff045f\" data-element_type=\"column\">\n\t\t\t<div class=\"elementor-widget-wrap elementor-element-populated\">\n\t\t\t\t\t\t<div class=\"elementor-element elementor-element-aa24ba2 elementor-widget elementor-widget-elementskit-heading\" data-id=\"aa24ba2\" data-element_type=\"widget\" data-widget_type=\"elementskit-heading.default\">\n\t\t\t\t<div class=\"elementor-widget-container\">\n\t\t\t\t\t<div class=\"ekit-wid-con\" ><div class=\"ekit-heading elementskit-section-title-wraper text_left   ekit_heading_tablet-   ekit_heading_mobile-\"><h3 class=\"ekit-heading--title elementskit-section-title \">Perfectionnement \u00e0 l'Etranger<\/h3><div class=\"ekit_heading_separetor_wraper ekit_heading_elementskit-border-divider ekit-dotted\"><div class=\"elementskit-border-divider ekit-dotted\"><\/div><\/div><\/div><\/div>\t\t\t\t<\/div>\n\t\t\t\t<\/div>\n\t\t\t\t<div class=\"elementor-element elementor-element-b96bde4 elementor-widget elementor-widget-text-editor\" data-id=\"b96bde4\" data-element_type=\"widget\" data-widget_type=\"text-editor.default\">\n\t\t\t\t<div class=\"elementor-widget-container\">\n\t\t\t\t\t\t\t\t\t<p dir=\"LTR\"><span style=\"text-decoration: underline;\"><span style=\"color: #ff0000;\"><strong><em>GESTION DES DOSSIERS DE STAGES DE PERFECTIONNEMENT A L\u2019ETRANGER<\/em><\/strong><\/span><\/span><\/p><p dir=\"LTR\"><span style=\"color: #000080;\"><strong><em>1- LE DOSSIER A FOURNIR POUR UN STAGE<\/em><\/strong><\/span><\/p><ol><li><span style=\"color: #000000;\">La fiche de candidature, <strong>dument remplie avec e-mail et Tel<\/strong>, doit \u00eatre vis\u00e9e par le pr\u00e9sident du CSD et le chef de d\u00e9partement en <strong>01 exemplaire<\/strong>.<strong>\u00ab\u00a0Bien pr\u00e9ciser la ville du pays de destination\u00a0\u00bb<\/strong><\/span><\/li><li><span style=\"color: #000000;\">Plan de travail pour les enseignants de rang magistral.<\/span><\/li><li><span style=\"color: #006925;\">Copie de l\u2019attestation d\u2019Inscription pour les enseignants du rang <strong>M.A.A<\/strong>, <strong>M.A.B et Doctorant non-salari\u00e9<\/strong>\u00a0[<strong>pr\u00e9senter une inscription en th\u00e8se de Doctorat \u00e0 compter de la deuxi\u00e8me ann\u00e9e<\/strong>]<\/span><\/li><li><span style=\"color: #006925;\">Plan de travail vis\u00e9 par le Directeur de th\u00e8se, pour les enseignants du rang <strong>M.A.A, <\/strong>\u00a0<strong>M.A.B et Doctorant non-salari\u00e9<\/strong>\u00a0d\u00e9finissant les objectifs, la m\u00e9thodologie et les impacts attendus.<\/span><\/li><li><span style=\"color: #006925;\">Copie de l\u2019attestation d\u2019Inscription pour les enseignants du rang <strong>M.A.A,<\/strong>\u00a0<strong>M.A.B et Doctorant non-salari\u00e9 <\/strong>en <strong>02<\/strong> exemplaires.<\/span><\/li><li><span style=\"color: #000000;\">Ch\u00e8que barr\u00e9 ou copie de ch\u00e8que.<\/span><\/li><\/ol><p dir=\"LTR\"><span style=\"color: #000000;\"><strong>Attestation de non affiliation C.N.A.S.A.T pour les post-graduants (doctorants).<\/strong><\/span><\/p><p dir=\"LTR\"><span style=\"text-decoration: underline;\"><strong><span style=\"color: #0000ff; text-decoration: underline;\">Documents importants a t\u00e9l\u00e9charger<\/span><\/strong><\/span><\/p><p dir=\"LTR\"><span style=\"color: #000000;\">Fiche de candidature Enseignants\u00a0<\/span><a href=\"https:\/\/www.univ-usto.dz\/fac-electrique\/wp-content\/uploads\/2023\/07\/Fiche-Candidature-Enseignants.docx\"><strong><em><span style=\"color: #0000ff;\"> T\u00e9l\u00e9charger<\/span><\/em><\/strong><\/a><\/p><p dir=\"LTR\"><span style=\"color: #000000;\">Fiche candidature cong\u00e9 scientifique enseignant<\/span> <a href=\"https:\/\/www.univ-usto.dz\/fac-electrique\/wp-content\/uploads\/2022\/09\/FICHE_CANDIDATURE_CONGE_SCIENTIFIQUE_ENSEIGNANT.docx\"><strong><em><span style=\"color: #0000ff;\">T\u00e9l\u00e9charger<\/span><\/em><\/strong><\/a><\/p><p dir=\"LTR\"><span style=\"color: #000000;\">Fiche <span style=\"color: #0000ff;\"><span style=\"color: #000000;\">candidature cong\u00e9 scientifique<\/span> <span style=\"color: #000000;\">doctorant<\/span><\/span><\/span><a href=\"https:\/\/www.univ-usto.dz\/fac-electrique\/wp-content\/uploads\/2022\/09\/FICHE_CANDIDATURE_CONGE_SCIENTIFIQUE_DOCTORANT1.doc\"><em><b style=\"color: #0000ff;\"> T\u00e9l\u00e9charger<\/b><\/em><\/a><\/p><p dir=\"LTR\"><span style=\"color: #000000;\">Fiche candidature stage courte dur\u00e9e doctorant<\/span> <a href=\"https:\/\/www.univ-usto.dz\/fac-electrique\/wp-content\/uploads\/2023\/05\/FICHE_CANDIDATURE_STAGE_Courte_Duree_Doctorant.docx\"><span style=\"color: #0000ff;\"><em><strong>T\u00e9l\u00e9charger<\/strong><\/em><\/span><\/a><\/p><p dir=\"LTR\"><span style=\"color: #000000;\">Fiche candidature stage courte dur\u00e9e ATS<\/span> <a href=\"https:\/\/www.univ-usto.dz\/fac-electrique\/wp-content\/uploads\/2022\/09\/FICHE_CANDIDATURE_STAGE_Courte_Duree_ATS.docx\"><span style=\"color: #0000ff;\"><strong><em>T\u00e9l\u00e9charger<\/em><\/strong><\/span><\/a><\/p><p dir=\"LTR\"><span style=\"color: #000080;\"><strong><em>2- APR\u00c8S CONSOMMATION DU STAGE<\/em><\/strong><\/span><\/p><p dir=\"LTR\"><span style=\"color: #ff6600;\"><strong><em>Les pi\u00e8ces suivantes et avant d\u2019\u00eatre achemin\u00e9es vers les services de la post-graduation de la Facult\u00e9, seront d\u00e9pos\u00e9es aupr\u00e8s du chef d\u00e9partement-adjoint de la post-graduation du d\u00e9partement, pour \u00eatre soumises au CSD.<\/em><\/strong><\/span><\/p><p><span style=\"color: #000000;\"><strong>1- <\/strong>Le titre de transport \u00e9lectronique.<\/span><\/p><p><span style=\"color: #000000;\"><strong>2- <\/strong>L\u2019original de la d\u00e9cision de la PAF, portant les dates d\u2019entr\u00e9e-sortie<\/span><\/p><p><span style=\"color: #000000;\"><strong>3- <\/strong>Copie des pages du passeport portant les dates d\u2019entr\u00e9e-sortie.<\/span><\/p><p><span style=\"color: #000000;\"><strong>4- <\/strong>Rapport du stage\u00a0:<\/span><\/p><ul><li><span style=\"color: #000000;\">sign\u00e9 par lui-m\u00eame <strong>[ Prof-MCA-MCB]<\/strong>.<\/span><\/li><li><span style=\"color: #000000;\">vis\u00e9 par l\u2019organisme o\u00f9 s\u2019est d\u00e9roul\u00e9 le stage <strong>[M.A.A, M.A.B et doctorants]<\/strong><\/span><\/li><\/ul>\t\t\t\t\t\t\t\t<\/div>\n\t\t\t\t<\/div>\n\t\t\t\t<div class=\"elementor-element elementor-element-f3d6b6a elementor-widget elementor-widget-elementskit-heading\" data-id=\"f3d6b6a\" data-element_type=\"widget\" data-widget_type=\"elementskit-heading.default\">\n\t\t\t\t<div class=\"elementor-widget-container\">\n\t\t\t\t\t<div class=\"ekit-wid-con\" ><div class=\"ekit-heading elementskit-section-title-wraper text_left   ekit_heading_tablet-   ekit_heading_mobile-\"><h3 class=\"ekit-heading--title elementskit-section-title \">Cong\u00e9s Scientifiques<\/h3><div class=\"ekit_heading_separetor_wraper ekit_heading_elementskit-border-divider ekit-dotted\"><div class=\"elementskit-border-divider ekit-dotted\"><\/div><\/div><\/div><\/div>\t\t\t\t<\/div>\n\t\t\t\t<\/div>\n\t\t\t\t<div class=\"elementor-element elementor-element-2caff88 elementor-widget elementor-widget-text-editor\" data-id=\"2caff88\" data-element_type=\"widget\" data-widget_type=\"text-editor.default\">\n\t\t\t\t<div class=\"elementor-widget-container\">\n\t\t\t\t\t\t\t\t\t<p><span style=\"color: #ff0000;\"><strong><em> GESTION DES CONGES SCIENTIFIQUES<\/em><\/strong><\/span><\/p><p><span style=\"color: #0000ff;\"><strong>1- LE DOSSIER A FOURNIR POUR UN CONGE SCIENTIFIQUE<\/strong><\/span><\/p><p><span style=\"color: #000000;\"><em>Fiche de candidature, <strong>dument remplie avec e-mail et Tel<\/strong>, vis\u00e9e par le pr\u00e9sident du CSD et le chef de d\u00e9partement en <strong>01 exemplaire<\/strong>.<\/em><\/span><\/p><p><span style=\"color: #ff6600;\"><strong><em>\u00ab\u00a0Bien pr\u00e9ciser la ville du pays de destination\u00a0\u00bb<\/em><\/strong><\/span><\/p><ol><li><span style=\"color: #000000;\">Copie de la lettre d\u2019invitation portant la date de la manifestation scientifique (original, fax ou e-mail attach\u00e9).<\/span><\/li><li><span style=\"color: #000000;\">Article \u00e0 pr\u00e9senter lors de la manifestation scientifique.<\/span><\/li><li><span style=\"color: #000000;\">Copie de l\u2019attestation d\u2019inscription pour les enseignants de rang M.A.A ou M.A.B, en <strong>04<\/strong> exemplaires.<\/span><\/li><li><span style=\"color: #000000;\"><strong>Copie du PV du CSD<\/strong> avec des dates correspondants \u00e0 celles de la manifestation scientifique.<\/span><\/li><li><span style=\"color: #000000;\">Copie du programme de la manifestation scientifique.<\/span><\/li><li><span style=\"color: #000000;\">Une copie du document comportant les frais d\u2019inscription exig\u00e9s par la manifestation scientifique (document \u00e9lectronique-internet).<\/span><\/li><li><span style=\"color: #000000;\">Ch\u00e8que barr\u00e9 ou copie de ch\u00e8que<\/span><\/li><\/ol><p><span style=\"color: #ff6600;\"><strong><em>Attestation de non affiliation C.N.A.S.A.T pour les post-graduants (doctorants).<\/em><\/strong><\/span><\/p><p><span style=\"color: #0000ff;\"><strong>-2- POUR LE REMBOURSEMENT DES FRAIS D\u2019INSCRIPTIONS<\/strong><\/span><\/p><p><strong><em>A remettre d\u00e8s le retour\u00a0:<\/em><\/strong><\/p><ol><li><span style=\"color: #000000;\">Demande de remboursement des frais de participation.<\/span><\/li><li><span style=\"color: #000000;\">Titre de transport \u00e9lectronique.<\/span><\/li><li><span style=\"color: #000000;\">Original du bulletin de change.<\/span><\/li><li><span style=\"color: #000000;\">Original de la facture justifiant du payement des frais d\u2019inscription.<\/span><\/li><li><span style=\"color: #000000;\">Original de la d\u00e9cision de la PAF portant les dates d\u2019entr\u00e9e-sortie.<\/span><\/li><li><span style=\"color: #000000;\">Copie de l\u2019attestation de participation \u00e0 la manifestation scientifique.<\/span><\/li><li><span style=\"color: #000000;\">Originaux de l\u2019attestation et de l\u2019\u00e9tat nominatif.<\/span><\/li><\/ol>\t\t\t\t\t\t\t\t<\/div>\n\t\t\t\t<\/div>\n\t\t\t\t\t<\/div>\n\t\t<\/div>\n\t\t\t\t\t<\/div>\n\t\t<\/section>\n\t\t\t\t<section class=\"elementor-section elementor-top-section elementor-element elementor-element-57170ab featured-conten elementor-section-boxed elementor-section-height-default elementor-section-height-default\" data-id=\"57170ab\" data-element_type=\"section\" id=\"featured-conten\" data-settings=\"{&quot;background_background&quot;:&quot;classic&quot;}\">\n\t\t\t\t\t\t<div class=\"elementor-container elementor-column-gap-default\">\n\t\t\t\t\t\t<\/div>\n\t\t<\/section>\n\t\t\t\t<\/div>\n\t\t","protected":false},"excerpt":{"rendered":"<p>Perfectionnement \u00e0 l&rsquo;Etranger GESTION DES DOSSIERS DE STAGES DE PERFECTIONNEMENT A L\u2019ETRANGER 1- LE DOSSIER A FOURNIR POUR UN STAGE La fiche de candidature, dument remplie avec e-mail et Tel, <a href=\"https:\/\/www.univ-usto.dz\/fac-electrique\/perfectionnement-a-letranger\/\" class=\"read-more\">Lire la suite &#8230;<\/a><\/p>\n","protected":false},"author":1,"featured_media":0,"parent":0,"menu_order":0,"comment_status":"closed","ping_status":"closed","template":"","meta":{"footnotes":""},"class_list":["post-10842","page","type-page","status-publish","hentry"],"_links":{"self":[{"href":"https:\/\/www.univ-usto.dz\/fac-electrique\/wp-json\/wp\/v2\/pages\/10842","targetHints":{"allow":["GET"]}}],"collection":[{"href":"https:\/\/www.univ-usto.dz\/fac-electrique\/wp-json\/wp\/v2\/pages"}],"about":[{"href":"https:\/\/www.univ-usto.dz\/fac-electrique\/wp-json\/wp\/v2\/types\/page"}],"author":[{"embeddable":true,"href":"https:\/\/www.univ-usto.dz\/fac-electrique\/wp-json\/wp\/v2\/users\/1"}],"replies":[{"embeddable":true,"href":"https:\/\/www.univ-usto.dz\/fac-electrique\/wp-json\/wp\/v2\/comments?post=10842"}],"version-history":[{"count":155,"href":"https:\/\/www.univ-usto.dz\/fac-electrique\/wp-json\/wp\/v2\/pages\/10842\/revisions"}],"predecessor-version":[{"id":16928,"href":"https:\/\/www.univ-usto.dz\/fac-electrique\/wp-json\/wp\/v2\/pages\/10842\/revisions\/16928"}],"wp:attachment":[{"href":"https:\/\/www.univ-usto.dz\/fac-electrique\/wp-json\/wp\/v2\/media?parent=10842"}],"curies":[{"name":"wp","href":"https:\/\/api.w.org\/{rel}","templated":true}]}}