{"id":11166,"date":"2021-02-25T09:07:23","date_gmt":"2021-02-25T09:07:23","guid":{"rendered":"http:\/\/www.univ-usto.dz\/fac-electrique\/?page_id=11166"},"modified":"2025-05-11T09:03:23","modified_gmt":"2025-05-11T09:03:23","slug":"presentation-2","status":"publish","type":"page","link":"https:\/\/www.univ-usto.dz\/fac-electrique\/presentation-2\/","title":{"rendered":"Pr\u00e9sentation"},"content":{"rendered":"\t\t<div data-elementor-type=\"wp-page\" data-elementor-id=\"11166\" class=\"elementor elementor-11166\">\n\t\t\t\t\t\t<section class=\"elementor-section elementor-top-section elementor-element elementor-element-6f0ca65 elementor-section-boxed elementor-section-height-default elementor-section-height-default\" data-id=\"6f0ca65\" data-element_type=\"section\">\n\t\t\t\t\t\t<div class=\"elementor-container elementor-column-gap-default\">\n\t\t\t\t\t<div class=\"elementor-column elementor-col-50 elementor-top-column elementor-element elementor-element-b7de053\" data-id=\"b7de053\" data-element_type=\"column\">\n\t\t\t<div class=\"elementor-widget-wrap elementor-element-populated\">\n\t\t\t\t\t\t<div class=\"elementor-element elementor-element-9e63eb9 elementor-widget elementor-widget-wp-widget-bellows_navigation_widget\" data-id=\"9e63eb9\" data-element_type=\"widget\" data-widget_type=\"wp-widget-bellows_navigation_widget.default\">\n\t\t\t\t<div class=\"elementor-widget-container\">\n\t\t\t\t\t<nav id=\"bellows-main-209\" class=\"bellows bellows-nojs bellows-main bellows-source-menu bellows-align-full bellows-skin-vanilla bellows-type-\"><ul id=\"menu-fac\" class=\"bellows-nav\" data-bellows-config=\"main\"><li id=\"menu-item-20170\" class=\"bellows-menu-item bellows-menu-item-type-post_type bellows-menu-item-object-page bellows-menu-item-20170 bellows-item-level-0\"><a  href=\"https:\/\/www.univ-usto.dz\/fac-electrique\/mot-du-doyen\/\" class=\"bellows-target\"><span class=\"bellows-target-title bellows-target-text\">Mot du Doyen<\/span><\/a><\/li>\n<li id=\"menu-item-20184\" class=\"bellows-menu-item bellows-menu-item-type-post_type bellows-menu-item-object-page bellows-menu-item-20184 bellows-item-level-0\"><a  href=\"https:\/\/www.univ-usto.dz\/fac-electrique\/vice-doyens\/\" class=\"bellows-target\"><span class=\"bellows-target-title bellows-target-text\">Vice Doyens<\/span><\/a><\/li>\n<li id=\"menu-item-20172\" class=\"bellows-menu-item bellows-menu-item-type-post_type bellows-menu-item-object-page bellows-menu-item-20172 bellows-item-level-0\"><a  href=\"https:\/\/www.univ-usto.dz\/fac-electrique\/secretariat-general\/\" class=\"bellows-target\"><span class=\"bellows-target-title bellows-target-text\">Secr\u00e9tariat G\u00e9n\u00e9ral<\/span><\/a><\/li>\n<li id=\"menu-item-20173\" class=\"bellows-menu-item bellows-menu-item-type-post_type bellows-menu-item-object-page bellows-menu-item-20173 bellows-item-level-0\"><a  href=\"https:\/\/www.univ-usto.dz\/fac-electrique\/presentation-2\/\" class=\"bellows-target\"><span class=\"bellows-target-title bellows-target-text\">Pr\u00e9sentation<\/span><\/a><\/li>\n<li id=\"menu-item-20174\" class=\"bellows-menu-item bellows-menu-item-type-post_type bellows-menu-item-object-page bellows-menu-item-20174 bellows-item-level-0\"><a  href=\"https:\/\/www.univ-usto.dz\/fac-electrique\/bibliotheque\/\" class=\"bellows-target\"><span class=\"bellows-target-title bellows-target-text\">Biblioth\u00e8que de Facult\u00e9<\/span><\/a><\/li>\n<\/ul><\/nav>\t\t\t\t<\/div>\n\t\t\t\t<\/div>\n\t\t\t\t\t<\/div>\n\t\t<\/div>\n\t\t\t\t<div class=\"elementor-column elementor-col-50 elementor-top-column elementor-element elementor-element-afd0bf3\" data-id=\"afd0bf3\" data-element_type=\"column\">\n\t\t\t<div class=\"elementor-widget-wrap elementor-element-populated\">\n\t\t\t\t\t\t<div class=\"elementor-element elementor-element-beb47be elementor-widget elementor-widget-text-editor\" data-id=\"beb47be\" data-element_type=\"widget\" data-widget_type=\"text-editor.default\">\n\t\t\t\t<div class=\"elementor-widget-container\">\n\t\t\t\t\t\t\t\t\t<p>La Facult\u00e9 de G\u00e9nie Electrique est l\u2019une des sept facult\u00e9s constituant l\u2019Universit\u00e9 des Sciences et de la Technologie d\u2019Oran Mohamed Boudiaf. Elle est situ\u00e9e dans le campus USTO Bir-El-Djir. Elle regroupe trois (03) d\u00e9partements:<\/p><p><strong><a href=\"https:\/\/www.univ-usto.dz\/fac-electrique\/departement-electronique\/\">-D\u00e9partement d&rsquo;Electronique<\/a><\/strong><\/p><p><strong><a href=\"https:\/\/www.univ-usto.dz\/fac-electrique\/departement-electrotechnique\/\">-D\u00e9partement d\u2019\u00c9lectrotechnique<\/a><\/strong><\/p><p><a href=\"https:\/\/www.univ-usto.dz\/fac-electrique\/departement-automatique\/\"><strong>-D\u00e9partement d&rsquo;Automatique<\/strong><\/a><\/p>\t\t\t\t\t\t\t\t<\/div>\n\t\t\t\t<\/div>\n\t\t\t\t<div class=\"elementor-element elementor-element-52bc312 elementor-widget elementor-widget-heading\" data-id=\"52bc312\" data-element_type=\"widget\" data-widget_type=\"heading.default\">\n\t\t\t\t<div class=\"elementor-widget-container\">\n\t\t\t\t\t<h2 class=\"elementor-heading-title elementor-size-default\">Organigramme<\/h2>\t\t\t\t<\/div>\n\t\t\t\t<\/div>\n\t\t\t\t<div class=\"elementor-element elementor-element-9a74ad5 elementor-widget elementor-widget-image\" data-id=\"9a74ad5\" data-element_type=\"widget\" data-widget_type=\"image.default\">\n\t\t\t\t<div class=\"elementor-widget-container\">\n\t\t\t\t\t\t\t\t\t\t\t\t\t\t\t\t<a href=\"https:\/\/www.univ-usto.dz\/fac-electrique\/wp-content\/uploads\/2025\/05\/hierarchie.jpg\" data-elementor-open-lightbox=\"yes\" data-elementor-lightbox-title=\"hierarchie\" data-e-action-hash=\"#elementor-action%3Aaction%3Dlightbox%26settings%3DeyJpZCI6MjAxNjUsInVybCI6Imh0dHBzOlwvXC93d3cudW5pdi11c3RvLmR6XC9mYWMtZWxlY3RyaXF1ZVwvd3AtY29udGVudFwvdXBsb2Fkc1wvMjAyNVwvMDVcL2hpZXJhcmNoaWUuanBnIn0%3D\">\n\t\t\t\t\t\t\t<img fetchpriority=\"high\" decoding=\"async\" width=\"847\" height=\"544\" src=\"https:\/\/www.univ-usto.dz\/fac-electrique\/wp-content\/uploads\/2025\/05\/hierarchie.jpg\" class=\"attachment-large size-large wp-image-20165\" alt=\"\" srcset=\"https:\/\/www.univ-usto.dz\/fac-electrique\/wp-content\/uploads\/2025\/05\/hierarchie.jpg 902w, https:\/\/www.univ-usto.dz\/fac-electrique\/wp-content\/uploads\/2025\/05\/hierarchie-300x193.jpg 300w, https:\/\/www.univ-usto.dz\/fac-electrique\/wp-content\/uploads\/2025\/05\/hierarchie-768x493.jpg 768w, https:\/\/www.univ-usto.dz\/fac-electrique\/wp-content\/uploads\/2025\/05\/hierarchie-360x231.jpg 360w, https:\/\/www.univ-usto.dz\/fac-electrique\/wp-content\/uploads\/2025\/05\/hierarchie-24x15.jpg 24w, https:\/\/www.univ-usto.dz\/fac-electrique\/wp-content\/uploads\/2025\/05\/hierarchie-36x23.jpg 36w, https:\/\/www.univ-usto.dz\/fac-electrique\/wp-content\/uploads\/2025\/05\/hierarchie-48x31.jpg 48w\" sizes=\"(max-width: 847px) 100vw, 847px\" \/>\t\t\t\t\t\t\t\t<\/a>\n\t\t\t\t\t\t\t\t\t\t\t\t\t\t\t<\/div>\n\t\t\t\t<\/div>\n\t\t\t\t<div class=\"elementor-element elementor-element-8326b16 elementor-widget elementor-widget-heading\" data-id=\"8326b16\" data-element_type=\"widget\" data-widget_type=\"heading.default\">\n\t\t\t\t<div class=\"elementor-widget-container\">\n\t\t\t\t\t<h2 class=\"elementor-heading-title elementor-size-default\"><p><span><strong>La facult\u00e9 poss\u00e8de une infrastructure incluant essentiellement&nbsp;:<\/strong><\/span><\/p><p><span><strong>Locaux p\u00e9dagogiques:<\/strong><\/span><\/p><p><i><b>Salles de cours, travaux dirig\u00e9s, travaux pratiques (81) <\/b><\/i><\/p><p><i><b>Laboratoires (43) <\/b><\/i><\/p><p><i><b>Salle internet (1)<\/b><\/i><\/p><p><i><b> Biblioth\u00e8que (1) <\/b><\/i><\/p><p><i><b>Salles polyvalente de r\u00e9union (2)<\/b><\/i><\/p><p><i><b> Bureaux pour enseignants (45)<\/b><\/i><\/p><p><i><b> Salles d'archives (1) <\/b><\/i><\/p><p><i><b>Salle de tirage (1) <\/b><\/i><\/p><p><i><b>Magasin (1)<\/b><\/i><\/p><b><\/b><p style=\"font-weight: 400\"><span><strong>Les enseignements:<\/strong><\/span><\/p><p><em>L<b>es enseignements assur\u00e9s dans la facult\u00e9 couvrent le domaine G\u00e9nie Electrique. Ils sont dispatch\u00e9s sur les diff\u00e9rents parcours et les diff\u00e9rents cycles.<\/b><\/em><\/p><p><em><b>La facult\u00e9 contient<\/b><\/em><\/p><p><em><b>(42) professeurs.<\/b><\/em><\/p>\n<p><em><b>(1) professeur ing\u00e9nieur.<\/b><\/em><\/p>\n<p><em><b>&nbsp;(32) maitre de conf\u00e9rence A.<\/b><\/em><\/p><p><em><b>&nbsp;(51) maitre de conf\u00e9rence B.<\/b><\/em><\/p><p><em><b>&nbsp;(45) maitre-assistant A.<\/b><\/em><\/p><p><em><b>&nbsp;(0) maitre-assistant B.<\/b><\/em><\/p><em style=\"font-size: 16px;background-color: inherit\"><b>&nbsp;<\/b><\/em><strong style=\"font-size: 16px;background-color: inherit\"><span>La recherche:<\/span><\/strong><br><br><p><em><b>La facult\u00e9 dispose de onze laboratoires de recherche agr\u00e9e, regroupant les enseignants chercheurs, les doctorants, ainsi que les \u00e9tudiants pr\u00e9parant des projets de fin d\u2019\u00e9tudes dans les diff\u00e9rents cycles d\u2019\u00e9tudes.<\/b><\/em><\/p><b><br><em style=\"font-size: 16px;background-color: inherit\">Les salles de travail des onze laboratoires sont \u00e9quip\u00e9es du mat\u00e9riel n\u00e9cessaire pour les th\u00e9matiques de recherches adopt\u00e9es par les diff\u00e9rentes \u00e9quipes de recherche&nbsp;<\/em><\/b><br><br><p><span><strong>Personnel Administratifs:<\/strong><\/span><\/p><em style=\"font-size: 16px;background-color: inherit\"><b>Le personnel facilite la mission de chacun dans la mise \u00e0 la disposition de l\u2019enseignant et de l\u2019\u00e9tudiant. La facult\u00e9 compte 59 ATS.<\/b><\/em><\/h2>\t\t\t\t<\/div>\n\t\t\t\t<\/div>\n\t\t\t\t<div class=\"elementor-element elementor-element-b0ecfb8 elementor-widget elementor-widget-heading\" data-id=\"b0ecfb8\" data-element_type=\"widget\" data-widget_type=\"heading.default\">\n\t\t\t\t<div class=\"elementor-widget-container\">\n\t\t\t\t\t<h2 class=\"elementor-heading-title elementor-size-default\">Doyen<\/h2>\t\t\t\t<\/div>\n\t\t\t\t<\/div>\n\t\t\t\t<div class=\"elementor-element elementor-element-9783481 elementor-widget elementor-widget-text-editor\" data-id=\"9783481\" data-element_type=\"widget\" data-widget_type=\"text-editor.default\">\n\t\t\t\t<div class=\"elementor-widget-container\">\n\t\t\t\t\t\t\t\t\t<p><strong>Pr. BACHIR GHALEM<\/strong><\/p><p><strong>\u00a0T\u00e9l\u00e9phone\/Fax :<\/strong> (+213) 041 62 71 75<\/p><p><strong>\u00a0 E-mail : <\/strong><strong><span id=\"cloak047379ce3fd6e29bb9dadb173fa3c00a\"><span id=\"cloak6ad232f578194c7f05caf5a4a84b1728\"><\/span><a href=\"mailto:facultegenieelectrique.pg@univ-usto.dz\">ghalem.bachir@univ-usto.dz<\/a><\/span><\/strong><span id=\"cloak6ad232f578194c7f05caf5a4a84b1728\"><\/span><\/p><p><strong>\u00a0<\/strong><\/p>\t\t\t\t\t\t\t\t<\/div>\n\t\t\t\t<\/div>\n\t\t\t\t<div class=\"elementor-element elementor-element-75bf8be elementor-widget elementor-widget-google_maps\" data-id=\"75bf8be\" data-element_type=\"widget\" data-widget_type=\"google_maps.default\">\n\t\t\t\t<div class=\"elementor-widget-container\">\n\t\t\t\t\t\t\t<div class=\"elementor-custom-embed\">\n\t\t\t<iframe loading=\"lazy\"\n\t\t\t\t\tsrc=\"https:\/\/maps.google.com\/maps?q=universit%C3%A9%20usto&#038;t=m&#038;z=12&#038;output=embed&#038;iwloc=near\"\n\t\t\t\t\ttitle=\"universit\u00e9 usto\"\n\t\t\t\t\taria-label=\"universit\u00e9 usto\"\n\t\t\t><\/iframe>\n\t\t<\/div>\n\t\t\t\t\t\t<\/div>\n\t\t\t\t<\/div>\n\t\t\t\t\t<\/div>\n\t\t<\/div>\n\t\t\t\t\t<\/div>\n\t\t<\/section>\n\t\t\t\t<\/div>\n\t\t","protected":false},"excerpt":{"rendered":"<p>La Facult\u00e9 de G\u00e9nie Electrique est l\u2019une des sept facult\u00e9s constituant l\u2019Universit\u00e9 des Sciences et de la Technologie d\u2019Oran Mohamed Boudiaf. Elle est situ\u00e9e dans le campus USTO Bir-El-Djir. Elle <a href=\"https:\/\/www.univ-usto.dz\/fac-electrique\/presentation-2\/\" class=\"read-more\">Lire la suite &#8230;<\/a><\/p>\n","protected":false},"author":21,"featured_media":0,"parent":0,"menu_order":0,"comment_status":"closed","ping_status":"closed","template":"","meta":{"footnotes":""},"class_list":["post-11166","page","type-page","status-publish","hentry"],"_links":{"self":[{"href":"https:\/\/www.univ-usto.dz\/fac-electrique\/wp-json\/wp\/v2\/pages\/11166","targetHints":{"allow":["GET"]}}],"collection":[{"href":"https:\/\/www.univ-usto.dz\/fac-electrique\/wp-json\/wp\/v2\/pages"}],"about":[{"href":"https:\/\/www.univ-usto.dz\/fac-electrique\/wp-json\/wp\/v2\/types\/page"}],"author":[{"embeddable":true,"href":"https:\/\/www.univ-usto.dz\/fac-electrique\/wp-json\/wp\/v2\/users\/21"}],"replies":[{"embeddable":true,"href":"https:\/\/www.univ-usto.dz\/fac-electrique\/wp-json\/wp\/v2\/comments?post=11166"}],"version-history":[{"count":146,"href":"https:\/\/www.univ-usto.dz\/fac-electrique\/wp-json\/wp\/v2\/pages\/11166\/revisions"}],"predecessor-version":[{"id":20190,"href":"https:\/\/www.univ-usto.dz\/fac-electrique\/wp-json\/wp\/v2\/pages\/11166\/revisions\/20190"}],"wp:attachment":[{"href":"https:\/\/www.univ-usto.dz\/fac-electrique\/wp-json\/wp\/v2\/media?parent=11166"}],"curies":[{"name":"wp","href":"https:\/\/api.w.org\/{rel}","templated":true}]}}