{"id":11169,"date":"2021-02-25T09:15:33","date_gmt":"2021-02-25T09:15:33","guid":{"rendered":"http:\/\/www.univ-usto.dz\/fac-electrique\/?page_id=11169"},"modified":"2025-05-11T08:57:37","modified_gmt":"2025-05-11T08:57:37","slug":"mot-du-doyen","status":"publish","type":"page","link":"https:\/\/www.univ-usto.dz\/fac-electrique\/mot-du-doyen\/","title":{"rendered":"Mot du Doyen"},"content":{"rendered":"\t\t<div data-elementor-type=\"wp-page\" data-elementor-id=\"11169\" class=\"elementor elementor-11169\">\n\t\t\t\t\t\t<section class=\"elementor-section elementor-top-section elementor-element elementor-element-d406100 elementor-section-boxed elementor-section-height-default elementor-section-height-default\" data-id=\"d406100\" data-element_type=\"section\">\n\t\t\t\t\t\t<div class=\"elementor-container elementor-column-gap-default\">\n\t\t\t\t\t<div class=\"elementor-column elementor-col-50 elementor-top-column elementor-element elementor-element-3e0c324\" data-id=\"3e0c324\" data-element_type=\"column\">\n\t\t\t<div class=\"elementor-widget-wrap elementor-element-populated\">\n\t\t\t\t\t\t<div class=\"elementor-element elementor-element-20fc8af elementor-widget elementor-widget-wp-widget-bellows_navigation_widget\" data-id=\"20fc8af\" data-element_type=\"widget\" data-widget_type=\"wp-widget-bellows_navigation_widget.default\">\n\t\t\t\t<div class=\"elementor-widget-container\">\n\t\t\t\t\t<nav id=\"bellows-main-209\" class=\"bellows bellows-nojs bellows-main bellows-source-menu bellows-align-full bellows-skin-vanilla bellows-type-\"><ul id=\"menu-fac\" class=\"bellows-nav\" data-bellows-config=\"main\"><li id=\"menu-item-20170\" class=\"bellows-menu-item bellows-menu-item-type-post_type bellows-menu-item-object-page bellows-menu-item-20170 bellows-item-level-0\"><a  href=\"https:\/\/www.univ-usto.dz\/fac-electrique\/mot-du-doyen\/\" class=\"bellows-target\"><span class=\"bellows-target-title bellows-target-text\">Mot du Doyen<\/span><\/a><\/li>\n<li id=\"menu-item-20184\" class=\"bellows-menu-item bellows-menu-item-type-post_type bellows-menu-item-object-page bellows-menu-item-20184 bellows-item-level-0\"><a  href=\"https:\/\/www.univ-usto.dz\/fac-electrique\/vice-doyens\/\" class=\"bellows-target\"><span class=\"bellows-target-title bellows-target-text\">Vice Doyens<\/span><\/a><\/li>\n<li id=\"menu-item-20172\" class=\"bellows-menu-item bellows-menu-item-type-post_type bellows-menu-item-object-page bellows-menu-item-20172 bellows-item-level-0\"><a  href=\"https:\/\/www.univ-usto.dz\/fac-electrique\/secretariat-general\/\" class=\"bellows-target\"><span class=\"bellows-target-title bellows-target-text\">Secr\u00e9tariat G\u00e9n\u00e9ral<\/span><\/a><\/li>\n<li id=\"menu-item-20173\" class=\"bellows-menu-item bellows-menu-item-type-post_type bellows-menu-item-object-page bellows-menu-item-20173 bellows-item-level-0\"><a  href=\"https:\/\/www.univ-usto.dz\/fac-electrique\/presentation-2\/\" class=\"bellows-target\"><span class=\"bellows-target-title bellows-target-text\">Pr\u00e9sentation<\/span><\/a><\/li>\n<li id=\"menu-item-20174\" class=\"bellows-menu-item bellows-menu-item-type-post_type bellows-menu-item-object-page bellows-menu-item-20174 bellows-item-level-0\"><a  href=\"https:\/\/www.univ-usto.dz\/fac-electrique\/bibliotheque\/\" class=\"bellows-target\"><span class=\"bellows-target-title bellows-target-text\">Biblioth\u00e8que de Facult\u00e9<\/span><\/a><\/li>\n<\/ul><\/nav>\t\t\t\t<\/div>\n\t\t\t\t<\/div>\n\t\t\t\t\t<\/div>\n\t\t<\/div>\n\t\t\t\t<div class=\"elementor-column elementor-col-50 elementor-top-column elementor-element elementor-element-694eea7\" data-id=\"694eea7\" data-element_type=\"column\">\n\t\t\t<div class=\"elementor-widget-wrap elementor-element-populated\">\n\t\t\t\t\t\t<div class=\"elementor-element elementor-element-2071b18 elementor-widget elementor-widget-video\" data-id=\"2071b18\" data-element_type=\"widget\" data-settings=\"{&quot;youtube_url&quot;:&quot;https:\\\/\\\/youtu.be\\\/00Oyj8VU0ko&quot;,&quot;video_type&quot;:&quot;youtube&quot;,&quot;controls&quot;:&quot;yes&quot;}\" data-widget_type=\"video.default\">\n\t\t\t\t<div class=\"elementor-widget-container\">\n\t\t\t\t\t\t\t<div class=\"elementor-wrapper elementor-open-inline\">\n\t\t\t<div class=\"elementor-video\"><\/div>\t\t<\/div>\n\t\t\t\t\t\t<\/div>\n\t\t\t\t<\/div>\n\t\t\t\t<div class=\"elementor-element elementor-element-f9b8539 elementor-widget elementor-widget-text-editor\" data-id=\"f9b8539\" data-element_type=\"widget\" data-widget_type=\"text-editor.default\">\n\t\t\t\t<div class=\"elementor-widget-container\">\n\t\t\t\t\t\t\t\t\t<p>Chers visiteurs, Bienvenus sur notre site web et nous esp\u00e9rons que cet espace vous sera d\u2019une grande utilit\u00e9 et vous permettra de trouver les informations dont vous avez besoin et aussi vous permettra de nous suivre dans nos divers activit\u00e9s.<\/p><p>Notre Facult\u00e9, depuis sa cr\u00e9ation en 1998 au sein de l\u2019Universit\u00e9 des Sciences et de la technologie (USTO) a form\u00e9 des dipl\u00f4m\u00e9s en graduation (DEUA, Ing\u00e9niorat, Licence et Master) et en post-graduation (Magister, Doctorat) dans les sp\u00e9cialit\u00e9s de l\u2019\u00e9lectronique, de l\u2019\u00e9lectrotechnique et dans l\u2019automatique. Parmi ces dipl\u00f4m\u00e9s il y\u2019a ceux qui sont aujourd\u2019hui enseignants dans cette m\u00eame Facult\u00e9.<\/p><p>\u00a0 \u00a0 \u00a0 \u00a0 \u00a0Dans le cadre de la r\u00e9forme de l\u2019Universit\u00e9 Alg\u00e9rienne, notre facult\u00e9 s\u2019est mobilis\u00e9e depuis l\u2019ann\u00e9e universitaire 2004\/2005 pour entrer dans le syst\u00e8me d\u2019organisation des formations en LMD (Licence- Master-Doctorat). Notre but \u00e0 travers ce syst\u00e8me est de conduire nos \u00e9tudiants \u00e0 une plus grande autonomie, et d\u2019\u00eatre capables de cr\u00e9er, d\u2019inventer et d\u2019innover. Nous recherchons ardemment \u00e0 former des cr\u00e9ateurs d\u2019entreprises et par cons\u00e9quent de cr\u00e9ateurs de nouveaux emplois et surtout des chercheurs de tr\u00e8s haut niveau capables de r\u00e9pondre aux besoins de notre soci\u00e9t\u00e9 et de relever tous les d\u00e9fis aux quels notre pays est confront\u00e9.<\/p><p>\u00a0 \u00a0 \u00a0 \u00a0 Au sein de notre universit\u00e9, une strat\u00e9gie est \u00e9labor\u00e9e au plus haut niveau pour atteindre une place d\u2019excellence parmi les universit\u00e9s au niveau national et international, notre Facult\u00e9 s\u2019inscrit pleinement dans cette d\u00e9marche.<\/p><p>\u00a0 \u00a0 \u00a0 \u00a0Je lance un appel \u00e0 tous mes coll\u00e8gues enseignants-chercheurs, \u00e0 tous les travailleurs administratifs et techniques pour que, ensemble nous atteindrons cette objectif.<\/p><p>\u00a0 \u00a0 \u00a0Je m\u2019adresse \u00e9galement \u00e0 toutes nos \u00e9tudiantes et \u00e0 tous nos \u00e9tudiants pour s\u2019investir pleinement et d\u2019exceller dans l\u2019acquisition d\u2019un savoir v\u00e9ritable et des comp\u00e9tences scientifiques reconnues.<\/p><p>\u00a0 \u00a0 \u00a0 \u00a0 En ce qui me concerne, je ne m\u00e9nage aucun effort pour faire en sorte que notre Facult\u00e9 devienne un p\u00f4le d\u2019excellence scientifique au niveau national et international<\/p><p>Bonne navigation et \u00e0 tr\u00e8s bient\u00f4t.<\/p><p><strong>\u00a0 Professeur\u00a0BACHIR Ghalem<\/strong><\/p>\t\t\t\t\t\t\t\t<\/div>\n\t\t\t\t<\/div>\n\t\t\t\t\t<\/div>\n\t\t<\/div>\n\t\t\t\t\t<\/div>\n\t\t<\/section>\n\t\t\t\t<\/div>\n\t\t","protected":false},"excerpt":{"rendered":"<p>https:\/\/youtu.be\/00Oyj8VU0ko Chers visiteurs, Bienvenus sur notre site web et nous esp\u00e9rons que cet espace vous sera d\u2019une grande utilit\u00e9 et vous permettra de trouver les informations dont vous avez besoin <a href=\"https:\/\/www.univ-usto.dz\/fac-electrique\/mot-du-doyen\/\" class=\"read-more\">Lire la suite &#8230;<\/a><\/p>\n","protected":false},"author":21,"featured_media":0,"parent":0,"menu_order":0,"comment_status":"closed","ping_status":"closed","template":"","meta":{"footnotes":""},"class_list":["post-11169","page","type-page","status-publish","hentry"],"_links":{"self":[{"href":"https:\/\/www.univ-usto.dz\/fac-electrique\/wp-json\/wp\/v2\/pages\/11169","targetHints":{"allow":["GET"]}}],"collection":[{"href":"https:\/\/www.univ-usto.dz\/fac-electrique\/wp-json\/wp\/v2\/pages"}],"about":[{"href":"https:\/\/www.univ-usto.dz\/fac-electrique\/wp-json\/wp\/v2\/types\/page"}],"author":[{"embeddable":true,"href":"https:\/\/www.univ-usto.dz\/fac-electrique\/wp-json\/wp\/v2\/users\/21"}],"replies":[{"embeddable":true,"href":"https:\/\/www.univ-usto.dz\/fac-electrique\/wp-json\/wp\/v2\/comments?post=11169"}],"version-history":[{"count":28,"href":"https:\/\/www.univ-usto.dz\/fac-electrique\/wp-json\/wp\/v2\/pages\/11169\/revisions"}],"predecessor-version":[{"id":20177,"href":"https:\/\/www.univ-usto.dz\/fac-electrique\/wp-json\/wp\/v2\/pages\/11169\/revisions\/20177"}],"wp:attachment":[{"href":"https:\/\/www.univ-usto.dz\/fac-electrique\/wp-json\/wp\/v2\/media?parent=11169"}],"curies":[{"name":"wp","href":"https:\/\/api.w.org\/{rel}","templated":true}]}}