{"id":12023,"date":"2021-03-11T08:10:03","date_gmt":"2021-03-11T08:10:03","guid":{"rendered":"http:\/\/www.univ-usto.dz\/fac-electrique\/?page_id=12023"},"modified":"2025-01-28T14:26:09","modified_gmt":"2025-01-28T14:26:09","slug":"agrements-csd-et-csf","status":"publish","type":"page","link":"https:\/\/www.univ-usto.dz\/fac-electrique\/agrements-csd-et-csf\/","title":{"rendered":"Agr\u00e9ments CSD et CSF"},"content":{"rendered":"\t\t<div data-elementor-type=\"wp-page\" data-elementor-id=\"12023\" class=\"elementor elementor-12023\">\n\t\t\t\t\t\t<section class=\"elementor-section elementor-top-section elementor-element elementor-element-703bbe4 elementor-section-boxed elementor-section-height-default elementor-section-height-default\" data-id=\"703bbe4\" data-element_type=\"section\">\n\t\t\t\t\t\t<div class=\"elementor-container elementor-column-gap-default\">\n\t\t\t\t\t<div class=\"elementor-column elementor-col-50 elementor-top-column elementor-element elementor-element-62c2c43\" data-id=\"62c2c43\" data-element_type=\"column\">\n\t\t\t<div class=\"elementor-widget-wrap elementor-element-populated\">\n\t\t\t\t\t\t<div class=\"elementor-element elementor-element-6ec5284 elementor-widget elementor-widget-wp-widget-bellows_navigation_widget\" data-id=\"6ec5284\" data-element_type=\"widget\" data-widget_type=\"wp-widget-bellows_navigation_widget.default\">\n\t\t\t\t<div class=\"elementor-widget-container\">\n\t\t\t\t\t<nav id=\"bellows-main-17\" class=\"bellows bellows-nojs bellows-main bellows-source-menu bellows-align-full bellows-skin-vanilla bellows-type-\"><ul id=\"menu-recherche-scientifique\" class=\"bellows-nav\" data-bellows-config=\"main\"><li id=\"menu-item-12131\" class=\"bellows-menu-item bellows-menu-item-type-post_type bellows-menu-item-object-page bellows-menu-item-12131 bellows-item-level-0\"><a  href=\"https:\/\/www.univ-usto.dz\/fac-electrique\/inscription-re-inscription\/\" class=\"bellows-target\"><span class=\"bellows-target-title bellows-target-text\">Doctorat<\/span><\/a><\/li>\n<li id=\"menu-item-12029\" class=\"bellows-menu-item bellows-menu-item-type-post_type bellows-menu-item-object-page bellows-menu-item-12029 bellows-item-level-0\"><a  href=\"https:\/\/www.univ-usto.dz\/fac-electrique\/soutenance\/\" class=\"bellows-target\"><span class=\"bellows-target-title bellows-target-text\">Soutenance<\/span><\/a><\/li>\n<li id=\"menu-item-12133\" class=\"bellows-menu-item bellows-menu-item-type-post_type bellows-menu-item-object-page bellows-menu-item-12133 bellows-item-level-0\"><a  href=\"https:\/\/www.univ-usto.dz\/fac-electrique\/habilitation-universitaire-3\/\" class=\"bellows-target\"><span class=\"bellows-target-title bellows-target-text\">Habilitation<\/span><\/a><\/li>\n<li id=\"menu-item-14488\" class=\"bellows-menu-item bellows-menu-item-type-post_type bellows-menu-item-object-post bellows-menu-item-14488 bellows-item-level-0\"><a  href=\"https:\/\/www.univ-usto.dz\/fac-electrique\/calendrier-csd-csf-2021-2022\/\" class=\"bellows-target\"><span class=\"bellows-target-title bellows-target-text\">Calendrier-Planning CSF-CSD<\/span><\/a><\/li>\n<li id=\"menu-item-14000\" class=\"bellows-menu-item bellows-menu-item-type-post_type bellows-menu-item-object-post bellows-menu-item-14000 bellows-item-level-0\"><a  href=\"https:\/\/www.univ-usto.dz\/fac-electrique\/documents-utiles-a-telecharger\/\" class=\"bellows-target\"><span class=\"bellows-target-title bellows-target-text\">Documents utiles \u00e0 t\u00e9l\u00e9charger<\/span><\/a><\/li>\n<li id=\"menu-item-12134\" class=\"bellows-menu-item bellows-menu-item-type-post_type bellows-menu-item-object-page bellows-menu-item-12134 bellows-item-level-0\"><a  href=\"https:\/\/www.univ-usto.dz\/fac-electrique\/recherche-scientifique\/\" class=\"bellows-target\"><span class=\"bellows-target-title bellows-target-text\">Projets de Recherche<\/span><\/a><\/li>\n<li id=\"menu-item-12139\" class=\"bellows-menu-item bellows-menu-item-type-post_type bellows-menu-item-object-page bellows-menu-item-12139 bellows-item-level-0\"><a  href=\"https:\/\/www.univ-usto.dz\/fac-electrique\/perfectionnement-a-letranger\/\" class=\"bellows-target\"><span class=\"bellows-target-title bellows-target-text\">Relations Ext\u00e9rieures<\/span><\/a><\/li>\n<li id=\"menu-item-15643\" class=\"bellows-menu-item bellows-menu-item-type-post_type bellows-menu-item-object-post bellows-menu-item-15643 bellows-item-level-0\"><a  href=\"https:\/\/www.univ-usto.dz\/fac-electrique\/categorisation-des-revues-scientifiques\/\" class=\"bellows-target\"><span class=\"bellows-target-title bellows-target-text\">Cat\u00e9gorisation des Revues Scientifiques<\/span><\/a><\/li>\n<li id=\"menu-item-11923\" class=\"bellows-menu-item bellows-menu-item-type-post_type bellows-menu-item-object-page bellows-menu-item-11923 bellows-item-level-0\"><a  href=\"https:\/\/www.univ-usto.dz\/fac-electrique\/conseil-scientifique-2\/\" class=\"bellows-target\"><span class=\"bellows-target-title bellows-target-text\">CUN<\/span><\/a><\/li>\n<li id=\"menu-item-12030\" class=\"bellows-menu-item bellows-menu-item-type-post_type bellows-menu-item-object-page bellows-menu-item-12030 bellows-item-level-0\"><a  href=\"https:\/\/www.univ-usto.dz\/fac-electrique\/agrements-csd-et-csf\/\" class=\"bellows-target\"><span class=\"bellows-target-title bellows-target-text\">Agr\u00e9ments CSD et CSF<\/span><\/a><\/li>\n<li id=\"menu-item-12479\" class=\"bellows-menu-item bellows-menu-item-type-post_type bellows-menu-item-object-post bellows-menu-item-12479 bellows-item-level-0\"><a  href=\"https:\/\/www.univ-usto.dz\/fac-electrique\/textes-reglementaires\/\" class=\"bellows-target\"><span class=\"bellows-target-title bellows-target-text\">Textes r\u00e9glementaires<\/span><\/a><\/li>\n<\/ul><\/nav>\t\t\t\t<\/div>\n\t\t\t\t<\/div>\n\t\t\t\t\t<\/div>\n\t\t<\/div>\n\t\t\t\t<div class=\"elementor-column elementor-col-50 elementor-top-column elementor-element elementor-element-eff045f\" data-id=\"eff045f\" data-element_type=\"column\">\n\t\t\t<div class=\"elementor-widget-wrap elementor-element-populated\">\n\t\t\t\t\t\t<div class=\"elementor-element elementor-element-aa24ba2 elementor-widget elementor-widget-elementskit-heading\" data-id=\"aa24ba2\" data-element_type=\"widget\" data-widget_type=\"elementskit-heading.default\">\n\t\t\t\t<div class=\"elementor-widget-container\">\n\t\t\t\t\t<div class=\"ekit-wid-con\" ><div class=\"ekit-heading elementskit-section-title-wraper text_left   ekit_heading_tablet-   ekit_heading_mobile-\"><h3 class=\"ekit-heading--title elementskit-section-title \">  Agr\u00e9ments CSD et CSF<\/h3><div class=\"ekit_heading_separetor_wraper ekit_heading_elementskit-border-divider ekit-dotted\"><div class=\"elementskit-border-divider ekit-dotted\"><\/div><\/div><\/div><\/div>\t\t\t\t<\/div>\n\t\t\t\t<\/div>\n\t\t\t\t<div class=\"elementor-element elementor-element-ad0f0e4 elementor-widget elementor-widget-text-editor\" data-id=\"ad0f0e4\" data-element_type=\"widget\" data-widget_type=\"text-editor.default\">\n\t\t\t\t<div class=\"elementor-widget-container\">\n\t\t\t\t\t\t\t\t\t<div class=\"page-header\"><h2>\u00a0<\/h2><\/div><div class=\"icons\"><div class=\"btn-group pull-right\"><button id=\"dropdownMenuButton-203\" class=\"btn dropdown-toggle\" type=\"button\" aria-label=\"Outils utilisateur\" data-toggle=\"dropdown\" aria-haspopup=\"true\" aria-expanded=\"false\">\u00a0<\/button><\/div><\/div><div><p><strong>\u00a0Agr\u00e9ments CSD en cours:<\/strong><\/p><ul><li>Fichier 1:<strong><a href=\"https:\/\/www.univ-usto.dz\/fac-electrique\/wp-content\/uploads\/2025\/01\/AGREMENT-CSD-AUTO-19-03-2024.pdf\"> Agr\u00e9ment_CSD_AUTO_19 mars 2024<\/a><\/strong><\/li><li>Fichier 2: <strong><a href=\"https:\/\/www.univ-usto.dz\/fac-electrique\/wp-content\/uploads\/2025\/01\/AGREMENT-CSD-ETT-23-05-2024.pdf\">Agr\u00e9ment_CSD_ETT_23 mai 2023<\/a><\/strong><\/li><li>Fichier 3: <strong><a href=\"https:\/\/www.univ-usto.dz\/fac-electrique\/wp-content\/uploads\/2025\/01\/AGREMENT-CSD-ELN-19-03-2024.pdf\">Agr\u00e9ment_CSD_ELN_19 mars 2024<\/a><\/strong><a href=\"https:\/\/www.univ-usto.dz\/faculte\/fac-electrique\/images\/meriem\/habilitation\/1.Fiches_VR.pub\"><img decoding=\"async\" src=\"https:\/\/www.univ-usto.dz\/faculte\/fac-electrique\/images\/benhallou\/new.gif\" alt=\"\" width=\"50\" \/><\/a><\/li><\/ul><p><strong>Agr\u00e9ment CSF en cours:<\/strong><\/p><ul><li>Fichier 4: <strong><a href=\"https:\/\/www.univ-usto.dz\/fac-electrique\/wp-content\/uploads\/2025\/01\/AGREMENT-CSF-FGE-18-07-2024.pdf\">Agr\u00e9ment CSF FGE<\/a><\/strong><a href=\"https:\/\/www.univ-usto.dz\/faculte\/fac-electrique\/images\/meriem\/habilitation\/1.Fiches_VR.pub\"><img decoding=\"async\" src=\"https:\/\/www.univ-usto.dz\/faculte\/fac-electrique\/images\/benhallou\/new.gif\" alt=\"\" width=\"50\" \/><\/a><\/li><\/ul><\/div>\t\t\t\t\t\t\t\t<\/div>\n\t\t\t\t<\/div>\n\t\t\t\t\t<\/div>\n\t\t<\/div>\n\t\t\t\t\t<\/div>\n\t\t<\/section>\n\t\t\t\t<section class=\"elementor-section elementor-top-section elementor-element elementor-element-57170ab featured-conten elementor-section-boxed elementor-section-height-default elementor-section-height-default\" data-id=\"57170ab\" data-element_type=\"section\" id=\"featured-conten\" data-settings=\"{&quot;background_background&quot;:&quot;classic&quot;}\">\n\t\t\t\t\t\t<div class=\"elementor-container elementor-column-gap-default\">\n\t\t\t\t\t\t<\/div>\n\t\t<\/section>\n\t\t\t\t<\/div>\n\t\t","protected":false},"excerpt":{"rendered":"<p>Agr\u00e9ments CSD et CSF \u00a0 \u00a0 \u00a0Agr\u00e9ments CSD en cours: Fichier 1: Agr\u00e9ment_CSD_AUTO_19 mars 2024 Fichier 2: Agr\u00e9ment_CSD_ETT_23 mai 2023 Fichier 3: Agr\u00e9ment_CSD_ELN_19 mars 2024 Agr\u00e9ment CSF en cours: Fichier <a href=\"https:\/\/www.univ-usto.dz\/fac-electrique\/agrements-csd-et-csf\/\" class=\"read-more\">Lire la suite &#8230;<\/a><\/p>\n","protected":false},"author":21,"featured_media":0,"parent":0,"menu_order":0,"comment_status":"closed","ping_status":"closed","template":"","meta":{"footnotes":""},"class_list":["post-12023","page","type-page","status-publish","hentry"],"_links":{"self":[{"href":"https:\/\/www.univ-usto.dz\/fac-electrique\/wp-json\/wp\/v2\/pages\/12023","targetHints":{"allow":["GET"]}}],"collection":[{"href":"https:\/\/www.univ-usto.dz\/fac-electrique\/wp-json\/wp\/v2\/pages"}],"about":[{"href":"https:\/\/www.univ-usto.dz\/fac-electrique\/wp-json\/wp\/v2\/types\/page"}],"author":[{"embeddable":true,"href":"https:\/\/www.univ-usto.dz\/fac-electrique\/wp-json\/wp\/v2\/users\/21"}],"replies":[{"embeddable":true,"href":"https:\/\/www.univ-usto.dz\/fac-electrique\/wp-json\/wp\/v2\/comments?post=12023"}],"version-history":[{"count":88,"href":"https:\/\/www.univ-usto.dz\/fac-electrique\/wp-json\/wp\/v2\/pages\/12023\/revisions"}],"predecessor-version":[{"id":19694,"href":"https:\/\/www.univ-usto.dz\/fac-electrique\/wp-json\/wp\/v2\/pages\/12023\/revisions\/19694"}],"wp:attachment":[{"href":"https:\/\/www.univ-usto.dz\/fac-electrique\/wp-json\/wp\/v2\/media?parent=12023"}],"curies":[{"name":"wp","href":"https:\/\/api.w.org\/{rel}","templated":true}]}}