{"id":12157,"date":"2021-03-11T11:06:14","date_gmt":"2021-03-11T11:06:14","guid":{"rendered":"http:\/\/www.univ-usto.dz\/fac-electrique\/?page_id=12157"},"modified":"2025-05-11T08:59:56","modified_gmt":"2025-05-11T08:59:56","slug":"secretariat-general","status":"publish","type":"page","link":"https:\/\/www.univ-usto.dz\/fac-electrique\/secretariat-general\/","title":{"rendered":"Secr\u00e9tariat G\u00e9n\u00e9ral"},"content":{"rendered":"\t\t<div data-elementor-type=\"wp-page\" data-elementor-id=\"12157\" class=\"elementor elementor-12157\">\n\t\t\t\t\t\t<section class=\"elementor-section elementor-top-section elementor-element elementor-element-84748fa elementor-section-boxed elementor-section-height-default elementor-section-height-default\" data-id=\"84748fa\" data-element_type=\"section\">\n\t\t\t\t\t\t<div class=\"elementor-container elementor-column-gap-default\">\n\t\t\t\t\t<div class=\"elementor-column elementor-col-50 elementor-top-column elementor-element elementor-element-28cf827\" data-id=\"28cf827\" data-element_type=\"column\">\n\t\t\t<div class=\"elementor-widget-wrap elementor-element-populated\">\n\t\t\t\t\t\t<div class=\"elementor-element elementor-element-1245638 elementor-widget elementor-widget-wp-widget-bellows_navigation_widget\" data-id=\"1245638\" data-element_type=\"widget\" data-widget_type=\"wp-widget-bellows_navigation_widget.default\">\n\t\t\t\t<div class=\"elementor-widget-container\">\n\t\t\t\t\t<nav id=\"bellows-main-209\" class=\"bellows bellows-nojs bellows-main bellows-source-menu bellows-align-full bellows-skin-vanilla bellows-type-\"><ul id=\"menu-fac\" class=\"bellows-nav\" data-bellows-config=\"main\"><li id=\"menu-item-20170\" class=\"bellows-menu-item bellows-menu-item-type-post_type bellows-menu-item-object-page bellows-menu-item-20170 bellows-item-level-0\"><a  href=\"https:\/\/www.univ-usto.dz\/fac-electrique\/mot-du-doyen\/\" class=\"bellows-target\"><span class=\"bellows-target-title bellows-target-text\">Mot du Doyen<\/span><\/a><\/li>\n<li id=\"menu-item-20184\" class=\"bellows-menu-item bellows-menu-item-type-post_type bellows-menu-item-object-page bellows-menu-item-20184 bellows-item-level-0\"><a  href=\"https:\/\/www.univ-usto.dz\/fac-electrique\/vice-doyens\/\" class=\"bellows-target\"><span class=\"bellows-target-title bellows-target-text\">Vice Doyens<\/span><\/a><\/li>\n<li id=\"menu-item-20172\" class=\"bellows-menu-item bellows-menu-item-type-post_type bellows-menu-item-object-page bellows-menu-item-20172 bellows-item-level-0\"><a  href=\"https:\/\/www.univ-usto.dz\/fac-electrique\/secretariat-general\/\" class=\"bellows-target\"><span class=\"bellows-target-title bellows-target-text\">Secr\u00e9tariat G\u00e9n\u00e9ral<\/span><\/a><\/li>\n<li id=\"menu-item-20173\" class=\"bellows-menu-item bellows-menu-item-type-post_type bellows-menu-item-object-page bellows-menu-item-20173 bellows-item-level-0\"><a  href=\"https:\/\/www.univ-usto.dz\/fac-electrique\/presentation-2\/\" class=\"bellows-target\"><span class=\"bellows-target-title bellows-target-text\">Pr\u00e9sentation<\/span><\/a><\/li>\n<li id=\"menu-item-20174\" class=\"bellows-menu-item bellows-menu-item-type-post_type bellows-menu-item-object-page bellows-menu-item-20174 bellows-item-level-0\"><a  href=\"https:\/\/www.univ-usto.dz\/fac-electrique\/bibliotheque\/\" class=\"bellows-target\"><span class=\"bellows-target-title bellows-target-text\">Biblioth\u00e8que de Facult\u00e9<\/span><\/a><\/li>\n<\/ul><\/nav>\t\t\t\t<\/div>\n\t\t\t\t<\/div>\n\t\t\t\t\t<\/div>\n\t\t<\/div>\n\t\t\t\t<div class=\"elementor-column elementor-col-50 elementor-top-column elementor-element elementor-element-560973a\" data-id=\"560973a\" data-element_type=\"column\">\n\t\t\t<div class=\"elementor-widget-wrap elementor-element-populated\">\n\t\t\t\t\t\t<div class=\"elementor-element elementor-element-24f6adc elementor-widget elementor-widget-heading\" data-id=\"24f6adc\" data-element_type=\"widget\" data-widget_type=\"heading.default\">\n\t\t\t\t<div class=\"elementor-widget-container\">\n\t\t\t\t\t<h2 class=\"elementor-heading-title elementor-size-default\">Secr\u00e9taire G\u00e9n\u00e9ral<\/h2>\t\t\t\t<\/div>\n\t\t\t\t<\/div>\n\t\t\t\t<div class=\"elementor-element elementor-element-06658ac elementor-widget elementor-widget-text-editor\" data-id=\"06658ac\" data-element_type=\"widget\" data-widget_type=\"text-editor.default\">\n\t\t\t\t<div class=\"elementor-widget-container\">\n\t\t\t\t\t\t\t\t\t<div class=\"elementor-element elementor-element-9cea9b5 elementor-widget elementor-widget-text-editor\" data-id=\"9cea9b5\" data-element_type=\"widget\" data-widget_type=\"text-editor.default\"><div class=\"elementor-widget-container\"><div class=\"elementor-text-editor elementor-clearfix\"><p><strong>Mr. OUADAH Yacine<br \/><\/strong><\/p><p><strong>\u00a0T\u00e9l\u00e9phone :<\/strong> (+213) 041 62 71 63<\/p><p><strong>\u00a0 E-mail : <\/strong><span id=\"cloak047379ce3fd6e29bb9dadb173fa3c00a\"><a href=\"mailto:facultegenieelectrique.pg@gmail.com\">yacine.13usto@gmail.com<\/a><\/span><\/p><p>\u00a0<\/p><\/div><\/div><\/div>\t\t\t\t\t\t\t\t<\/div>\n\t\t\t\t<\/div>\n\t\t\t\t<div class=\"elementor-element elementor-element-750a615 elementor-widget elementor-widget-heading\" data-id=\"750a615\" data-element_type=\"widget\" data-widget_type=\"heading.default\">\n\t\t\t\t<div class=\"elementor-widget-container\">\n\t\t\t\t\t<h2 class=\"elementor-heading-title elementor-size-default\">Nos services<\/h2>\t\t\t\t<\/div>\n\t\t\t\t<\/div>\n\t\t\t\t<div class=\"elementor-element elementor-element-b971a80 elementor-widget elementor-widget-text-editor\" data-id=\"b971a80\" data-element_type=\"widget\" data-widget_type=\"text-editor.default\">\n\t\t\t\t<div class=\"elementor-widget-container\">\n\t\t\t\t\t\t\t\t\t<p><strong>1.Service du Personnel<\/strong><\/p>\t\t\t\t\t\t\t\t<\/div>\n\t\t\t\t<\/div>\n\t\t\t\t<div class=\"elementor-element elementor-element-f25fe10 elementor-widget elementor-widget-text-editor\" data-id=\"f25fe10\" data-element_type=\"widget\" data-widget_type=\"text-editor.default\">\n\t\t\t\t<div class=\"elementor-widget-container\">\n\t\t\t\t\t\t\t\t\t<ul><li>Section du Personnel Enseignant<\/li><li>Section du Personnel Administratif et Technique<\/li><\/ul>\t\t\t\t\t\t\t\t<\/div>\n\t\t\t\t<\/div>\n\t\t\t\t<div class=\"elementor-element elementor-element-ec9852b elementor-widget elementor-widget-text-editor\" data-id=\"ec9852b\" data-element_type=\"widget\" data-widget_type=\"text-editor.default\">\n\t\t\t\t<div class=\"elementor-widget-container\">\n\t\t\t\t\t\t\t\t\t<p><strong>2.Service du Budget et de la Comptabilit\u00e9<\/strong><\/p>\t\t\t\t\t\t\t\t<\/div>\n\t\t\t\t<\/div>\n\t\t\t\t<div class=\"elementor-element elementor-element-dbb2f70 elementor-widget elementor-widget-text-editor\" data-id=\"dbb2f70\" data-element_type=\"widget\" data-widget_type=\"text-editor.default\">\n\t\t\t\t<div class=\"elementor-widget-container\">\n\t\t\t\t\t\t\t\t\t<ul><li>Section du Budget<\/li><li>Section de la Comptabilit\u00e9<\/li><\/ul>\t\t\t\t\t\t\t\t<\/div>\n\t\t\t\t<\/div>\n\t\t\t\t<div class=\"elementor-element elementor-element-a65ec67 elementor-widget elementor-widget-text-editor\" data-id=\"a65ec67\" data-element_type=\"widget\" data-widget_type=\"text-editor.default\">\n\t\t\t\t<div class=\"elementor-widget-container\">\n\t\t\t\t\t\t\t\t\t<p><strong>3.Service des Moyens et de la Maintenance<br \/><\/strong><\/p>\t\t\t\t\t\t\t\t<\/div>\n\t\t\t\t<\/div>\n\t\t\t\t<div class=\"elementor-element elementor-element-3e34ea9 elementor-widget elementor-widget-text-editor\" data-id=\"3e34ea9\" data-element_type=\"widget\" data-widget_type=\"text-editor.default\">\n\t\t\t\t<div class=\"elementor-widget-container\">\n\t\t\t\t\t\t\t\t\t<ul><li>Section des Moyens<\/li><li>Section de la Maitenance<\/li><\/ul>\t\t\t\t\t\t\t\t<\/div>\n\t\t\t\t<\/div>\n\t\t\t\t<div class=\"elementor-element elementor-element-48548b1 elementor-widget elementor-widget-text-editor\" data-id=\"48548b1\" data-element_type=\"widget\" data-widget_type=\"text-editor.default\">\n\t\t\t\t<div class=\"elementor-widget-container\">\n\t\t\t\t\t\t\t\t\t<p><strong>4.Cellule de l&rsquo;Information et de la Num\u00e9risation<br \/><\/strong><\/p>\t\t\t\t\t\t\t\t<\/div>\n\t\t\t\t<\/div>\n\t\t\t\t\t<\/div>\n\t\t<\/div>\n\t\t\t\t\t<\/div>\n\t\t<\/section>\n\t\t\t\t<\/div>\n\t\t","protected":false},"excerpt":{"rendered":"<p>Secr\u00e9taire G\u00e9n\u00e9ral Mr. OUADAH Yacine \u00a0T\u00e9l\u00e9phone : (+213) 041 62 71 63 \u00a0 E-mail : yacine.13usto@gmail.com \u00a0 Nos services 1.Service du Personnel Section du Personnel Enseignant Section du Personnel Administratif <a href=\"https:\/\/www.univ-usto.dz\/fac-electrique\/secretariat-general\/\" class=\"read-more\">Lire la suite &#8230;<\/a><\/p>\n","protected":false},"author":21,"featured_media":0,"parent":0,"menu_order":0,"comment_status":"closed","ping_status":"closed","template":"","meta":{"footnotes":""},"class_list":["post-12157","page","type-page","status-publish","hentry"],"_links":{"self":[{"href":"https:\/\/www.univ-usto.dz\/fac-electrique\/wp-json\/wp\/v2\/pages\/12157","targetHints":{"allow":["GET"]}}],"collection":[{"href":"https:\/\/www.univ-usto.dz\/fac-electrique\/wp-json\/wp\/v2\/pages"}],"about":[{"href":"https:\/\/www.univ-usto.dz\/fac-electrique\/wp-json\/wp\/v2\/types\/page"}],"author":[{"embeddable":true,"href":"https:\/\/www.univ-usto.dz\/fac-electrique\/wp-json\/wp\/v2\/users\/21"}],"replies":[{"embeddable":true,"href":"https:\/\/www.univ-usto.dz\/fac-electrique\/wp-json\/wp\/v2\/comments?post=12157"}],"version-history":[{"count":25,"href":"https:\/\/www.univ-usto.dz\/fac-electrique\/wp-json\/wp\/v2\/pages\/12157\/revisions"}],"predecessor-version":[{"id":20183,"href":"https:\/\/www.univ-usto.dz\/fac-electrique\/wp-json\/wp\/v2\/pages\/12157\/revisions\/20183"}],"wp:attachment":[{"href":"https:\/\/www.univ-usto.dz\/fac-electrique\/wp-json\/wp\/v2\/media?parent=12157"}],"curies":[{"name":"wp","href":"https:\/\/api.w.org\/{rel}","templated":true}]}}