{"id":12208,"date":"2021-03-11T12:19:22","date_gmt":"2021-03-11T12:19:22","guid":{"rendered":"http:\/\/www.univ-usto.dz\/fac-electrique\/?page_id=12208"},"modified":"2025-05-11T09:02:23","modified_gmt":"2025-05-11T09:02:23","slug":"vice-doyens","status":"publish","type":"page","link":"https:\/\/www.univ-usto.dz\/fac-electrique\/vice-doyens\/","title":{"rendered":"Vice Doyens"},"content":{"rendered":"\t\t<div data-elementor-type=\"wp-page\" data-elementor-id=\"12208\" class=\"elementor elementor-12208\">\n\t\t\t\t\t\t<section class=\"elementor-section elementor-top-section elementor-element elementor-element-cb9abea elementor-section-boxed elementor-section-height-default elementor-section-height-default\" data-id=\"cb9abea\" data-element_type=\"section\">\n\t\t\t\t\t\t<div class=\"elementor-container elementor-column-gap-default\">\n\t\t\t\t\t<div class=\"elementor-column elementor-col-50 elementor-top-column elementor-element elementor-element-9a7b178\" data-id=\"9a7b178\" data-element_type=\"column\">\n\t\t\t<div class=\"elementor-widget-wrap elementor-element-populated\">\n\t\t\t\t\t\t<div class=\"elementor-element elementor-element-2e2cdf0 elementor-widget elementor-widget-wp-widget-bellows_navigation_widget\" data-id=\"2e2cdf0\" data-element_type=\"widget\" data-widget_type=\"wp-widget-bellows_navigation_widget.default\">\n\t\t\t\t<div class=\"elementor-widget-container\">\n\t\t\t\t\t<nav id=\"bellows-main-209\" class=\"bellows bellows-nojs bellows-main bellows-source-menu bellows-align-full bellows-skin-vanilla bellows-type-\"><ul id=\"menu-fac\" class=\"bellows-nav\" data-bellows-config=\"main\"><li id=\"menu-item-20170\" class=\"bellows-menu-item bellows-menu-item-type-post_type bellows-menu-item-object-page bellows-menu-item-20170 bellows-item-level-0\"><a  href=\"https:\/\/www.univ-usto.dz\/fac-electrique\/mot-du-doyen\/\" class=\"bellows-target\"><span class=\"bellows-target-title bellows-target-text\">Mot du Doyen<\/span><\/a><\/li>\n<li id=\"menu-item-20184\" class=\"bellows-menu-item bellows-menu-item-type-post_type bellows-menu-item-object-page bellows-menu-item-20184 bellows-item-level-0\"><a  href=\"https:\/\/www.univ-usto.dz\/fac-electrique\/vice-doyens\/\" class=\"bellows-target\"><span class=\"bellows-target-title bellows-target-text\">Vice Doyens<\/span><\/a><\/li>\n<li id=\"menu-item-20172\" class=\"bellows-menu-item bellows-menu-item-type-post_type bellows-menu-item-object-page bellows-menu-item-20172 bellows-item-level-0\"><a  href=\"https:\/\/www.univ-usto.dz\/fac-electrique\/secretariat-general\/\" class=\"bellows-target\"><span class=\"bellows-target-title bellows-target-text\">Secr\u00e9tariat G\u00e9n\u00e9ral<\/span><\/a><\/li>\n<li id=\"menu-item-20173\" class=\"bellows-menu-item bellows-menu-item-type-post_type bellows-menu-item-object-page bellows-menu-item-20173 bellows-item-level-0\"><a  href=\"https:\/\/www.univ-usto.dz\/fac-electrique\/presentation-2\/\" class=\"bellows-target\"><span class=\"bellows-target-title bellows-target-text\">Pr\u00e9sentation<\/span><\/a><\/li>\n<li id=\"menu-item-20174\" class=\"bellows-menu-item bellows-menu-item-type-post_type bellows-menu-item-object-page bellows-menu-item-20174 bellows-item-level-0\"><a  href=\"https:\/\/www.univ-usto.dz\/fac-electrique\/bibliotheque\/\" class=\"bellows-target\"><span class=\"bellows-target-title bellows-target-text\">Biblioth\u00e8que de Facult\u00e9<\/span><\/a><\/li>\n<\/ul><\/nav>\t\t\t\t<\/div>\n\t\t\t\t<\/div>\n\t\t\t\t\t<\/div>\n\t\t<\/div>\n\t\t\t\t<div class=\"elementor-column elementor-col-50 elementor-top-column elementor-element elementor-element-ff268ae\" data-id=\"ff268ae\" data-element_type=\"column\">\n\t\t\t<div class=\"elementor-widget-wrap elementor-element-populated\">\n\t\t\t\t\t\t<div class=\"elementor-element elementor-element-d696ae6 elementor-widget elementor-widget-heading\" data-id=\"d696ae6\" data-element_type=\"widget\" data-widget_type=\"heading.default\">\n\t\t\t\t<div class=\"elementor-widget-container\">\n\t\t\t\t\t<h6 class=\"elementor-heading-title elementor-size-default\">Vice Doyen charg\u00e9 de la Post-graduation, de la Recherche Scientifique et des Relations Ext\u00e9rieures<\/h6>\t\t\t\t<\/div>\n\t\t\t\t<\/div>\n\t\t\t\t<div class=\"elementor-element elementor-element-54f93af elementor-widget elementor-widget-text-editor\" data-id=\"54f93af\" data-element_type=\"widget\" data-widget_type=\"text-editor.default\">\n\t\t\t\t<div class=\"elementor-widget-container\">\n\t\t\t\t\t\t\t\t\t<p><strong>Dr. REMAOUN SIDI MOHAMMED<br \/><\/strong><\/p><p><strong>\u00a0T\u00e9l\u00e9phone\/Fax :<\/strong> (+213) 041 62 71 75<\/p><p><strong>\u00a0 E-mail : <\/strong><span id=\"cloak047379ce3fd6e29bb9dadb173fa3c00a\"><a href=\"mailto:facultegenieelectrique.pg@gmail.com\">facultegenieelectrique.pg@gmail.com<\/a><\/span><\/p><p>\u00a0 \u00a0 \u00a0 \u00a0 \u00a0 \u00a0 \u00a0 \u00a0\u00a0 <span id=\"cloak6ad232f578194c7f05caf5a4a84b1728\"><a href=\"mailto:facultegenieelectrique.pg@univ-usto.dz\">facultegenieelectrique.pg@univ-usto.dz<\/a><\/span><\/p>\t\t\t\t\t\t\t\t<\/div>\n\t\t\t\t<\/div>\n\t\t\t\t<div class=\"elementor-element elementor-element-4e4e7f7 elementor-widget elementor-widget-text-editor\" data-id=\"4e4e7f7\" data-element_type=\"widget\" data-widget_type=\"text-editor.default\">\n\t\t\t\t<div class=\"elementor-widget-container\">\n\t\t\t\t\t\t\t\t\t<ul><li>Service du Suivi de la Formation de Post-Graduation<\/li><li>Service du Suivi des Activit\u00e9s de Recherche<\/li><\/ul>\t\t\t\t\t\t\t\t<\/div>\n\t\t\t\t<\/div>\n\t\t\t\t<div class=\"elementor-element elementor-element-fba87d7 elementor-widget elementor-widget-heading\" data-id=\"fba87d7\" data-element_type=\"widget\" data-widget_type=\"heading.default\">\n\t\t\t\t<div class=\"elementor-widget-container\">\n\t\t\t\t\t<h6 class=\"elementor-heading-title elementor-size-default\">Vice Doyen charg\u00e9 des Etudes et des Questions li\u00e9es aux Etudiants<\/h6>\t\t\t\t<\/div>\n\t\t\t\t<\/div>\n\t\t\t\t<div class=\"elementor-element elementor-element-d5dbfa0 elementor-widget elementor-widget-text-editor\" data-id=\"d5dbfa0\" data-element_type=\"widget\" data-widget_type=\"text-editor.default\">\n\t\t\t\t<div class=\"elementor-widget-container\">\n\t\t\t\t\t\t\t\t\t<p><strong>Mr. MANSOUR MOKHTAR<\/strong><\/p><p><strong>\u00a0 <\/strong><strong>T\u00e9l\u00e9phone\/Fax:<\/strong>\u00a0(+213) 41 62 71 75<\/p><p><strong>\u00a0\u00a0 <\/strong><strong>E-mail:<\/strong> <span id=\"cloake07def52b33b97acd16778e3577de7ed\"><a href=\"mailto:ik.mansour@gmail.com\">ik.mansour@gmail.com<\/a><\/span><\/p>\t\t\t\t\t\t\t\t<\/div>\n\t\t\t\t<\/div>\n\t\t\t\t<div class=\"elementor-element elementor-element-24f087e elementor-widget elementor-widget-text-editor\" data-id=\"24f087e\" data-element_type=\"widget\" data-widget_type=\"text-editor.default\">\n\t\t\t\t<div class=\"elementor-widget-container\">\n\t\t\t\t\t\t\t\t\t<ul><li>Service de Scolarit\u00e9<\/li><li>Service de l&rsquo;Enseignement et de l\u2019\u00c9valuation<\/li><\/ul>\t\t\t\t\t\t\t\t<\/div>\n\t\t\t\t<\/div>\n\t\t\t\t\t<\/div>\n\t\t<\/div>\n\t\t\t\t\t<\/div>\n\t\t<\/section>\n\t\t\t\t<\/div>\n\t\t","protected":false},"excerpt":{"rendered":"<p>Vice Doyen charg\u00e9 de la Post-graduation, de la Recherche Scientifique et des Relations Ext\u00e9rieures Dr. REMAOUN SIDI MOHAMMED \u00a0T\u00e9l\u00e9phone\/Fax : (+213) 041 62 71 75 \u00a0 E-mail : facultegenieelectrique.pg@gmail.com \u00a0 <a href=\"https:\/\/www.univ-usto.dz\/fac-electrique\/vice-doyens\/\" class=\"read-more\">Lire la suite &#8230;<\/a><\/p>\n","protected":false},"author":21,"featured_media":0,"parent":0,"menu_order":0,"comment_status":"closed","ping_status":"closed","template":"","meta":{"footnotes":""},"class_list":["post-12208","page","type-page","status-publish","hentry"],"_links":{"self":[{"href":"https:\/\/www.univ-usto.dz\/fac-electrique\/wp-json\/wp\/v2\/pages\/12208","targetHints":{"allow":["GET"]}}],"collection":[{"href":"https:\/\/www.univ-usto.dz\/fac-electrique\/wp-json\/wp\/v2\/pages"}],"about":[{"href":"https:\/\/www.univ-usto.dz\/fac-electrique\/wp-json\/wp\/v2\/types\/page"}],"author":[{"embeddable":true,"href":"https:\/\/www.univ-usto.dz\/fac-electrique\/wp-json\/wp\/v2\/users\/21"}],"replies":[{"embeddable":true,"href":"https:\/\/www.univ-usto.dz\/fac-electrique\/wp-json\/wp\/v2\/comments?post=12208"}],"version-history":[{"count":16,"href":"https:\/\/www.univ-usto.dz\/fac-electrique\/wp-json\/wp\/v2\/pages\/12208\/revisions"}],"predecessor-version":[{"id":20187,"href":"https:\/\/www.univ-usto.dz\/fac-electrique\/wp-json\/wp\/v2\/pages\/12208\/revisions\/20187"}],"wp:attachment":[{"href":"https:\/\/www.univ-usto.dz\/fac-electrique\/wp-json\/wp\/v2\/media?parent=12208"}],"curies":[{"name":"wp","href":"https:\/\/api.w.org\/{rel}","templated":true}]}}