{"id":12233,"date":"2021-03-11T12:56:33","date_gmt":"2021-03-11T12:56:33","guid":{"rendered":"http:\/\/www.univ-usto.dz\/fac-electrique\/?page_id=12233"},"modified":"2021-03-23T09:12:46","modified_gmt":"2021-03-23T09:12:46","slug":"contact-2","status":"publish","type":"page","link":"https:\/\/www.univ-usto.dz\/fac-electrique\/contact-2\/","title":{"rendered":"Contact"},"content":{"rendered":"\t\t<div data-elementor-type=\"wp-page\" data-elementor-id=\"12233\" class=\"elementor elementor-12233\">\n\t\t\t\t\t\t<section class=\"elementor-section elementor-top-section elementor-element elementor-element-b857b99 elementor-section-boxed elementor-section-height-default elementor-section-height-default\" data-id=\"b857b99\" data-element_type=\"section\">\n\t\t\t\t\t\t<div class=\"elementor-container elementor-column-gap-default\">\n\t\t\t\t\t<div class=\"elementor-column elementor-col-100 elementor-top-column elementor-element elementor-element-4ff3a92\" data-id=\"4ff3a92\" data-element_type=\"column\">\n\t\t\t<div class=\"elementor-widget-wrap elementor-element-populated\">\n\t\t\t\t\t\t<div class=\"elementor-element elementor-element-0352fb0 elementor-widget elementor-widget-heading\" data-id=\"0352fb0\" data-element_type=\"widget\" data-widget_type=\"heading.default\">\n\t\t\t\t<div class=\"elementor-widget-container\">\n\t\t\t\t\t<h3 class=\"elementor-heading-title elementor-size-default\">Doyen<\/h3>\t\t\t\t<\/div>\n\t\t\t\t<\/div>\n\t\t\t\t<div class=\"elementor-element elementor-element-c6a72ac elementor-widget elementor-widget-text-editor\" data-id=\"c6a72ac\" data-element_type=\"widget\" data-widget_type=\"text-editor.default\">\n\t\t\t\t<div class=\"elementor-widget-container\">\n\t\t\t\t\t\t\t\t\t<p><strong>Pr. BACHIR GHALEM<\/strong><\/p><p><strong>\u00a0T\u00e9l\u00e9phone\/Fax :<\/strong> (+213) 041 62 71 75<\/p><p><strong>\u00a0 E-mail : <\/strong><span id=\"cloak047379ce3fd6e29bb9dadb173fa3c00a\"><a href=\"mailto:facultegenieelectrique.pg@univ-usto.dz\">ghalem.bachir@univ-usto.dz<\/a><\/span><span id=\"cloak6ad232f578194c7f05caf5a4a84b1728\"><\/span><\/p>\t\t\t\t\t\t\t\t<\/div>\n\t\t\t\t<\/div>\n\t\t\t\t<div class=\"elementor-element elementor-element-747dec2 elementor-widget elementor-widget-heading\" data-id=\"747dec2\" data-element_type=\"widget\" data-widget_type=\"heading.default\">\n\t\t\t\t<div class=\"elementor-widget-container\">\n\t\t\t\t\t<h3 class=\"elementor-heading-title elementor-size-default\">Vice Doyen charg\u00e9 de la Post-graduation, de la Recherche Scientifique et des Relations Ext\u00e9rieures<\/h3>\t\t\t\t<\/div>\n\t\t\t\t<\/div>\n\t\t\t\t<div class=\"elementor-element elementor-element-7cf5d8d elementor-widget elementor-widget-text-editor\" data-id=\"7cf5d8d\" data-element_type=\"widget\" data-widget_type=\"text-editor.default\">\n\t\t\t\t<div class=\"elementor-widget-container\">\n\t\t\t\t\t\t\t\t\t<p><strong>Dr. REMAOUN SIDI MOHAMMED<br \/><\/strong><\/p><p><strong>\u00a0T\u00e9l\u00e9phone\/Fax :<\/strong> (+213) 041 62 71 35<\/p><p><strong>\u00a0 E-mail : <\/strong><span id=\"cloak047379ce3fd6e29bb9dadb173fa3c00a\"><a href=\"mailto:facultegenieelectrique.pg@gmail.com\">facultegenieelectrique.pg@gmail.com<\/a><\/span><\/p><p>\u00a0 \u00a0 \u00a0 \u00a0 \u00a0 \u00a0 \u00a0 \u00a0\u00a0 <span id=\"cloak6ad232f578194c7f05caf5a4a84b1728\"><a href=\"mailto:facultegenieelectrique.pg@univ-usto.dz\">facultegenieelectrique.pg@univ-usto.dz<\/a><\/span><\/p>\t\t\t\t\t\t\t\t<\/div>\n\t\t\t\t<\/div>\n\t\t\t\t<div class=\"elementor-element elementor-element-52f96d6 elementor-widget elementor-widget-heading\" data-id=\"52f96d6\" data-element_type=\"widget\" data-widget_type=\"heading.default\">\n\t\t\t\t<div class=\"elementor-widget-container\">\n\t\t\t\t\t<h3 class=\"elementor-heading-title elementor-size-default\">Vice Doyen charg\u00e9 des \u00c9tudes et des Questions li\u00e9es aux \u00c9tudiants<\/h3>\t\t\t\t<\/div>\n\t\t\t\t<\/div>\n\t\t\t\t<div class=\"elementor-element elementor-element-0b47f9d elementor-widget elementor-widget-text-editor\" data-id=\"0b47f9d\" data-element_type=\"widget\" data-widget_type=\"text-editor.default\">\n\t\t\t\t<div class=\"elementor-widget-container\">\n\t\t\t\t\t\t\t\t\t<p><strong>Mr. MANSOUR MOKHTAR<\/strong><\/p><p><strong>\u00a0 <\/strong><strong>T\u00e9l\u00e9phone\/Fax:<\/strong> (+213) 41 62 71 35<\/p><p><strong>\u00a0\u00a0 <\/strong><strong>E-mail:<\/strong> <span id=\"cloake07def52b33b97acd16778e3577de7ed\"><a href=\"mailto:ik.mansour@gmail.com\">ik.mansour@gmail.com<\/a><\/span><\/p>\t\t\t\t\t\t\t\t<\/div>\n\t\t\t\t<\/div>\n\t\t\t\t<div class=\"elementor-element elementor-element-c22ffb5 elementor-widget elementor-widget-heading\" data-id=\"c22ffb5\" data-element_type=\"widget\" data-widget_type=\"heading.default\">\n\t\t\t\t<div class=\"elementor-widget-container\">\n\t\t\t\t\t<h3 class=\"elementor-heading-title elementor-size-default\">Secr\u00e9taire G\u00e9n\u00e9ral<\/h3>\t\t\t\t<\/div>\n\t\t\t\t<\/div>\n\t\t\t\t<div class=\"elementor-element elementor-element-c58649f elementor-widget elementor-widget-text-editor\" data-id=\"c58649f\" data-element_type=\"widget\" data-widget_type=\"text-editor.default\">\n\t\t\t\t<div class=\"elementor-widget-container\">\n\t\t\t\t\t\t\t\t\t<div class=\"elementor-element elementor-element-9cea9b5 elementor-widget elementor-widget-text-editor\" data-id=\"9cea9b5\" data-element_type=\"widget\" data-widget_type=\"text-editor.default\"><div class=\"elementor-widget-container\"><div class=\"elementor-text-editor elementor-clearfix\"><p><strong>Mr. OUADAH Yacine<br \/><\/strong><\/p><p><strong>\u00a0T\u00e9l\u00e9phone :<\/strong> (+213) 041 62 71 63<\/p><p><strong>\u00a0 E-mail : <\/strong><span id=\"cloak047379ce3fd6e29bb9dadb173fa3c00a\"><a href=\"mailto:facultegenieelectrique.pg@gmail.com\">yacine.13usto@gmail.com<\/a><\/span><\/p><p>\u00a0<\/p><\/div><\/div><\/div>\t\t\t\t\t\t\t\t<\/div>\n\t\t\t\t<\/div>\n\t\t\t\t<div class=\"elementor-element elementor-element-e54af55 elementor-widget elementor-widget-heading\" data-id=\"e54af55\" data-element_type=\"widget\" data-widget_type=\"heading.default\">\n\t\t\t\t<div class=\"elementor-widget-container\">\n\t\t\t\t\t<h3 class=\"elementor-heading-title elementor-size-default\">Responsable de Biblioth\u00e8que<\/h3>\t\t\t\t<\/div>\n\t\t\t\t<\/div>\n\t\t\t\t<div class=\"elementor-element elementor-element-87d1c20 elementor-widget elementor-widget-text-editor\" data-id=\"87d1c20\" data-element_type=\"widget\" data-widget_type=\"text-editor.default\">\n\t\t\t\t<div class=\"elementor-widget-container\">\n\t\t\t\t\t\t\t\t\t<div class=\"elementor-element elementor-element-9cea9b5 elementor-widget elementor-widget-text-editor\" data-id=\"9cea9b5\" data-element_type=\"widget\" data-widget_type=\"text-editor.default\"><div class=\"elementor-widget-container\"><div class=\"elementor-text-editor elementor-clearfix\"><p><strong>Mme. MAZZOUZI Nacera<\/strong><\/p><p><strong>\u00a0 E-mail : <\/strong><span id=\"cloak047379ce3fd6e29bb9dadb173fa3c00a\"><a href=\"mailto:facultegenieelectrique.pg@gmail.com\">bibfac_ge@yahoo.fr<\/a><\/span><\/p><\/div><\/div><\/div>\t\t\t\t\t\t\t\t<\/div>\n\t\t\t\t<\/div>\n\t\t\t\t\t<\/div>\n\t\t<\/div>\n\t\t\t\t\t<\/div>\n\t\t<\/section>\n\t\t\t\t<\/div>\n\t\t","protected":false},"excerpt":{"rendered":"<p>Doyen Pr. BACHIR GHALEM \u00a0T\u00e9l\u00e9phone\/Fax : (+213) 041 62 71 75 \u00a0 E-mail : ghalem.bachir@univ-usto.dz Vice Doyen charg\u00e9 de la Post-graduation, de la Recherche Scientifique et des Relations Ext\u00e9rieures Dr. <a href=\"https:\/\/www.univ-usto.dz\/fac-electrique\/contact-2\/\" class=\"read-more\">Lire la suite &#8230;<\/a><\/p>\n","protected":false},"author":21,"featured_media":0,"parent":0,"menu_order":0,"comment_status":"closed","ping_status":"closed","template":"","meta":{"footnotes":""},"class_list":["post-12233","page","type-page","status-publish","hentry"],"_links":{"self":[{"href":"https:\/\/www.univ-usto.dz\/fac-electrique\/wp-json\/wp\/v2\/pages\/12233","targetHints":{"allow":["GET"]}}],"collection":[{"href":"https:\/\/www.univ-usto.dz\/fac-electrique\/wp-json\/wp\/v2\/pages"}],"about":[{"href":"https:\/\/www.univ-usto.dz\/fac-electrique\/wp-json\/wp\/v2\/types\/page"}],"author":[{"embeddable":true,"href":"https:\/\/www.univ-usto.dz\/fac-electrique\/wp-json\/wp\/v2\/users\/21"}],"replies":[{"embeddable":true,"href":"https:\/\/www.univ-usto.dz\/fac-electrique\/wp-json\/wp\/v2\/comments?post=12233"}],"version-history":[{"count":22,"href":"https:\/\/www.univ-usto.dz\/fac-electrique\/wp-json\/wp\/v2\/pages\/12233\/revisions"}],"predecessor-version":[{"id":12317,"href":"https:\/\/www.univ-usto.dz\/fac-electrique\/wp-json\/wp\/v2\/pages\/12233\/revisions\/12317"}],"wp:attachment":[{"href":"https:\/\/www.univ-usto.dz\/fac-electrique\/wp-json\/wp\/v2\/media?parent=12233"}],"curies":[{"name":"wp","href":"https:\/\/api.w.org\/{rel}","templated":true}]}}