{"id":22166,"date":"2026-04-28T09:25:47","date_gmt":"2026-04-28T09:25:47","guid":{"rendered":"https:\/\/www.univ-usto.dz\/fac-electrique\/?page_id=22166"},"modified":"2026-04-28T09:36:57","modified_gmt":"2026-04-28T09:36:57","slug":"actulaites","status":"publish","type":"page","link":"https:\/\/www.univ-usto.dz\/fac-electrique\/actulaites\/","title":{"rendered":"Actulait\u00e9s"},"content":{"rendered":"\t\t<div data-elementor-type=\"wp-page\" data-elementor-id=\"22166\" class=\"elementor elementor-22166\">\n\t\t\t\t\t\t<section class=\"elementor-section elementor-top-section elementor-element elementor-element-958babb elementor-section-boxed elementor-section-height-default elementor-section-height-default\" data-id=\"958babb\" data-element_type=\"section\">\n\t\t\t\t\t\t<div class=\"elementor-container elementor-column-gap-default\">\n\t\t\t\t\t<div class=\"elementor-column elementor-col-100 elementor-top-column elementor-element elementor-element-110f2eb\" data-id=\"110f2eb\" data-element_type=\"column\">\n\t\t\t<div class=\"elementor-widget-wrap elementor-element-populated\">\n\t\t\t\t\t\t\t<\/div>\n\t\t<\/div>\n\t\t\t\t\t<\/div>\n\t\t<\/section>\n\t\t\t\t<section class=\"elementor-section elementor-top-section elementor-element elementor-element-f4ec854 elementor-section-boxed elementor-section-height-default elementor-section-height-default\" data-id=\"f4ec854\" data-element_type=\"section\">\n\t\t\t\t\t\t<div class=\"elementor-container elementor-column-gap-default\">\n\t\t\t\t\t<div class=\"elementor-column elementor-col-50 elementor-top-column elementor-element elementor-element-930d819\" data-id=\"930d819\" data-element_type=\"column\">\n\t\t\t<div class=\"elementor-widget-wrap\">\n\t\t\t\t\t\t\t<\/div>\n\t\t<\/div>\n\t\t\t\t<div class=\"elementor-column elementor-col-50 elementor-top-column elementor-element elementor-element-d07c09f\" data-id=\"d07c09f\" data-element_type=\"column\">\n\t\t\t<div class=\"elementor-widget-wrap elementor-element-populated\">\n\t\t\t\t\t\t<div class=\"elementor-element elementor-element-06a48bf elementor-widget elementor-widget-wp-widget-recent-posts\" data-id=\"06a48bf\" data-element_type=\"widget\" data-widget_type=\"wp-widget-recent-posts.default\">\n\t\t\t\t<div class=\"elementor-widget-container\">\n\t\t\t\t\t\n\t\t\n\t\t<h5>Toutes les actualit\u00e9s<\/h5>\n\t\t<ul>\n\t\t\t\t\t\t\t\t\t\t\t<li>\n\t\t\t\t\t<a href=\"https:\/\/www.univ-usto.dz\/fac-electrique\/bourse-beyrouth2026en\/\">Scholarship Program in Beirut for the Academic Year 2026\/2027<\/a>\n\t\t\t\t\t\t\t\t\t\t\t<span class=\"post-date\">avril 29, 2026<\/span>\n\t\t\t\t\t\t\t\t\t<\/li>\n\t\t\t\t\t\t\t\t\t\t\t<li>\n\t\t\t\t\t<a href=\"https:\/\/www.univ-usto.dz\/fac-electrique\/en\/bourse-roumaniem-ia-gc-en\/\">Romanian Scholarship \u2013 M-IA-GC Program<\/a>\n\t\t\t\t\t\t\t\t\t\t\t<span class=\"post-date\">avril 29, 2026<\/span>\n\t\t\t\t\t\t\t\t\t<\/li>\n\t\t\t\t\t\t\t\t\t\t\t<li>\n\t\t\t\t\t<a href=\"https:\/\/www.univ-usto.dz\/fac-electrique\/fichier-a-telecharger\/\">Fichier a t\u00e9l\u00e9charger<\/a>\n\t\t\t\t\t\t\t\t\t\t\t<span class=\"post-date\">avril 27, 2026<\/span>\n\t\t\t\t\t\t\t\t\t<\/li>\n\t\t\t\t\t\t\t\t\t\t\t<li>\n\t\t\t\t\t<a href=\"https:\/\/www.univ-usto.dz\/fac-electrique\/proces-verbeaux\/\">proc\u00e8s verbeaux<\/a>\n\t\t\t\t\t\t\t\t\t\t\t<span class=\"post-date\">avril 27, 2026<\/span>\n\t\t\t\t\t\t\t\t\t<\/li>\n\t\t\t\t\t\t\t\t\t\t\t<li>\n\t\t\t\t\t<a href=\"https:\/\/www.univ-usto.dz\/fac-electrique\/bourse-roumaniem-ia-gc\/\">Bourse Roumanie M-IA-GC<\/a>\n\t\t\t\t\t\t\t\t\t\t\t<span class=\"post-date\">avril 23, 2026<\/span>\n\t\t\t\t\t\t\t\t\t<\/li>\n\t\t\t\t\t\t\t\t\t\t\t<li>\n\t\t\t\t\t<a href=\"https:\/\/www.univ-usto.dz\/fac-electrique\/bourse-beyrouth2026\/\">Bourse beyrouth2026<\/a>\n\t\t\t\t\t\t\t\t\t\t\t<span class=\"post-date\">avril 23, 2026<\/span>\n\t\t\t\t\t\t\t\t\t<\/li>\n\t\t\t\t\t\t\t\t\t\t\t<li>\n\t\t\t\t\t<a href=\"https:\/\/www.univ-usto.dz\/fac-electrique\/csu-2\/\">CSU<\/a>\n\t\t\t\t\t\t\t\t\t\t\t<span class=\"post-date\">avril 21, 2026<\/span>\n\t\t\t\t\t\t\t\t\t<\/li>\n\t\t\t\t\t\t\t\t\t\t\t<li>\n\t\t\t\t\t<a href=\"https:\/\/www.univ-usto.dz\/fac-electrique\/statistiques-de-la-fge\/\">Statistiques de la FGE<\/a>\n\t\t\t\t\t\t\t\t\t\t\t<span class=\"post-date\">avril 15, 2026<\/span>\n\t\t\t\t\t\t\t\t\t<\/li>\n\t\t\t\t\t\t\t\t\t\t\t<li>\n\t\t\t\t\t<a href=\"https:\/\/www.univ-usto.dz\/fac-electrique\/lmse-cner-si-2\/\">LMSE CNER-SI<\/a>\n\t\t\t\t\t\t\t\t\t\t\t<span class=\"post-date\">avril 8, 2026<\/span>\n\t\t\t\t\t\t\t\t\t<\/li>\n\t\t\t\t\t\t\t\t\t\t\t<li>\n\t\t\t\t\t<a href=\"https:\/\/www.univ-usto.dz\/fac-electrique\/lmse-cner-si\/\">LMSE CNER-SI<\/a>\n\t\t\t\t\t\t\t\t\t\t\t<span class=\"post-date\">mars 12, 2026<\/span>\n\t\t\t\t\t\t\t\t\t<\/li>\n\t\t\t\t\t\t\t\t\t\t\t<li>\n\t\t\t\t\t<a href=\"https:\/\/www.univ-usto.dz\/fac-electrique\/activite-pedagogique-visite-au-sein-de-lentreprise-nationale-cma\/\">Activit\u00e9 p\u00e9dagogique : visite au sein de l&rsquo;entreprise nationale CMA<\/a>\n\t\t\t\t\t\t\t\t\t\t\t<span class=\"post-date\">d\u00e9cembre 22, 2025<\/span>\n\t\t\t\t\t\t\t\t\t<\/li>\n\t\t\t\t\t\t\t\t\t\t\t<li>\n\t\t\t\t\t<a href=\"https:\/\/www.univ-usto.dz\/fac-electrique\/ieee-aerospace-electronics-systems-aess-algerie-usto_mb\/\">IEEE Aerospace &amp; Electronics Systems AESS Alg\u00e9rie\u00a0(USTO_MB)<\/a>\n\t\t\t\t\t\t\t\t\t\t\t<span class=\"post-date\">d\u00e9cembre 22, 2025<\/span>\n\t\t\t\t\t\t\t\t\t<\/li>\n\t\t\t\t\t\t\t\t\t\t\t<li>\n\t\t\t\t\t<a href=\"https:\/\/www.univ-usto.dz\/fac-electrique\/revues-scientifiques-liens-dgrsdt\/\">Revues Scientifiques liens DGRSDT<\/a>\n\t\t\t\t\t\t\t\t\t\t\t<span class=\"post-date\">d\u00e9cembre 16, 2025<\/span>\n\t\t\t\t\t\t\t\t\t<\/li>\n\t\t\t\t\t\t\t\t\t\t\t<li>\n\t\t\t\t\t<a href=\"https:\/\/www.univ-usto.dz\/fac-electrique\/visite-au-sein-de-lentreprise-nationale-alfatron\/\">Visite au sein de l&rsquo;entreprise nationale ALFATRON<\/a>\n\t\t\t\t\t\t\t\t\t\t\t<span class=\"post-date\">d\u00e9cembre 16, 2025<\/span>\n\t\t\t\t\t\t\t\t\t<\/li>\n\t\t\t\t\t\t\t\t\t\t\t<li>\n\t\t\t\t\t<a href=\"https:\/\/www.univ-usto.dz\/fac-electrique\/visite-au-centre-photovoltaique-de-ain-skhouna-w-saida\/\">Visite au centre photovolta\u00efque de Ain Skhouna-W. SAIDA<\/a>\n\t\t\t\t\t\t\t\t\t\t\t<span class=\"post-date\">d\u00e9cembre 14, 2025<\/span>\n\t\t\t\t\t\t\t\t\t<\/li>\n\t\t\t\t\t\t\t\t\t\t\t<li>\n\t\t\t\t\t<a href=\"https:\/\/www.univ-usto.dz\/fac-electrique\/cellule-de-communication-et-dinformation-usto-mb\/\">Cellule de Communication et d\u2019Information USTO-MB<\/a>\n\t\t\t\t\t\t\t\t\t\t\t<span class=\"post-date\">d\u00e9cembre 8, 2025<\/span>\n\t\t\t\t\t\t\t\t\t<\/li>\n\t\t\t\t\t\t\t\t\t\t\t<li>\n\t\t\t\t\t<a href=\"https:\/\/www.univ-usto.dz\/fac-electrique\/textes-reglementaires-2\/\">Textes R\u00e9glementaires<\/a>\n\t\t\t\t\t\t\t\t\t\t\t<span class=\"post-date\">novembre 19, 2025<\/span>\n\t\t\t\t\t\t\t\t\t<\/li>\n\t\t\t\t\t\t\t\t\t\t\t<li>\n\t\t\t\t\t<a href=\"https:\/\/www.univ-usto.dz\/fac-electrique\/csd\/\">CSD<\/a>\n\t\t\t\t\t\t\t\t\t\t\t<span class=\"post-date\">novembre 19, 2025<\/span>\n\t\t\t\t\t\t\t\t\t<\/li>\n\t\t\t\t\t\t\t\t\t\t\t<li>\n\t\t\t\t\t<a href=\"https:\/\/www.univ-usto.dz\/fac-electrique\/csf\/\">CSF<\/a>\n\t\t\t\t\t\t\t\t\t\t\t<span class=\"post-date\">novembre 19, 2025<\/span>\n\t\t\t\t\t\t\t\t\t<\/li>\n\t\t\t\t\t\t\t\t\t\t\t<li>\n\t\t\t\t\t<a href=\"https:\/\/www.univ-usto.dz\/fac-electrique\/csu\/\">CSU<\/a>\n\t\t\t\t\t\t\t\t\t\t\t<span class=\"post-date\">novembre 19, 2025<\/span>\n\t\t\t\t\t\t\t\t\t<\/li>\n\t\t\t\t\t\t\t\t\t\t\t<li>\n\t\t\t\t\t<a href=\"https:\/\/www.univ-usto.dz\/fac-electrique\/documents-utiles-a-telecharger-2\/\">Documents de Soutenance utiles \u00e0 t\u00e9l\u00e9charger<\/a>\n\t\t\t\t\t\t\t\t\t\t\t<span class=\"post-date\">novembre 18, 2025<\/span>\n\t\t\t\t\t\t\t\t\t<\/li>\n\t\t\t\t\t\t\t\t\t\t\t<li>\n\t\t\t\t\t<a href=\"https:\/\/www.univ-usto.dz\/fac-electrique\/activation-du-compte-progres-au-doctorant\/\">Activation du Compte PROGRES au Doctorant (SCIENCES\/LMD)<\/a>\n\t\t\t\t\t\t\t\t\t\t\t<span class=\"post-date\">novembre 18, 2025<\/span>\n\t\t\t\t\t\t\t\t\t<\/li>\n\t\t\t\t\t\t\t\t\t\t\t<li>\n\t\t\t\t\t<a href=\"https:\/\/www.univ-usto.dz\/fac-electrique\/soutenance-doctorat-lmd\/\">SOUTENANCE DOCTORAT LMD<\/a>\n\t\t\t\t\t\t\t\t\t\t\t<span class=\"post-date\">novembre 18, 2025<\/span>\n\t\t\t\t\t\t\t\t\t<\/li>\n\t\t\t\t\t\t\t\t\t\t\t<li>\n\t\t\t\t\t<a href=\"https:\/\/www.univ-usto.dz\/fac-electrique\/soutenance-de-doctorat-en-sciences\/\">Soutenance de Doctorat en Sciences<\/a>\n\t\t\t\t\t\t\t\t\t\t\t<span class=\"post-date\">novembre 18, 2025<\/span>\n\t\t\t\t\t\t\t\t\t<\/li>\n\t\t\t\t\t\t\t\t\t\t\t<li>\n\t\t\t\t\t<a href=\"https:\/\/www.univ-usto.dz\/fac-electrique\/2021-2\/\">Cat\u00e9gorisation des revues scientifiques (Edition 2021)<\/a>\n\t\t\t\t\t\t\t\t\t\t\t<span class=\"post-date\">juillet 10, 2025<\/span>\n\t\t\t\t\t\t\t\t\t<\/li>\n\t\t\t\t\t\t\t\t\t\t\t<li>\n\t\t\t\t\t<a href=\"https:\/\/www.univ-usto.dz\/fac-electrique\/categorisation-des-revues-scientifiques-edition-2016\/\">Cat\u00e9gorisation des revues scientifiques (Edition 2016)<\/a>\n\t\t\t\t\t\t\t\t\t\t\t<span class=\"post-date\">juillet 10, 2025<\/span>\n\t\t\t\t\t\t\t\t\t<\/li>\n\t\t\t\t\t\t\t\t\t\t\t<li>\n\t\t\t\t\t<a href=\"https:\/\/www.univ-usto.dz\/fac-electrique\/article-2017\/\">Cat\u00e9gorisation des revues scientifiques (Edition 2017)<\/a>\n\t\t\t\t\t\t\t\t\t\t\t<span class=\"post-date\">juillet 10, 2025<\/span>\n\t\t\t\t\t\t\t\t\t<\/li>\n\t\t\t\t\t\t\t\t\t\t\t<li>\n\t\t\t\t\t<a href=\"https:\/\/www.univ-usto.dz\/fac-electrique\/2018-rentre-en-vigueur-pour-les-articles-soumis-apres-08-mars-2018\/\">Cat\u00e9gorisation des revues scientifiques (Edition 2018)<\/a>\n\t\t\t\t\t\t\t\t\t\t\t<span class=\"post-date\">juillet 10, 2025<\/span>\n\t\t\t\t\t\t\t\t\t<\/li>\n\t\t\t\t\t\t\t\t\t\t\t<li>\n\t\t\t\t\t<a href=\"https:\/\/www.univ-usto.dz\/fac-electrique\/laboratoires-de-la-faculte-de-genie-electrique\/\">Laboratoires de la Facult\u00e9 de G\u00e9nie Electrique<\/a>\n\t\t\t\t\t\t\t\t\t\t\t<span class=\"post-date\">mai 7, 2025<\/span>\n\t\t\t\t\t\t\t\t\t<\/li>\n\t\t\t\t\t\t\t\t\t\t\t<li>\n\t\t\t\t\t<a href=\"https:\/\/www.univ-usto.dz\/fac-electrique\/%d8%a7%d9%84%d8%b7%d8%a8%d8%b9%d8%a9-%d8%a7%d9%84%d8%ab%d8%a7%d9%85%d9%86%d8%a9-%d9%84%d9%84%d9%8a%d9%88%d9%85-%d8%a7%d9%84%d9%88%d8%b7%d9%86%d9%8a-%d9%84%d8%b7%d9%84%d8%a8%d8%a9-%d8%a7%d9%84%d8%af\/\">\u0627\u0644\u0637\u0628\u0639\u0629 \u0627\u0644\u062b\u0627\u0645\u0646\u0629 \u0644\u0644\u064a\u0648\u0645 \u0627\u0644\u0648\u0637\u0646\u064a \u0644\u0637\u0644\u0628\u0629 \u0627\u0644\u062f\u0643\u062a\u0648\u0631\u0627\u0647<\/a>\n\t\t\t\t\t\t\t\t\t\t\t<span class=\"post-date\">avril 8, 2025<\/span>\n\t\t\t\t\t\t\t\t\t<\/li>\n\t\t\t\t\t\t\t\t\t\t\t<li>\n\t\t\t\t\t<a href=\"https:\/\/www.univ-usto.dz\/fac-electrique\/%d8%aa%d8%b9%d9%85%d9%8a%d9%85-%d8%a8%d8%ae%d8%b5%d9%88%d8%b5-%d8%a7%d9%84%d8%aa%d8%b1%d8%b4%d8%ad-%d9%84%d8%ac%d8%a7%d8%a6%d8%b2%d8%a9-%d8%b1%d8%a6%d9%8a%d8%b3-%d8%a7%d9%84%d8%ac%d9%85%d9%87%d9%88\/\">\u062a\u0639\u0645\u064a\u0645 \u0628\u062e\u0635\u0648\u0635 \u0627\u0644\u062a\u0631\u0634\u062d \u0644\u062c\u0627\u0626\u0632\u0629 \u0631\u0626\u064a\u0633 \u0627\u0644\u062c\u0645\u0647\u0648\u0631\u064a\u0629 \u0644\u0644\u0628\u0627\u062d\u062b \u0627\u0644\u0645\u0628\u062a\u0643\u0631 \u2013 \u0627\u0644\u0637\u0628\u0639\u0629\u00a0\u00a0\u0627\u0644\u0623\u0648\u0644\u0626<\/a>\n\t\t\t\t\t\t\t\t\t\t\t<span class=\"post-date\">avril 8, 2025<\/span>\n\t\t\t\t\t\t\t\t\t<\/li>\n\t\t\t\t\t\t\t\t\t\t\t<li>\n\t\t\t\t\t<a href=\"https:\/\/www.univ-usto.dz\/fac-electrique\/olympiades-nationales-sur-lintelligence-artificielle-et-la-programmation-informatique\/\">Olympiades nationales sur l&rsquo;Intelligence Artificielle et la programmation informatique<\/a>\n\t\t\t\t\t\t\t\t\t\t\t<span class=\"post-date\">mars 18, 2025<\/span>\n\t\t\t\t\t\t\t\t\t<\/li>\n\t\t\t\t\t\t\t\t\t\t\t<li>\n\t\t\t\t\t<a href=\"https:\/\/www.univ-usto.dz\/fac-electrique\/categorisation-des-revues-scientifiques-edition-2024\/\">Cat\u00e9gorisation des revues scientifiques (Edition 2024)<\/a>\n\t\t\t\t\t\t\t\t\t\t\t<span class=\"post-date\">janvier 28, 2025<\/span>\n\t\t\t\t\t\t\t\t\t<\/li>\n\t\t\t\t\t\t\t\t\t\t\t<li>\n\t\t\t\t\t<a href=\"https:\/\/www.univ-usto.dz\/fac-electrique\/conference-speakers\/\">CONFERENCE SPEAKERS<\/a>\n\t\t\t\t\t\t\t\t\t\t\t<span class=\"post-date\">septembre 30, 2024<\/span>\n\t\t\t\t\t\t\t\t\t<\/li>\n\t\t\t\t\t\t\t\t\t\t\t<li>\n\t\t\t\t\t<a href=\"https:\/\/www.univ-usto.dz\/fac-electrique\/code-qr-de-la-faculte-de-genie-electrique\/\">Code QR de la facult\u00e9 de g\u00e9nie \u00e9lectrique<\/a>\n\t\t\t\t\t\t\t\t\t\t\t<span class=\"post-date\">septembre 26, 2024<\/span>\n\t\t\t\t\t\t\t\t\t<\/li>\n\t\t\t\t\t\t\t\t\t\t\t<li>\n\t\t\t\t\t<a href=\"https:\/\/www.univ-usto.dz\/fac-electrique\/specialite-ingenieur\/\">Ing\u00e9nieur<\/a>\n\t\t\t\t\t\t\t\t\t\t\t<span class=\"post-date\">septembre 11, 2024<\/span>\n\t\t\t\t\t\t\t\t\t<\/li>\n\t\t\t\t\t\t\t\t\t\t\t<li>\n\t\t\t\t\t<a href=\"https:\/\/www.univ-usto.dz\/fac-electrique\/conseil-scientifique\/\">Conseil scientifique<\/a>\n\t\t\t\t\t\t\t\t\t\t\t<span class=\"post-date\">juin 24, 2024<\/span>\n\t\t\t\t\t\t\t\t\t<\/li>\n\t\t\t\t\t\t\t\t\t\t\t<li>\n\t\t\t\t\t<a href=\"https:\/\/www.univ-usto.dz\/fac-electrique\/listes-des-revues-predatrices-et-editeurs-predateurs\/\">Listes des Revues Pr\u00e9datrices et Editeurs Pr\u00e9dateurs<\/a>\n\t\t\t\t\t\t\t\t\t\t\t<span class=\"post-date\">d\u00e9cembre 6, 2023<\/span>\n\t\t\t\t\t\t\t\t\t<\/li>\n\t\t\t\t\t\t\t\t\t\t\t<li>\n\t\t\t\t\t<a href=\"https:\/\/www.univ-usto.dz\/fac-electrique\/categorie-b\/\">CATEGORIE-B<\/a>\n\t\t\t\t\t\t\t\t\t\t\t<span class=\"post-date\">d\u00e9cembre 6, 2023<\/span>\n\t\t\t\t\t\t\t\t\t<\/li>\n\t\t\t\t\t\t\t\t\t\t\t<li>\n\t\t\t\t\t<a href=\"https:\/\/www.univ-usto.dz\/fac-electrique\/categorisation-des-revues-scientifiques-edition-2023\/\">Cat\u00e9gorisation des revues scientifiques (Edition 2023)<\/a>\n\t\t\t\t\t\t\t\t\t\t\t<span class=\"post-date\">d\u00e9cembre 5, 2023<\/span>\n\t\t\t\t\t\t\t\t\t<\/li>\n\t\t\t\t\t<\/ul>\n\n\t\t\t\t\t\t<\/div>\n\t\t\t\t<\/div>\n\t\t\t\t\t<\/div>\n\t\t<\/div>\n\t\t\t\t\t<\/div>\n\t\t<\/section>\n\t\t\t\t<section class=\"elementor-section elementor-top-section elementor-element elementor-element-527c1d1 elementor-section-boxed elementor-section-height-default elementor-section-height-default\" data-id=\"527c1d1\" data-element_type=\"section\">\n\t\t\t\t\t\t<div class=\"elementor-container elementor-column-gap-default\">\n\t\t\t\t\t<div class=\"elementor-column elementor-col-100 elementor-top-column elementor-element elementor-element-525f415\" data-id=\"525f415\" data-element_type=\"column\">\n\t\t\t<div class=\"elementor-widget-wrap\">\n\t\t\t\t\t\t\t<\/div>\n\t\t<\/div>\n\t\t\t\t\t<\/div>\n\t\t<\/section>\n\t\t\t\t<\/div>\n\t\t","protected":false},"excerpt":{"rendered":"","protected":false},"author":1,"featured_media":0,"parent":0,"menu_order":0,"comment_status":"closed","ping_status":"closed","template":"","meta":{"footnotes":""},"class_list":["post-22166","page","type-page","status-publish","hentry"],"_links":{"self":[{"href":"https:\/\/www.univ-usto.dz\/fac-electrique\/wp-json\/wp\/v2\/pages\/22166","targetHints":{"allow":["GET"]}}],"collection":[{"href":"https:\/\/www.univ-usto.dz\/fac-electrique\/wp-json\/wp\/v2\/pages"}],"about":[{"href":"https:\/\/www.univ-usto.dz\/fac-electrique\/wp-json\/wp\/v2\/types\/page"}],"author":[{"embeddable":true,"href":"https:\/\/www.univ-usto.dz\/fac-electrique\/wp-json\/wp\/v2\/users\/1"}],"replies":[{"embeddable":true,"href":"https:\/\/www.univ-usto.dz\/fac-electrique\/wp-json\/wp\/v2\/comments?post=22166"}],"version-history":[{"count":4,"href":"https:\/\/www.univ-usto.dz\/fac-electrique\/wp-json\/wp\/v2\/pages\/22166\/revisions"}],"predecessor-version":[{"id":22170,"href":"https:\/\/www.univ-usto.dz\/fac-electrique\/wp-json\/wp\/v2\/pages\/22166\/revisions\/22170"}],"wp:attachment":[{"href":"https:\/\/www.univ-usto.dz\/fac-electrique\/wp-json\/wp\/v2\/media?parent=22166"}],"curies":[{"name":"wp","href":"https:\/\/api.w.org\/{rel}","templated":true}]}}