{"id":22289,"date":"2026-04-28T10:22:55","date_gmt":"2026-04-28T10:22:55","guid":{"rendered":"https:\/\/www.univ-usto.dz\/fac-electrique\/?page_id=22289"},"modified":"2026-04-28T10:31:25","modified_gmt":"2026-04-28T10:31:25","slug":"canevas","status":"publish","type":"page","link":"https:\/\/www.univ-usto.dz\/fac-electrique\/canevas\/","title":{"rendered":"CANEVAS"},"content":{"rendered":"\t\t<div data-elementor-type=\"wp-page\" data-elementor-id=\"22289\" class=\"elementor elementor-22289\">\n\t\t\t\t\t\t<section class=\"elementor-section elementor-top-section elementor-element elementor-element-53df813 elementor-section-boxed elementor-section-height-default elementor-section-height-default\" data-id=\"53df813\" data-element_type=\"section\">\n\t\t\t\t\t\t<div class=\"elementor-container elementor-column-gap-default\">\n\t\t\t\t\t<div class=\"elementor-column elementor-col-50 elementor-top-column elementor-element elementor-element-6f9c66f\" data-id=\"6f9c66f\" data-element_type=\"column\">\n\t\t\t<div class=\"elementor-widget-wrap elementor-element-populated\">\n\t\t\t\t\t\t<div class=\"elementor-element elementor-element-0277c0d elementor-widget elementor-widget-text-editor\" data-id=\"0277c0d\" data-element_type=\"widget\" data-widget_type=\"text-editor.default\">\n\t\t\t\t<div class=\"elementor-widget-container\">\n\t\t\t\t\t\t\t\t\t<h1><span style=\"color: #000080;\"><strong><u>LICENCE\u00a0:<\/u><\/strong><\/span><\/h1><p><span style=\"text-decoration: underline;\"><span style=\"color: #0000ff; text-decoration: underline;\">Energies renouvelables en \u00e9lectrotechnique\u00a0:<\/span><\/span><\/p><p><a href=\"https:\/\/www.univ-usto.dz\/fac-electrique\/wp-content\/uploads\/2026\/04\/A9-LIC_1-1-9.pdf\">https:\/\/www.univ-usto.dz\/fac-electrique\/wp-content\/uploads\/2026\/04\/A9-LIC_1-1-9.pdf<\/a><\/p><p><span style=\"text-decoration: underline;\"><span style=\"color: #0000ff;\">Electrotechnique\u00a0:\u00a0<\/span><\/span><\/p><p>\u00a0<a href=\"https:\/\/www.univ-usto.dz\/fac-electrique\/wp-content\/uploads\/2026\/04\/A4-Licence-Electrotechnique_MAJ-2025-1-10.pdf\">https:\/\/www.univ-usto.dz\/fac-electrique\/wp-content\/uploads\/2026\/04\/A4-Licence-Electrotechnique_MAJ-2025-1-10.pdf<\/a><\/p><p><span style=\"text-decoration: underline;\"><span style=\"color: #0000ff; text-decoration: underline;\">Electronique\u00a0:<\/span><\/span><\/p><p><a href=\"https:\/\/www.univ-usto.dz\/fac-electrique\/wp-content\/uploads\/2026\/04\/A3-Licence-Electronique_MAJ-2025-1-10.pdf\">https:\/\/www.univ-usto.dz\/fac-electrique\/wp-content\/uploads\/2026\/04\/A3-Licence-Electronique_MAJ-2025-1-10.pdf<\/a><\/p><p><span style=\"text-decoration: underline;\"><span style=\"color: #0000ff; text-decoration: underline;\">T\u00e9l\u00e9communications\u00a0:<\/span><\/span><\/p><p><a href=\"https:\/\/www.univ-usto.dz\/fac-electrique\/wp-content\/uploads\/2026\/04\/A8-Licence-Telecoms_MAJ-2025-1-10.pdf\">https:\/\/www.univ-usto.dz\/fac-electrique\/wp-content\/uploads\/2026\/04\/A8-Licence-Telecoms_MAJ-2025-1-10.pdf<\/a><\/p><p><span style=\"text-decoration: underline; color: #0000ff;\">G\u00e9nie biom\u00e9dical\u00a0:<\/span><\/p><p><a href=\"https:\/\/www.univ-usto.dz\/fac-electrique\/wp-content\/uploads\/2026\/04\/A5-Licence-Genie-Biomedical_MAJ-2025-1-10.pdf\">https:\/\/www.univ-usto.dz\/fac-electrique\/wp-content\/uploads\/2026\/04\/A5-Licence-Genie-Biomedical_MAJ-2025-1-10.pdf<\/a><\/p><p><span style=\"text-decoration: underline;\"><span style=\"color: #0000ff; text-decoration: underline;\">Electrom\u00e9canique\u00a0:<\/span><\/span><\/p><p><a href=\"https:\/\/www.univ-usto.dz\/fac-electrique\/wp-content\/uploads\/2026\/04\/A2-Licence-Electromecanique_MAJ-2025-1-10.pdf\">https:\/\/www.univ-usto.dz\/fac-electrique\/wp-content\/uploads\/2026\/04\/A2-Licence-Electromecanique_MAJ-2025-1-10.pdf<\/a><\/p><p><span style=\"text-decoration: underline;\"><span style=\"color: #0000ff; text-decoration: underline;\">Automatique\u00a0:<\/span><\/span><\/p><p><a href=\"https:\/\/www.univ-usto.dz\/fac-electrique\/wp-content\/uploads\/2026\/04\/A1-Licence-Automatique_MAJ-2025-1-10.pdf\">https:\/\/www.univ-usto.dz\/fac-electrique\/wp-content\/uploads\/2026\/04\/A1-Licence-Automatique_MAJ-2025-1-10.pdf<\/a><\/p>\t\t\t\t\t\t\t\t<\/div>\n\t\t\t\t<\/div>\n\t\t\t\t\t<\/div>\n\t\t<\/div>\n\t\t\t\t<div class=\"elementor-column elementor-col-50 elementor-top-column elementor-element elementor-element-65e72d0\" data-id=\"65e72d0\" data-element_type=\"column\">\n\t\t\t<div class=\"elementor-widget-wrap elementor-element-populated\">\n\t\t\t\t\t\t<div class=\"elementor-element elementor-element-b674315 elementor-widget elementor-widget-image\" data-id=\"b674315\" data-element_type=\"widget\" data-widget_type=\"image.default\">\n\t\t\t\t<div class=\"elementor-widget-container\">\n\t\t\t\t\t\t\t\t\t\t\t\t\t\t\t<img fetchpriority=\"high\" decoding=\"async\" width=\"341\" height=\"217\" src=\"https:\/\/www.univ-usto.dz\/fac-electrique\/wp-content\/uploads\/2026\/04\/canevas.png\" class=\"attachment-large size-large wp-image-22296\" alt=\"\" srcset=\"https:\/\/www.univ-usto.dz\/fac-electrique\/wp-content\/uploads\/2026\/04\/canevas.png 341w, https:\/\/www.univ-usto.dz\/fac-electrique\/wp-content\/uploads\/2026\/04\/canevas-300x191.png 300w, https:\/\/www.univ-usto.dz\/fac-electrique\/wp-content\/uploads\/2026\/04\/canevas-24x15.png 24w, https:\/\/www.univ-usto.dz\/fac-electrique\/wp-content\/uploads\/2026\/04\/canevas-36x23.png 36w, https:\/\/www.univ-usto.dz\/fac-electrique\/wp-content\/uploads\/2026\/04\/canevas-48x31.png 48w\" sizes=\"(max-width: 341px) 100vw, 341px\" \/>\t\t\t\t\t\t\t\t\t\t\t\t\t\t\t<\/div>\n\t\t\t\t<\/div>\n\t\t\t\t\t<\/div>\n\t\t<\/div>\n\t\t\t\t\t<\/div>\n\t\t<\/section>\n\t\t\t\t<section class=\"elementor-section elementor-top-section elementor-element elementor-element-392cd17 elementor-section-boxed elementor-section-height-default elementor-section-height-default\" data-id=\"392cd17\" data-element_type=\"section\">\n\t\t\t\t\t\t<div class=\"elementor-container elementor-column-gap-default\">\n\t\t\t\t\t<div class=\"elementor-column elementor-col-50 elementor-top-column elementor-element elementor-element-d79d0f3\" data-id=\"d79d0f3\" data-element_type=\"column\">\n\t\t\t<div class=\"elementor-widget-wrap elementor-element-populated\">\n\t\t\t\t\t\t<div class=\"elementor-element elementor-element-c900cd2 elementor-widget elementor-widget-text-editor\" data-id=\"c900cd2\" data-element_type=\"widget\" data-widget_type=\"text-editor.default\">\n\t\t\t\t<div class=\"elementor-widget-container\">\n\t\t\t\t\t\t\t\t\t<h1><strong><span style=\"color: #000080;\"><u>MASTER\u00a0: <\/u><\/span><\/strong><\/h1><p>\u00a0<\/p><p><u><span style=\"color: #0000ff;\">Commandes \u00e9lectriques\u00a0:<\/span><\/u><\/p><p><u> <a href=\"https:\/\/www.univ-usto.dz\/fac-electrique\/wp-content\/uploads\/2026\/04\/Fiches-dorganisation-semestrielles-des-enseignements_Commandes_Electriques.pdf\">https:\/\/www.univ-usto.dz\/fac-electrique\/wp-content\/uploads\/2026\/04\/Fiches-dorganisation-semestrielles-des-enseignements_Commandes_Electriques.pdf<\/a><\/u><\/p><p><span style=\"color: #0000ff;\"><u>Machines \u00e9lectriques\u00a0: <\/u><\/span><\/p><p><u><a href=\"https:\/\/www.univ-usto.dz\/fac-electrique\/wp-content\/uploads\/2026\/04\/Fiches-dorganisation-semestrielles-des-enseignements_Machines_Electriques.pdf\">https:\/\/www.univ-usto.dz\/fac-electrique\/wp-content\/uploads\/2026\/04\/Fiches-dorganisation-semestrielles-des-enseignements_Machines_Electriques.pdf<\/a><\/u><\/p><p><span style=\"color: #0000ff;\"><u>R\u00e9seaux \u00e9lectriques\u00a0:<\/u><\/span><\/p><p><u><a href=\"https:\/\/www.univ-usto.dz\/fac-electrique\/wp-content\/uploads\/2026\/04\/Fiches-dorganisation-semestrielles-des-enseignements_Reseaux_Electriques.pdf\">https:\/\/www.univ-usto.dz\/fac-electrique\/wp-content\/uploads\/2026\/04\/Fiches-dorganisation-semestrielles-des-enseignements_Reseaux_Electriques.pdf<\/a><\/u><\/p><p><span style=\"color: #0000ff;\"><u>Electrotechnique_Industrielle\u00a0<\/u>:<\/span><\/p><p><u><a href=\"https:\/\/www.univ-usto.dz\/fac-electrique\/wp-content\/uploads\/2026\/04\/Fiches-dorganisation-semestrielles-des-enseignements_Electrotechnique_Industrielle.pdf\">https:\/\/www.univ-usto.dz\/fac-electrique\/wp-content\/uploads\/2026\/04\/Fiches-dorganisation-semestrielles-des-enseignements_Electrotechnique_Industrielle.pdf<\/a><\/u><\/p><p><span style=\"color: #0000ff;\"><u>Electronique et syst\u00e8mes embarqu\u00e9s\u00a0:<\/u><\/span><\/p><p><u>\u00a0<a href=\"https:\/\/www.univ-usto.dz\/fac-electrique\/wp-content\/uploads\/2026\/04\/Fiches-dorganisation-semestrielles-des-enseignements_ESE.pdf\">https:\/\/www.univ-usto.dz\/fac-electrique\/wp-content\/uploads\/2026\/04\/Fiches-dorganisation-semestrielles-des-enseignements_ESE.pdf<\/a><\/u><\/p><p><span style=\"color: #0000ff;\"><u>Instrumentation biom\u00e9dical\u00a0: <\/u><\/span><\/p><p><u><a href=\"https:\/\/www.univ-usto.dz\/fac-electrique\/wp-content\/uploads\/2026\/04\/Fiches-dorganisation-semestrielles-des-enseignements_IB.pdf\">https:\/\/www.univ-usto.dz\/fac-electrique\/wp-content\/uploads\/2026\/04\/Fiches-dorganisation-semestrielles-des-enseignements_IB.pdf<\/a><\/u><\/p><p><span style=\"color: #0000ff;\"><u>Instrumentation\u00a0:<\/u><\/span><\/p><p><u><a href=\"https:\/\/www.univ-usto.dz\/fac-electrique\/wp-content\/uploads\/2026\/04\/Fiches-dorganisation-semestrielles-des-enseignements_Master_Instrumentation-1.pdf\">https:\/\/www.univ-usto.dz\/fac-electrique\/wp-content\/uploads\/2026\/04\/Fiches-dorganisation-semestrielles-des-enseignements_Master_Instrumentation-1.pdf<\/a><\/u><\/p><p><span style=\"color: #0000ff;\"><u>R\u00e9seaux et t\u00e9l\u00e9communications\u00a0:<\/u><\/span><\/p><p><u><a href=\"https:\/\/www.univ-usto.dz\/fac-electrique\/wp-content\/uploads\/2026\/04\/Fiches-dorganisation-semestrielles-des-enseignements_RT-1.pdf\">https:\/\/www.univ-usto.dz\/fac-electrique\/wp-content\/uploads\/2026\/04\/Fiches-dorganisation-semestrielles-des-enseignements_RT-1.pdf<\/a><\/u><\/p><p><span style=\"color: #0000ff;\"><u>Electrom\u00e9canique\u00a0: <\/u><\/span><\/p><p><u><a href=\"https:\/\/www.univ-usto.dz\/fac-electrique\/wp-content\/uploads\/2026\/04\/Fiches-dorganisation-semestrielles-des-enseignements_Master_ELM.pdf\">https:\/\/www.univ-usto.dz\/fac-electrique\/wp-content\/uploads\/2026\/04\/Fiches-dorganisation-semestrielles-des-enseignements_Master_ELM.pdf<\/a><\/u><\/p>\t\t\t\t\t\t\t\t<\/div>\n\t\t\t\t<\/div>\n\t\t\t\t\t<\/div>\n\t\t<\/div>\n\t\t\t\t<div class=\"elementor-column elementor-col-50 elementor-top-column elementor-element elementor-element-019cfd2\" data-id=\"019cfd2\" data-element_type=\"column\">\n\t\t\t<div class=\"elementor-widget-wrap elementor-element-populated\">\n\t\t\t\t\t\t<div class=\"elementor-element elementor-element-158e20d elementor-widget elementor-widget-image\" data-id=\"158e20d\" data-element_type=\"widget\" data-widget_type=\"image.default\">\n\t\t\t\t<div class=\"elementor-widget-container\">\n\t\t\t\t\t\t\t\t\t\t\t\t\t\t\t<img fetchpriority=\"high\" decoding=\"async\" width=\"341\" height=\"217\" src=\"https:\/\/www.univ-usto.dz\/fac-electrique\/wp-content\/uploads\/2026\/04\/canevas.png\" class=\"attachment-large size-large wp-image-22296\" alt=\"\" srcset=\"https:\/\/www.univ-usto.dz\/fac-electrique\/wp-content\/uploads\/2026\/04\/canevas.png 341w, https:\/\/www.univ-usto.dz\/fac-electrique\/wp-content\/uploads\/2026\/04\/canevas-300x191.png 300w, https:\/\/www.univ-usto.dz\/fac-electrique\/wp-content\/uploads\/2026\/04\/canevas-24x15.png 24w, https:\/\/www.univ-usto.dz\/fac-electrique\/wp-content\/uploads\/2026\/04\/canevas-36x23.png 36w, https:\/\/www.univ-usto.dz\/fac-electrique\/wp-content\/uploads\/2026\/04\/canevas-48x31.png 48w\" sizes=\"(max-width: 341px) 100vw, 341px\" \/>\t\t\t\t\t\t\t\t\t\t\t\t\t\t\t<\/div>\n\t\t\t\t<\/div>\n\t\t\t\t\t<\/div>\n\t\t<\/div>\n\t\t\t\t\t<\/div>\n\t\t<\/section>\n\t\t\t\t<\/div>\n\t\t","protected":false},"excerpt":{"rendered":"<p>LICENCE\u00a0: Energies renouvelables en \u00e9lectrotechnique\u00a0: https:\/\/www.univ-usto.dz\/fac-electrique\/wp-content\/uploads\/2026\/04\/A9-LIC_1-1-9.pdf Electrotechnique\u00a0:\u00a0 \u00a0https:\/\/www.univ-usto.dz\/fac-electrique\/wp-content\/uploads\/2026\/04\/A4-Licence-Electrotechnique_MAJ-2025-1-10.pdf Electronique\u00a0: https:\/\/www.univ-usto.dz\/fac-electrique\/wp-content\/uploads\/2026\/04\/A3-Licence-Electronique_MAJ-2025-1-10.pdf T\u00e9l\u00e9communications\u00a0: https:\/\/www.univ-usto.dz\/fac-electrique\/wp-content\/uploads\/2026\/04\/A8-Licence-Telecoms_MAJ-2025-1-10.pdf G\u00e9nie biom\u00e9dical\u00a0: https:\/\/www.univ-usto.dz\/fac-electrique\/wp-content\/uploads\/2026\/04\/A5-Licence-Genie-Biomedical_MAJ-2025-1-10.pdf Electrom\u00e9canique\u00a0: https:\/\/www.univ-usto.dz\/fac-electrique\/wp-content\/uploads\/2026\/04\/A2-Licence-Electromecanique_MAJ-2025-1-10.pdf Automatique\u00a0: https:\/\/www.univ-usto.dz\/fac-electrique\/wp-content\/uploads\/2026\/04\/A1-Licence-Automatique_MAJ-2025-1-10.pdf MASTER\u00a0: \u00a0 Commandes \u00e9lectriques\u00a0: https:\/\/www.univ-usto.dz\/fac-electrique\/wp-content\/uploads\/2026\/04\/Fiches-dorganisation-semestrielles-des-enseignements_Commandes_Electriques.pdf Machines \u00e9lectriques\u00a0: https:\/\/www.univ-usto.dz\/fac-electrique\/wp-content\/uploads\/2026\/04\/Fiches-dorganisation-semestrielles-des-enseignements_Machines_Electriques.pdf R\u00e9seaux \u00e9lectriques\u00a0: https:\/\/www.univ-usto.dz\/fac-electrique\/wp-content\/uploads\/2026\/04\/Fiches-dorganisation-semestrielles-des-enseignements_Reseaux_Electriques.pdf <a href=\"https:\/\/www.univ-usto.dz\/fac-electrique\/canevas\/\" class=\"read-more\">Lire la suite &#8230;<\/a><\/p>\n","protected":false},"author":21,"featured_media":0,"parent":0,"menu_order":0,"comment_status":"closed","ping_status":"closed","template":"","meta":{"footnotes":""},"class_list":["post-22289","page","type-page","status-publish","hentry"],"_links":{"self":[{"href":"https:\/\/www.univ-usto.dz\/fac-electrique\/wp-json\/wp\/v2\/pages\/22289","targetHints":{"allow":["GET"]}}],"collection":[{"href":"https:\/\/www.univ-usto.dz\/fac-electrique\/wp-json\/wp\/v2\/pages"}],"about":[{"href":"https:\/\/www.univ-usto.dz\/fac-electrique\/wp-json\/wp\/v2\/types\/page"}],"author":[{"embeddable":true,"href":"https:\/\/www.univ-usto.dz\/fac-electrique\/wp-json\/wp\/v2\/users\/21"}],"replies":[{"embeddable":true,"href":"https:\/\/www.univ-usto.dz\/fac-electrique\/wp-json\/wp\/v2\/comments?post=22289"}],"version-history":[{"count":4,"href":"https:\/\/www.univ-usto.dz\/fac-electrique\/wp-json\/wp\/v2\/pages\/22289\/revisions"}],"predecessor-version":[{"id":22316,"href":"https:\/\/www.univ-usto.dz\/fac-electrique\/wp-json\/wp\/v2\/pages\/22289\/revisions\/22316"}],"wp:attachment":[{"href":"https:\/\/www.univ-usto.dz\/fac-electrique\/wp-json\/wp\/v2\/media?parent=22289"}],"curies":[{"name":"wp","href":"https:\/\/api.w.org\/{rel}","templated":true}]}}