{"id":3049,"date":"2020-09-03T17:48:04","date_gmt":"2020-09-03T17:48:04","guid":{"rendered":"http:\/\/www.univ-usto.dz\/fac-electrique\/?page_id=3049"},"modified":"2020-09-29T19:35:37","modified_gmt":"2020-09-29T19:35:37","slug":"cotutelle","status":"publish","type":"page","link":"https:\/\/www.univ-usto.dz\/fac-electrique\/cotutelle\/","title":{"rendered":"Cotutelle"},"content":{"rendered":"\t\t<div data-elementor-type=\"wp-page\" data-elementor-id=\"3049\" class=\"elementor elementor-3049\">\n\t\t\t\t\t\t<section class=\"elementor-section elementor-top-section elementor-element elementor-element-b8dfcfb elementor-section-boxed elementor-section-height-default elementor-section-height-default\" data-id=\"b8dfcfb\" data-element_type=\"section\">\n\t\t\t\t\t\t<div class=\"elementor-container elementor-column-gap-default\">\n\t\t\t\t\t<div class=\"elementor-column elementor-col-33 elementor-top-column elementor-element elementor-element-6b6cccc\" data-id=\"6b6cccc\" data-element_type=\"column\">\n\t\t\t<div class=\"elementor-widget-wrap elementor-element-populated\">\n\t\t\t\t\t\t<div class=\"elementor-element elementor-element-b877b52 elementor-widget elementor-widget-wp-widget-bellows_navigation_widget\" data-id=\"b877b52\" data-element_type=\"widget\" data-widget_type=\"wp-widget-bellows_navigation_widget.default\">\n\t\t\t\t<div class=\"elementor-widget-container\">\n\t\t\t\t\t<nav id=\"bellows-main-10\" class=\"bellows bellows-nojs bellows-main bellows-source-menu bellows-align-full bellows-skin-vanilla bellows-type-\"><ul id=\"menu-menuleftrelax\" class=\"bellows-nav\" data-bellows-config=\"main\"><li id=\"menu-item-5866\" class=\"bellows-menu-item bellows-menu-item-type-post_type bellows-menu-item-object-page bellows-menu-item-5866 bellows-item-level-0\"><a  href=\"https:\/\/www.univ-usto.dz\/fac-electrique\/formation-de-perfectionnement\/\" class=\"bellows-target\"><span class=\"bellows-target-title bellows-target-text\">Formation de Perfectionnement<\/span><\/a><\/li>\n<li id=\"menu-item-5865\" class=\"bellows-menu-item bellows-menu-item-type-post_type bellows-menu-item-object-page bellows-menu-item-5865 bellows-item-level-0\"><a  href=\"https:\/\/www.univ-usto.dz\/fac-electrique\/programme-erasmus-2\/\" class=\"bellows-target\"><span class=\"bellows-target-title bellows-target-text\">Programme Erasmus+<\/span><\/a><\/li>\n<li id=\"menu-item-85\" class=\"bellows-menu-item bellows-menu-item-type-custom bellows-menu-item-object-custom bellows-menu-item-85 bellows-item-level-0\"><a  href=\"#\" class=\"bellows-target\"><span class=\"bellows-target-title bellows-target-text\">Autres Bourses<\/span><\/a><\/li>\n<li id=\"menu-item-87\" class=\"bellows-menu-item bellows-menu-item-type-custom bellows-menu-item-object-custom bellows-menu-item-has-children bellows-menu-item-87 bellows-item-level-0\"><a  href=\"#\" class=\"bellows-target\"><span class=\"bellows-target-title bellows-target-text\">Formation<\/span><button class=\"bellows-subtoggle\" aria-label=\"Toggle Submenu\"><i class=\"bellows-subtoggle-icon-expand fa fa-chevron-down\"><\/i><i class=\"bellows-subtoggle-icon-collapse fa fa-chevron-up\"><\/i><\/button><\/a>\n<ul class=\"bellows-submenu\">\n\t<li id=\"menu-item-5864\" class=\"bellows-menu-item bellows-menu-item-type-post_type bellows-menu-item-object-page bellows-menu-item-5864 bellows-item-level-1\"><a  href=\"https:\/\/www.univ-usto.dz\/fac-electrique\/formation-doctorale-2\/\" class=\"bellows-target\"><span class=\"bellows-target-title bellows-target-text\">Formation Doctorale<\/span><\/a><\/li>\n\t<li id=\"menu-item-3214\" class=\"bellows-menu-item bellows-menu-item-type-post_type bellows-menu-item-object-page bellows-menu-item-3214 bellows-item-level-1\"><a  href=\"https:\/\/www.univ-usto.dz\/fac-electrique\/cotutelle\/\" class=\"bellows-target\"><span class=\"bellows-target-title bellows-target-text\">Cotutelle<\/span><\/a><\/li>\n\t<li id=\"menu-item-3212\" class=\"bellows-menu-item bellows-menu-item-type-post_type bellows-menu-item-object-page bellows-menu-item-3212 bellows-item-level-1\"><a  href=\"https:\/\/www.univ-usto.dz\/fac-electrique\/conge-scientifique\/\" class=\"bellows-target\"><span class=\"bellows-target-title bellows-target-text\">Cong\u00e9 Scientifique<\/span><\/a><\/li>\n<\/ul>\n<\/li>\n<li id=\"menu-item-90\" class=\"bellows-menu-item bellows-menu-item-type-custom bellows-menu-item-object-custom bellows-menu-item-has-children bellows-menu-item-90 bellows-item-level-0\"><a  href=\"#\" class=\"bellows-target\"><span class=\"bellows-target-title bellows-target-text\">Coop\u00e9ration<\/span><button class=\"bellows-subtoggle\" aria-label=\"Toggle Submenu\"><i class=\"bellows-subtoggle-icon-expand fa fa-chevron-down\"><\/i><i class=\"bellows-subtoggle-icon-collapse fa fa-chevron-up\"><\/i><\/button><\/a>\n<ul class=\"bellows-submenu\">\n\t<li id=\"menu-item-5869\" class=\"bellows-menu-item bellows-menu-item-type-post_type bellows-menu-item-object-page bellows-menu-item-5869 bellows-item-level-1\"><a  href=\"https:\/\/www.univ-usto.dz\/fac-electrique\/guide-4\/\" class=\"bellows-target\"><span class=\"bellows-target-title bellows-target-text\">Conventions nationales<\/span><\/a><\/li>\n\t<li id=\"menu-item-5872\" class=\"bellows-menu-item bellows-menu-item-type-post_type bellows-menu-item-object-page bellows-menu-item-5872 bellows-item-level-1\"><a  href=\"https:\/\/www.univ-usto.dz\/fac-electrique\/conventions-internationales\/\" class=\"bellows-target\"><span class=\"bellows-target-title bellows-target-text\">Conventions internationales<\/span><\/a><\/li>\n\t<li id=\"menu-item-3213\" class=\"bellows-menu-item bellows-menu-item-type-post_type bellows-menu-item-object-page bellows-menu-item-3213 bellows-item-level-1\"><a  href=\"https:\/\/www.univ-usto.dz\/fac-electrique\/reseaux-internationaux\/\" class=\"bellows-target\"><span class=\"bellows-target-title bellows-target-text\">R\u00e9seaux Internationaux<\/span><\/a><\/li>\n<\/ul>\n<\/li>\n<li id=\"menu-item-95\" class=\"bellows-menu-item bellows-menu-item-type-custom bellows-menu-item-object-custom bellows-menu-item-has-children bellows-menu-item-95 bellows-item-level-0\"><a  href=\"#\" class=\"bellows-target\"><span class=\"bellows-target-title bellows-target-text\">Manifestations<\/span><button class=\"bellows-subtoggle\" aria-label=\"Toggle Submenu\"><i class=\"bellows-subtoggle-icon-expand fa fa-chevron-down\"><\/i><i class=\"bellows-subtoggle-icon-collapse fa fa-chevron-up\"><\/i><\/button><\/a>\n<ul class=\"bellows-submenu\">\n\t<li id=\"menu-item-3215\" class=\"bellows-menu-item bellows-menu-item-type-post_type bellows-menu-item-object-page bellows-menu-item-3215 bellows-item-level-1\"><a  href=\"https:\/\/www.univ-usto.dz\/fac-electrique\/guide-2\/\" class=\"bellows-target\"><span class=\"bellows-target-title bellows-target-text\">Guide<\/span><\/a><\/li>\n\t<li id=\"menu-item-3209\" class=\"bellows-menu-item bellows-menu-item-type-post_type bellows-menu-item-object-page bellows-menu-item-3209 bellows-item-level-1\"><a  href=\"https:\/\/www.univ-usto.dz\/fac-electrique\/manifistation\/\" class=\"bellows-target\"><span class=\"bellows-target-title bellows-target-text\">Annonces<\/span><\/a><\/li>\n\t<li id=\"menu-item-3210\" class=\"bellows-menu-item bellows-menu-item-type-post_type bellows-menu-item-object-page bellows-menu-item-3210 bellows-item-level-1\"><a  href=\"https:\/\/www.univ-usto.dz\/fac-electrique\/guide-3\/\" class=\"bellows-target\"><span class=\"bellows-target-title bellows-target-text\">Archives<\/span><\/a><\/li>\n<\/ul>\n<\/li>\n<li id=\"menu-item-93\" class=\"bellows-menu-item bellows-menu-item-type-custom bellows-menu-item-object-custom bellows-menu-item-has-children bellows-menu-item-93 bellows-item-level-0\"><a  href=\"#\" class=\"bellows-target\"><span class=\"bellows-target-title bellows-target-text\">Communication<\/span><button class=\"bellows-subtoggle\" aria-label=\"Toggle Submenu\"><i class=\"bellows-subtoggle-icon-expand fa fa-chevron-down\"><\/i><i class=\"bellows-subtoggle-icon-collapse fa fa-chevron-up\"><\/i><\/button><\/a>\n<ul class=\"bellows-submenu\">\n\t<li id=\"menu-item-3206\" class=\"bellows-menu-item bellows-menu-item-type-post_type bellows-menu-item-object-page bellows-menu-item-3206 bellows-item-level-1\"><a  href=\"https:\/\/www.univ-usto.dz\/fac-electrique\/guide\/\" class=\"bellows-target\"><span class=\"bellows-target-title bellows-target-text\">Revue de presse<\/span><\/a><\/li>\n<\/ul>\n<\/li>\n<\/ul><\/nav>\t\t\t\t<\/div>\n\t\t\t\t<\/div>\n\t\t\t\t\t<\/div>\n\t\t<\/div>\n\t\t\t\t<div class=\"elementor-column elementor-col-66 elementor-top-column elementor-element elementor-element-39402fd\" data-id=\"39402fd\" data-element_type=\"column\">\n\t\t\t<div class=\"elementor-widget-wrap elementor-element-populated\">\n\t\t\t\t\t\t<div class=\"elementor-element elementor-element-ba21dbd elementor-widget elementor-widget-text-editor\" data-id=\"ba21dbd\" data-element_type=\"widget\" data-widget_type=\"text-editor.default\">\n\t\t\t\t<div class=\"elementor-widget-container\">\n\t\t\t\t\t\t\t\t\t<h2><strong>Cotutelle<\/strong><\/h2><div class=\"page-header\"><p><strong style=\"font-size: 16px;\">Pr\u00e9sentation<\/strong><span style=\"font-size: 16px;\">\u00a0<\/span><strong style=\"font-size: 16px;\">sur<\/strong><strong style=\"font-size: 16px;\">\u00a0la\u00a0<\/strong><strong style=\"font-size: 16px;\">cotutelle<\/strong><strong style=\"font-size: 16px;\">\u00a0internationale de\u00a0<\/strong><strong style=\"font-size: 16px;\">th\u00e8se<\/strong><strong style=\"font-size: 16px;\">\u00a0de\u00a0<\/strong><strong style=\"font-size: 16px;\">doctorat<\/strong><\/p><\/div><div><p dir=\"LTR\">La cotutelle internationale de th\u00e8se de doctorat est un dispositif qui favorise la mobilit\u00e9\u00a0internationale\u00a0du doctorant, instaure et d\u00e9veloppe un \u00e9change scientifique entre les \u00e9quipes de recherche alg\u00e9riennes et \u00e9trang\u00e8res qui travaillent sur une probl\u00e9matique, mise, dans un contexte international.<\/p><p dir=\"LTR\">La cotutelle de these est une coop\u00e9ration scientifique bilat\u00e9rale o\u00f9 l\u2019expertise de deux directeurs de recherche permet la r\u00e9alisation d\u2019un travail original par le futur docteur.<\/p><p dir=\"LTR\">Elle constitue une forme sp\u00e9cifique de codirection, elle s\u2019inscrit dans les limites d\u2019une convention qui encadre l\u2019ensemble des modalit\u00e9s du doctorat, de l\u2019inscription \u00e0 la soutenance et \u00e0 la delivrance d&rsquo;un ou deux dipl\u00f4mes.<\/p><p dir=\"LTR\">L&rsquo;arr\u00eat\u00e9 n\u00b0704 du 16 juin 2016, fixe les proc\u00e9dures et les modalit\u00e9s d&rsquo;organisation de la cotutelle internationale de th\u00e8se de\u00a0doctorat.<\/p><p><strong>T\u00e9l\u00e9charger<\/strong><\/p><p><strong>\u00a0<a href=\"https:\/\/https:\/\/www.univ-usto.dz\/fac-electrique\/site_divers\/vrre\/images\/Conventions\/ModeleCotutelleThese.doc\" target=\"_blank\" rel=\"noopener\">Mod\u00e8le de convention de cotutelle de th\u00e8se.<\/a><\/strong><\/p><p><strong><a href=\"https:\/\/https:\/\/www.univ-usto.dz\/fac-electrique\/site_divers\/vrre\/images\/Conventions\/ArreteCotutelle.pdf\" target=\"_blank\" rel=\"noopener\">Arr\u00eat\u00e9 minist\u00e9riel relatif \u00e0 la cotutelle de th\u00e8se.<\/a><\/strong><\/p><\/div>\t\t\t\t\t\t\t\t<\/div>\n\t\t\t\t<\/div>\n\t\t\t\t\t<\/div>\n\t\t<\/div>\n\t\t\t\t\t<\/div>\n\t\t<\/section>\n\t\t\t\t<section class=\"elementor-section elementor-top-section elementor-element elementor-element-03a64e4 elementor-section-boxed elementor-section-height-default elementor-section-height-default\" data-id=\"03a64e4\" data-element_type=\"section\">\n\t\t\t\t\t\t<div class=\"elementor-container elementor-column-gap-default\">\n\t\t\t\t\t<div class=\"elementor-column elementor-col-100 elementor-top-column elementor-element elementor-element-14654b5\" data-id=\"14654b5\" data-element_type=\"column\">\n\t\t\t<div class=\"elementor-widget-wrap elementor-element-populated\">\n\t\t\t\t\t\t\t<\/div>\n\t\t<\/div>\n\t\t\t\t\t<\/div>\n\t\t<\/section>\n\t\t\t\t<\/div>\n\t\t","protected":false},"excerpt":{"rendered":"<p>Cotutelle Pr\u00e9sentation\u00a0sur\u00a0la\u00a0cotutelle\u00a0internationale de\u00a0th\u00e8se\u00a0de\u00a0doctorat La cotutelle internationale de th\u00e8se de doctorat est un dispositif qui favorise la mobilit\u00e9\u00a0internationale\u00a0du doctorant, instaure et d\u00e9veloppe un \u00e9change scientifique entre les \u00e9quipes de recherche alg\u00e9riennes <a href=\"https:\/\/www.univ-usto.dz\/fac-electrique\/cotutelle\/\" class=\"read-more\">Lire la suite &#8230;<\/a><\/p>\n","protected":false},"author":1,"featured_media":0,"parent":0,"menu_order":0,"comment_status":"closed","ping_status":"closed","template":"","meta":{"footnotes":""},"class_list":["post-3049","page","type-page","status-publish","hentry"],"_links":{"self":[{"href":"https:\/\/www.univ-usto.dz\/fac-electrique\/wp-json\/wp\/v2\/pages\/3049","targetHints":{"allow":["GET"]}}],"collection":[{"href":"https:\/\/www.univ-usto.dz\/fac-electrique\/wp-json\/wp\/v2\/pages"}],"about":[{"href":"https:\/\/www.univ-usto.dz\/fac-electrique\/wp-json\/wp\/v2\/types\/page"}],"author":[{"embeddable":true,"href":"https:\/\/www.univ-usto.dz\/fac-electrique\/wp-json\/wp\/v2\/users\/1"}],"replies":[{"embeddable":true,"href":"https:\/\/www.univ-usto.dz\/fac-electrique\/wp-json\/wp\/v2\/comments?post=3049"}],"version-history":[{"count":14,"href":"https:\/\/www.univ-usto.dz\/fac-electrique\/wp-json\/wp\/v2\/pages\/3049\/revisions"}],"predecessor-version":[{"id":5125,"href":"https:\/\/www.univ-usto.dz\/fac-electrique\/wp-json\/wp\/v2\/pages\/3049\/revisions\/5125"}],"wp:attachment":[{"href":"https:\/\/www.univ-usto.dz\/fac-electrique\/wp-json\/wp\/v2\/media?parent=3049"}],"curies":[{"name":"wp","href":"https:\/\/api.w.org\/{rel}","templated":true}]}}