{"id":3061,"date":"2020-09-03T18:00:02","date_gmt":"2020-09-03T18:00:02","guid":{"rendered":"http:\/\/www.univ-usto.dz\/fac-electrique\/?page_id=3061"},"modified":"2020-09-29T19:55:21","modified_gmt":"2020-09-29T19:55:21","slug":"reseaux-internationaux","status":"publish","type":"page","link":"https:\/\/www.univ-usto.dz\/fac-electrique\/reseaux-internationaux\/","title":{"rendered":"R\u00e9seaux Internationaux"},"content":{"rendered":"\t\t<div data-elementor-type=\"wp-page\" data-elementor-id=\"3061\" class=\"elementor elementor-3061\">\n\t\t\t\t\t\t<section class=\"elementor-section elementor-top-section elementor-element elementor-element-b8dfcfb elementor-section-boxed elementor-section-height-default elementor-section-height-default\" data-id=\"b8dfcfb\" data-element_type=\"section\">\n\t\t\t\t\t\t<div class=\"elementor-container elementor-column-gap-default\">\n\t\t\t\t\t<div class=\"elementor-column elementor-col-33 elementor-top-column elementor-element elementor-element-6b6cccc\" data-id=\"6b6cccc\" data-element_type=\"column\">\n\t\t\t<div class=\"elementor-widget-wrap elementor-element-populated\">\n\t\t\t\t\t\t<div class=\"elementor-element elementor-element-ab4a364 elementor-widget elementor-widget-wp-widget-bellows_navigation_widget\" data-id=\"ab4a364\" data-element_type=\"widget\" data-widget_type=\"wp-widget-bellows_navigation_widget.default\">\n\t\t\t\t<div class=\"elementor-widget-container\">\n\t\t\t\t\t<nav id=\"bellows-main-10\" class=\"bellows bellows-nojs bellows-main bellows-source-menu bellows-align-full bellows-skin-vanilla bellows-type-\"><ul id=\"menu-menuleftrelax\" class=\"bellows-nav\" data-bellows-config=\"main\"><li id=\"menu-item-5866\" class=\"bellows-menu-item bellows-menu-item-type-post_type bellows-menu-item-object-page bellows-menu-item-5866 bellows-item-level-0\"><a  href=\"https:\/\/www.univ-usto.dz\/fac-electrique\/formation-de-perfectionnement\/\" class=\"bellows-target\"><span class=\"bellows-target-title bellows-target-text\">Formation de Perfectionnement<\/span><\/a><\/li>\n<li id=\"menu-item-5865\" class=\"bellows-menu-item bellows-menu-item-type-post_type bellows-menu-item-object-page bellows-menu-item-5865 bellows-item-level-0\"><a  href=\"https:\/\/www.univ-usto.dz\/fac-electrique\/programme-erasmus-2\/\" class=\"bellows-target\"><span class=\"bellows-target-title bellows-target-text\">Programme Erasmus+<\/span><\/a><\/li>\n<li id=\"menu-item-85\" class=\"bellows-menu-item bellows-menu-item-type-custom bellows-menu-item-object-custom bellows-menu-item-85 bellows-item-level-0\"><a  href=\"#\" class=\"bellows-target\"><span class=\"bellows-target-title bellows-target-text\">Autres Bourses<\/span><\/a><\/li>\n<li id=\"menu-item-87\" class=\"bellows-menu-item bellows-menu-item-type-custom bellows-menu-item-object-custom bellows-menu-item-has-children bellows-menu-item-87 bellows-item-level-0\"><a  href=\"#\" class=\"bellows-target\"><span class=\"bellows-target-title bellows-target-text\">Formation<\/span><button class=\"bellows-subtoggle\" aria-label=\"Toggle Submenu\"><i class=\"bellows-subtoggle-icon-expand fa fa-chevron-down\"><\/i><i class=\"bellows-subtoggle-icon-collapse fa fa-chevron-up\"><\/i><\/button><\/a>\n<ul class=\"bellows-submenu\">\n\t<li id=\"menu-item-5864\" class=\"bellows-menu-item bellows-menu-item-type-post_type bellows-menu-item-object-page bellows-menu-item-5864 bellows-item-level-1\"><a  href=\"https:\/\/www.univ-usto.dz\/fac-electrique\/formation-doctorale-2\/\" class=\"bellows-target\"><span class=\"bellows-target-title bellows-target-text\">Formation Doctorale<\/span><\/a><\/li>\n\t<li id=\"menu-item-3214\" class=\"bellows-menu-item bellows-menu-item-type-post_type bellows-menu-item-object-page bellows-menu-item-3214 bellows-item-level-1\"><a  href=\"https:\/\/www.univ-usto.dz\/fac-electrique\/cotutelle\/\" class=\"bellows-target\"><span class=\"bellows-target-title bellows-target-text\">Cotutelle<\/span><\/a><\/li>\n\t<li id=\"menu-item-3212\" class=\"bellows-menu-item bellows-menu-item-type-post_type bellows-menu-item-object-page bellows-menu-item-3212 bellows-item-level-1\"><a  href=\"https:\/\/www.univ-usto.dz\/fac-electrique\/conge-scientifique\/\" class=\"bellows-target\"><span class=\"bellows-target-title bellows-target-text\">Cong\u00e9 Scientifique<\/span><\/a><\/li>\n<\/ul>\n<\/li>\n<li id=\"menu-item-90\" class=\"bellows-menu-item bellows-menu-item-type-custom bellows-menu-item-object-custom bellows-menu-item-has-children bellows-menu-item-90 bellows-item-level-0\"><a  href=\"#\" class=\"bellows-target\"><span class=\"bellows-target-title bellows-target-text\">Coop\u00e9ration<\/span><button class=\"bellows-subtoggle\" aria-label=\"Toggle Submenu\"><i class=\"bellows-subtoggle-icon-expand fa fa-chevron-down\"><\/i><i class=\"bellows-subtoggle-icon-collapse fa fa-chevron-up\"><\/i><\/button><\/a>\n<ul class=\"bellows-submenu\">\n\t<li id=\"menu-item-5869\" class=\"bellows-menu-item bellows-menu-item-type-post_type bellows-menu-item-object-page bellows-menu-item-5869 bellows-item-level-1\"><a  href=\"https:\/\/www.univ-usto.dz\/fac-electrique\/guide-4\/\" class=\"bellows-target\"><span class=\"bellows-target-title bellows-target-text\">Conventions nationales<\/span><\/a><\/li>\n\t<li id=\"menu-item-5872\" class=\"bellows-menu-item bellows-menu-item-type-post_type bellows-menu-item-object-page bellows-menu-item-5872 bellows-item-level-1\"><a  href=\"https:\/\/www.univ-usto.dz\/fac-electrique\/conventions-internationales\/\" class=\"bellows-target\"><span class=\"bellows-target-title bellows-target-text\">Conventions internationales<\/span><\/a><\/li>\n\t<li id=\"menu-item-3213\" class=\"bellows-menu-item bellows-menu-item-type-post_type bellows-menu-item-object-page bellows-menu-item-3213 bellows-item-level-1\"><a  href=\"https:\/\/www.univ-usto.dz\/fac-electrique\/reseaux-internationaux\/\" class=\"bellows-target\"><span class=\"bellows-target-title bellows-target-text\">R\u00e9seaux Internationaux<\/span><\/a><\/li>\n<\/ul>\n<\/li>\n<li id=\"menu-item-95\" class=\"bellows-menu-item bellows-menu-item-type-custom bellows-menu-item-object-custom bellows-menu-item-has-children bellows-menu-item-95 bellows-item-level-0\"><a  href=\"#\" class=\"bellows-target\"><span class=\"bellows-target-title bellows-target-text\">Manifestations<\/span><button class=\"bellows-subtoggle\" aria-label=\"Toggle Submenu\"><i class=\"bellows-subtoggle-icon-expand fa fa-chevron-down\"><\/i><i class=\"bellows-subtoggle-icon-collapse fa fa-chevron-up\"><\/i><\/button><\/a>\n<ul class=\"bellows-submenu\">\n\t<li id=\"menu-item-3215\" class=\"bellows-menu-item bellows-menu-item-type-post_type bellows-menu-item-object-page bellows-menu-item-3215 bellows-item-level-1\"><a  href=\"https:\/\/www.univ-usto.dz\/fac-electrique\/guide-2\/\" class=\"bellows-target\"><span class=\"bellows-target-title bellows-target-text\">Guide<\/span><\/a><\/li>\n\t<li id=\"menu-item-3209\" class=\"bellows-menu-item bellows-menu-item-type-post_type bellows-menu-item-object-page bellows-menu-item-3209 bellows-item-level-1\"><a  href=\"https:\/\/www.univ-usto.dz\/fac-electrique\/manifistation\/\" class=\"bellows-target\"><span class=\"bellows-target-title bellows-target-text\">Annonces<\/span><\/a><\/li>\n\t<li id=\"menu-item-3210\" class=\"bellows-menu-item bellows-menu-item-type-post_type bellows-menu-item-object-page bellows-menu-item-3210 bellows-item-level-1\"><a  href=\"https:\/\/www.univ-usto.dz\/fac-electrique\/guide-3\/\" class=\"bellows-target\"><span class=\"bellows-target-title bellows-target-text\">Archives<\/span><\/a><\/li>\n<\/ul>\n<\/li>\n<li id=\"menu-item-93\" class=\"bellows-menu-item bellows-menu-item-type-custom bellows-menu-item-object-custom bellows-menu-item-has-children bellows-menu-item-93 bellows-item-level-0\"><a  href=\"#\" class=\"bellows-target\"><span class=\"bellows-target-title bellows-target-text\">Communication<\/span><button class=\"bellows-subtoggle\" aria-label=\"Toggle Submenu\"><i class=\"bellows-subtoggle-icon-expand fa fa-chevron-down\"><\/i><i class=\"bellows-subtoggle-icon-collapse fa fa-chevron-up\"><\/i><\/button><\/a>\n<ul class=\"bellows-submenu\">\n\t<li id=\"menu-item-3206\" class=\"bellows-menu-item bellows-menu-item-type-post_type bellows-menu-item-object-page bellows-menu-item-3206 bellows-item-level-1\"><a  href=\"https:\/\/www.univ-usto.dz\/fac-electrique\/guide\/\" class=\"bellows-target\"><span class=\"bellows-target-title bellows-target-text\">Revue de presse<\/span><\/a><\/li>\n<\/ul>\n<\/li>\n<\/ul><\/nav>\t\t\t\t<\/div>\n\t\t\t\t<\/div>\n\t\t\t\t\t<\/div>\n\t\t<\/div>\n\t\t\t\t<div class=\"elementor-column elementor-col-66 elementor-top-column elementor-element elementor-element-39402fd\" data-id=\"39402fd\" data-element_type=\"column\">\n\t\t\t<div class=\"elementor-widget-wrap elementor-element-populated\">\n\t\t\t\t\t\t<div class=\"elementor-element elementor-element-ba21dbd elementor-widget elementor-widget-text-editor\" data-id=\"ba21dbd\" data-element_type=\"widget\" data-widget_type=\"text-editor.default\">\n\t\t\t\t<div class=\"elementor-widget-container\">\n\t\t\t\t\t\t\t\t\t<h2 class=\"entry-title\">R\u00e9seaux Internationaux<\/h2><p><strong>Agence Universitaire de la Francophonie\u00a0(AUF)<\/strong><\/p><p><img decoding=\"async\" src=\"https:\/\/https:\/\/www.univ-usto.dz\/fac-electrique\/site_divers\/vrre\/images\/AUF.jpg\" alt=\"AUF\" \/><\/p><p>L\u2019Agence universitaire de la Francophonie apporte son appui aux actions qui ont pour finalit\u00e9\u00a0la promotion de la science en langue fran\u00e7aise. Dans ce cadre, l\u2019AUF-Maghreb, en ex\u00e9cution du projet\u00a0\u00ab\u00a0Appui \u00e0 la recherche par la diffusion des savoirs Doctoriales\u00a0\u00bb, lance le pr\u00e9sent appel \u00e0 candidatures<\/p><p>au sein des \u00e9tablissements maghr\u00e9bins (Alg\u00e9rie, Maroc, Tunisie), membres de l\u2019AUF.<\/p><p>Lire le d\u00e9tail sur le site:\u00a0<a href=\"http:\/\/www.auf.org\/\" target=\"_blank\" rel=\"noopener\">www.auf.org<\/a><\/p><p><strong>Physikalisch Technische Bundesanstalt (PTB)<\/strong><\/p><p><img decoding=\"async\" src=\"https:\/\/https:\/\/www.univ-usto.dz\/fac-electrique\/site_divers\/vrre\/images\/PTB.png\" alt=\"PTB\" \/><\/p><p>Depuis le 1er mai, le nouveau centre de l&rsquo;appareil existe \u00ab pour la m\u00e9trologie des champs magn\u00e9tiques ultra-bas \u00bb\u00a0\u00a0sur le site de la Physikalisch-Technische Bundesanstalt (PTB) \u00e0 Berlin-Charlottenburg. Financ\u00e9 par la Fondation<\/p><p>\u00a0allemande pour la recherche (DFG)<\/p><p>\u00a0Lire le d\u00e9tail sur le site:<a href=\"https:\/\/www.ptb.de\/cms\/\">www.ptb.de\/cms\/<\/a><\/p><p><strong>Union des Universit\u00e9s de la M\u00e9diterran\u00e9e\u00a0L\u2019UNIMED\u00a0\u00a0<\/strong><\/p><p><img decoding=\"async\" src=\"https:\/\/https:\/\/www.univ-usto.dz\/fac-electrique\/site_divers\/vrre\/images\/unimed2.jpg\" alt=\"unimed2\" width=\"181\" height=\"116\" \/><\/p><p>fond\u00e9e en octobre 1991, est une association d\u2019Universit\u00e9s du bassin de la M\u00e9diterran\u00e9e<\/p><p>\u00a0L\u2019UNIMED compte 93 universit\u00e9s associ\u00e9es qui proviennent de 22 Pays des deux rives de<\/p><p>la M\u00e9diterran\u00e9e. L&rsquo;UNIMED a le but de promouvoir la recherche universitaire et la formation\u00a0 dans la r\u00e9gion euro-m\u00e9diterran\u00e9enne pour contribuer au processus de coop\u00e9ration \u00a0scientifique, culturelle, sociale, et \u00e9conomique<\/p><p>Lire le d\u00e9tail sur le site:\u00a0<a href=\"http:\/\/www.uni-med.net\/\">www.uni-med.net\/<\/a><\/p><p><strong>Universites Evromaghrebines Averro\u00e9s<\/strong><\/p><p><img decoding=\"async\" src=\"https:\/\/https:\/\/www.univ-usto.dz\/fac-electrique\/site_divers\/vrre\/images\/averroes.jpg\" alt=\"averroes\" width=\"202\" height=\"107\" \/><\/p><div>Le r\u00e9seau Averro\u00e8s r\u00e9unit sur les deux rives de la m\u00e9diterran\u00e9e 65 universit\u00e9s\u00a05 collectivit\u00e9s territoriales, 16 entreprises et 7 r\u00e9seaux internationaux.<\/div><div>Si la composition du Consortium est fix\u00e9e \u00e0 20 universit\u00e9s, le nombre de partenaires\u00a0associ\u00e9s ne cesse d&rsquo;augmenter\u00a0<\/div><div>Lire le d\u00e9tail sur le site:\u00a0<a href=\"http:\/\/www.averroes.fr\/fr\/accueilfr\/81-le-reseau\/72-le-reseau-averroes\">www.averroes.fr\/fr\/accueilfr\/81-le-reseau\/72-le-reseau-averroes<\/a><\/div><div><p><strong>Programme European Commission TEMPUS<\/strong>\u00a0<\/p><\/div><div><p><img decoding=\"async\" src=\"https:\/\/https:\/\/www.univ-usto.dz\/fac-electrique\/site_divers\/vrre\/images\/tempus.png\" alt=\"tempus\" width=\"210\" height=\"105\" \/><\/p><\/div><div>\u00a0Tempus est un programme financ\u00e9 par l\u2019Union europ\u00e9enne qui contribue\u00a0\u00e0 la modernisation<\/div><div>\u00a0de l\u2019enseignement sup\u00e9rieur dans les pays partenaires\u00a0de l\u2019Europe de l&rsquo;Est, d\u2019Asie centrale,<\/div><div>\u00a0des Balkans occidentaux et de la r\u00e9gion m\u00e9diterran\u00e9enne.<\/div><div>\u00a0Le programme Tempus favorise la coop\u00e9ration institutionnelle en se concentrant sur la r\u00e9forme<\/div><div>\u00a0et la modernisation des syst\u00e8mes\u00a0 d\u2019enseignement sup\u00e9rieur dans les pays partenaires<\/div><div>Lire le d\u00e9tail sur le\u00a0 site: <a href=\"https:\/\/eacea.ec.europa.eu\/homepage_fr\">eacea.ec.europa.eu\/homepage_fr<\/a><\/div><div>\u00a0<\/div>\t\t\t\t\t\t\t\t<\/div>\n\t\t\t\t<\/div>\n\t\t\t\t\t<\/div>\n\t\t<\/div>\n\t\t\t\t\t<\/div>\n\t\t<\/section>\n\t\t\t\t<section class=\"elementor-section elementor-top-section elementor-element elementor-element-03a64e4 elementor-section-boxed elementor-section-height-default elementor-section-height-default\" data-id=\"03a64e4\" data-element_type=\"section\">\n\t\t\t\t\t\t<div class=\"elementor-container elementor-column-gap-default\">\n\t\t\t\t\t<div class=\"elementor-column elementor-col-100 elementor-top-column elementor-element elementor-element-14654b5\" data-id=\"14654b5\" data-element_type=\"column\">\n\t\t\t<div class=\"elementor-widget-wrap elementor-element-populated\">\n\t\t\t\t\t\t\t<\/div>\n\t\t<\/div>\n\t\t\t\t\t<\/div>\n\t\t<\/section>\n\t\t\t\t<\/div>\n\t\t","protected":false},"excerpt":{"rendered":"<p>R\u00e9seaux Internationaux Agence Universitaire de la Francophonie\u00a0(AUF) L\u2019Agence universitaire de la Francophonie apporte son appui aux actions qui ont pour finalit\u00e9\u00a0la promotion de la science en langue fran\u00e7aise. Dans ce <a href=\"https:\/\/www.univ-usto.dz\/fac-electrique\/reseaux-internationaux\/\" class=\"read-more\">Lire la suite &#8230;<\/a><\/p>\n","protected":false},"author":1,"featured_media":0,"parent":0,"menu_order":0,"comment_status":"closed","ping_status":"closed","template":"","meta":{"footnotes":""},"class_list":["post-3061","page","type-page","status-publish","hentry"],"_links":{"self":[{"href":"https:\/\/www.univ-usto.dz\/fac-electrique\/wp-json\/wp\/v2\/pages\/3061","targetHints":{"allow":["GET"]}}],"collection":[{"href":"https:\/\/www.univ-usto.dz\/fac-electrique\/wp-json\/wp\/v2\/pages"}],"about":[{"href":"https:\/\/www.univ-usto.dz\/fac-electrique\/wp-json\/wp\/v2\/types\/page"}],"author":[{"embeddable":true,"href":"https:\/\/www.univ-usto.dz\/fac-electrique\/wp-json\/wp\/v2\/users\/1"}],"replies":[{"embeddable":true,"href":"https:\/\/www.univ-usto.dz\/fac-electrique\/wp-json\/wp\/v2\/comments?post=3061"}],"version-history":[{"count":17,"href":"https:\/\/www.univ-usto.dz\/fac-electrique\/wp-json\/wp\/v2\/pages\/3061\/revisions"}],"predecessor-version":[{"id":5119,"href":"https:\/\/www.univ-usto.dz\/fac-electrique\/wp-json\/wp\/v2\/pages\/3061\/revisions\/5119"}],"wp:attachment":[{"href":"https:\/\/www.univ-usto.dz\/fac-electrique\/wp-json\/wp\/v2\/media?parent=3061"}],"curies":[{"name":"wp","href":"https:\/\/api.w.org\/{rel}","templated":true}]}}