{"id":3088,"date":"2020-09-03T18:52:13","date_gmt":"2020-09-03T18:52:13","guid":{"rendered":"http:\/\/www.univ-usto.dz\/fac-electrique\/?page_id=3088"},"modified":"2020-09-29T19:43:43","modified_gmt":"2020-09-29T19:43:43","slug":"guide-3","status":"publish","type":"page","link":"https:\/\/www.univ-usto.dz\/fac-electrique\/guide-3\/","title":{"rendered":"Manifestations Scientifiques 2019"},"content":{"rendered":"\t\t<div data-elementor-type=\"wp-page\" data-elementor-id=\"3088\" class=\"elementor elementor-3088\">\n\t\t\t\t\t\t<section class=\"elementor-section elementor-top-section elementor-element elementor-element-b8dfcfb elementor-section-boxed elementor-section-height-default elementor-section-height-default\" data-id=\"b8dfcfb\" data-element_type=\"section\">\n\t\t\t\t\t\t<div class=\"elementor-container elementor-column-gap-default\">\n\t\t\t\t\t<div class=\"elementor-column elementor-col-33 elementor-top-column elementor-element elementor-element-6b6cccc\" data-id=\"6b6cccc\" data-element_type=\"column\">\n\t\t\t<div class=\"elementor-widget-wrap elementor-element-populated\">\n\t\t\t\t\t\t<div class=\"elementor-element elementor-element-baaff09 elementor-widget elementor-widget-wp-widget-bellows_navigation_widget\" data-id=\"baaff09\" data-element_type=\"widget\" data-widget_type=\"wp-widget-bellows_navigation_widget.default\">\n\t\t\t\t<div class=\"elementor-widget-container\">\n\t\t\t\t\t<nav id=\"bellows-main-10\" class=\"bellows bellows-nojs bellows-main bellows-source-menu bellows-align-full bellows-skin-vanilla bellows-type-\"><ul id=\"menu-menuleftrelax\" class=\"bellows-nav\" data-bellows-config=\"main\"><li id=\"menu-item-5866\" class=\"bellows-menu-item bellows-menu-item-type-post_type bellows-menu-item-object-page bellows-menu-item-5866 bellows-item-level-0\"><a  href=\"https:\/\/www.univ-usto.dz\/fac-electrique\/formation-de-perfectionnement\/\" class=\"bellows-target\"><span class=\"bellows-target-title bellows-target-text\">Formation de Perfectionnement<\/span><\/a><\/li>\n<li id=\"menu-item-5865\" class=\"bellows-menu-item bellows-menu-item-type-post_type bellows-menu-item-object-page bellows-menu-item-5865 bellows-item-level-0\"><a  href=\"https:\/\/www.univ-usto.dz\/fac-electrique\/programme-erasmus-2\/\" class=\"bellows-target\"><span class=\"bellows-target-title bellows-target-text\">Programme Erasmus+<\/span><\/a><\/li>\n<li id=\"menu-item-85\" class=\"bellows-menu-item bellows-menu-item-type-custom bellows-menu-item-object-custom bellows-menu-item-85 bellows-item-level-0\"><a  href=\"#\" class=\"bellows-target\"><span class=\"bellows-target-title bellows-target-text\">Autres Bourses<\/span><\/a><\/li>\n<li id=\"menu-item-87\" class=\"bellows-menu-item bellows-menu-item-type-custom bellows-menu-item-object-custom bellows-menu-item-has-children bellows-menu-item-87 bellows-item-level-0\"><a  href=\"#\" class=\"bellows-target\"><span class=\"bellows-target-title bellows-target-text\">Formation<\/span><button class=\"bellows-subtoggle\" aria-label=\"Toggle Submenu\"><i class=\"bellows-subtoggle-icon-expand fa fa-chevron-down\"><\/i><i class=\"bellows-subtoggle-icon-collapse fa fa-chevron-up\"><\/i><\/button><\/a>\n<ul class=\"bellows-submenu\">\n\t<li id=\"menu-item-5864\" class=\"bellows-menu-item bellows-menu-item-type-post_type bellows-menu-item-object-page bellows-menu-item-5864 bellows-item-level-1\"><a  href=\"https:\/\/www.univ-usto.dz\/fac-electrique\/formation-doctorale-2\/\" class=\"bellows-target\"><span class=\"bellows-target-title bellows-target-text\">Formation Doctorale<\/span><\/a><\/li>\n\t<li id=\"menu-item-3214\" class=\"bellows-menu-item bellows-menu-item-type-post_type bellows-menu-item-object-page bellows-menu-item-3214 bellows-item-level-1\"><a  href=\"https:\/\/www.univ-usto.dz\/fac-electrique\/cotutelle\/\" class=\"bellows-target\"><span class=\"bellows-target-title bellows-target-text\">Cotutelle<\/span><\/a><\/li>\n\t<li id=\"menu-item-3212\" class=\"bellows-menu-item bellows-menu-item-type-post_type bellows-menu-item-object-page bellows-menu-item-3212 bellows-item-level-1\"><a  href=\"https:\/\/www.univ-usto.dz\/fac-electrique\/conge-scientifique\/\" class=\"bellows-target\"><span class=\"bellows-target-title bellows-target-text\">Cong\u00e9 Scientifique<\/span><\/a><\/li>\n<\/ul>\n<\/li>\n<li id=\"menu-item-90\" class=\"bellows-menu-item bellows-menu-item-type-custom bellows-menu-item-object-custom bellows-menu-item-has-children bellows-menu-item-90 bellows-item-level-0\"><a  href=\"#\" class=\"bellows-target\"><span class=\"bellows-target-title bellows-target-text\">Coop\u00e9ration<\/span><button class=\"bellows-subtoggle\" aria-label=\"Toggle Submenu\"><i class=\"bellows-subtoggle-icon-expand fa fa-chevron-down\"><\/i><i class=\"bellows-subtoggle-icon-collapse fa fa-chevron-up\"><\/i><\/button><\/a>\n<ul class=\"bellows-submenu\">\n\t<li id=\"menu-item-5869\" class=\"bellows-menu-item bellows-menu-item-type-post_type bellows-menu-item-object-page bellows-menu-item-5869 bellows-item-level-1\"><a  href=\"https:\/\/www.univ-usto.dz\/fac-electrique\/guide-4\/\" class=\"bellows-target\"><span class=\"bellows-target-title bellows-target-text\">Conventions nationales<\/span><\/a><\/li>\n\t<li id=\"menu-item-5872\" class=\"bellows-menu-item bellows-menu-item-type-post_type bellows-menu-item-object-page bellows-menu-item-5872 bellows-item-level-1\"><a  href=\"https:\/\/www.univ-usto.dz\/fac-electrique\/conventions-internationales\/\" class=\"bellows-target\"><span class=\"bellows-target-title bellows-target-text\">Conventions internationales<\/span><\/a><\/li>\n\t<li id=\"menu-item-3213\" class=\"bellows-menu-item bellows-menu-item-type-post_type bellows-menu-item-object-page bellows-menu-item-3213 bellows-item-level-1\"><a  href=\"https:\/\/www.univ-usto.dz\/fac-electrique\/reseaux-internationaux\/\" class=\"bellows-target\"><span class=\"bellows-target-title bellows-target-text\">R\u00e9seaux Internationaux<\/span><\/a><\/li>\n<\/ul>\n<\/li>\n<li id=\"menu-item-95\" class=\"bellows-menu-item bellows-menu-item-type-custom bellows-menu-item-object-custom bellows-menu-item-has-children bellows-menu-item-95 bellows-item-level-0\"><a  href=\"#\" class=\"bellows-target\"><span class=\"bellows-target-title bellows-target-text\">Manifestations<\/span><button class=\"bellows-subtoggle\" aria-label=\"Toggle Submenu\"><i class=\"bellows-subtoggle-icon-expand fa fa-chevron-down\"><\/i><i class=\"bellows-subtoggle-icon-collapse fa fa-chevron-up\"><\/i><\/button><\/a>\n<ul class=\"bellows-submenu\">\n\t<li id=\"menu-item-3215\" class=\"bellows-menu-item bellows-menu-item-type-post_type bellows-menu-item-object-page bellows-menu-item-3215 bellows-item-level-1\"><a  href=\"https:\/\/www.univ-usto.dz\/fac-electrique\/guide-2\/\" class=\"bellows-target\"><span class=\"bellows-target-title bellows-target-text\">Guide<\/span><\/a><\/li>\n\t<li id=\"menu-item-3209\" class=\"bellows-menu-item bellows-menu-item-type-post_type bellows-menu-item-object-page bellows-menu-item-3209 bellows-item-level-1\"><a  href=\"https:\/\/www.univ-usto.dz\/fac-electrique\/manifistation\/\" class=\"bellows-target\"><span class=\"bellows-target-title bellows-target-text\">Annonces<\/span><\/a><\/li>\n\t<li id=\"menu-item-3210\" class=\"bellows-menu-item bellows-menu-item-type-post_type bellows-menu-item-object-page bellows-menu-item-3210 bellows-item-level-1\"><a  href=\"https:\/\/www.univ-usto.dz\/fac-electrique\/guide-3\/\" class=\"bellows-target\"><span class=\"bellows-target-title bellows-target-text\">Archives<\/span><\/a><\/li>\n<\/ul>\n<\/li>\n<li id=\"menu-item-93\" class=\"bellows-menu-item bellows-menu-item-type-custom bellows-menu-item-object-custom bellows-menu-item-has-children bellows-menu-item-93 bellows-item-level-0\"><a  href=\"#\" class=\"bellows-target\"><span class=\"bellows-target-title bellows-target-text\">Communication<\/span><button class=\"bellows-subtoggle\" aria-label=\"Toggle Submenu\"><i class=\"bellows-subtoggle-icon-expand fa fa-chevron-down\"><\/i><i class=\"bellows-subtoggle-icon-collapse fa fa-chevron-up\"><\/i><\/button><\/a>\n<ul class=\"bellows-submenu\">\n\t<li id=\"menu-item-3206\" class=\"bellows-menu-item bellows-menu-item-type-post_type bellows-menu-item-object-page bellows-menu-item-3206 bellows-item-level-1\"><a  href=\"https:\/\/www.univ-usto.dz\/fac-electrique\/guide\/\" class=\"bellows-target\"><span class=\"bellows-target-title bellows-target-text\">Revue de presse<\/span><\/a><\/li>\n<\/ul>\n<\/li>\n<\/ul><\/nav>\t\t\t\t<\/div>\n\t\t\t\t<\/div>\n\t\t\t\t\t<\/div>\n\t\t<\/div>\n\t\t\t\t<div class=\"elementor-column elementor-col-66 elementor-top-column elementor-element elementor-element-39402fd\" data-id=\"39402fd\" data-element_type=\"column\">\n\t\t\t<div class=\"elementor-widget-wrap elementor-element-populated\">\n\t\t\t\t\t\t<div class=\"elementor-element elementor-element-ba21dbd elementor-widget elementor-widget-text-editor\" data-id=\"ba21dbd\" data-element_type=\"widget\" data-widget_type=\"text-editor.default\">\n\t\t\t\t<div class=\"elementor-widget-container\">\n\t\t\t\t\t\t\t\t\t<div class=\"page-header\"><h2>Manifestations Scientifiques 2019<\/h2><\/div><div class=\"icons\"><div class=\"btn-group pull-right\">2<sup>\u00e8me<\/sup>\u00a0Workshop international intitul\u00e9\u00a0:\u00a0\u00a0<strong>\u00ab\u00a0La Cryptographie et ses Applications\u00a0\u00bb<\/strong><\/div><\/div><div><div id=\"cck14\" class=\"cck-f100 cck-pad-8\"><div class=\"cck-line-body\"><div class=\"cck-plr cck-ptb\"><div id=\"cck14_mainbody\" class=\"cck-pos-mainbody seb_css3b vertical cck14-deepest\"><div id=\"cck14_art_introtext\" class=\"cck_contents cck_content cck_wysiwyg_editor cck_art_introtext\"><div id=\"cck14_value_art_introtext\" class=\"cck_value cck_value_wysiwyg_editor\"><p>Les <strong>22 et 23 avril 2019<\/strong>\u00a0\u00e0 la facult\u00e9 du G\u00e9nie Electrique.<\/p><p>\u00a0Responsable de la conf\u00e9rence : <strong>Adda ALI PACHA.<\/strong><\/p><p>11<sup>\u00e8me<\/sup>\u00a0Conf\u00e9rence Nationale sur:<strong>\u00a0\u00ab\u00a0La Haute Tension (CNHT\u201919) \u00bb<\/strong><\/p><p>\u00a0les <strong>29 et 30 avril 2019\u00a0<\/strong>\u00e0 la facult\u00e9 du G\u00e9nie Electrique.<\/p><p>Responsable de la conf\u00e9rence <strong>: Samir FLAZI.<\/strong><\/p><p>2\u00e8me Workshop International de\u00a0:\u00a0\u00ab\u00a0<strong>Biologie Mol\u00e9culaire<\/strong>\u00a0\u00bb<\/p><p>\u00a0Les <strong>12 et 13 juin 2019<\/strong>\u00a0\u00e0 la facult\u00e9 de S.N.V.<\/p><p>\u00a0Responsable de la conf\u00e9rence : <strong>Faouzia ZEMANI FODIL.<\/strong><\/p><p>1st Conf\u00e9rence Internationale sur\u00a0<strong>\u00ab\u00a0Les Energies Renouvelables et la Conversion d\u2019Energie\u00a0\u00bb<\/strong><\/p><p>\u00a0Les <strong>11 au 13 novembre 2019<\/strong>\u00a0\u00e0 la facult\u00e9 du Physique.<\/p><p>\u00a0Responsable de la conf\u00e9rence : <strong>Ahmed BELASRI.<\/strong><\/p><p>\u00a0Conf\u00e9rence Internationale de \u00ab <strong>Journ\u00e9e d&rsquo;Information sur l&rsquo;Infrastructure Qualit\u00e9 pour le Solaire Thermique en Alg\u00e9rie<\/strong>\u00a0\u00bb\u00a0\u00a0<\/p><p>1st Conf\u00e9rence Internationale sur\u00a0<strong>\u00ab\u00a0Les Energies Renouvelables et la Conversion d\u2019Energie\u00a0\u00bb<\/strong><\/p><p>\u00a0Les <strong>10 d\u00e9cembre2019<\/strong>\u00a0\u00e0 la facult\u00e9 du G\u00e9nie M\u00e9canique.<\/p><p>\u00a0Responsable de la conf\u00e9rence :<strong>MOKHTARI Abderahemane<\/strong>\u00a0<strong>.<\/strong><\/p><\/div><\/div><\/div><\/div><\/div><\/div><\/div>\t\t\t\t\t\t\t\t<\/div>\n\t\t\t\t<\/div>\n\t\t\t\t\t<\/div>\n\t\t<\/div>\n\t\t\t\t\t<\/div>\n\t\t<\/section>\n\t\t\t\t<section class=\"elementor-section elementor-top-section elementor-element elementor-element-03a64e4 elementor-section-boxed elementor-section-height-default elementor-section-height-default\" data-id=\"03a64e4\" data-element_type=\"section\">\n\t\t\t\t\t\t<div class=\"elementor-container elementor-column-gap-default\">\n\t\t\t\t\t<div class=\"elementor-column elementor-col-100 elementor-top-column elementor-element elementor-element-14654b5\" data-id=\"14654b5\" data-element_type=\"column\">\n\t\t\t<div class=\"elementor-widget-wrap elementor-element-populated\">\n\t\t\t\t\t\t\t<\/div>\n\t\t<\/div>\n\t\t\t\t\t<\/div>\n\t\t<\/section>\n\t\t\t\t<\/div>\n\t\t","protected":false},"excerpt":{"rendered":"<p>Manifestations Scientifiques 2019 2\u00e8me\u00a0Workshop international intitul\u00e9\u00a0:\u00a0\u00a0\u00ab\u00a0La Cryptographie et ses Applications\u00a0\u00bb Les 22 et 23 avril 2019\u00a0\u00e0 la facult\u00e9 du G\u00e9nie Electrique. \u00a0Responsable de la conf\u00e9rence : Adda ALI PACHA. 11\u00e8me\u00a0Conf\u00e9rence <a href=\"https:\/\/www.univ-usto.dz\/fac-electrique\/guide-3\/\" class=\"read-more\">Lire la suite &#8230;<\/a><\/p>\n","protected":false},"author":1,"featured_media":0,"parent":0,"menu_order":0,"comment_status":"closed","ping_status":"closed","template":"","meta":{"footnotes":""},"class_list":["post-3088","page","type-page","status-publish","hentry"],"_links":{"self":[{"href":"https:\/\/www.univ-usto.dz\/fac-electrique\/wp-json\/wp\/v2\/pages\/3088","targetHints":{"allow":["GET"]}}],"collection":[{"href":"https:\/\/www.univ-usto.dz\/fac-electrique\/wp-json\/wp\/v2\/pages"}],"about":[{"href":"https:\/\/www.univ-usto.dz\/fac-electrique\/wp-json\/wp\/v2\/types\/page"}],"author":[{"embeddable":true,"href":"https:\/\/www.univ-usto.dz\/fac-electrique\/wp-json\/wp\/v2\/users\/1"}],"replies":[{"embeddable":true,"href":"https:\/\/www.univ-usto.dz\/fac-electrique\/wp-json\/wp\/v2\/comments?post=3088"}],"version-history":[{"count":11,"href":"https:\/\/www.univ-usto.dz\/fac-electrique\/wp-json\/wp\/v2\/pages\/3088\/revisions"}],"predecessor-version":[{"id":5131,"href":"https:\/\/www.univ-usto.dz\/fac-electrique\/wp-json\/wp\/v2\/pages\/3088\/revisions\/5131"}],"wp:attachment":[{"href":"https:\/\/www.univ-usto.dz\/fac-electrique\/wp-json\/wp\/v2\/media?parent=3088"}],"curies":[{"name":"wp","href":"https:\/\/api.w.org\/{rel}","templated":true}]}}