{"id":5850,"date":"2020-09-23T21:37:40","date_gmt":"2020-09-23T21:37:40","guid":{"rendered":"http:\/\/www.univ-usto.dz\/fac-electrique\/?page_id=5850"},"modified":"2025-11-19T12:25:04","modified_gmt":"2025-11-19T12:25:04","slug":"textes-reglementaires-2","status":"publish","type":"page","link":"https:\/\/www.univ-usto.dz\/fac-electrique\/textes-reglementaires-2\/","title":{"rendered":"Textes R\u00e9glementaires"},"content":{"rendered":"\t\t<div data-elementor-type=\"wp-page\" data-elementor-id=\"5850\" class=\"elementor elementor-5850\">\n\t\t\t\t\t\t<section class=\"elementor-section elementor-top-section elementor-element elementor-element-3a8ddfe elementor-section-boxed elementor-section-height-default elementor-section-height-default\" data-id=\"3a8ddfe\" data-element_type=\"section\">\n\t\t\t\t\t\t<div class=\"elementor-container elementor-column-gap-default\">\n\t\t\t\t\t<div class=\"elementor-column elementor-col-33 elementor-top-column elementor-element elementor-element-c68eb6b\" data-id=\"c68eb6b\" data-element_type=\"column\">\n\t\t\t<div class=\"elementor-widget-wrap elementor-element-populated\">\n\t\t\t\t\t\t<div class=\"elementor-element elementor-element-9190f4c elementor-widget elementor-widget-wp-widget-bellows_navigation_widget\" data-id=\"9190f4c\" data-element_type=\"widget\" data-widget_type=\"wp-widget-bellows_navigation_widget.default\">\n\t\t\t\t<div class=\"elementor-widget-container\">\n\t\t\t\t\t<nav id=\"bellows-main-12\" class=\"bellows bellows-nojs bellows-main bellows-source-menu bellows-align-full bellows-skin-vanilla bellows-type-\"><ul id=\"menu-menupostgraduation\" class=\"bellows-nav\" data-bellows-config=\"main\"><li id=\"menu-item-6043\" class=\"bellows-menu-item bellows-menu-item-type-post_type bellows-menu-item-object-page bellows-menu-item-6043 bellows-item-level-0\"><a  href=\"https:\/\/www.univ-usto.dz\/fac-electrique\/formation-post-graduee\/\" class=\"bellows-target\"><span class=\"bellows-target-title bellows-target-text\">Formation doctorale<\/span><\/a><\/li>\n<li id=\"menu-item-8117\" class=\"bellows-menu-item bellows-menu-item-type-post_type bellows-menu-item-object-page bellows-menu-item-has-children bellows-menu-item-8117 bellows-item-level-0\"><a  href=\"https:\/\/www.univ-usto.dz\/fac-electrique\/habilitation-universitaire\/\" class=\"bellows-target\"><span class=\"bellows-target-title bellows-target-text\">Habilitation universitaire<\/span><button class=\"bellows-subtoggle\" aria-label=\"Toggle Submenu\"><i class=\"bellows-subtoggle-icon-expand fa fa-chevron-down\"><\/i><i class=\"bellows-subtoggle-icon-collapse fa fa-chevron-up\"><\/i><\/button><\/a>\n<ul class=\"bellows-submenu\">\n\t<li id=\"menu-item-8115\" class=\"bellows-menu-item bellows-menu-item-type-post_type bellows-menu-item-object-page bellows-menu-item-8115 bellows-item-level-1\"><a  href=\"https:\/\/www.univ-usto.dz\/fac-electrique\/condition-habilitation-universitaire\/\" class=\"bellows-target\"><span class=\"bellows-target-title bellows-target-text\">Condition habilitation universitaire<\/span><\/a><\/li>\n\t<li id=\"menu-item-8114\" class=\"bellows-menu-item bellows-menu-item-type-post_type bellows-menu-item-object-page bellows-menu-item-8114 bellows-item-level-1\"><a  href=\"https:\/\/www.univ-usto.dz\/fac-electrique\/procedure-habilitation-universitaire\/\" class=\"bellows-target\"><span class=\"bellows-target-title bellows-target-text\">Proc\u00e9dure habilitation universitaire<\/span><\/a><\/li>\n\t<li id=\"menu-item-8113\" class=\"bellows-menu-item bellows-menu-item-type-post_type bellows-menu-item-object-page bellows-menu-item-8113 bellows-item-level-1\"><a  href=\"https:\/\/www.univ-usto.dz\/fac-electrique\/dossier-inscription-habilitation-universitaire\/\" class=\"bellows-target\"><span class=\"bellows-target-title bellows-target-text\">Dossier inscription habilitation universitaire<\/span><\/a><\/li>\n\t<li id=\"menu-item-8116\" class=\"bellows-menu-item bellows-menu-item-type-post_type bellows-menu-item-object-page bellows-menu-item-8116 bellows-item-level-1\"><a  href=\"https:\/\/www.univ-usto.dz\/fac-electrique\/textes-reglementaires-habilitation\/\" class=\"bellows-target\"><span class=\"bellows-target-title bellows-target-text\">Textes r\u00e9glementaires<\/span><\/a><\/li>\n<\/ul>\n<\/li>\n<li id=\"menu-item-6048\" class=\"bellows-menu-item bellows-menu-item-type-post_type bellows-menu-item-object-page bellows-menu-item-6048 bellows-item-level-0\"><a  href=\"https:\/\/www.univ-usto.dz\/fac-electrique\/laboratoires-de-recherche\/\" class=\"bellows-target\"><span class=\"bellows-target-title bellows-target-text\">Laboratoires de recherche<\/span><\/a><\/li>\n<li id=\"menu-item-6057\" class=\"bellows-menu-item bellows-menu-item-type-post_type bellows-menu-item-object-page bellows-menu-item-has-children bellows-menu-item-6057 bellows-item-level-0\"><a  href=\"https:\/\/www.univ-usto.dz\/fac-electrique\/projets-de-recherche\/\" class=\"bellows-target\"><span class=\"bellows-target-title bellows-target-text\">Projets de recherche<\/span><button class=\"bellows-subtoggle\" aria-label=\"Toggle Submenu\"><i class=\"bellows-subtoggle-icon-expand fa fa-chevron-down\"><\/i><i class=\"bellows-subtoggle-icon-collapse fa fa-chevron-up\"><\/i><\/button><\/a>\n<ul class=\"bellows-submenu\">\n\t<li id=\"menu-item-9100\" class=\"bellows-menu-item bellows-menu-item-type-post_type bellows-menu-item-object-page bellows-menu-item-9100 bellows-item-level-1\"><a  href=\"https:\/\/www.univ-usto.dz\/fac-electrique\/guide-prfu-2\/\" class=\"bellows-target\"><span class=\"bellows-target-title bellows-target-text\">Guide PRFU<\/span><\/a><\/li>\n\t<li id=\"menu-item-9103\" class=\"bellows-menu-item bellows-menu-item-type-post_type bellows-menu-item-object-page bellows-menu-item-9103 bellows-item-level-1\"><a  href=\"https:\/\/www.univ-usto.dz\/fac-electrique\/criteres-projet-prfu\/\" class=\"bellows-target\"><span class=\"bellows-target-title bellows-target-text\">Crit\u00e8res du porteur du projet PRFU<\/span><\/a><\/li>\n\t<li id=\"menu-item-9102\" class=\"bellows-menu-item bellows-menu-item-type-post_type bellows-menu-item-object-page bellows-menu-item-9102 bellows-item-level-1\"><a  href=\"https:\/\/www.univ-usto.dz\/fac-electrique\/guide-prfu\/\" class=\"bellows-target\"><span class=\"bellows-target-title bellows-target-text\">Composante de l\u2019\u00e9quipe de recherche PRFU<\/span><\/a><\/li>\n\t<li id=\"menu-item-9122\" class=\"bellows-menu-item bellows-menu-item-type-post_type bellows-menu-item-object-page bellows-menu-item-9122 bellows-item-level-1\"><a  href=\"https:\/\/www.univ-usto.dz\/fac-electrique\/selection-prfu\/\" class=\"bellows-target\"><span class=\"bellows-target-title bellows-target-text\">S\u00e9lection des projets PRFU<\/span><\/a><\/li>\n\t<li id=\"menu-item-9101\" class=\"bellows-menu-item bellows-menu-item-type-post_type bellows-menu-item-object-page bellows-menu-item-9101 bellows-item-level-1\"><a  href=\"https:\/\/www.univ-usto.dz\/fac-electrique\/levaluation-des-projets\/\" class=\"bellows-target\"><span class=\"bellows-target-title bellows-target-text\">Evaluation des projets<\/span><\/a><\/li>\n<\/ul>\n<\/li>\n<li id=\"menu-item-10107\" class=\"bellows-menu-item bellows-menu-item-type-post_type bellows-menu-item-object-page bellows-menu-item-10107 bellows-item-level-0\"><a  href=\"https:\/\/www.univ-usto.dz\/fac-electrique\/conseil-scientifique\/\" class=\"bellows-target\"><span class=\"bellows-target-title bellows-target-text\">Conseil scientifique<\/span><\/a><\/li>\n<li id=\"menu-item-6072\" class=\"bellows-menu-item bellows-menu-item-type-post_type bellows-menu-item-object-page bellows-menu-item-6072 bellows-item-level-0\"><a  href=\"https:\/\/www.univ-usto.dz\/fac-electrique\/production-scientifique\/\" class=\"bellows-target\"><span class=\"bellows-target-title bellows-target-text\">Production scientifique<\/span><\/a><\/li>\n<li id=\"menu-item-6071\" class=\"bellows-menu-item bellows-menu-item-type-post_type bellows-menu-item-object-page bellows-menu-item-6071 bellows-item-level-0\"><a  href=\"https:\/\/www.univ-usto.dz\/fac-electrique\/categorisation\/\" class=\"bellows-target\"><span class=\"bellows-target-title bellows-target-text\">Cat\u00e9gorisation des Revues Scientifiques<\/span><\/a><\/li>\n<li id=\"menu-item-6070\" class=\"bellows-menu-item bellows-menu-item-type-post_type bellows-menu-item-object-page bellows-menu-item-6070 bellows-item-level-0\"><a  href=\"https:\/\/www.univ-usto.dz\/fac-electrique\/liens-utiles\/\" class=\"bellows-target\"><span class=\"bellows-target-title bellows-target-text\">Liens utiles<\/span><\/a><\/li>\n<li id=\"menu-item-12475\" class=\"bellows-menu-item bellows-menu-item-type-post_type bellows-menu-item-object-post bellows-menu-item-12475 bellows-item-level-0\"><a  href=\"https:\/\/www.univ-usto.dz\/fac-electrique\/textes-reglementaires\/\" class=\"bellows-target\"><span class=\"bellows-target-title bellows-target-text\">Textes r\u00e9glementaires<\/span><\/a><\/li>\n<\/ul><\/nav>\t\t\t\t<\/div>\n\t\t\t\t<\/div>\n\t\t\t\t\t<\/div>\n\t\t<\/div>\n\t\t\t\t<div class=\"elementor-column elementor-col-66 elementor-top-column elementor-element elementor-element-993564c\" data-id=\"993564c\" data-element_type=\"column\">\n\t\t\t<div class=\"elementor-widget-wrap elementor-element-populated\">\n\t\t\t\t\t\t<div class=\"elementor-element elementor-element-bb1a0c8 elementor-widget elementor-widget-elementskit-heading\" data-id=\"bb1a0c8\" data-element_type=\"widget\" data-widget_type=\"elementskit-heading.default\">\n\t\t\t\t<div class=\"elementor-widget-container\">\n\t\t\t\t\t<div class=\"ekit-wid-con\" ><div class=\"ekit-heading elementskit-section-title-wraper text_left   ekit_heading_tablet-   ekit_heading_mobile-\"><h3 class=\"ekit-heading--title elementskit-section-title \">Textes R\u00e9glementaires<\/h3><div class=\"ekit_heading_separetor_wraper ekit_heading_elementskit-border-divider ekit-dotted\"><div class=\"elementskit-border-divider ekit-dotted\"><\/div><\/div><\/div><\/div>\t\t\t\t<\/div>\n\t\t\t\t<\/div>\n\t\t\t\t<div class=\"elementor-element elementor-element-40a7ae3 elementor-widget elementor-widget-text-editor\" data-id=\"40a7ae3\" data-element_type=\"widget\" data-widget_type=\"text-editor.default\">\n\t\t\t\t<div class=\"elementor-widget-container\">\n\t\t\t\t\t\t\t\t\t<p><span style=\"text-decoration: underline;\"><em><span style=\"color: #800080;\"><strong>Post-Graduation, syst\u00e8me classique :<\/strong><\/span><\/em><\/span><\/p><p>2010 &#8211; D\u00e9cret ex\u00e9cutif n\u00b010-202 du 09-09-2010 modifiant et compl\u00e9tant le d\u00e9cret ex\u00e9cutif n\u00b098-254 du 17-08-1998 relatif \u00e0 la formation doctorale, \u00e0 la post-graduation sp\u00e9cialis\u00e9e et \u00e0 l&rsquo;habilitation universitaire\u00a0<a href=\"https:\/\/https:\/\/www.univ-usto.dz\/fac-electrique\/images\/Post-graduation\/jo_2010_052_post-graduation_fr.pdf\" target=\"_blank\" rel=\"noopener\">(<span style=\"text-decoration: underline;\"><strong>version fran\u00e7aise<\/strong><\/span><\/a><span style=\"text-decoration: underline;\"><strong>,\u00a0<a href=\"https:\/\/https:\/\/www.univ-usto.dz\/fac-electrique\/images\/Post-graduation\/jo_2010_052_post-graduation_ar.pdf\" target=\"_blank\" rel=\"noopener\">version arabe)<\/a>.<\/strong><\/span><\/p><p>1998 &#8211; D\u00e9cret ex\u00e9cutif n\u00b098-254 du 17-08-1998 relatif \u00e0 la formation doctorale, \u00e0 la post-graduation sp\u00e9cialis\u00e9e et \u00e0 l&rsquo;habilitation universitaire\u00a0<strong><span style=\"text-decoration: underline;\"><a href=\"https:\/\/https:\/\/www.univ-usto.dz\/fac-electrique\/images\/Post-graduation\/jo_1998_060_post-graduation_fr.pdf\" target=\"_blank\" rel=\"noopener\">(version fran\u00e7aise<\/a>,\u00a0<a href=\"https:\/\/https:\/\/www.univ-usto.dz\/fac-electrique\/images\/Post-graduation\/jo_1998_060_post-graduation_ar.pdf\" target=\"_blank\" rel=\"noopener\">version arabe<\/a>).<\/span><\/strong><\/p><p><strong><em><span style=\"text-decoration: underline;\"><span style=\"color: #993366;\">Post-Graduation, Doctorat 3\u00e8me Cycle LMD:<\/span><\/span><\/em><\/strong><\/p><p><a href=\"https:\/\/https:\/\/www.univ-usto.dz\/fac-electrique\/images\/Post-graduation\/2010-05-17_cir_01_critere_acces_d_lmd.pdf\" target=\"_blank\" rel=\"noopener\"><span style=\"text-decoration: underline;\"><strong>2010 &#8211; Circulaire n\u00b01 du 17-05-2010 pr\u00e9cisant les crit\u00e8res d&rsquo;acc\u00e8s au 3\u00e8me cycle LMD.<\/strong><\/span><\/a><span style=\"text-decoration: underline;\"><strong>\u00a0\u00a0<\/strong><\/span><\/p><p><span style=\"text-decoration: underline;\"><strong><a href=\"https:\/\/https:\/\/www.univ-usto.dz\/fac-electrique\/images\/Post-graduation\/2009-07-28_arr_250_doctorat_lmd.pdf\" target=\"_blank\" rel=\"noopener\">2009 &#8211; Arr\u00eat\u00e9 n\u00b0250 du 28-07-2009 fixant l&rsquo;organisation de la formation de 3\u00e8me cycle en vue de l&rsquo;obtention du dipl\u00f4me de Doctorat. (abr\u00e9g\u00e9)<\/a>\u00a0\u00a0<\/strong><\/span><\/p><p><a href=\"https:\/\/https:\/\/www.univ-usto.dz\/fac-electrique\/images\/Post-graduation\/jo_2008_048_doctorat_lmd.pdf\" target=\"_blank\" rel=\"noopener\"><strong><span style=\"text-decoration: underline;\">2008 &#8211; D\u00e9cret ex\u00e9cutif n\u00b008-265 du 19-08-2008 portant r\u00e9gime des \u00e9tudes en vue de l&rsquo;obtention du dipl\u00f4me de licence, du dipl\u00f4me de master et du dipl\u00f4me de doctorat.<\/span><\/strong><\/a><\/p><p><strong><span style=\"text-decoration: underline;\"><a href=\"https:\/\/https:\/\/www.univ-usto.dz\/fac-electrique\/images\/Post-graduation\/2012-07-16_arr_191_doctorat_lmd.pdf\" target=\"_blank\" rel=\"noopener\">2012 &#8211; Arr\u00eat\u00e9 n\u00b0191 du 16-07-2012 fixant l&rsquo;organisation de la formation de troisi\u00e8me cycle en vue de l&rsquo;obention du Doctorat. (modifi\u00e9)<\/a>\u00a0\u00a0<\/span><\/strong><\/p><p>2012- Arr\u00eat\u00e9 n\u00b0345 du 17-10-2012 fixant l&rsquo;organisation de la formation de troisi\u00e8me cycle en vue d&rsquo;obtention du Doctorat.<\/p><p>\u00a0<a href=\"https:\/\/https:\/\/www.univ-usto.dz\/fac-electrique\/images\/Post-graduation\/2012-10-17_arr_345_fr.pdf\" target=\"_blank\" rel=\"noopener\">(<span style=\"text-decoration: underline;\"><strong>&#8211;FR&#8211;<\/strong><\/span><\/a><span style=\"text-decoration: underline;\"><strong>,\u00a0<a href=\"https:\/\/https:\/\/www.univ-usto.dz\/fac-electrique\/images\/Post-graduation\/2012-10-17_arr_345_ar.pdf\" target=\"_blank\" rel=\"noopener\">&#8211;AR&#8211;)<\/a><\/strong><\/span><\/p><p><span style=\"text-decoration: underline;\"><strong><a href=\"https:\/\/https:\/\/www.univ-usto.dz\/fac-electrique\/images\/Post-graduation\/2014-05-05_arr_329_doctorat_lmd.pdf\" target=\"_blank\" rel=\"noopener\">2014 &#8211; Arr\u00eat\u00e9 n\u00b0329 du 05-05-2014 fixant l&rsquo;organisation de la formation de troisi\u00e8me cycle en vue de l&rsquo;obtention du Doctorat.<\/a><\/strong><\/span><\/p><p><span style=\"text-decoration: underline;\"><em><span style=\"color: #800080;\"><strong>Formations Doctorales 3\u00e8me Cycle LMD Agr\u00e9\u00e9es :<\/strong><\/span><\/em><\/span><\/p><p>2009 &#8211;<a href=\"https:\/\/https:\/\/www.univ-usto.dz\/fac-electrique\/images\/Post-graduation\/Arrete2009_284.pdf\" target=\"_blank\" rel=\"noopener\">Arr\u00eat\u00e9 n\u00b0284 du 29-10-2009<\/a>\u00a0portant habilitation \u00e0 la formation de 3\u00e8me cycle ann\u00e9e universitaire 2009-2010.<\/p><p>2010 &#8211;\u00a0<a href=\"https:\/\/https:\/\/www.univ-usto.dz\/fac-electrique\/images\/Post-graduation\/Arrete2010_618.pdf\" target=\"_blank\" rel=\"noopener\">Arr\u00eat\u00e9 n\u00b0618 du 28-10-2010<\/a>\u00a0portant habilitation \u00e0 la formation de 3\u00e8me cycle ann\u00e9e universitaire 2010-2011.<\/p><p>2011 &#8211;<a href=\"https:\/\/https:\/\/www.univ-usto.dz\/fac-electrique\/images\/Post-graduation\/Arrete2011_617.pdf\" target=\"_blank\" rel=\"noopener\">Arr\u00eat\u00e9 n\u00b0617 du 02-10-2011<\/a>\u00a0portant habilitation \u00e0 la formation de 3\u00e8me cycle ann\u00e9e universitaire 2011-2012.<\/p><p>2012 &#8211;\u00a0<a href=\"https:\/\/https:\/\/www.univ-usto.dz\/fac-electrique\/images\/Post-graduation\/Arrete2012_361.pdf\" target=\"_blank\" rel=\"noopener\">Arr\u00eat\u00e9 n\u00b0361 du 19-07-2012<\/a>\u00a0et<a href=\"https:\/\/https:\/\/www.univ-usto.dz\/fac-electrique\/images\/Post-graduation\/Arrete2012_388.pdf\" target=\"_blank\" rel=\"noopener\">\u00a0Arr\u00eat\u00e9 n\u00b0388 du 05-08-2012<\/a>\u00a0portant habilitation \u00e0 la formation de 3\u00e8me cycle ann\u00e9e universitaire 2012-2013.<\/p><p><span style=\"color: #993366;\"><strong><span style=\"text-decoration: underline;\"><em>Du nouveau \u00e0 propos des projets <a style=\"color: #993366; text-decoration: underline;\" href=\"http:\/\/www.cnepru-mesrs.dz\/\">CNEPRU<\/a><\/em><\/span><\/strong><\/span><\/p><p>Message du MESRS-CNEPRU:\u00a0\u00bbSuite aux difficult\u00e9s rencontr\u00e9es lors de la soumission des nouveaux projets et bilans par voie \u00e9lectronique, j\u2019ai l\u2019honneur de vous demander de bien vouloir les transmettre sous format papier \u00e0 la conf\u00e9rence r\u00e9gionale dont vous appartenez tout en respectant le canevas existant sur site. Le respect du canevas est obligatoire\u00a0\u00bb<\/p><ul><li><a href=\"https:\/\/https:\/\/www.univ-usto.dz\/fac-electrique\/images\/Post-graduation\/CANEVAS_NOUVEAU_PROJET.docx\" target=\"_blank\" rel=\"noopener\"><u><b>Canevas nouveau projet version Fran\u00e7aise\u00a0<\/b><\/u><\/a><\/li><li><a href=\"https:\/\/https:\/\/www.univ-usto.dz\/fac-electrique\/images\/Post-graduation\/CANEVAS_BILAN.docx\" target=\"_blank\" rel=\"noopener\"><u><b>Canevas bilan version Fran\u00e7aise\u00a0<\/b><\/u><\/a><\/li><li><a href=\"https:\/\/https:\/\/www.univ-usto.dz\/fac-electrique\/images\/Post-graduation\/canevas_nouveaux_arabe.docx\" target=\"_blank\" rel=\"noopener\"><u><b>\u00a0Canevas nouveau projet version Arabe\u00a0<\/b><\/u><\/a><\/li><li><a href=\"https:\/\/https:\/\/www.univ-usto.dz\/fac-electrique\/images\/Post-graduation\/canevas_bilan_arabe.docx\" target=\"_blank\" rel=\"noopener\"><u><b>\u00a0Canevas bilan version Arabe\u00a0<\/b><\/u><\/a><\/li><li><u><a href=\"https:\/\/https:\/\/www.univ-usto.dz\/fac-electrique\/images\/Post-graduation\/IMPRIMIES-ETATS.zip\" target=\"_blank\" rel=\"noopener\"><b>\u00a0Evaluations bilans et \u00e9tats agr\u00e9ment <\/b><\/a><\/u><\/li><\/ul><p><span style=\"text-decoration: underline;\"><em><span style=\"color: #993366;\"><strong>Direction g\u00e9n\u00e9rale de la recherche scientifique et du d\u00e9veloppement technologie\u00a0<\/strong><\/span><\/em><\/span><br \/>Liste des Enseignants Chercheurs et des enseignants chercheurs hospitalo-universitaires concern\u00e9s par la r\u00e9tribution des activit\u00e9s de recherche PNR<\/p><p>(1\u00e8re tranche, 25%, 2 \u00e8me\u00a0 Ann\u00e9e)\u00a0<\/p><p>(2\u00e8re tranche, 75%, 2 \u00e8me Ann\u00e9e) <span style=\"text-decoration: underline;\"><strong><a href=\"https:\/\/https:\/\/www.univ-usto.dz\/fac-electrique\/images\/Post-graduation\/ListePNR3.pdf\" target=\"_blank\" rel=\"noopener\">&#8212; LISTE &#8212;<\/a><\/strong><\/span><\/p>\t\t\t\t\t\t\t\t<\/div>\n\t\t\t\t<\/div>\n\t\t\t\t\t<\/div>\n\t\t<\/div>\n\t\t\t\t\t<\/div>\n\t\t<\/section>\n\t\t\t\t<\/div>\n\t\t","protected":false},"excerpt":{"rendered":"<p>Textes R\u00e9glementaires Post-Graduation, syst\u00e8me classique : 2010 &#8211; D\u00e9cret ex\u00e9cutif n\u00b010-202 du 09-09-2010 modifiant et compl\u00e9tant le d\u00e9cret ex\u00e9cutif n\u00b098-254 du 17-08-1998 relatif \u00e0 la formation doctorale, \u00e0 la post-graduation <a href=\"https:\/\/www.univ-usto.dz\/fac-electrique\/textes-reglementaires-2\/\" class=\"read-more\">Lire la suite &#8230;<\/a><\/p>\n","protected":false},"author":1,"featured_media":0,"parent":0,"menu_order":0,"comment_status":"closed","ping_status":"closed","template":"","meta":{"footnotes":""},"class_list":["post-5850","page","type-page","status-publish","hentry"],"_links":{"self":[{"href":"https:\/\/www.univ-usto.dz\/fac-electrique\/wp-json\/wp\/v2\/pages\/5850","targetHints":{"allow":["GET"]}}],"collection":[{"href":"https:\/\/www.univ-usto.dz\/fac-electrique\/wp-json\/wp\/v2\/pages"}],"about":[{"href":"https:\/\/www.univ-usto.dz\/fac-electrique\/wp-json\/wp\/v2\/types\/page"}],"author":[{"embeddable":true,"href":"https:\/\/www.univ-usto.dz\/fac-electrique\/wp-json\/wp\/v2\/users\/1"}],"replies":[{"embeddable":true,"href":"https:\/\/www.univ-usto.dz\/fac-electrique\/wp-json\/wp\/v2\/comments?post=5850"}],"version-history":[{"count":8,"href":"https:\/\/www.univ-usto.dz\/fac-electrique\/wp-json\/wp\/v2\/pages\/5850\/revisions"}],"predecessor-version":[{"id":21211,"href":"https:\/\/www.univ-usto.dz\/fac-electrique\/wp-json\/wp\/v2\/pages\/5850\/revisions\/21211"}],"wp:attachment":[{"href":"https:\/\/www.univ-usto.dz\/fac-electrique\/wp-json\/wp\/v2\/media?parent=5850"}],"curies":[{"name":"wp","href":"https:\/\/api.w.org\/{rel}","templated":true}]}}