{"id":5856,"date":"2020-09-24T08:11:28","date_gmt":"2020-09-24T08:11:28","guid":{"rendered":"http:\/\/www.univ-usto.dz\/fac-electrique\/?page_id=5856"},"modified":"2020-10-09T08:51:48","modified_gmt":"2020-10-09T08:51:48","slug":"programme-erasmus-2","status":"publish","type":"page","link":"https:\/\/www.univ-usto.dz\/fac-electrique\/programme-erasmus-2\/","title":{"rendered":"Programme Erasmus+"},"content":{"rendered":"\t\t<div data-elementor-type=\"wp-page\" data-elementor-id=\"5856\" class=\"elementor elementor-5856\">\n\t\t\t\t\t\t<section class=\"elementor-section elementor-top-section elementor-element elementor-element-b8dfcfb elementor-section-boxed elementor-section-height-default elementor-section-height-default\" data-id=\"b8dfcfb\" data-element_type=\"section\" data-settings=\"{&quot;background_background&quot;:&quot;classic&quot;}\">\n\t\t\t\t\t\t<div class=\"elementor-container elementor-column-gap-default\">\n\t\t\t\t\t<div class=\"elementor-column elementor-col-33 elementor-top-column elementor-element elementor-element-6b6cccc\" data-id=\"6b6cccc\" data-element_type=\"column\">\n\t\t\t<div class=\"elementor-widget-wrap elementor-element-populated\">\n\t\t\t\t\t\t<div class=\"elementor-element elementor-element-cc218b6 elementor-widget elementor-widget-wp-widget-bellows_navigation_widget\" data-id=\"cc218b6\" data-element_type=\"widget\" data-widget_type=\"wp-widget-bellows_navigation_widget.default\">\n\t\t\t\t<div class=\"elementor-widget-container\">\n\t\t\t\t\t<nav id=\"bellows-main-10\" class=\"bellows bellows-nojs bellows-main bellows-source-menu bellows-align-full bellows-skin-vanilla bellows-type-\"><ul id=\"menu-menuleftrelax\" class=\"bellows-nav\" data-bellows-config=\"main\"><li id=\"menu-item-5866\" class=\"bellows-menu-item bellows-menu-item-type-post_type bellows-menu-item-object-page bellows-menu-item-5866 bellows-item-level-0\"><a  href=\"https:\/\/www.univ-usto.dz\/fac-electrique\/formation-de-perfectionnement\/\" class=\"bellows-target\"><span class=\"bellows-target-title bellows-target-text\">Formation de Perfectionnement<\/span><\/a><\/li>\n<li id=\"menu-item-5865\" class=\"bellows-menu-item bellows-menu-item-type-post_type bellows-menu-item-object-page bellows-menu-item-5865 bellows-item-level-0\"><a  href=\"https:\/\/www.univ-usto.dz\/fac-electrique\/programme-erasmus-2\/\" class=\"bellows-target\"><span class=\"bellows-target-title bellows-target-text\">Programme Erasmus+<\/span><\/a><\/li>\n<li id=\"menu-item-85\" class=\"bellows-menu-item bellows-menu-item-type-custom bellows-menu-item-object-custom bellows-menu-item-85 bellows-item-level-0\"><a  href=\"#\" class=\"bellows-target\"><span class=\"bellows-target-title bellows-target-text\">Autres Bourses<\/span><\/a><\/li>\n<li id=\"menu-item-87\" class=\"bellows-menu-item bellows-menu-item-type-custom bellows-menu-item-object-custom bellows-menu-item-has-children bellows-menu-item-87 bellows-item-level-0\"><a  href=\"#\" class=\"bellows-target\"><span class=\"bellows-target-title bellows-target-text\">Formation<\/span><button class=\"bellows-subtoggle\" aria-label=\"Toggle Submenu\"><i class=\"bellows-subtoggle-icon-expand fa fa-chevron-down\"><\/i><i class=\"bellows-subtoggle-icon-collapse fa fa-chevron-up\"><\/i><\/button><\/a>\n<ul class=\"bellows-submenu\">\n\t<li id=\"menu-item-5864\" class=\"bellows-menu-item bellows-menu-item-type-post_type bellows-menu-item-object-page bellows-menu-item-5864 bellows-item-level-1\"><a  href=\"https:\/\/www.univ-usto.dz\/fac-electrique\/formation-doctorale-2\/\" class=\"bellows-target\"><span class=\"bellows-target-title bellows-target-text\">Formation Doctorale<\/span><\/a><\/li>\n\t<li id=\"menu-item-3214\" class=\"bellows-menu-item bellows-menu-item-type-post_type bellows-menu-item-object-page bellows-menu-item-3214 bellows-item-level-1\"><a  href=\"https:\/\/www.univ-usto.dz\/fac-electrique\/cotutelle\/\" class=\"bellows-target\"><span class=\"bellows-target-title bellows-target-text\">Cotutelle<\/span><\/a><\/li>\n\t<li id=\"menu-item-3212\" class=\"bellows-menu-item bellows-menu-item-type-post_type bellows-menu-item-object-page bellows-menu-item-3212 bellows-item-level-1\"><a  href=\"https:\/\/www.univ-usto.dz\/fac-electrique\/conge-scientifique\/\" class=\"bellows-target\"><span class=\"bellows-target-title bellows-target-text\">Cong\u00e9 Scientifique<\/span><\/a><\/li>\n<\/ul>\n<\/li>\n<li id=\"menu-item-90\" class=\"bellows-menu-item bellows-menu-item-type-custom bellows-menu-item-object-custom bellows-menu-item-has-children bellows-menu-item-90 bellows-item-level-0\"><a  href=\"#\" class=\"bellows-target\"><span class=\"bellows-target-title bellows-target-text\">Coop\u00e9ration<\/span><button class=\"bellows-subtoggle\" aria-label=\"Toggle Submenu\"><i class=\"bellows-subtoggle-icon-expand fa fa-chevron-down\"><\/i><i class=\"bellows-subtoggle-icon-collapse fa fa-chevron-up\"><\/i><\/button><\/a>\n<ul class=\"bellows-submenu\">\n\t<li id=\"menu-item-5869\" class=\"bellows-menu-item bellows-menu-item-type-post_type bellows-menu-item-object-page bellows-menu-item-5869 bellows-item-level-1\"><a  href=\"https:\/\/www.univ-usto.dz\/fac-electrique\/guide-4\/\" class=\"bellows-target\"><span class=\"bellows-target-title bellows-target-text\">Conventions nationales<\/span><\/a><\/li>\n\t<li id=\"menu-item-5872\" class=\"bellows-menu-item bellows-menu-item-type-post_type bellows-menu-item-object-page bellows-menu-item-5872 bellows-item-level-1\"><a  href=\"https:\/\/www.univ-usto.dz\/fac-electrique\/conventions-internationales\/\" class=\"bellows-target\"><span class=\"bellows-target-title bellows-target-text\">Conventions internationales<\/span><\/a><\/li>\n\t<li id=\"menu-item-3213\" class=\"bellows-menu-item bellows-menu-item-type-post_type bellows-menu-item-object-page bellows-menu-item-3213 bellows-item-level-1\"><a  href=\"https:\/\/www.univ-usto.dz\/fac-electrique\/reseaux-internationaux\/\" class=\"bellows-target\"><span class=\"bellows-target-title bellows-target-text\">R\u00e9seaux Internationaux<\/span><\/a><\/li>\n<\/ul>\n<\/li>\n<li id=\"menu-item-95\" class=\"bellows-menu-item bellows-menu-item-type-custom bellows-menu-item-object-custom bellows-menu-item-has-children bellows-menu-item-95 bellows-item-level-0\"><a  href=\"#\" class=\"bellows-target\"><span class=\"bellows-target-title bellows-target-text\">Manifestations<\/span><button class=\"bellows-subtoggle\" aria-label=\"Toggle Submenu\"><i class=\"bellows-subtoggle-icon-expand fa fa-chevron-down\"><\/i><i class=\"bellows-subtoggle-icon-collapse fa fa-chevron-up\"><\/i><\/button><\/a>\n<ul class=\"bellows-submenu\">\n\t<li id=\"menu-item-3215\" class=\"bellows-menu-item bellows-menu-item-type-post_type bellows-menu-item-object-page bellows-menu-item-3215 bellows-item-level-1\"><a  href=\"https:\/\/www.univ-usto.dz\/fac-electrique\/guide-2\/\" class=\"bellows-target\"><span class=\"bellows-target-title bellows-target-text\">Guide<\/span><\/a><\/li>\n\t<li id=\"menu-item-3209\" class=\"bellows-menu-item bellows-menu-item-type-post_type bellows-menu-item-object-page bellows-menu-item-3209 bellows-item-level-1\"><a  href=\"https:\/\/www.univ-usto.dz\/fac-electrique\/manifistation\/\" class=\"bellows-target\"><span class=\"bellows-target-title bellows-target-text\">Annonces<\/span><\/a><\/li>\n\t<li id=\"menu-item-3210\" class=\"bellows-menu-item bellows-menu-item-type-post_type bellows-menu-item-object-page bellows-menu-item-3210 bellows-item-level-1\"><a  href=\"https:\/\/www.univ-usto.dz\/fac-electrique\/guide-3\/\" class=\"bellows-target\"><span class=\"bellows-target-title bellows-target-text\">Archives<\/span><\/a><\/li>\n<\/ul>\n<\/li>\n<li id=\"menu-item-93\" class=\"bellows-menu-item bellows-menu-item-type-custom bellows-menu-item-object-custom bellows-menu-item-has-children bellows-menu-item-93 bellows-item-level-0\"><a  href=\"#\" class=\"bellows-target\"><span class=\"bellows-target-title bellows-target-text\">Communication<\/span><button class=\"bellows-subtoggle\" aria-label=\"Toggle Submenu\"><i class=\"bellows-subtoggle-icon-expand fa fa-chevron-down\"><\/i><i class=\"bellows-subtoggle-icon-collapse fa fa-chevron-up\"><\/i><\/button><\/a>\n<ul class=\"bellows-submenu\">\n\t<li id=\"menu-item-3206\" class=\"bellows-menu-item bellows-menu-item-type-post_type bellows-menu-item-object-page bellows-menu-item-3206 bellows-item-level-1\"><a  href=\"https:\/\/www.univ-usto.dz\/fac-electrique\/guide\/\" class=\"bellows-target\"><span class=\"bellows-target-title bellows-target-text\">Revue de presse<\/span><\/a><\/li>\n<\/ul>\n<\/li>\n<\/ul><\/nav>\t\t\t\t<\/div>\n\t\t\t\t<\/div>\n\t\t\t\t\t<\/div>\n\t\t<\/div>\n\t\t\t\t<div class=\"elementor-column elementor-col-66 elementor-top-column elementor-element elementor-element-39402fd\" data-id=\"39402fd\" data-element_type=\"column\">\n\t\t\t<div class=\"elementor-widget-wrap elementor-element-populated\">\n\t\t\t\t\t\t<div class=\"elementor-element elementor-element-3fd7bc8 elementor-widget elementor-widget-elementskit-heading\" data-id=\"3fd7bc8\" data-element_type=\"widget\" data-widget_type=\"elementskit-heading.default\">\n\t\t\t\t<div class=\"elementor-widget-container\">\n\t\t\t\t\t<div class=\"ekit-wid-con\" ><div class=\"ekit-heading elementskit-section-title-wraper text_left   ekit_heading_tablet-   ekit_heading_mobile-\"><h3 class=\"ekit-heading--title elementskit-section-title \">Programme Erasmus+<\/h3><div class=\"ekit_heading_separetor_wraper ekit_heading_elementskit-border-divider ekit-dotted\"><div class=\"elementskit-border-divider ekit-dotted\"><\/div><\/div><\/div><\/div>\t\t\t\t<\/div>\n\t\t\t\t<\/div>\n\t\t\t\t<div class=\"elementor-element elementor-element-75605d6 elementor-widget elementor-widget-text-editor\" data-id=\"75605d6\" data-element_type=\"widget\" data-widget_type=\"text-editor.default\">\n\t\t\t\t<div class=\"elementor-widget-container\">\n\t\t\t\t\t\t\t\t\t<p>Le programme Erasmus+\u00a0 permet \u00e0 tous les \u00e9tudiants inscrits dans un \u00e9tablissement d\u2019enseignement sup\u00e9rieur de passer de 3 mois \u00e0 6 mois d&rsquo;\u00e9tudes dans une autre universit\u00e9 europ\u00e9enne en validant leur cursus dans leur universit\u00e9 de d\u00e9part.<\/p><p><a href=\"https:\/\/https:\/\/www.univ-usto.dz\/fac-electrique\/Erasmus\/\" target=\"_blank\" rel=\"noopener\"><img decoding=\"async\" class=\"size-medium wp-image-5830 alignright\" src=\"https:\/\/https:\/\/www.univ-usto.dz\/fac-electrique\/dup\/wpt\/wp-content\/uploads\/2020\/09\/erasmus-300x148.jpg\" alt=\"\" width=\"300\" height=\"148\" \/><\/a><\/p><p>Le programme d&rsquo;\u00e9change Erasmus+ permet d&rsquo;\u00e9tudier \u00e0 l&rsquo;\u00e9tranger pendant un temps limit\u00e9 et a des co\u00fbts tr\u00e8s r\u00e9duits.\u00a0<\/p><p>Le programme Erasmus+ a pour objectif global de renforcer la dimension europ\u00e9enne dans l\u2019enseignement sup\u00e9rieur en privil\u00e9giant toutes les initiatives li\u00e9es \u00e0 la mobilit\u00e9 des \u00e9tudiants, des enseignants et des personnels.<\/p>\t\t\t\t\t\t\t\t<\/div>\n\t\t\t\t<\/div>\n\t\t\t\t<div class=\"elementor-element elementor-element-b889b21 elementor-align--tabletcenter elementor-align-center elementor-widget elementor-widget-elementskit-button\" data-id=\"b889b21\" data-element_type=\"widget\" data-widget_type=\"elementskit-button.default\">\n\t\t\t\t<div class=\"elementor-widget-container\">\n\t\t\t\t\t<div class=\"ekit-wid-con\" >\t\t<div class=\"ekit-btn-wraper\">\n\t\t\t\t\t\t\t<a href=\"https:\/\/https:\/\/www.univ-usto.dz\/fac-electrique\/Erasmus\/\" target=\"_blank\" rel=\"nofollow\" class=\"elementskit-btn  whitespace--normal\" id=\"\">\n\t\t\t\t\t<i class=\"fas fa-home\"><\/i>Erasmus Usto\t\t\t\t<\/a>\n\t\t\t\t\t<\/div>\n        <\/div>\t\t\t\t<\/div>\n\t\t\t\t<\/div>\n\t\t\t\t<div class=\"elementor-element elementor-element-789f72f elementor-widget elementor-widget-text-editor\" data-id=\"789f72f\" data-element_type=\"widget\" data-widget_type=\"text-editor.default\">\n\t\t\t\t<div class=\"elementor-widget-container\">\n\t\t\t\t\t\t\t\t\t<h2>Liens utiles<\/h2><ul><li><a href=\"http:\/\/erasmusplus.dz\/index.php\/fr\/accueil\/\" target=\"_blank\" rel=\"noopener\"><strong>Bureau National ERASMUS+ Alg\u00e9rie NEO<\/strong><\/a><\/li><li><a href=\"https:\/\/eacea.ec.europa.eu\/homepage_en\" target=\"_blank\" rel=\"noopener\"><strong><strong class=\"color3\">Union europ\u00e9enne: Agence EACEA<\/strong><\/strong><\/a><\/li><\/ul>\t\t\t\t\t\t\t\t<\/div>\n\t\t\t\t<\/div>\n\t\t\t\t\t<\/div>\n\t\t<\/div>\n\t\t\t\t\t<\/div>\n\t\t<\/section>\n\t\t\t\t<\/div>\n\t\t","protected":false},"excerpt":{"rendered":"<p>Programme Erasmus+ Le programme Erasmus+\u00a0 permet \u00e0 tous les \u00e9tudiants inscrits dans un \u00e9tablissement d\u2019enseignement sup\u00e9rieur de passer de 3 mois \u00e0 6 mois d&rsquo;\u00e9tudes dans une autre universit\u00e9 europ\u00e9enne <a href=\"https:\/\/www.univ-usto.dz\/fac-electrique\/programme-erasmus-2\/\" class=\"read-more\">Lire la suite &#8230;<\/a><\/p>\n","protected":false},"author":1,"featured_media":0,"parent":0,"menu_order":0,"comment_status":"closed","ping_status":"closed","template":"","meta":{"footnotes":""},"class_list":["post-5856","page","type-page","status-publish","hentry"],"_links":{"self":[{"href":"https:\/\/www.univ-usto.dz\/fac-electrique\/wp-json\/wp\/v2\/pages\/5856","targetHints":{"allow":["GET"]}}],"collection":[{"href":"https:\/\/www.univ-usto.dz\/fac-electrique\/wp-json\/wp\/v2\/pages"}],"about":[{"href":"https:\/\/www.univ-usto.dz\/fac-electrique\/wp-json\/wp\/v2\/types\/page"}],"author":[{"embeddable":true,"href":"https:\/\/www.univ-usto.dz\/fac-electrique\/wp-json\/wp\/v2\/users\/1"}],"replies":[{"embeddable":true,"href":"https:\/\/www.univ-usto.dz\/fac-electrique\/wp-json\/wp\/v2\/comments?post=5856"}],"version-history":[{"count":10,"href":"https:\/\/www.univ-usto.dz\/fac-electrique\/wp-json\/wp\/v2\/pages\/5856\/revisions"}],"predecessor-version":[{"id":6365,"href":"https:\/\/www.univ-usto.dz\/fac-electrique\/wp-json\/wp\/v2\/pages\/5856\/revisions\/6365"}],"wp:attachment":[{"href":"https:\/\/www.univ-usto.dz\/fac-electrique\/wp-json\/wp\/v2\/media?parent=5856"}],"curies":[{"name":"wp","href":"https:\/\/api.w.org\/{rel}","templated":true}]}}