{"id":5860,"date":"2020-09-24T08:15:09","date_gmt":"2020-09-24T08:15:09","guid":{"rendered":"http:\/\/www.univ-usto.dz\/fac-electrique\/?page_id=5860"},"modified":"2020-09-29T19:38:23","modified_gmt":"2020-09-29T19:38:23","slug":"formation-doctorale-2","status":"publish","type":"page","link":"https:\/\/www.univ-usto.dz\/fac-electrique\/formation-doctorale-2\/","title":{"rendered":"Formation Doctorale"},"content":{"rendered":"\t\t<div data-elementor-type=\"wp-page\" data-elementor-id=\"5860\" class=\"elementor elementor-5860\">\n\t\t\t\t\t\t<section class=\"elementor-section elementor-top-section elementor-element elementor-element-b8dfcfb elementor-section-boxed elementor-section-height-default elementor-section-height-default\" data-id=\"b8dfcfb\" data-element_type=\"section\">\n\t\t\t\t\t\t<div class=\"elementor-container elementor-column-gap-default\">\n\t\t\t\t\t<div class=\"elementor-column elementor-col-33 elementor-top-column elementor-element elementor-element-6b6cccc\" data-id=\"6b6cccc\" data-element_type=\"column\">\n\t\t\t<div class=\"elementor-widget-wrap elementor-element-populated\">\n\t\t\t\t\t\t<div class=\"elementor-element elementor-element-3412852 elementor-widget elementor-widget-wp-widget-bellows_navigation_widget\" data-id=\"3412852\" data-element_type=\"widget\" data-widget_type=\"wp-widget-bellows_navigation_widget.default\">\n\t\t\t\t<div class=\"elementor-widget-container\">\n\t\t\t\t\t<nav id=\"bellows-main-10\" class=\"bellows bellows-nojs bellows-main bellows-source-menu bellows-align-full bellows-skin-vanilla bellows-type-\"><ul id=\"menu-menuleftrelax\" class=\"bellows-nav\" data-bellows-config=\"main\"><li id=\"menu-item-5866\" class=\"bellows-menu-item bellows-menu-item-type-post_type bellows-menu-item-object-page bellows-menu-item-5866 bellows-item-level-0\"><a  href=\"https:\/\/www.univ-usto.dz\/fac-electrique\/formation-de-perfectionnement\/\" class=\"bellows-target\"><span class=\"bellows-target-title bellows-target-text\">Formation de Perfectionnement<\/span><\/a><\/li>\n<li id=\"menu-item-5865\" class=\"bellows-menu-item bellows-menu-item-type-post_type bellows-menu-item-object-page bellows-menu-item-5865 bellows-item-level-0\"><a  href=\"https:\/\/www.univ-usto.dz\/fac-electrique\/programme-erasmus-2\/\" class=\"bellows-target\"><span class=\"bellows-target-title bellows-target-text\">Programme Erasmus+<\/span><\/a><\/li>\n<li id=\"menu-item-85\" class=\"bellows-menu-item bellows-menu-item-type-custom bellows-menu-item-object-custom bellows-menu-item-85 bellows-item-level-0\"><a  href=\"#\" class=\"bellows-target\"><span class=\"bellows-target-title bellows-target-text\">Autres Bourses<\/span><\/a><\/li>\n<li id=\"menu-item-87\" class=\"bellows-menu-item bellows-menu-item-type-custom bellows-menu-item-object-custom bellows-menu-item-has-children bellows-menu-item-87 bellows-item-level-0\"><a  href=\"#\" class=\"bellows-target\"><span class=\"bellows-target-title bellows-target-text\">Formation<\/span><button class=\"bellows-subtoggle\" aria-label=\"Toggle Submenu\"><i class=\"bellows-subtoggle-icon-expand fa fa-chevron-down\"><\/i><i class=\"bellows-subtoggle-icon-collapse fa fa-chevron-up\"><\/i><\/button><\/a>\n<ul class=\"bellows-submenu\">\n\t<li id=\"menu-item-5864\" class=\"bellows-menu-item bellows-menu-item-type-post_type bellows-menu-item-object-page bellows-menu-item-5864 bellows-item-level-1\"><a  href=\"https:\/\/www.univ-usto.dz\/fac-electrique\/formation-doctorale-2\/\" class=\"bellows-target\"><span class=\"bellows-target-title bellows-target-text\">Formation Doctorale<\/span><\/a><\/li>\n\t<li id=\"menu-item-3214\" class=\"bellows-menu-item bellows-menu-item-type-post_type bellows-menu-item-object-page bellows-menu-item-3214 bellows-item-level-1\"><a  href=\"https:\/\/www.univ-usto.dz\/fac-electrique\/cotutelle\/\" class=\"bellows-target\"><span class=\"bellows-target-title bellows-target-text\">Cotutelle<\/span><\/a><\/li>\n\t<li id=\"menu-item-3212\" class=\"bellows-menu-item bellows-menu-item-type-post_type bellows-menu-item-object-page bellows-menu-item-3212 bellows-item-level-1\"><a  href=\"https:\/\/www.univ-usto.dz\/fac-electrique\/conge-scientifique\/\" class=\"bellows-target\"><span class=\"bellows-target-title bellows-target-text\">Cong\u00e9 Scientifique<\/span><\/a><\/li>\n<\/ul>\n<\/li>\n<li id=\"menu-item-90\" class=\"bellows-menu-item bellows-menu-item-type-custom bellows-menu-item-object-custom bellows-menu-item-has-children bellows-menu-item-90 bellows-item-level-0\"><a  href=\"#\" class=\"bellows-target\"><span class=\"bellows-target-title bellows-target-text\">Coop\u00e9ration<\/span><button class=\"bellows-subtoggle\" aria-label=\"Toggle Submenu\"><i class=\"bellows-subtoggle-icon-expand fa fa-chevron-down\"><\/i><i class=\"bellows-subtoggle-icon-collapse fa fa-chevron-up\"><\/i><\/button><\/a>\n<ul class=\"bellows-submenu\">\n\t<li id=\"menu-item-5869\" class=\"bellows-menu-item bellows-menu-item-type-post_type bellows-menu-item-object-page bellows-menu-item-5869 bellows-item-level-1\"><a  href=\"https:\/\/www.univ-usto.dz\/fac-electrique\/guide-4\/\" class=\"bellows-target\"><span class=\"bellows-target-title bellows-target-text\">Conventions nationales<\/span><\/a><\/li>\n\t<li id=\"menu-item-5872\" class=\"bellows-menu-item bellows-menu-item-type-post_type bellows-menu-item-object-page bellows-menu-item-5872 bellows-item-level-1\"><a  href=\"https:\/\/www.univ-usto.dz\/fac-electrique\/conventions-internationales\/\" class=\"bellows-target\"><span class=\"bellows-target-title bellows-target-text\">Conventions internationales<\/span><\/a><\/li>\n\t<li id=\"menu-item-3213\" class=\"bellows-menu-item bellows-menu-item-type-post_type bellows-menu-item-object-page bellows-menu-item-3213 bellows-item-level-1\"><a  href=\"https:\/\/www.univ-usto.dz\/fac-electrique\/reseaux-internationaux\/\" class=\"bellows-target\"><span class=\"bellows-target-title bellows-target-text\">R\u00e9seaux Internationaux<\/span><\/a><\/li>\n<\/ul>\n<\/li>\n<li id=\"menu-item-95\" class=\"bellows-menu-item bellows-menu-item-type-custom bellows-menu-item-object-custom bellows-menu-item-has-children bellows-menu-item-95 bellows-item-level-0\"><a  href=\"#\" class=\"bellows-target\"><span class=\"bellows-target-title bellows-target-text\">Manifestations<\/span><button class=\"bellows-subtoggle\" aria-label=\"Toggle Submenu\"><i class=\"bellows-subtoggle-icon-expand fa fa-chevron-down\"><\/i><i class=\"bellows-subtoggle-icon-collapse fa fa-chevron-up\"><\/i><\/button><\/a>\n<ul class=\"bellows-submenu\">\n\t<li id=\"menu-item-3215\" class=\"bellows-menu-item bellows-menu-item-type-post_type bellows-menu-item-object-page bellows-menu-item-3215 bellows-item-level-1\"><a  href=\"https:\/\/www.univ-usto.dz\/fac-electrique\/guide-2\/\" class=\"bellows-target\"><span class=\"bellows-target-title bellows-target-text\">Guide<\/span><\/a><\/li>\n\t<li id=\"menu-item-3209\" class=\"bellows-menu-item bellows-menu-item-type-post_type bellows-menu-item-object-page bellows-menu-item-3209 bellows-item-level-1\"><a  href=\"https:\/\/www.univ-usto.dz\/fac-electrique\/manifistation\/\" class=\"bellows-target\"><span class=\"bellows-target-title bellows-target-text\">Annonces<\/span><\/a><\/li>\n\t<li id=\"menu-item-3210\" class=\"bellows-menu-item bellows-menu-item-type-post_type bellows-menu-item-object-page bellows-menu-item-3210 bellows-item-level-1\"><a  href=\"https:\/\/www.univ-usto.dz\/fac-electrique\/guide-3\/\" class=\"bellows-target\"><span class=\"bellows-target-title bellows-target-text\">Archives<\/span><\/a><\/li>\n<\/ul>\n<\/li>\n<li id=\"menu-item-93\" class=\"bellows-menu-item bellows-menu-item-type-custom bellows-menu-item-object-custom bellows-menu-item-has-children bellows-menu-item-93 bellows-item-level-0\"><a  href=\"#\" class=\"bellows-target\"><span class=\"bellows-target-title bellows-target-text\">Communication<\/span><button class=\"bellows-subtoggle\" aria-label=\"Toggle Submenu\"><i class=\"bellows-subtoggle-icon-expand fa fa-chevron-down\"><\/i><i class=\"bellows-subtoggle-icon-collapse fa fa-chevron-up\"><\/i><\/button><\/a>\n<ul class=\"bellows-submenu\">\n\t<li id=\"menu-item-3206\" class=\"bellows-menu-item bellows-menu-item-type-post_type bellows-menu-item-object-page bellows-menu-item-3206 bellows-item-level-1\"><a  href=\"https:\/\/www.univ-usto.dz\/fac-electrique\/guide\/\" class=\"bellows-target\"><span class=\"bellows-target-title bellows-target-text\">Revue de presse<\/span><\/a><\/li>\n<\/ul>\n<\/li>\n<\/ul><\/nav>\t\t\t\t<\/div>\n\t\t\t\t<\/div>\n\t\t\t\t\t<\/div>\n\t\t<\/div>\n\t\t\t\t<div class=\"elementor-column elementor-col-66 elementor-top-column elementor-element elementor-element-39402fd\" data-id=\"39402fd\" data-element_type=\"column\">\n\t\t\t<div class=\"elementor-widget-wrap elementor-element-populated\">\n\t\t\t\t\t\t<div class=\"elementor-element elementor-element-55cacc8 elementor-widget elementor-widget-elementskit-heading\" data-id=\"55cacc8\" data-element_type=\"widget\" data-widget_type=\"elementskit-heading.default\">\n\t\t\t\t<div class=\"elementor-widget-container\">\n\t\t\t\t\t<div class=\"ekit-wid-con\" ><div class=\"ekit-heading elementskit-section-title-wraper text_left   ekit_heading_tablet-   ekit_heading_mobile-\"><h3 class=\"ekit-heading--title elementskit-section-title \">Formation doctorale<\/h3><div class=\"ekit_heading_separetor_wraper ekit_heading_elementskit-border-divider ekit-dotted\"><div class=\"elementskit-border-divider ekit-dotted\"><\/div><\/div><\/div><\/div>\t\t\t\t<\/div>\n\t\t\t\t<\/div>\n\t\t\t\t<div class=\"elementor-element elementor-element-ba21dbd elementor-widget elementor-widget-text-editor\" data-id=\"ba21dbd\" data-element_type=\"widget\" data-widget_type=\"text-editor.default\">\n\t\t\t\t<div class=\"elementor-widget-container\">\n\t\t\t\t\t\t\t\t\t<p>La formation doctorale est \u00e9galement un programme de formation r\u00e9sidentielle \u00e0 l\u2019\u00e9tranger qui concerne les fili\u00e8res non dispens\u00e9es en Alg\u00e9rie.<\/p><p>II touche les \u00e9tudiants titulaires d\u2019un\u00a0<strong>dipl\u00f4me de premier cycle (Licence) ou de deuxi\u00e8me cycle (Master)<\/strong>,<\/p><p><strong>majors de promotions\u00a0<\/strong>ayant \u00e9t\u00e9 admis au concours national d\u2019acc\u00e8s \u00e0 une formation doctorale \u00e0 l\u2019\u00e9tranger.<\/p><p>Toutes les informations utiles (crit\u00e8res, constitution de dossiers\u2026) sont disponibles sur les sites suivants\u00a0:<\/p><p><strong><a href=\"http:\/\/www.mesrs.dz\/\" target=\"_blank\" rel=\"noopener\">www.mesrs.dz <\/a><\/strong>,<strong>\u00a0<a href=\"https:\/\/cruo.univ-oran1.dz\/\" target=\"_blank\" rel=\"noopener\">www.cruo.univ-oran1.dz<\/a>\u00a0<\/strong>et\u00a0<strong><a href=\"http:\/\/www.univ.usto.dz\/\" target=\"_blank\" rel=\"noopener\">www.univ.usto.dz<\/a><\/strong>.<\/p>\t\t\t\t\t\t\t\t<\/div>\n\t\t\t\t<\/div>\n\t\t\t\t\t<\/div>\n\t\t<\/div>\n\t\t\t\t\t<\/div>\n\t\t<\/section>\n\t\t\t\t<section class=\"elementor-section elementor-top-section elementor-element elementor-element-03a64e4 elementor-section-boxed elementor-section-height-default elementor-section-height-default\" data-id=\"03a64e4\" data-element_type=\"section\">\n\t\t\t\t\t\t<div class=\"elementor-container elementor-column-gap-default\">\n\t\t\t\t\t<div class=\"elementor-column elementor-col-100 elementor-top-column elementor-element elementor-element-14654b5\" data-id=\"14654b5\" data-element_type=\"column\">\n\t\t\t<div class=\"elementor-widget-wrap elementor-element-populated\">\n\t\t\t\t\t\t\t<\/div>\n\t\t<\/div>\n\t\t\t\t\t<\/div>\n\t\t<\/section>\n\t\t\t\t<\/div>\n\t\t","protected":false},"excerpt":{"rendered":"<p>Formation doctorale La formation doctorale est \u00e9galement un programme de formation r\u00e9sidentielle \u00e0 l\u2019\u00e9tranger qui concerne les fili\u00e8res non dispens\u00e9es en Alg\u00e9rie. II touche les \u00e9tudiants titulaires d\u2019un\u00a0dipl\u00f4me de premier <a href=\"https:\/\/www.univ-usto.dz\/fac-electrique\/formation-doctorale-2\/\" class=\"read-more\">Lire la suite &#8230;<\/a><\/p>\n","protected":false},"author":1,"featured_media":0,"parent":0,"menu_order":0,"comment_status":"closed","ping_status":"closed","template":"","meta":{"footnotes":""},"class_list":["post-5860","page","type-page","status-publish","hentry"],"_links":{"self":[{"href":"https:\/\/www.univ-usto.dz\/fac-electrique\/wp-json\/wp\/v2\/pages\/5860","targetHints":{"allow":["GET"]}}],"collection":[{"href":"https:\/\/www.univ-usto.dz\/fac-electrique\/wp-json\/wp\/v2\/pages"}],"about":[{"href":"https:\/\/www.univ-usto.dz\/fac-electrique\/wp-json\/wp\/v2\/types\/page"}],"author":[{"embeddable":true,"href":"https:\/\/www.univ-usto.dz\/fac-electrique\/wp-json\/wp\/v2\/users\/1"}],"replies":[{"embeddable":true,"href":"https:\/\/www.univ-usto.dz\/fac-electrique\/wp-json\/wp\/v2\/comments?post=5860"}],"version-history":[{"count":2,"href":"https:\/\/www.univ-usto.dz\/fac-electrique\/wp-json\/wp\/v2\/pages\/5860\/revisions"}],"predecessor-version":[{"id":5862,"href":"https:\/\/www.univ-usto.dz\/fac-electrique\/wp-json\/wp\/v2\/pages\/5860\/revisions\/5862"}],"wp:attachment":[{"href":"https:\/\/www.univ-usto.dz\/fac-electrique\/wp-json\/wp\/v2\/media?parent=5860"}],"curies":[{"name":"wp","href":"https:\/\/api.w.org\/{rel}","templated":true}]}}