{"id":10799,"date":"2021-02-16T14:01:16","date_gmt":"2021-02-16T14:01:16","guid":{"rendered":"http:\/\/www.univ-usto.dz\/faculte\/fac-archicivil\/?page_id=10799"},"modified":"2026-04-06T19:19:10","modified_gmt":"2026-04-06T19:19:10","slug":"mot-du-doyen","status":"publish","type":"page","link":"https:\/\/www.univ-usto.dz\/faculte\/fac-archicivil\/mot-du-doyen\/","title":{"rendered":"Mot du Doyen"},"content":{"rendered":"\t\t<div data-elementor-type=\"wp-page\" data-elementor-id=\"10799\" class=\"elementor elementor-10799\">\n\t\t\t\t\t\t<section class=\"elementor-section elementor-top-section elementor-element elementor-element-1a68de5 elementor-section-boxed elementor-section-height-default elementor-section-height-default\" data-id=\"1a68de5\" data-element_type=\"section\">\n\t\t\t\t\t\t<div class=\"elementor-container elementor-column-gap-default\">\n\t\t\t\t\t<div class=\"elementor-column elementor-col-100 elementor-top-column elementor-element elementor-element-ebaa81e\" data-id=\"ebaa81e\" data-element_type=\"column\">\n\t\t\t<div class=\"elementor-widget-wrap elementor-element-populated\">\n\t\t\t\t\t\t<div class=\"elementor-element elementor-element-964fc4f elementor-widget elementor-widget-elementskit-heading\" data-id=\"964fc4f\" data-element_type=\"widget\" data-widget_type=\"elementskit-heading.default\">\n\t\t\t\t<div class=\"elementor-widget-container\">\n\t\t\t\t\t<div class=\"ekit-wid-con\" ><div class=\"ekit-heading elementskit-section-title-wraper text_left   ekit_heading_tablet-   ekit_heading_mobile-\"><h3 class=\"ekit-heading--title elementskit-section-title \">Mot du Doyen<\/h3><div class=\"ekit_heading_separetor_wraper ekit_heading_elementskit-border-divider\"><div class=\"elementskit-border-divider\"><\/div><\/div><\/div><\/div>\t\t\t\t<\/div>\n\t\t\t\t<\/div>\n\t\t\t\t<div class=\"elementor-element elementor-element-1bbb56a elementor-widget__width-initial elementor-widget elementor-widget-image\" data-id=\"1bbb56a\" data-element_type=\"widget\" data-widget_type=\"image.default\">\n\t\t\t\t<div class=\"elementor-widget-container\">\n\t\t\t\t\t\t\t\t\t\t\t\t\t\t\t<img fetchpriority=\"high\" decoding=\"async\" width=\"847\" height=\"564\" src=\"https:\/\/www.univ-usto.dz\/faculte\/fac-archicivil\/wp-content\/uploads\/2026\/04\/618733277_783443081449209_6902261291472078951_n-1024x682.jpg\" class=\"attachment-large size-large wp-image-18899\" alt=\"\" srcset=\"https:\/\/www.univ-usto.dz\/faculte\/fac-archicivil\/wp-content\/uploads\/2026\/04\/618733277_783443081449209_6902261291472078951_n-1024x682.jpg 1024w, https:\/\/www.univ-usto.dz\/faculte\/fac-archicivil\/wp-content\/uploads\/2026\/04\/618733277_783443081449209_6902261291472078951_n-300x200.jpg 300w, https:\/\/www.univ-usto.dz\/faculte\/fac-archicivil\/wp-content\/uploads\/2026\/04\/618733277_783443081449209_6902261291472078951_n-768x512.jpg 768w, https:\/\/www.univ-usto.dz\/faculte\/fac-archicivil\/wp-content\/uploads\/2026\/04\/618733277_783443081449209_6902261291472078951_n-360x240.jpg 360w, https:\/\/www.univ-usto.dz\/faculte\/fac-archicivil\/wp-content\/uploads\/2026\/04\/618733277_783443081449209_6902261291472078951_n-24x16.jpg 24w, https:\/\/www.univ-usto.dz\/faculte\/fac-archicivil\/wp-content\/uploads\/2026\/04\/618733277_783443081449209_6902261291472078951_n-36x24.jpg 36w, https:\/\/www.univ-usto.dz\/faculte\/fac-archicivil\/wp-content\/uploads\/2026\/04\/618733277_783443081449209_6902261291472078951_n-48x32.jpg 48w, https:\/\/www.univ-usto.dz\/faculte\/fac-archicivil\/wp-content\/uploads\/2026\/04\/618733277_783443081449209_6902261291472078951_n.jpg 1280w\" sizes=\"(max-width: 847px) 100vw, 847px\" \/>\t\t\t\t\t\t\t\t\t\t\t\t\t\t\t<\/div>\n\t\t\t\t<\/div>\n\t\t\t\t<div class=\"elementor-element elementor-element-f7678e8 elementor-widget elementor-widget-text-editor\" data-id=\"f7678e8\" data-element_type=\"widget\" data-widget_type=\"text-editor.default\">\n\t\t\t\t<div class=\"elementor-widget-container\">\n\t\t\t\t\t\t\t\t\t<p>Suite \u00e0 notre nomination au poste de doyen de la Facult\u00e9 d\u2019Architecture et de G\u00e9nie Civil, il m\u2019est agr\u00e9able d\u2019exprimer mes plus sinc\u00e8res remerciements \u00e0 Monsieur le Recteur de l\u2019Universit\u00e9 des Sciences et de la Technologie d\u2019Oran Mohamed-Boudiaf pour la confiance qu\u2019il a bien voulu nous accorder. Je rends \u00e9galement un hommage appuy\u00e9 \u00e0 mes pr\u00e9d\u00e9cesseurs pour leur contribution remarquable au d\u00e9veloppement et au rayonnement de notre facult\u00e9.<\/p><p>Je tiens \u00e0 rendre hommage \u00e0 l\u2019engagement exemplaire des vice-doyens charg\u00e9s des \u00e9tudes et des affaires \u00e9tudiantes, ainsi qu\u2019au vice-doyen charg\u00e9 de la post-graduation, de la recherche scientifique et des relations ext\u00e9rieures, sans oublier les chefs de d\u00e9partements, qui ont g\u00e9n\u00e9reusement accept\u00e9 d\u2019assumer, \u00e0 nos c\u00f4t\u00e9s, la haute responsabilit\u00e9 de poursuivre et de consolider les missions acad\u00e9miques, p\u00e9dagogiques et scientifiques de notre facult\u00e9.<\/p><p>Je rends \u00e9galement hommage \u00e0 l\u2019ensemble des enseignants et des personnels pour leur d\u00e9vouement constant, et j\u2019adresse \u00e0 nos \u00e9tudiantes et \u00e9tudiants un message de confiance et d\u2019encouragement, en les assurant de notre enti\u00e8re mobilisation pour garantir une formation de qualit\u00e9 dans un environnement propice \u00e0 la r\u00e9ussite.<\/p><p>Notre action s\u2019inscrit dans une vision fond\u00e9e sur la rigueur, la proximit\u00e9 et l\u2019ambition, au service du d\u00e9veloppement de la Facult\u00e9 d\u2019Architecture et de G\u00e9nie Civil. Par l\u2019effort collectif, l\u2019engagement responsable et l\u2019intelligence partag\u00e9e, nous \u0153uvrerons \u00e0 faire de notre facult\u00e9 un espace d\u2019excellence, de progr\u00e8s et de rayonnement acad\u00e9mique.<\/p><p><strong>Professeur Abdelkrim Khaldi<\/strong><\/p>\t\t\t\t\t\t\t\t<\/div>\n\t\t\t\t<\/div>\n\t\t\t\t\t<\/div>\n\t\t<\/div>\n\t\t\t\t\t<\/div>\n\t\t<\/section>\n\t\t\t\t<\/div>\n\t\t","protected":false},"excerpt":{"rendered":"<p>Mot du Doyen Suite \u00e0 notre nomination au poste de doyen de la Facult\u00e9 d\u2019Architecture et de G\u00e9nie Civil, il m\u2019est agr\u00e9able d\u2019exprimer mes plus sinc\u00e8res remerciements \u00e0 Monsieur le <a href=\"https:\/\/www.univ-usto.dz\/faculte\/fac-archicivil\/mot-du-doyen\/\" class=\"read-more\">Lire la suite &#8230;<\/a><\/p>\n","protected":false},"author":1,"featured_media":0,"parent":0,"menu_order":0,"comment_status":"closed","ping_status":"closed","template":"","meta":{"footnotes":""},"class_list":["post-10799","page","type-page","status-publish","hentry"],"_links":{"self":[{"href":"https:\/\/www.univ-usto.dz\/faculte\/fac-archicivil\/wp-json\/wp\/v2\/pages\/10799","targetHints":{"allow":["GET"]}}],"collection":[{"href":"https:\/\/www.univ-usto.dz\/faculte\/fac-archicivil\/wp-json\/wp\/v2\/pages"}],"about":[{"href":"https:\/\/www.univ-usto.dz\/faculte\/fac-archicivil\/wp-json\/wp\/v2\/types\/page"}],"author":[{"embeddable":true,"href":"https:\/\/www.univ-usto.dz\/faculte\/fac-archicivil\/wp-json\/wp\/v2\/users\/1"}],"replies":[{"embeddable":true,"href":"https:\/\/www.univ-usto.dz\/faculte\/fac-archicivil\/wp-json\/wp\/v2\/comments?post=10799"}],"version-history":[{"count":74,"href":"https:\/\/www.univ-usto.dz\/faculte\/fac-archicivil\/wp-json\/wp\/v2\/pages\/10799\/revisions"}],"predecessor-version":[{"id":18980,"href":"https:\/\/www.univ-usto.dz\/faculte\/fac-archicivil\/wp-json\/wp\/v2\/pages\/10799\/revisions\/18980"}],"wp:attachment":[{"href":"https:\/\/www.univ-usto.dz\/faculte\/fac-archicivil\/wp-json\/wp\/v2\/media?parent=10799"}],"curies":[{"name":"wp","href":"https:\/\/api.w.org\/{rel}","templated":true}]}}