{"id":19153,"date":"2026-04-08T14:13:24","date_gmt":"2026-04-08T14:13:24","guid":{"rendered":"https:\/\/www.univ-usto.dz\/faculte\/fac-archicivil\/?page_id=19153"},"modified":"2026-04-09T09:09:31","modified_gmt":"2026-04-09T09:09:31","slug":"useful-links","status":"publish","type":"page","link":"https:\/\/www.univ-usto.dz\/faculte\/fac-archicivil\/en\/useful-links\/","title":{"rendered":"Useful links"},"content":{"rendered":"\t\t<div data-elementor-type=\"wp-page\" data-elementor-id=\"19153\" class=\"elementor elementor-19153\">\n\t\t\t\t\t\t<section class=\"elementor-section elementor-top-section elementor-element elementor-element-37f6964 elementor-section-boxed elementor-section-height-default elementor-section-height-default\" data-id=\"37f6964\" data-element_type=\"section\">\n\t\t\t\t\t\t<div class=\"elementor-container elementor-column-gap-default\">\n\t\t\t\t\t<div class=\"elementor-column elementor-col-100 elementor-top-column elementor-element elementor-element-2f858ea\" data-id=\"2f858ea\" data-element_type=\"column\">\n\t\t\t<div class=\"elementor-widget-wrap elementor-element-populated\">\n\t\t\t\t\t\t<div class=\"elementor-element elementor-element-6fa050c elementor-widget elementor-widget-text-editor\" data-id=\"6fa050c\" data-element_type=\"widget\" data-widget_type=\"text-editor.default\">\n\t\t\t\t<div class=\"elementor-widget-container\">\n\t\t\t\t\t\t\t\t\t<p>\u00a0<\/p>\n<p>Useful links<\/p>\n<div class=\"elementor-column elementor-col-66 elementor-top-column elementor-element elementor-element-eff045f\" data-id=\"eff045f\" data-element_type=\"column\" data-e-type=\"column\">\n<div class=\"elementor-widget-wrap elementor-element-populated\">\n<div class=\"elementor-element elementor-element-b5bc7f8 elementor-widget elementor-widget-text-editor\" data-id=\"b5bc7f8\" data-element_type=\"widget\" data-e-type=\"widget\" data-widget_type=\"text-editor.default\">\n<div class=\"elementor-widget-container\">\n<p><strong><a href=\"http:\/\/www.dgrsdt.dz\/\" target=\"_blank\" rel=\"noopener\">Direction G\u00e9n\u00e9rale de la Recherche Scientifique et de d\u00e9veloppement Technologique DGRSDT<\/a><\/strong><\/p>\n<p><strong><span class=\"HwtZe\" lang=\"en\"><span class=\"jCAhz ChMk0b C1N51c\"><span class=\"ryNqvb\">Thematic agencies<\/span><\/span><\/span><\/strong><\/p>\n<ul>\n<li><strong><a href=\"https:\/\/www.atrss.dz\/\" target=\"_blank\" rel=\"noopener\">Agence Th\u00e9matique de Recherche en Sciences de la Sant\u00e9 (Oran)<\/a><\/strong><\/li>\n<li><strong><a href=\"http:\/\/www.atrssh.dz\/\" target=\"_blank\" rel=\"noopener\">Agence Th\u00e9matique de Recherche en Sciences Sociales et Humaines (Blida)<\/a><\/strong><\/li>\n<li><strong><a href=\"http:\/\/atrbsa.dz\/ATRBSA\/\" target=\"_blank\" rel=\"noopener\">Agence Th\u00e9matique de Recherche en Biotechnologie et en Sciences Agroalimentaires (Constantine)<\/a><\/strong><\/li>\n<li><strong><a href=\"http:\/\/atrst.dz\/\" target=\"_blank\" rel=\"noopener\">Agence th\u00e9matique de Recherche en Sciences et Technologie (El Harrach \/Alger)<\/a><\/strong><\/li>\n<\/ul>\n<\/div>\n<\/div>\n<\/div>\n<\/div>\t\t\t\t\t\t\t\t<\/div>\n\t\t\t\t<\/div>\n\t\t\t\t\t<\/div>\n\t\t<\/div>\n\t\t\t\t\t<\/div>\n\t\t<\/section>\n\t\t\t\t<\/div>\n\t\t","protected":false},"excerpt":{"rendered":"<p>\u00a0 Useful links Direction G\u00e9n\u00e9rale de la Recherche Scientifique et de d\u00e9veloppement Technologique DGRSDT Thematic agencies Agence Th\u00e9matique de Recherche en Sciences de la Sant\u00e9 (Oran) Agence Th\u00e9matique de Recherche <a href=\"https:\/\/www.univ-usto.dz\/faculte\/fac-archicivil\/en\/useful-links\/\" class=\"read-more\">Lire la suite &#8230;<\/a><\/p>\n","protected":false},"author":24,"featured_media":0,"parent":0,"menu_order":0,"comment_status":"closed","ping_status":"closed","template":"","meta":{"footnotes":""},"class_list":["post-19153","page","type-page","status-publish","hentry"],"_links":{"self":[{"href":"https:\/\/www.univ-usto.dz\/faculte\/fac-archicivil\/wp-json\/wp\/v2\/pages\/19153","targetHints":{"allow":["GET"]}}],"collection":[{"href":"https:\/\/www.univ-usto.dz\/faculte\/fac-archicivil\/wp-json\/wp\/v2\/pages"}],"about":[{"href":"https:\/\/www.univ-usto.dz\/faculte\/fac-archicivil\/wp-json\/wp\/v2\/types\/page"}],"author":[{"embeddable":true,"href":"https:\/\/www.univ-usto.dz\/faculte\/fac-archicivil\/wp-json\/wp\/v2\/users\/24"}],"replies":[{"embeddable":true,"href":"https:\/\/www.univ-usto.dz\/faculte\/fac-archicivil\/wp-json\/wp\/v2\/comments?post=19153"}],"version-history":[{"count":4,"href":"https:\/\/www.univ-usto.dz\/faculte\/fac-archicivil\/wp-json\/wp\/v2\/pages\/19153\/revisions"}],"predecessor-version":[{"id":19293,"href":"https:\/\/www.univ-usto.dz\/faculte\/fac-archicivil\/wp-json\/wp\/v2\/pages\/19153\/revisions\/19293"}],"wp:attachment":[{"href":"https:\/\/www.univ-usto.dz\/faculte\/fac-archicivil\/wp-json\/wp\/v2\/media?parent=19153"}],"curies":[{"name":"wp","href":"https:\/\/api.w.org\/{rel}","templated":true}]}}