{"id":19255,"date":"2026-04-09T08:41:57","date_gmt":"2026-04-09T08:41:57","guid":{"rendered":"https:\/\/www.univ-usto.dz\/faculte\/fac-archicivil\/?page_id=19255"},"modified":"2026-04-09T08:53:17","modified_gmt":"2026-04-09T08:53:17","slug":"scientific-events-2026-2","status":"publish","type":"page","link":"https:\/\/www.univ-usto.dz\/faculte\/fac-archicivil\/scientific-events-2026-2\/","title":{"rendered":"\u00a0Manifestations Scientifiques 2026"},"content":{"rendered":"\t\t<div data-elementor-type=\"wp-page\" data-elementor-id=\"19255\" class=\"elementor elementor-19255\">\n\t\t\t\t\t\t<section class=\"elementor-section elementor-top-section elementor-element elementor-element-5ae1ce6 elementor-section-boxed elementor-section-height-default elementor-section-height-default\" data-id=\"5ae1ce6\" data-element_type=\"section\">\n\t\t\t\t\t\t<div class=\"elementor-container elementor-column-gap-default\">\n\t\t\t\t\t<div class=\"elementor-column elementor-col-100 elementor-top-column elementor-element elementor-element-635667f\" data-id=\"635667f\" data-element_type=\"column\">\n\t\t\t<div class=\"elementor-widget-wrap elementor-element-populated\">\n\t\t\t\t\t\t<div class=\"elementor-element elementor-element-100be61 elementor-widget elementor-widget-heading\" data-id=\"100be61\" data-element_type=\"widget\" data-widget_type=\"heading.default\">\n\t\t\t\t<div class=\"elementor-widget-container\">\n\t\t\t\t\t<h2 class=\"elementor-heading-title elementor-size-default\"> Manifestations Scientifiques <\/h2>\t\t\t\t<\/div>\n\t\t\t\t<\/div>\n\t\t\t\t<div class=\"elementor-element elementor-element-eff794f elementor-widget elementor-widget-text-editor\" data-id=\"eff794f\" data-element_type=\"widget\" data-widget_type=\"text-editor.default\">\n\t\t\t\t<div class=\"elementor-widget-container\">\n\t\t\t\t\t\t\t\t\t<p>Le d\u00e9partement de g\u00e9nie civil , facult\u00e9 d&rsquo;architecture et de g\u00e9nie civil de l&rsquo;USTOMB organise un s\u00e9minaire national sur la r\u00e9habilitation des b\u00e2timents et des infrastructures des travaux publics intitul\u00e9:\u00a0\u00bb National Conference On Rehabilitation Of Buildings And Public Works Infrastructure REHABUILD26&Prime; Dates : 13 et 14 juin 2026 Lieu : Amphith\u00e9atre Djamel Keddah<\/p>\t\t\t\t\t\t\t\t<\/div>\n\t\t\t\t<\/div>\n\t\t\t\t\t<\/div>\n\t\t<\/div>\n\t\t\t\t\t<\/div>\n\t\t<\/section>\n\t\t\t\t<section class=\"elementor-section elementor-top-section elementor-element elementor-element-dbc9aa6 elementor-section-boxed elementor-section-height-default elementor-section-height-default\" data-id=\"dbc9aa6\" data-element_type=\"section\">\n\t\t\t\t\t\t<div class=\"elementor-container elementor-column-gap-default\">\n\t\t\t\t\t<div class=\"elementor-column elementor-col-100 elementor-top-column elementor-element elementor-element-2c3ac17\" data-id=\"2c3ac17\" data-element_type=\"column\">\n\t\t\t<div class=\"elementor-widget-wrap elementor-element-populated\">\n\t\t\t\t\t\t<div class=\"elementor-element elementor-element-2499984 elementor-widget elementor-widget-image\" data-id=\"2499984\" data-element_type=\"widget\" data-widget_type=\"image.default\">\n\t\t\t\t<div class=\"elementor-widget-container\">\n\t\t\t\t\t\t\t\t\t\t\t\t\t\t\t<img fetchpriority=\"high\" decoding=\"async\" width=\"847\" height=\"599\" src=\"https:\/\/www.univ-usto.dz\/faculte\/fac-archicivil\/wp-content\/uploads\/2026\/04\/659780751_1408031308033894_6090856940619488979_n-1-1024x724.jpg\" class=\"attachment-large size-large wp-image-19278\" alt=\"\" srcset=\"https:\/\/www.univ-usto.dz\/faculte\/fac-archicivil\/wp-content\/uploads\/2026\/04\/659780751_1408031308033894_6090856940619488979_n-1-1024x724.jpg 1024w, https:\/\/www.univ-usto.dz\/faculte\/fac-archicivil\/wp-content\/uploads\/2026\/04\/659780751_1408031308033894_6090856940619488979_n-1-300x212.jpg 300w, https:\/\/www.univ-usto.dz\/faculte\/fac-archicivil\/wp-content\/uploads\/2026\/04\/659780751_1408031308033894_6090856940619488979_n-1-768x543.jpg 768w, https:\/\/www.univ-usto.dz\/faculte\/fac-archicivil\/wp-content\/uploads\/2026\/04\/659780751_1408031308033894_6090856940619488979_n-1-1536x1086.jpg 1536w, https:\/\/www.univ-usto.dz\/faculte\/fac-archicivil\/wp-content\/uploads\/2026\/04\/659780751_1408031308033894_6090856940619488979_n-1-360x254.jpg 360w, https:\/\/www.univ-usto.dz\/faculte\/fac-archicivil\/wp-content\/uploads\/2026\/04\/659780751_1408031308033894_6090856940619488979_n-1-24x17.jpg 24w, https:\/\/www.univ-usto.dz\/faculte\/fac-archicivil\/wp-content\/uploads\/2026\/04\/659780751_1408031308033894_6090856940619488979_n-1-36x25.jpg 36w, https:\/\/www.univ-usto.dz\/faculte\/fac-archicivil\/wp-content\/uploads\/2026\/04\/659780751_1408031308033894_6090856940619488979_n-1-48x34.jpg 48w, https:\/\/www.univ-usto.dz\/faculte\/fac-archicivil\/wp-content\/uploads\/2026\/04\/659780751_1408031308033894_6090856940619488979_n-1.jpg 1600w\" sizes=\"(max-width: 847px) 100vw, 847px\" \/>\t\t\t\t\t\t\t\t\t\t\t\t\t\t\t<\/div>\n\t\t\t\t<\/div>\n\t\t\t\t\t<\/div>\n\t\t<\/div>\n\t\t\t\t\t<\/div>\n\t\t<\/section>\n\t\t\t\t<section class=\"elementor-section elementor-top-section elementor-element elementor-element-a93c5e2 elementor-section-boxed elementor-section-height-default elementor-section-height-default\" data-id=\"a93c5e2\" data-element_type=\"section\">\n\t\t\t\t\t\t<div class=\"elementor-container elementor-column-gap-default\">\n\t\t\t\t\t<div class=\"elementor-column elementor-col-100 elementor-top-column elementor-element elementor-element-7b5c2e6\" data-id=\"7b5c2e6\" data-element_type=\"column\">\n\t\t\t<div class=\"elementor-widget-wrap elementor-element-populated\">\n\t\t\t\t\t\t<div class=\"elementor-element elementor-element-67d7700 elementor-widget elementor-widget-image\" data-id=\"67d7700\" data-element_type=\"widget\" data-widget_type=\"image.default\">\n\t\t\t\t<div class=\"elementor-widget-container\">\n\t\t\t\t\t\t\t\t\t\t\t\t\t\t\t<img decoding=\"async\" width=\"847\" height=\"599\" src=\"https:\/\/www.univ-usto.dz\/faculte\/fac-archicivil\/wp-content\/uploads\/2026\/04\/661431119_1408031248033900_1695956428311969916_n-1-1024x724.jpg\" class=\"attachment-large size-large wp-image-19282\" alt=\"\" srcset=\"https:\/\/www.univ-usto.dz\/faculte\/fac-archicivil\/wp-content\/uploads\/2026\/04\/661431119_1408031248033900_1695956428311969916_n-1-1024x724.jpg 1024w, https:\/\/www.univ-usto.dz\/faculte\/fac-archicivil\/wp-content\/uploads\/2026\/04\/661431119_1408031248033900_1695956428311969916_n-1-300x212.jpg 300w, https:\/\/www.univ-usto.dz\/faculte\/fac-archicivil\/wp-content\/uploads\/2026\/04\/661431119_1408031248033900_1695956428311969916_n-1-768x543.jpg 768w, https:\/\/www.univ-usto.dz\/faculte\/fac-archicivil\/wp-content\/uploads\/2026\/04\/661431119_1408031248033900_1695956428311969916_n-1-1536x1086.jpg 1536w, https:\/\/www.univ-usto.dz\/faculte\/fac-archicivil\/wp-content\/uploads\/2026\/04\/661431119_1408031248033900_1695956428311969916_n-1-360x254.jpg 360w, https:\/\/www.univ-usto.dz\/faculte\/fac-archicivil\/wp-content\/uploads\/2026\/04\/661431119_1408031248033900_1695956428311969916_n-1-24x17.jpg 24w, https:\/\/www.univ-usto.dz\/faculte\/fac-archicivil\/wp-content\/uploads\/2026\/04\/661431119_1408031248033900_1695956428311969916_n-1-36x25.jpg 36w, https:\/\/www.univ-usto.dz\/faculte\/fac-archicivil\/wp-content\/uploads\/2026\/04\/661431119_1408031248033900_1695956428311969916_n-1-48x34.jpg 48w, https:\/\/www.univ-usto.dz\/faculte\/fac-archicivil\/wp-content\/uploads\/2026\/04\/661431119_1408031248033900_1695956428311969916_n-1.jpg 1600w\" sizes=\"(max-width: 847px) 100vw, 847px\" \/>\t\t\t\t\t\t\t\t\t\t\t\t\t\t\t<\/div>\n\t\t\t\t<\/div>\n\t\t\t\t\t<\/div>\n\t\t<\/div>\n\t\t\t\t\t<\/div>\n\t\t<\/section>\n\t\t\t\t<\/div>\n\t\t","protected":false},"excerpt":{"rendered":"<p>Manifestations Scientifiques Le d\u00e9partement de g\u00e9nie civil , facult\u00e9 d&rsquo;architecture et de g\u00e9nie civil de l&rsquo;USTOMB organise un s\u00e9minaire national sur la r\u00e9habilitation des b\u00e2timents et des infrastructures des travaux <a href=\"https:\/\/www.univ-usto.dz\/faculte\/fac-archicivil\/scientific-events-2026-2\/\" class=\"read-more\">Lire la suite &#8230;<\/a><\/p>\n","protected":false},"author":24,"featured_media":0,"parent":0,"menu_order":0,"comment_status":"closed","ping_status":"closed","template":"","meta":{"footnotes":""},"class_list":["post-19255","page","type-page","status-publish","hentry"],"_links":{"self":[{"href":"https:\/\/www.univ-usto.dz\/faculte\/fac-archicivil\/wp-json\/wp\/v2\/pages\/19255","targetHints":{"allow":["GET"]}}],"collection":[{"href":"https:\/\/www.univ-usto.dz\/faculte\/fac-archicivil\/wp-json\/wp\/v2\/pages"}],"about":[{"href":"https:\/\/www.univ-usto.dz\/faculte\/fac-archicivil\/wp-json\/wp\/v2\/types\/page"}],"author":[{"embeddable":true,"href":"https:\/\/www.univ-usto.dz\/faculte\/fac-archicivil\/wp-json\/wp\/v2\/users\/24"}],"replies":[{"embeddable":true,"href":"https:\/\/www.univ-usto.dz\/faculte\/fac-archicivil\/wp-json\/wp\/v2\/comments?post=19255"}],"version-history":[{"count":14,"href":"https:\/\/www.univ-usto.dz\/faculte\/fac-archicivil\/wp-json\/wp\/v2\/pages\/19255\/revisions"}],"predecessor-version":[{"id":19285,"href":"https:\/\/www.univ-usto.dz\/faculte\/fac-archicivil\/wp-json\/wp\/v2\/pages\/19255\/revisions\/19285"}],"wp:attachment":[{"href":"https:\/\/www.univ-usto.dz\/faculte\/fac-archicivil\/wp-json\/wp\/v2\/media?parent=19255"}],"curies":[{"name":"wp","href":"https:\/\/api.w.org\/{rel}","templated":true}]}}