{"id":3075,"date":"2020-09-03T18:23:18","date_gmt":"2020-09-03T18:23:18","guid":{"rendered":"http:\/\/www.univ-usto.dz\/faculte\/fac-archicivil\/?page_id=3075"},"modified":"2026-04-09T10:27:59","modified_gmt":"2026-04-09T10:27:59","slug":"archi-2","status":"publish","type":"page","link":"https:\/\/www.univ-usto.dz\/faculte\/fac-archicivil\/archi-2\/","title":{"rendered":"Pr\u00e9sentation"},"content":{"rendered":"\t\t<div data-elementor-type=\"wp-page\" data-elementor-id=\"3075\" class=\"elementor elementor-3075\">\n\t\t\t\t\t\t<section class=\"elementor-section elementor-top-section elementor-element elementor-element-03a64e4 elementor-section-boxed elementor-section-height-default elementor-section-height-default\" data-id=\"03a64e4\" data-element_type=\"section\">\n\t\t\t\t\t\t<div class=\"elementor-container elementor-column-gap-default\">\n\t\t\t\t\t<div class=\"elementor-column elementor-col-100 elementor-top-column elementor-element elementor-element-14654b5\" data-id=\"14654b5\" data-element_type=\"column\">\n\t\t\t<div class=\"elementor-widget-wrap elementor-element-populated\">\n\t\t\t\t\t\t<div class=\"elementor-element elementor-element-afc848f elementor-widget elementor-widget-image\" data-id=\"afc848f\" data-element_type=\"widget\" data-widget_type=\"image.default\">\n\t\t\t\t<div class=\"elementor-widget-container\">\n\t\t\t\t\t\t\t\t\t\t\t\t\t\t\t<img fetchpriority=\"high\" decoding=\"async\" width=\"847\" height=\"565\" src=\"https:\/\/www.univ-usto.dz\/faculte\/fac-archicivil\/wp-content\/uploads\/2026\/03\/Departement-Architecture-1024x683.jpg\" class=\"attachment-large size-large wp-image-18293\" alt=\"\" srcset=\"https:\/\/www.univ-usto.dz\/faculte\/fac-archicivil\/wp-content\/uploads\/2026\/03\/Departement-Architecture-1024x683.jpg 1024w, https:\/\/www.univ-usto.dz\/faculte\/fac-archicivil\/wp-content\/uploads\/2026\/03\/Departement-Architecture-300x200.jpg 300w, https:\/\/www.univ-usto.dz\/faculte\/fac-archicivil\/wp-content\/uploads\/2026\/03\/Departement-Architecture-768x512.jpg 768w, https:\/\/www.univ-usto.dz\/faculte\/fac-archicivil\/wp-content\/uploads\/2026\/03\/Departement-Architecture-1536x1024.jpg 1536w, https:\/\/www.univ-usto.dz\/faculte\/fac-archicivil\/wp-content\/uploads\/2026\/03\/Departement-Architecture-360x240.jpg 360w, https:\/\/www.univ-usto.dz\/faculte\/fac-archicivil\/wp-content\/uploads\/2026\/03\/Departement-Architecture-24x16.jpg 24w, https:\/\/www.univ-usto.dz\/faculte\/fac-archicivil\/wp-content\/uploads\/2026\/03\/Departement-Architecture-36x24.jpg 36w, https:\/\/www.univ-usto.dz\/faculte\/fac-archicivil\/wp-content\/uploads\/2026\/03\/Departement-Architecture-48x32.jpg 48w, https:\/\/www.univ-usto.dz\/faculte\/fac-archicivil\/wp-content\/uploads\/2026\/03\/Departement-Architecture.jpg 1602w\" sizes=\"(max-width: 847px) 100vw, 847px\" \/>\t\t\t\t\t\t\t\t\t\t\t\t\t\t\t<\/div>\n\t\t\t\t<\/div>\n\t\t\t\t<div class=\"elementor-element elementor-element-ffdd89d elementor-widget elementor-widget-text-editor\" data-id=\"ffdd89d\" data-element_type=\"widget\" data-widget_type=\"text-editor.default\">\n\t\t\t\t<div class=\"elementor-widget-container\">\n\t\t\t\t\t\t\t\t\t<div class=\"elementor-element elementor-element-ba21dbd elementor-widget elementor-widget-text-editor\" data-id=\"ba21dbd\" data-element_type=\"widget\" data-widget_type=\"text-editor.default\"><div class=\"elementor-widget-container\"><div class=\"elementor-text-editor elementor-clearfix\"><p data-angle=\"0\" data-font-name=\"g_font_71_0\" data-canvas-width=\"187.45920558671943\">L\u2019Architecture \u00e9tant l\u2019art de b\u00e2tir des \u00e9difices.<\/p><p data-angle=\"0\" data-font-name=\"g_font_71_0\" data-canvas-width=\"187.45920558671943\">Les objectifs vis\u00e9s par la formation en Architecture s\u2019inscrivent d\u2019une part dans le cadre d\u2019une r\u00e9ponse aux besoins \u00e9volutifs du contexte socio\u00e9conomique r\u00e9gional et national et d\u2019autre part dans la perspective d\u2019une ad\u00e9quation de l\u2019enseignement d\u2019Architecture en Alg\u00e9rie aux normes universelles de mani\u00e8re \u00e0 permettre plus d\u2019\u00e9changes et de mobilit\u00e9 \u00e0 travers le contexte plus large de la mondialisation. \u00a0 \u00a0<\/p><\/div><\/div><\/div>\t\t\t\t\t\t\t\t<\/div>\n\t\t\t\t<\/div>\n\t\t\t\t\t<\/div>\n\t\t<\/div>\n\t\t\t\t\t<\/div>\n\t\t<\/section>\n\t\t\t\t<section class=\"elementor-section elementor-top-section elementor-element elementor-element-d257270 elementor-section-boxed elementor-section-height-default elementor-section-height-default\" data-id=\"d257270\" data-element_type=\"section\">\n\t\t\t\t\t\t<div class=\"elementor-container elementor-column-gap-default\">\n\t\t\t\t\t<div class=\"elementor-column elementor-col-100 elementor-top-column elementor-element elementor-element-de1bdf8\" data-id=\"de1bdf8\" data-element_type=\"column\">\n\t\t\t<div class=\"elementor-widget-wrap elementor-element-populated\">\n\t\t\t\t\t\t<div class=\"elementor-element elementor-element-495053c elementor-arrows-position-inside elementor-pagination-position-outside elementor-widget elementor-widget-image-carousel\" data-id=\"495053c\" data-element_type=\"widget\" data-settings=\"{&quot;navigation&quot;:&quot;both&quot;,&quot;autoplay&quot;:&quot;yes&quot;,&quot;pause_on_hover&quot;:&quot;yes&quot;,&quot;pause_on_interaction&quot;:&quot;yes&quot;,&quot;autoplay_speed&quot;:5000,&quot;infinite&quot;:&quot;yes&quot;,&quot;speed&quot;:500}\" data-widget_type=\"image-carousel.default\">\n\t\t\t\t<div class=\"elementor-widget-container\">\n\t\t\t\t\t\t\t<div class=\"elementor-image-carousel-wrapper swiper\" role=\"region\" aria-roledescription=\"carousel\" aria-label=\"Carrousel d\u2019images\" dir=\"ltr\">\n\t\t\t<div class=\"elementor-image-carousel swiper-wrapper\" aria-live=\"off\">\n\t\t\t\t\t\t\t\t<div class=\"swiper-slide\" role=\"group\" aria-roledescription=\"slide\" aria-label=\"1 sur 15\"><figure class=\"swiper-slide-inner\"><img decoding=\"async\" class=\"swiper-slide-image\" src=\"https:\/\/www.univ-usto.dz\/faculte\/fac-archicivil\/wp-content\/uploads\/2023\/01\/IMG_4394.jpg\" alt=\"IMG_4394\" \/><\/figure><\/div><div class=\"swiper-slide\" role=\"group\" aria-roledescription=\"slide\" aria-label=\"2 sur 15\"><figure class=\"swiper-slide-inner\"><img decoding=\"async\" class=\"swiper-slide-image\" src=\"https:\/\/www.univ-usto.dz\/faculte\/fac-archicivil\/wp-content\/uploads\/2026\/04\/IMG-20250219-WA00071-1024x683.jpg\" alt=\"IMG-20250219-WA0007(1)\" \/><\/figure><\/div><div class=\"swiper-slide\" role=\"group\" aria-roledescription=\"slide\" aria-label=\"3 sur 15\"><figure class=\"swiper-slide-inner\"><img decoding=\"async\" class=\"swiper-slide-image\" src=\"https:\/\/www.univ-usto.dz\/faculte\/fac-archicivil\/wp-content\/uploads\/2026\/04\/IMG-20250219-WA00081-1024x683.jpg\" alt=\"IMG-20250219-WA0008(1)\" \/><\/figure><\/div><div class=\"swiper-slide\" role=\"group\" aria-roledescription=\"slide\" aria-label=\"4 sur 15\"><figure class=\"swiper-slide-inner\"><img decoding=\"async\" class=\"swiper-slide-image\" src=\"https:\/\/www.univ-usto.dz\/faculte\/fac-archicivil\/wp-content\/uploads\/2026\/04\/IMG-20250219-WA0019.jpg\" alt=\"IMG-20250219-WA0019\" \/><\/figure><\/div><div class=\"swiper-slide\" role=\"group\" aria-roledescription=\"slide\" aria-label=\"5 sur 15\"><figure class=\"swiper-slide-inner\"><img decoding=\"async\" class=\"swiper-slide-image\" src=\"https:\/\/www.univ-usto.dz\/faculte\/fac-archicivil\/wp-content\/uploads\/2026\/04\/IMG-20250219-WA000912-1024x683.jpg\" alt=\"IMG-20250219-WA0009(1)(2)\" \/><\/figure><\/div><div class=\"swiper-slide\" role=\"group\" aria-roledescription=\"slide\" aria-label=\"6 sur 15\"><figure class=\"swiper-slide-inner\"><img decoding=\"async\" class=\"swiper-slide-image\" src=\"https:\/\/www.univ-usto.dz\/faculte\/fac-archicivil\/wp-content\/uploads\/2026\/04\/a0cj1vtp.jpg\" alt=\"a0cj1vtp\" \/><\/figure><\/div><div class=\"swiper-slide\" role=\"group\" aria-roledescription=\"slide\" aria-label=\"7 sur 15\"><figure class=\"swiper-slide-inner\"><img decoding=\"async\" class=\"swiper-slide-image\" src=\"https:\/\/www.univ-usto.dz\/faculte\/fac-archicivil\/wp-content\/uploads\/2023\/01\/IMG_4390.jpg\" alt=\"IMG_4390\" \/><\/figure><\/div><div class=\"swiper-slide\" role=\"group\" aria-roledescription=\"slide\" aria-label=\"8 sur 15\"><figure class=\"swiper-slide-inner\"><img decoding=\"async\" class=\"swiper-slide-image\" src=\"https:\/\/www.univ-usto.dz\/faculte\/fac-archicivil\/wp-content\/uploads\/2023\/01\/IMG_4400.jpg\" alt=\"IMG_4400\" \/><\/figure><\/div><div class=\"swiper-slide\" role=\"group\" aria-roledescription=\"slide\" aria-label=\"9 sur 15\"><figure class=\"swiper-slide-inner\"><img decoding=\"async\" class=\"swiper-slide-image\" src=\"https:\/\/www.univ-usto.dz\/faculte\/fac-archicivil\/wp-content\/uploads\/2023\/01\/IMG_4398.jpg\" alt=\"IMG_4398\" \/><\/figure><\/div><div class=\"swiper-slide\" role=\"group\" aria-roledescription=\"slide\" aria-label=\"10 sur 15\"><figure class=\"swiper-slide-inner\"><img decoding=\"async\" class=\"swiper-slide-image\" src=\"https:\/\/www.univ-usto.dz\/faculte\/fac-archicivil\/wp-content\/uploads\/2023\/01\/IMG_4389.jpg\" alt=\"IMG_4389\" \/><\/figure><\/div><div class=\"swiper-slide\" role=\"group\" aria-roledescription=\"slide\" aria-label=\"11 sur 15\"><figure class=\"swiper-slide-inner\"><img decoding=\"async\" class=\"swiper-slide-image\" src=\"https:\/\/www.univ-usto.dz\/faculte\/fac-archicivil\/wp-content\/uploads\/2023\/01\/IMG_4391.jpg\" alt=\"IMG_4391\" \/><\/figure><\/div><div class=\"swiper-slide\" role=\"group\" aria-roledescription=\"slide\" aria-label=\"12 sur 15\"><figure class=\"swiper-slide-inner\"><img decoding=\"async\" class=\"swiper-slide-image\" src=\"https:\/\/www.univ-usto.dz\/faculte\/fac-archicivil\/wp-content\/uploads\/2023\/01\/IMG_4371.jpg\" alt=\"IMG_4371\" \/><\/figure><\/div><div class=\"swiper-slide\" role=\"group\" aria-roledescription=\"slide\" aria-label=\"13 sur 15\"><figure class=\"swiper-slide-inner\"><img decoding=\"async\" class=\"swiper-slide-image\" src=\"https:\/\/www.univ-usto.dz\/faculte\/fac-archicivil\/wp-content\/uploads\/2023\/01\/IMG_43761.jpg\" alt=\"IMG_4376(1)\" \/><\/figure><\/div><div class=\"swiper-slide\" role=\"group\" aria-roledescription=\"slide\" aria-label=\"14 sur 15\"><figure class=\"swiper-slide-inner\"><img decoding=\"async\" class=\"swiper-slide-image\" src=\"https:\/\/www.univ-usto.dz\/faculte\/fac-archicivil\/wp-content\/uploads\/2023\/01\/IMG_4377.jpg\" alt=\"IMG_4377\" \/><\/figure><\/div><div class=\"swiper-slide\" role=\"group\" aria-roledescription=\"slide\" aria-label=\"15 sur 15\"><figure class=\"swiper-slide-inner\"><img decoding=\"async\" class=\"swiper-slide-image\" src=\"https:\/\/www.univ-usto.dz\/faculte\/fac-archicivil\/wp-content\/uploads\/2026\/04\/r-RWHc3E-1-1024x768.jpg\" alt=\"r-RWHc3E\" \/><\/figure><\/div>\t\t\t<\/div>\n\t\t\t\t\t\t\t\t\t\t\t\t<div class=\"elementor-swiper-button elementor-swiper-button-prev\" role=\"button\" tabindex=\"0\">\n\t\t\t\t\t\t<i aria-hidden=\"true\" class=\"eicon-chevron-left\"><\/i>\t\t\t\t\t<\/div>\n\t\t\t\t\t<div class=\"elementor-swiper-button elementor-swiper-button-next\" role=\"button\" tabindex=\"0\">\n\t\t\t\t\t\t<i aria-hidden=\"true\" class=\"eicon-chevron-right\"><\/i>\t\t\t\t\t<\/div>\n\t\t\t\t\n\t\t\t\t\t\t\t\t\t<div class=\"swiper-pagination\"><\/div>\n\t\t\t\t\t\t\t\t\t<\/div>\n\t\t\t\t\t\t<\/div>\n\t\t\t\t<\/div>\n\t\t\t\t<div class=\"elementor-element elementor-element-870d1fa elementor-widget elementor-widget-text-editor\" data-id=\"870d1fa\" data-element_type=\"widget\" data-widget_type=\"text-editor.default\">\n\t\t\t\t<div class=\"elementor-widget-container\">\n\t\t\t\t\t\t\t\t\t<p><strong>Chef\u00a0 d\u00e9partement<\/strong>: monsieur <span tabindex=\"-1\" role=\"gridcell\" translate=\"no\">Rabia Mouloud.<\/span><\/p><p><strong>E-mail chef du d\u00e9partement :<\/strong> <a href=\"mailto:hendel_malek@yahoo.fr\"><br \/><\/a>Professionnel : <a href=\"mailto:mouloud.rabia@univ-usto.dz\" target=\"_blank\" rel=\"noopener\">mouloud.rabia@univ-usto.dz<\/a><\/p><p>Priv\u00e9 : <a href=\"mailto:rabia.mouloud@yahoo.fr\" target=\"_blank\" rel=\"noopener\">rabia.mouloud@yahoo.fr<\/a><\/p><p>\u00a0<\/p>\t\t\t\t\t\t\t\t<\/div>\n\t\t\t\t<\/div>\n\t\t\t\t<div class=\"elementor-element elementor-element-d51c5f7 elementor-widget elementor-widget-image\" data-id=\"d51c5f7\" data-element_type=\"widget\" data-widget_type=\"image.default\">\n\t\t\t\t<div class=\"elementor-widget-container\">\n\t\t\t\t\t\t\t\t\t\t\t\t\t\t\t<img decoding=\"async\" width=\"720\" height=\"480\" src=\"https:\/\/www.univ-usto.dz\/faculte\/fac-archicivil\/wp-content\/uploads\/2022\/10\/IMG_4044.jpg\" class=\"attachment-large size-large wp-image-12056\" alt=\"\" srcset=\"https:\/\/www.univ-usto.dz\/faculte\/fac-archicivil\/wp-content\/uploads\/2022\/10\/IMG_4044.jpg 720w, https:\/\/www.univ-usto.dz\/faculte\/fac-archicivil\/wp-content\/uploads\/2022\/10\/IMG_4044-300x200.jpg 300w, https:\/\/www.univ-usto.dz\/faculte\/fac-archicivil\/wp-content\/uploads\/2022\/10\/IMG_4044-360x240.jpg 360w, https:\/\/www.univ-usto.dz\/faculte\/fac-archicivil\/wp-content\/uploads\/2022\/10\/IMG_4044-24x16.jpg 24w, https:\/\/www.univ-usto.dz\/faculte\/fac-archicivil\/wp-content\/uploads\/2022\/10\/IMG_4044-36x24.jpg 36w, https:\/\/www.univ-usto.dz\/faculte\/fac-archicivil\/wp-content\/uploads\/2022\/10\/IMG_4044-48x32.jpg 48w\" sizes=\"(max-width: 720px) 100vw, 720px\" \/>\t\t\t\t\t\t\t\t\t\t\t\t\t\t\t<\/div>\n\t\t\t\t<\/div>\n\t\t\t\t\t<\/div>\n\t\t<\/div>\n\t\t\t\t\t<\/div>\n\t\t<\/section>\n\t\t\t\t<\/div>\n\t\t","protected":false},"excerpt":{"rendered":"<p>L\u2019Architecture \u00e9tant l\u2019art de b\u00e2tir des \u00e9difices. Les objectifs vis\u00e9s par la formation en Architecture s\u2019inscrivent d\u2019une part dans le cadre d\u2019une r\u00e9ponse aux besoins \u00e9volutifs du contexte socio\u00e9conomique r\u00e9gional <a href=\"https:\/\/www.univ-usto.dz\/faculte\/fac-archicivil\/archi-2\/\" class=\"read-more\">Lire la suite &#8230;<\/a><\/p>\n","protected":false},"author":24,"featured_media":0,"parent":0,"menu_order":0,"comment_status":"closed","ping_status":"closed","template":"","meta":{"footnotes":""},"class_list":["post-3075","page","type-page","status-publish","hentry"],"_links":{"self":[{"href":"https:\/\/www.univ-usto.dz\/faculte\/fac-archicivil\/wp-json\/wp\/v2\/pages\/3075","targetHints":{"allow":["GET"]}}],"collection":[{"href":"https:\/\/www.univ-usto.dz\/faculte\/fac-archicivil\/wp-json\/wp\/v2\/pages"}],"about":[{"href":"https:\/\/www.univ-usto.dz\/faculte\/fac-archicivil\/wp-json\/wp\/v2\/types\/page"}],"author":[{"embeddable":true,"href":"https:\/\/www.univ-usto.dz\/faculte\/fac-archicivil\/wp-json\/wp\/v2\/users\/24"}],"replies":[{"embeddable":true,"href":"https:\/\/www.univ-usto.dz\/faculte\/fac-archicivil\/wp-json\/wp\/v2\/comments?post=3075"}],"version-history":[{"count":66,"href":"https:\/\/www.univ-usto.dz\/faculte\/fac-archicivil\/wp-json\/wp\/v2\/pages\/3075\/revisions"}],"predecessor-version":[{"id":19383,"href":"https:\/\/www.univ-usto.dz\/faculte\/fac-archicivil\/wp-json\/wp\/v2\/pages\/3075\/revisions\/19383"}],"wp:attachment":[{"href":"https:\/\/www.univ-usto.dz\/faculte\/fac-archicivil\/wp-json\/wp\/v2\/media?parent=3075"}],"curies":[{"name":"wp","href":"https:\/\/api.w.org\/{rel}","templated":true}]}}