{"id":8420,"date":"2020-12-09T09:24:54","date_gmt":"2020-12-09T09:24:54","guid":{"rendered":"http:\/\/www.univ-usto.dz\/faculte\/fac-archicivil\/?page_id=8420"},"modified":"2025-12-16T21:21:56","modified_gmt":"2025-12-16T21:21:56","slug":"la-formation-lmd-dhydraulique","status":"publish","type":"page","link":"https:\/\/www.univ-usto.dz\/faculte\/fac-archicivil\/la-formation-lmd-dhydraulique\/","title":{"rendered":"La Formation LMD d\u2019Hydraulique"},"content":{"rendered":"\t\t<div data-elementor-type=\"wp-page\" data-elementor-id=\"8420\" class=\"elementor elementor-8420\">\n\t\t\t\t\t\t<section class=\"elementor-section elementor-top-section elementor-element elementor-element-b5acd39 elementor-section-boxed elementor-section-height-default elementor-section-height-default\" data-id=\"b5acd39\" data-element_type=\"section\">\n\t\t\t\t\t\t<div class=\"elementor-container elementor-column-gap-default\">\n\t\t\t\t\t<div class=\"elementor-column elementor-col-100 elementor-top-column elementor-element elementor-element-2af65fa\" data-id=\"2af65fa\" data-element_type=\"column\">\n\t\t\t<div class=\"elementor-widget-wrap elementor-element-populated\">\n\t\t\t\t\t\t<div class=\"elementor-element elementor-element-649bd9c elementor-widget elementor-widget-text-editor\" data-id=\"649bd9c\" data-element_type=\"widget\" data-widget_type=\"text-editor.default\">\n\t\t\t\t<div class=\"elementor-widget-container\">\n\t\t\t\t\t\t\t\t\t<h3 data-start=\"122\" data-end=\"142\">La Formation LMD<\/h3>\n<p data-start=\"144\" data-end=\"272\">Le d\u00e9partement d\u2019Hydraulique assure, dans le domaine des Sciences et Techniques (ST), la formation d\u2019une Licence en Hydraulique.<\/p>\n<p data-start=\"274\" data-end=\"373\">\u00c0 l\u2019issue de cette Licence, l\u2019\u00e9tudiant peut poursuivre en Master dans les sp\u00e9cialit\u00e9s suivantes :<\/p>\n<ul data-start=\"374\" data-end=\"478\">\n<li data-start=\"374\" data-end=\"419\">\n<p data-start=\"376\" data-end=\"419\">Techniques de l\u2019Eau et de l\u2019Environnement<\/p>\n<\/li>\n<li data-start=\"420\" data-end=\"454\">\n<p data-start=\"422\" data-end=\"454\">Gestion et Traitement des Eaux<\/p>\n<\/li>\n<li data-start=\"455\" data-end=\"478\">\n<p data-start=\"457\" data-end=\"478\">Hydraulique Urbaine<\/p>\n<\/li>\n<\/ul>\n<p data-start=\"480\" data-end=\"589\">Un concours d\u2019acc\u00e8s au Doctorat (3\u00e8me cycle) est ouvert aux titulaires d\u2019un dipl\u00f4me de Master ou d\u2019Ing\u00e9nieur.<\/p>\n<h3 data-start=\"591\" data-end=\"617\">Recherche Scientifique<\/h3>\n<p data-start=\"619\" data-end=\"693\">Le d\u00e9partement d\u2019Hydraulique dispose de deux laboratoires de recherche :<\/p><ul data-start=\"694\" data-end=\"835\"><li data-start=\"694\" data-end=\"778\"><p data-start=\"696\" data-end=\"778\">Laboratoire de Rh\u00e9ologie, Transport et Traitement des Fluides Complexes (LRTTFC)<\/p>\n<\/li>\n<li data-start=\"779\" data-end=\"835\">\n<p data-start=\"781\" data-end=\"835\">Laboratoire de Gestion et Traitement des Eaux (LGTE)<\/p>\n<\/li>\n<\/ul>\t\t\t\t\t\t\t\t<\/div>\n\t\t\t\t<\/div>\n\t\t\t\t<div class=\"elementor-element elementor-element-040d6b3 news-content ekit-equal-height-disable elementor-widget elementor-widget-elementskit-icon-box\" data-id=\"040d6b3\" data-element_type=\"widget\" data-widget_type=\"elementskit-icon-box.default\">\n\t\t\t\t<div class=\"elementor-widget-container\">\n\t\t\t\t\t<div class=\"ekit-wid-con\" >        <!-- link opening -->\n                <a href=\"https:\/\/www.univ-usto.dz\/faculte\/fac-archicivil\/wp-content\/uploads\/2022\/12\/B7-Licence-Hydraulique-1.pdf\" target=\"_blank\" rel=\"nofollow\" class=\"ekit_global_links\">\n                <!-- end link opening -->\n\n        <div class=\"elementskit-infobox text-left text- icon-lef-right-aligin elementor-animation-   \">\n                            <div class=\"elementskit-box-header\">\n                <div class=\"elementskit-info-box-icon text-center\">\n                    <img fetchpriority=\"high\" decoding=\"async\" width=\"276\" height=\"183\" src=\"https:\/\/www.univ-usto.dz\/faculte\/fac-archicivil\/wp-content\/uploads\/2022\/12\/hydraulique.jpg\" class=\"attachment- size-\" alt=\"\" srcset=\"https:\/\/www.univ-usto.dz\/faculte\/fac-archicivil\/wp-content\/uploads\/2022\/12\/hydraulique.jpg 276w, https:\/\/www.univ-usto.dz\/faculte\/fac-archicivil\/wp-content\/uploads\/2022\/12\/hydraulique-24x16.jpg 24w, https:\/\/www.univ-usto.dz\/faculte\/fac-archicivil\/wp-content\/uploads\/2022\/12\/hydraulique-36x24.jpg 36w, https:\/\/www.univ-usto.dz\/faculte\/fac-archicivil\/wp-content\/uploads\/2022\/12\/hydraulique-48x32.jpg 48w\" sizes=\"(max-width: 276px) 100vw, 276px\" \/>                <\/div>\n          <\/div>\n                <div class=\"box-body\">\n                            <h3 class=\"elementskit-info-box-title\">\n                    Licence-Hydraulique                <\/h3>\n                        \t\t  \t<p>\n<\/p>\n                                <\/div>\n        \n        \n                <\/div>\n                <\/a>\n        <\/div>\t\t\t\t<\/div>\n\t\t\t\t<\/div>\n\t\t\t\t\t<\/div>\n\t\t<\/div>\n\t\t\t\t\t<\/div>\n\t\t<\/section>\n\t\t\t\t<section class=\"elementor-section elementor-top-section elementor-element elementor-element-03c9a6c elementor-section-boxed elementor-section-height-default elementor-section-height-default\" data-id=\"03c9a6c\" data-element_type=\"section\">\n\t\t\t\t\t\t<div class=\"elementor-container elementor-column-gap-default\">\n\t\t\t\t\t<div class=\"elementor-column elementor-col-100 elementor-top-column elementor-element elementor-element-df761bf\" data-id=\"df761bf\" data-element_type=\"column\">\n\t\t\t<div class=\"elementor-widget-wrap elementor-element-populated\">\n\t\t\t\t\t\t<div class=\"elementor-element elementor-element-9643b6a elementor-widget elementor-widget-heading\" data-id=\"9643b6a\" data-element_type=\"widget\" data-widget_type=\"heading.default\">\n\t\t\t\t<div class=\"elementor-widget-container\">\n\t\t\t\t\t<h2 class=\"elementor-heading-title elementor-size-default\">MASTER ACADEMIQUE HARMONISE<\/h2>\t\t\t\t<\/div>\n\t\t\t\t<\/div>\n\t\t\t\t\t<\/div>\n\t\t<\/div>\n\t\t\t\t\t<\/div>\n\t\t<\/section>\n\t\t\t\t<section class=\"elementor-section elementor-top-section elementor-element elementor-element-83cf346 elementor-section-boxed elementor-section-height-default elementor-section-height-default\" data-id=\"83cf346\" data-element_type=\"section\">\n\t\t\t\t\t\t<div class=\"elementor-container elementor-column-gap-default\">\n\t\t\t\t\t<div class=\"elementor-column elementor-col-33 elementor-top-column elementor-element elementor-element-70526b4\" data-id=\"70526b4\" data-element_type=\"column\">\n\t\t\t<div class=\"elementor-widget-wrap elementor-element-populated\">\n\t\t\t\t\t\t<div class=\"elementor-element elementor-element-0ec601f news-content ekit-equal-height-disable elementor-widget elementor-widget-elementskit-icon-box\" data-id=\"0ec601f\" data-element_type=\"widget\" data-widget_type=\"elementskit-icon-box.default\">\n\t\t\t\t<div class=\"elementor-widget-container\">\n\t\t\t\t\t<div class=\"ekit-wid-con\" >        <!-- link opening -->\n                <a href=\"https:\/\/www.univ-usto.dz\/faculte\/fac-archicivil\/wp-content\/uploads\/2022\/12\/HYD-Hydraulique-Urbaine_MAJ-2022_1.pdf\" target=\"_blank\" rel=\"nofollow\" class=\"ekit_global_links\">\n                <!-- end link opening -->\n\n        <div class=\"elementskit-infobox text-left text- icon-lef-right-aligin elementor-animation-   \">\n                            <div class=\"elementskit-box-header\">\n                <div class=\"elementskit-info-box-icon text-center\">\n                    <img decoding=\"async\" width=\"318\" height=\"159\" src=\"https:\/\/www.univ-usto.dz\/faculte\/fac-archicivil\/wp-content\/uploads\/2022\/12\/HYD-Hydraulique-Urbaine.jpg\" class=\"attachment- size-\" alt=\"\" srcset=\"https:\/\/www.univ-usto.dz\/faculte\/fac-archicivil\/wp-content\/uploads\/2022\/12\/HYD-Hydraulique-Urbaine.jpg 318w, https:\/\/www.univ-usto.dz\/faculte\/fac-archicivil\/wp-content\/uploads\/2022\/12\/HYD-Hydraulique-Urbaine-300x150.jpg 300w, https:\/\/www.univ-usto.dz\/faculte\/fac-archicivil\/wp-content\/uploads\/2022\/12\/HYD-Hydraulique-Urbaine-24x12.jpg 24w, https:\/\/www.univ-usto.dz\/faculte\/fac-archicivil\/wp-content\/uploads\/2022\/12\/HYD-Hydraulique-Urbaine-36x18.jpg 36w, https:\/\/www.univ-usto.dz\/faculte\/fac-archicivil\/wp-content\/uploads\/2022\/12\/HYD-Hydraulique-Urbaine-48x24.jpg 48w\" sizes=\"(max-width: 318px) 100vw, 318px\" \/>                <\/div>\n          <\/div>\n                <div class=\"box-body\">\n                            <h3 class=\"elementskit-info-box-title\">\n                    HYD-Hydraulique Urbaine                <\/h3>\n                        \t\t  \t<p>\n<\/p>\n                                <\/div>\n        \n        \n                <\/div>\n                <\/a>\n        <\/div>\t\t\t\t<\/div>\n\t\t\t\t<\/div>\n\t\t\t\t\t<\/div>\n\t\t<\/div>\n\t\t\t\t<div class=\"elementor-column elementor-col-33 elementor-top-column elementor-element elementor-element-80b787f\" data-id=\"80b787f\" data-element_type=\"column\">\n\t\t\t<div class=\"elementor-widget-wrap elementor-element-populated\">\n\t\t\t\t\t\t<div class=\"elementor-element elementor-element-3a38036 news-content ekit-equal-height-disable elementor-widget elementor-widget-elementskit-icon-box\" data-id=\"3a38036\" data-element_type=\"widget\" data-widget_type=\"elementskit-icon-box.default\">\n\t\t\t\t<div class=\"elementor-widget-container\">\n\t\t\t\t\t<div class=\"ekit-wid-con\" >        <!-- link opening -->\n                <a href=\"https:\/\/www.univ-usto.dz\/faculte\/fac-archicivil\/wp-content\/uploads\/2022\/12\/HYD-Ressources-Hydrauliques_MAJ-2022_1.pdf\" target=\"_blank\" rel=\"nofollow\" class=\"ekit_global_links\">\n                <!-- end link opening -->\n\n        <div class=\"elementskit-infobox text-left text- icon-lef-right-aligin elementor-animation-   \">\n                            <div class=\"elementskit-box-header\">\n                <div class=\"elementskit-info-box-icon text-center\">\n                    <img decoding=\"async\" width=\"272\" height=\"185\" src=\"https:\/\/www.univ-usto.dz\/faculte\/fac-archicivil\/wp-content\/uploads\/2022\/12\/HYD-Ressources-Hydrauliques.jpg\" class=\"attachment- size-\" alt=\"\" srcset=\"https:\/\/www.univ-usto.dz\/faculte\/fac-archicivil\/wp-content\/uploads\/2022\/12\/HYD-Ressources-Hydrauliques.jpg 272w, https:\/\/www.univ-usto.dz\/faculte\/fac-archicivil\/wp-content\/uploads\/2022\/12\/HYD-Ressources-Hydrauliques-24x16.jpg 24w, https:\/\/www.univ-usto.dz\/faculte\/fac-archicivil\/wp-content\/uploads\/2022\/12\/HYD-Ressources-Hydrauliques-36x24.jpg 36w, https:\/\/www.univ-usto.dz\/faculte\/fac-archicivil\/wp-content\/uploads\/2022\/12\/HYD-Ressources-Hydrauliques-48x33.jpg 48w\" sizes=\"(max-width: 272px) 100vw, 272px\" \/>                <\/div>\n          <\/div>\n                <div class=\"box-body\">\n                            <h3 class=\"elementskit-info-box-title\">\n                    HYD- Ressources Hydrauliques                <\/h3>\n                        \t\t  \t<p>\n<\/p>\n                                <\/div>\n        \n        \n                <\/div>\n                <\/a>\n        <\/div>\t\t\t\t<\/div>\n\t\t\t\t<\/div>\n\t\t\t\t\t<\/div>\n\t\t<\/div>\n\t\t\t\t<div class=\"elementor-column elementor-col-33 elementor-top-column elementor-element elementor-element-e9b23ea\" data-id=\"e9b23ea\" data-element_type=\"column\">\n\t\t\t<div class=\"elementor-widget-wrap elementor-element-populated\">\n\t\t\t\t\t\t<div class=\"elementor-element elementor-element-92503a8 news-content ekit-equal-height-disable elementor-widget elementor-widget-elementskit-icon-box\" data-id=\"92503a8\" data-element_type=\"widget\" data-widget_type=\"elementskit-icon-box.default\">\n\t\t\t\t<div class=\"elementor-widget-container\">\n\t\t\t\t\t<div class=\"ekit-wid-con\" >        <!-- link opening -->\n                <a href=\"https:\/\/www.univ-usto.dz\/faculte\/fac-archicivil\/wp-content\/uploads\/2022\/12\/HYD-Ouvrages-Hydrauliques_-MAJ-2022_.pdf\" target=\"_blank\" rel=\"nofollow\" class=\"ekit_global_links\">\n                <!-- end link opening -->\n\n        <div class=\"elementskit-infobox text-left text- icon-lef-right-aligin elementor-animation-   \">\n                            <div class=\"elementskit-box-header\">\n                <div class=\"elementskit-info-box-icon text-center\">\n                    <img loading=\"lazy\" decoding=\"async\" width=\"300\" height=\"168\" src=\"https:\/\/www.univ-usto.dz\/faculte\/fac-archicivil\/wp-content\/uploads\/2022\/12\/HYD-Ouvrages-Hydrauliques.jpg\" class=\"attachment- size-\" alt=\"\" srcset=\"https:\/\/www.univ-usto.dz\/faculte\/fac-archicivil\/wp-content\/uploads\/2022\/12\/HYD-Ouvrages-Hydrauliques.jpg 300w, https:\/\/www.univ-usto.dz\/faculte\/fac-archicivil\/wp-content\/uploads\/2022\/12\/HYD-Ouvrages-Hydrauliques-24x13.jpg 24w, https:\/\/www.univ-usto.dz\/faculte\/fac-archicivil\/wp-content\/uploads\/2022\/12\/HYD-Ouvrages-Hydrauliques-36x20.jpg 36w, https:\/\/www.univ-usto.dz\/faculte\/fac-archicivil\/wp-content\/uploads\/2022\/12\/HYD-Ouvrages-Hydrauliques-48x27.jpg 48w\" sizes=\"(max-width: 300px) 100vw, 300px\" \/>                <\/div>\n          <\/div>\n                <div class=\"box-body\">\n                            <h3 class=\"elementskit-info-box-title\">\n                    HYD- Ouvrages Hydrauliques                <\/h3>\n                        \t\t  \t<p>\n<\/p>\n                                <\/div>\n        \n        \n                <\/div>\n                <\/a>\n        <\/div>\t\t\t\t<\/div>\n\t\t\t\t<\/div>\n\t\t\t\t\t<\/div>\n\t\t<\/div>\n\t\t\t\t\t<\/div>\n\t\t<\/section>\n\t\t\t\t<\/div>\n\t\t","protected":false},"excerpt":{"rendered":"<p>La Formation LMD Le d\u00e9partement d\u2019Hydraulique assure, dans le domaine des Sciences et Techniques (ST), la formation d\u2019une Licence en Hydraulique. \u00c0 l\u2019issue de cette Licence, l\u2019\u00e9tudiant peut poursuivre en <a href=\"https:\/\/www.univ-usto.dz\/faculte\/fac-archicivil\/la-formation-lmd-dhydraulique\/\" class=\"read-more\">Lire la suite &#8230;<\/a><\/p>\n","protected":false},"author":1,"featured_media":0,"parent":0,"menu_order":0,"comment_status":"closed","ping_status":"closed","template":"","meta":{"footnotes":""},"class_list":["post-8420","page","type-page","status-publish","hentry"],"_links":{"self":[{"href":"https:\/\/www.univ-usto.dz\/faculte\/fac-archicivil\/wp-json\/wp\/v2\/pages\/8420","targetHints":{"allow":["GET"]}}],"collection":[{"href":"https:\/\/www.univ-usto.dz\/faculte\/fac-archicivil\/wp-json\/wp\/v2\/pages"}],"about":[{"href":"https:\/\/www.univ-usto.dz\/faculte\/fac-archicivil\/wp-json\/wp\/v2\/types\/page"}],"author":[{"embeddable":true,"href":"https:\/\/www.univ-usto.dz\/faculte\/fac-archicivil\/wp-json\/wp\/v2\/users\/1"}],"replies":[{"embeddable":true,"href":"https:\/\/www.univ-usto.dz\/faculte\/fac-archicivil\/wp-json\/wp\/v2\/comments?post=8420"}],"version-history":[{"count":83,"href":"https:\/\/www.univ-usto.dz\/faculte\/fac-archicivil\/wp-json\/wp\/v2\/pages\/8420\/revisions"}],"predecessor-version":[{"id":17288,"href":"https:\/\/www.univ-usto.dz\/faculte\/fac-archicivil\/wp-json\/wp\/v2\/pages\/8420\/revisions\/17288"}],"wp:attachment":[{"href":"https:\/\/www.univ-usto.dz\/faculte\/fac-archicivil\/wp-json\/wp\/v2\/media?parent=8420"}],"curies":[{"name":"wp","href":"https:\/\/api.w.org\/{rel}","templated":true}]}}