{"id":9062,"date":"2020-12-23T09:20:09","date_gmt":"2020-12-23T09:20:09","guid":{"rendered":"http:\/\/www.univ-usto.dz\/faculte\/fac-archicivil\/?page_id=9062"},"modified":"2026-04-14T10:43:24","modified_gmt":"2026-04-14T10:43:24","slug":"textes-reglementaires","status":"publish","type":"page","link":"https:\/\/www.univ-usto.dz\/faculte\/fac-archicivil\/textes-reglementaires\/","title":{"rendered":"Textes R\u00e9glementaires"},"content":{"rendered":"\t\t<div data-elementor-type=\"wp-page\" data-elementor-id=\"9062\" class=\"elementor elementor-9062\">\n\t\t\t\t\t\t<section class=\"elementor-section elementor-top-section elementor-element elementor-element-5ac874d elementor-section-boxed elementor-section-height-default elementor-section-height-default\" data-id=\"5ac874d\" data-element_type=\"section\">\n\t\t\t\t\t\t<div class=\"elementor-container elementor-column-gap-default\">\n\t\t\t\t\t<div class=\"elementor-column elementor-col-100 elementor-top-column elementor-element elementor-element-9a91f0a\" data-id=\"9a91f0a\" data-element_type=\"column\">\n\t\t\t<div class=\"elementor-widget-wrap elementor-element-populated\">\n\t\t\t\t\t\t<div class=\"elementor-element elementor-element-24827f1 elementor-widget elementor-widget-text-editor\" data-id=\"24827f1\" data-element_type=\"widget\" data-widget_type=\"text-editor.default\">\n\t\t\t\t<div class=\"elementor-widget-container\">\n\t\t\t\t\t\t\t\t\t<div class=\"elementor-element elementor-element-88b1be9 elementor-widget elementor-widget-text-editor\" data-id=\"88b1be9\" data-element_type=\"widget\" data-e-type=\"widget\" data-widget_type=\"text-editor.default\"><div class=\"elementor-widget-container\"><p><strong>Textes r\u00e9glementaires :<\/strong><\/p><ul><li><a href=\"https:\/\/www.univ-usto.dz\/faculte\/fac-archicivil\/wp-content\/uploads\/2026\/03\/Arrete-n\u00b0-1164.pdf\">Arr\u00eat\u00e9 n\u00b0 1164<\/a> du 04 octobre 2025 Portant fixation des modalit\u00e9s d\u2019inscription et de r\u00e9inscription aux formations sanctionn\u00e9es par les dipl\u00f4mes d\u2019Ing\u00e9nieur d\u2019\u00c9tat et d\u2019Architecte, ainsi que des modalit\u00e9s d\u2019organisation, d\u2019\u00e9valuation et de progression y aff\u00e9rentes.<\/li><li><a href=\"https:\/\/www.univ-usto.dz\/faculte\/fac-archicivil\/wp-content\/uploads\/2026\/03\/Arrete-1057-2.pdf\">Arr\u00eat\u00e9 N\u00b01057 du 02 Aout 2023 Fixant les conditions d\u2019acc\u00e8s, les modalit\u00e9s d\u2019orientation et l\u2019inscription aux \u00e9tudes universitaires en vue de l\u2019obtention du dipl\u00f4me de Mastertion aux \u00e9tudes universitaires en vue de l\u2019obtention du dipl\u00f4me de Master<\/a><\/li><\/ul><ul><li>Arr\u00eat\u00e9 N\u00b0171 du 09 F\u00e9vrier 2023 portant modalit\u00e9s d\u2019inscription, d\u2019\u00e9valuation et de progression dans les cycles de Licence, Master et Ing\u00e9nieur<\/li><\/ul><ul><li>Arr\u00eat\u00e9 N\u00b0915 du 11 A\u00f4ut 2021 Fixant les dispositions exceptionnelles autoris\u00e9es en mati\u00e8re d\u2019organisation et de gestion p\u00e9dagogiques, de l\u2019\u00e9valuation et de la progression des \u00e9tudiants, durant la p\u00e9riode COVID-19 au titre de l\u2019ann\u00e9e universitaire 2021-2022 (<a href=\"https:\/\/www.univ-usto.dz\/faculte\/fac-archicivil\/wp-content\/uploads\/2026\/03\/arrete-n\u00b0915-du-11-aout-2021-Fr-2.pdf\">Fran\u00e7ais<\/a> \u2013<a href=\"https:\/\/www.univ-usto.dz\/faculte\/fac-archicivil\/wp-content\/uploads\/2026\/03\/\u0642\u0631\u0627\u0631-\u0631\u0642\u0645-915-\u0645\u0624\u0631\u062e-\u0641\u064a-11-\u0623\u0648\u062a-2021-1.pdf\">Arabe<\/a><\/li><\/ul><ul><li><a href=\"https:\/\/www.univ-usto.dz\/faculte\/fac-archicivil\/wp-content\/uploads\/2026\/03\/Arrete-n\u00b0055-du-21-janvier-2021.pdf\">Arr\u00eat\u00e9 n\u00b0 55 du 21\/01\/2021 Fixant les dispositions exceptionnelles autoris\u00e9es en mati\u00e8re d\u2019organisation et de gestion p\u00e9dagogiques, de l\u2019\u00e9valuation et de la progression des \u00e9tudiants, durant la p\u00e9riode COVID-19 au titre de l\u2019ann\u00e9e universitaire 2020-2021<\/a><\/li><\/ul><ul><li><a href=\"https:\/\/www.univ-usto.dz\/faculte\/fac-archicivil\/wp-content\/uploads\/2026\/03\/Arrete-751du-14-Octobre-2020-1.pdf\">Arr\u00eat\u00e9 n\u00b0 751 du 14\/10\/2020 Fixant les conditions d\u2019acc\u00e8s, les modalit\u00e9s d\u2019orientation et l\u2019inscription aux \u00e9tudes universitaires en vue de l\u2019obtention du dipl\u00f4me de master<\/a><\/li><\/ul><ul><li>Arr\u00eat\u00e9 n\u00b0\u00a0633 du 26\/08\/2020\u00a0Fixant les dispositionsexceptionnelles autoris\u00e9es en mati\u00e8re d\u2019organisation et de gestion p\u00e9dagogiques, de l\u2019\u00e9valuation et de la progression des \u00e9tudiants, durant la p\u00e9riode COVID-19 au titre de l\u2019ann\u00e9e universitaire 2019-2020<\/li><li><a href=\"https:\/\/www.univ-usto.dz\/faculte\/fac-archicivil\/wp-content\/uploads\/2026\/03\/Arrete_633_26-8-2020_Dispositions-exceptionnelles.pdf\">Arr\u00eat\u00e9 n\u00b0 633 du 26\/08\/2020 Fixant les dispositions exceptionnelles autoris\u00e9es en mati\u00e8re d\u2019organisation et de gestion p\u00e9dagogiques, de l\u2019\u00e9valuation et de la progression des \u00e9tudiants, durant la p\u00e9riode COVID-19 au titre de l\u2019ann\u00e9e universitaire 2019-2020<\/a><\/li><\/ul><ul><li><a href=\"https:\/\/www.univ-usto.dz\/faculte\/fac-archicivil\/wp-content\/uploads\/2026\/03\/Arrete_633_26-8-2020_Dispositions-exceptionnelles-1.pdf\">Circulaire n\u00b002 du 20 F\u00e9vrier 2018 relative \u00e0 la proc\u00e9dure de recevabilit\u00e9 et de gestion des PRFU<\/a><\/li><\/ul><ul><li>Arr\u00eat\u00e9 n\u00b0 170 du 20\/02\/2018 Fixant les modalit\u00e9s de mise en oeuvre des dispositions relatives \u00e0 l\u2019habilitation universitaire et projets de recherche PRFU (ex: CNEPRU)(<a href=\"https:\/\/www.univ-usto.dz\/faculte\/fac-archicivil\/wp-content\/uploads\/2026\/03\/Arrete-n170-du-20-fevrier-2018.pdf\">Fran\u00e7ais <\/a>\u00a0\u2013\u00a0<a href=\"https:\/\/www.univ-usto.dz\/faculte\/fac-mathinfo\/wp-content\/uploads\/2023\/10\/arrete_n170-20.02.2018_ar.pdf\">Arabe<\/a>)<\/li><\/ul><ul><li>Arr\u00eat\u00e9 n\u00b0 834 du 27\/07\/2017 habilitant les \u00e9tablissements de l\u2019enseignements sup\u00e9rieurs \u00e0 la formation en vue de l\u2019obtention du dipl\u00f4me de doctorat et fixant le nombre de postes ouverts au titre de l\u2019ann\u00e9e universitaire 2017-2018 (<a href=\"https:\/\/www.univ-usto.dz\/faculte\/fac-mathinfo\/wp-content\/uploads\/2023\/10\/arrete_834_fr.pdf\">Fran\u00e7ais<\/a>\u00a0\u2013\u00a0<a href=\"https:\/\/www.univ-usto.dz\/faculte\/fac-mathinfo\/wp-content\/uploads\/2023\/10\/arrete_834_ar.pdf\">Arabe<\/a>)<\/li><\/ul><ul><li>Instruction n\u00b0 02 du 14 Juin 2017 Relative au perfectionnement \u00e0 l\u2019\u00e9tranger (<a href=\"https:\/\/www.univ-usto.dz\/faculte\/fac-mathinfo\/wp-content\/uploads\/2023\/10\/instruction_2_2017_fr.pdf\">Fran\u00e7ais<\/a>\u00a0\u2013\u00a0<a href=\"https:\/\/www.univ-usto.dz\/faculte\/fac-mathinfo\/wp-content\/uploads\/2023\/10\/instruction_2_2017_ar.pdf\">Arabe<\/a>)<\/li><\/ul><ul><li>Instruction n\u00b0 01 du 05 Avril 2017 Relative au perfectionnement \u00e0 l\u2019\u00e9tranger (<a href=\"https:\/\/www.univ-usto.dz\/faculte\/fac-mathinfo\/wp-content\/uploads\/2023\/10\/instruction_01_2017_fr.pdf\">Fran\u00e7ais<\/a>\u00a0\u2013\u00a0<a href=\"https:\/\/www.univ-usto.dz\/faculte\/fac-mathinfo\/wp-content\/uploads\/2023\/10\/instruction_01_2017_ar.pdf\">Arabe<\/a>)<\/li><\/ul><ul><li><a href=\"https:\/\/www.univ-usto.dz\/faculte\/fac-mathinfo\/wp-content\/uploads\/2023\/10\/ARRETE_379.pdf\">Arr\u00eat\u00e9 n\u00b0 379 du 05 Avril 2017 fixant les crit\u00e8res de s\u00e9lection d\u2019admissibilit\u00e9 au programme de formation r\u00e9sidentielle \u00e0 l\u2019\u00e9tranger au titre de l\u2019ann\u00e9e 2017<\/a><\/li><\/ul><h2>\u00a0<\/h2><h2 class=\"entry-title\">Etablissement<\/h2><ul><li><a href=\"https:\/\/www.mesrs.dz\/\">Minist\u00e8re de l\u2019enseignement sup\u00e9rieur et de la recherche scientifique<\/a><\/li><\/ul><ul><li><a href=\"http:\/\/www.opu-dz.com\/site\/fr\/index.php\">Publications universitaires<\/a><\/li><\/ul><ul><li><a href=\"http:\/\/www.onou.dz\/\">Oeuvres universitaires<\/a><\/li><\/ul><\/div><\/div><div class=\"elementor-element elementor-element-2fb1a72 elementor-widget elementor-widget-heading\" data-id=\"2fb1a72\" data-element_type=\"widget\" data-e-type=\"widget\" data-widget_type=\"heading.default\"><div class=\"elementor-widget-container\"><h2 class=\"elementor-heading-title elementor-size-default\">Autres:<\/h2><\/div><\/div><div class=\"elementor-element elementor-element-1b0fb61 elementor-widget elementor-widget-text-editor\" data-id=\"1b0fb61\" data-element_type=\"widget\" data-e-type=\"widget\" data-widget_type=\"text-editor.default\"><div class=\"elementor-widget-container\"><p><a href=\"https:\/\/www.univ-usto.dz\/faculte\/fac-mathinfo\/wp-content\/uploads\/2021\/10\/Discipline.pdf\">Discipline<\/a><\/p><p><a href=\"https:\/\/www.univ-usto.dz\/faculte\/fac-mathinfo\/wp-content\/uploads\/2021\/10\/Lorganisation-des-examens.pdf\">L\u2019organisation des examens<\/a><\/p><\/div><\/div>\t\t\t\t\t\t\t\t<\/div>\n\t\t\t\t<\/div>\n\t\t\t\t\t<\/div>\n\t\t<\/div>\n\t\t\t\t\t<\/div>\n\t\t<\/section>\n\t\t\t\t<\/div>\n\t\t","protected":false},"excerpt":{"rendered":"<p>Textes r\u00e9glementaires : Arr\u00eat\u00e9 n\u00b0 1164 du 04 octobre 2025 Portant fixation des modalit\u00e9s d\u2019inscription et de r\u00e9inscription aux formations sanctionn\u00e9es par les dipl\u00f4mes d\u2019Ing\u00e9nieur d\u2019\u00c9tat et d\u2019Architecte, ainsi que <a href=\"https:\/\/www.univ-usto.dz\/faculte\/fac-archicivil\/textes-reglementaires\/\" class=\"read-more\">Lire la suite &#8230;<\/a><\/p>\n","protected":false},"author":1,"featured_media":0,"parent":0,"menu_order":0,"comment_status":"closed","ping_status":"closed","template":"","meta":{"footnotes":""},"class_list":["post-9062","page","type-page","status-publish","hentry"],"_links":{"self":[{"href":"https:\/\/www.univ-usto.dz\/faculte\/fac-archicivil\/wp-json\/wp\/v2\/pages\/9062","targetHints":{"allow":["GET"]}}],"collection":[{"href":"https:\/\/www.univ-usto.dz\/faculte\/fac-archicivil\/wp-json\/wp\/v2\/pages"}],"about":[{"href":"https:\/\/www.univ-usto.dz\/faculte\/fac-archicivil\/wp-json\/wp\/v2\/types\/page"}],"author":[{"embeddable":true,"href":"https:\/\/www.univ-usto.dz\/faculte\/fac-archicivil\/wp-json\/wp\/v2\/users\/1"}],"replies":[{"embeddable":true,"href":"https:\/\/www.univ-usto.dz\/faculte\/fac-archicivil\/wp-json\/wp\/v2\/comments?post=9062"}],"version-history":[{"count":8,"href":"https:\/\/www.univ-usto.dz\/faculte\/fac-archicivil\/wp-json\/wp\/v2\/pages\/9062\/revisions"}],"predecessor-version":[{"id":20097,"href":"https:\/\/www.univ-usto.dz\/faculte\/fac-archicivil\/wp-json\/wp\/v2\/pages\/9062\/revisions\/20097"}],"wp:attachment":[{"href":"https:\/\/www.univ-usto.dz\/faculte\/fac-archicivil\/wp-json\/wp\/v2\/media?parent=9062"}],"curies":[{"name":"wp","href":"https:\/\/api.w.org\/{rel}","templated":true}]}}