{"id":10776,"date":"2021-02-16T13:43:36","date_gmt":"2021-02-16T13:43:36","guid":{"rendered":"http:\/\/www.univ-usto.dz\/faculte\/fac-chimie\/?page_id=10776"},"modified":"2024-01-15T09:29:13","modified_gmt":"2024-01-15T09:29:13","slug":"vices-doyens","status":"publish","type":"page","link":"https:\/\/www.univ-usto.dz\/faculte\/fac-chimie\/fr\/vices-doyens\/","title":{"rendered":"Vices-Doyen"},"content":{"rendered":"<h3>\u00a0<\/h3>\n<h5><span style=\"color: #000000;\"><strong>I-Vice Doyen charg\u00e9 des \u00e9tudes et des questions li\u00e9es aux \u00e9tudiants:<\/strong><\/span><\/h5>\n<p>Le poste est occup\u00e9 par :\u00a0<strong>Mr.<\/strong>\u00a0\u00a0<strong>M. BOUHENT<\/strong><\/p>\n<p><span style=\"color: #000000;\"><strong>Les t\u00e2ches assur\u00e9es par le Vice Doyen :\u00a0<\/strong><\/span><\/p>\n<ul>\n<li>Assurer la gestion et le suivi des inscriptions des \u00e9tudiants en graduation.<\/li>\n<li>Suivi des activit\u00e9s de l\u2019enseignement, prendre ou proposer au doyen toute action en vue de l&rsquo;am\u00e9liorer.<\/li>\n<li>Garder la liste nominative et statistique des \u00e9tudiants.<\/li>\n<li>Collecte, traitement et publication des informations p\u00e9dagogiques au profit des \u00e9tudiants.<\/li>\n<\/ul>\n<p><span style=\"color: #000000;\"><strong>Les services du Vice Doyen :\u00a0<\/strong><\/span><\/p>\n<ul>\n<li>Service de scolarit\u00e9.<\/li>\n<li>Service de l\u2019enseignement et de l\u2019\u00e9valuation.<\/li>\n<li>Service des statistiques, de l\u2019information et de l\u2019orientation.<\/li>\n<\/ul>\n\n\n<p><\/p>\n\n\n\n<p><\/p>\n\n\n\n<p><\/p>\n\n\n\n<p><strong><span class=\"has-inline-color has-black-color\">II- Vice Doyen&nbsp;charg\u00e9 de la post-graduation, de la recherche scientifique et des relations ext\u00e9rieures<\/span><\/strong><\/p>\n\n\n\n<p>Le poste est occup\u00e9 par :\u00a0<strong>Mme. F.SELADJI<\/strong><\/p>\n\n\n\n<p><strong><span class=\"has-inline-color has-black-color\">Les t\u00e2ches assur\u00e9es par le Vice Doyen:&nbsp;<\/span><\/strong><\/p>\n\n\n\n<ul class=\"wp-block-list\"><li>Suivi du d\u00e9roulement des concours pour l\u2019acc\u00e8s \u00e0 la post-graduation.<\/li><li>Prise ou proposition des mesures n\u00e9cessaires pour un bon fonctionnement de la post-graduation.<\/li><li>Veiller au bon d\u00e9roulement des soutenances des th\u00e8ses en post-graduation.<\/li><li>Suivi des activit\u00e9s de la recherche scientifique.<\/li><li>Prendre l\u2019Initiative de travail en partenariat avec le secteur socio-\u00e9conomique.<\/li><li>Prendre l\u2019Initiative de travail en vue d\u2019inciter et de soutenir la coop\u00e9ration entre les universit\u00e9s nationales et internationales.<\/li><li>La mise en \u0153uvre des programmes visant \u00e0 am\u00e9liorer le niveau des enseignants et l\u2019actualisation de leurs connaissances.<\/li><li>Suivi du fonctionnement du Conseil scientifique de la facult\u00e9 et la conservation de ses archives.<\/li><\/ul>\n\n\n\n<p><strong><span class=\"has-inline-color has-black-color\">Les services du Vice Doyen:<\/span><\/strong><\/p>\n\n\n\n<ul class=\"wp-block-list\"><li>Service du suivi de la formation en post-graduation.<\/li><li>Service du suivi des activit\u00e9s de recherche.<\/li><li>Service de la coop\u00e9ration et des relations ext\u00e9rieures.<\/li><\/ul>\n\n\n\n<p><\/p>\n","protected":false},"excerpt":{"rendered":"<p>\u00a0 I-Vice Doyen charg\u00e9 des \u00e9tudes et des questions li\u00e9es aux \u00e9tudiants: Le poste est occup\u00e9 par :\u00a0Mr.\u00a0\u00a0M. BOUHENT Les t\u00e2ches assur\u00e9es par le Vice Doyen :\u00a0 Assurer la gestion <a href=\"https:\/\/www.univ-usto.dz\/faculte\/fac-chimie\/fr\/vices-doyens\/\" class=\"read-more\">Lire la suite &#8230;<\/a><\/p>\n","protected":false},"author":1,"featured_media":0,"parent":0,"menu_order":0,"comment_status":"closed","ping_status":"closed","template":"","meta":{"footnotes":""},"class_list":["post-10776","page","type-page","status-publish","hentry"],"_links":{"self":[{"href":"https:\/\/www.univ-usto.dz\/faculte\/fac-chimie\/wp-json\/wp\/v2\/pages\/10776","targetHints":{"allow":["GET"]}}],"collection":[{"href":"https:\/\/www.univ-usto.dz\/faculte\/fac-chimie\/wp-json\/wp\/v2\/pages"}],"about":[{"href":"https:\/\/www.univ-usto.dz\/faculte\/fac-chimie\/wp-json\/wp\/v2\/types\/page"}],"author":[{"embeddable":true,"href":"https:\/\/www.univ-usto.dz\/faculte\/fac-chimie\/wp-json\/wp\/v2\/users\/1"}],"replies":[{"embeddable":true,"href":"https:\/\/www.univ-usto.dz\/faculte\/fac-chimie\/wp-json\/wp\/v2\/comments?post=10776"}],"version-history":[{"count":14,"href":"https:\/\/www.univ-usto.dz\/faculte\/fac-chimie\/wp-json\/wp\/v2\/pages\/10776\/revisions"}],"predecessor-version":[{"id":24428,"href":"https:\/\/www.univ-usto.dz\/faculte\/fac-chimie\/wp-json\/wp\/v2\/pages\/10776\/revisions\/24428"}],"wp:attachment":[{"href":"https:\/\/www.univ-usto.dz\/faculte\/fac-chimie\/wp-json\/wp\/v2\/media?parent=10776"}],"curies":[{"name":"wp","href":"https:\/\/api.w.org\/{rel}","templated":true}]}}