{"id":11203,"date":"2021-02-28T13:54:27","date_gmt":"2021-02-28T13:54:27","guid":{"rendered":"http:\/\/www.univ-usto.dz\/faculte\/fac-chimie\/?page_id=11203"},"modified":"2025-12-17T09:31:23","modified_gmt":"2025-12-17T09:31:23","slug":"la-faculte-en-chiffres","status":"publish","type":"page","link":"https:\/\/www.univ-usto.dz\/faculte\/fac-chimie\/fr\/la-faculte-en-chiffres\/","title":{"rendered":"La facult\u00e9 en chiffres"},"content":{"rendered":"\t\t<div data-elementor-type=\"wp-page\" data-elementor-id=\"11203\" class=\"elementor elementor-11203\">\n\t\t\t\t\t\t<section class=\"elementor-section elementor-top-section elementor-element elementor-element-8015739 elementor-section-boxed elementor-section-height-default elementor-section-height-default\" data-id=\"8015739\" data-element_type=\"section\">\n\t\t\t\t\t\t<div class=\"elementor-container elementor-column-gap-default\">\n\t\t\t\t\t<div class=\"elementor-column elementor-col-100 elementor-top-column elementor-element elementor-element-7efcbaa\" data-id=\"7efcbaa\" data-element_type=\"column\">\n\t\t\t<div class=\"elementor-widget-wrap elementor-element-populated\">\n\t\t\t\t\t\t<div class=\"elementor-element elementor-element-a251bb7 elementor-widget-divider--view-line elementor-widget elementor-widget-divider\" data-id=\"a251bb7\" data-element_type=\"widget\" data-widget_type=\"divider.default\">\n\t\t\t\t<div class=\"elementor-widget-container\">\n\t\t\t\t\t\t\t<div class=\"elementor-divider\">\n\t\t\t<span class=\"elementor-divider-separator\">\n\t\t\t\t\t\t<\/span>\n\t\t<\/div>\n\t\t\t\t\t\t<\/div>\n\t\t\t\t<\/div>\n\t\t\t\t\t<\/div>\n\t\t<\/div>\n\t\t\t\t\t<\/div>\n\t\t<\/section>\n\t\t\t\t<section class=\"elementor-section elementor-top-section elementor-element elementor-element-44b9145 elementor-section-boxed elementor-section-height-default elementor-section-height-default\" data-id=\"44b9145\" data-element_type=\"section\">\n\t\t\t\t\t\t<div class=\"elementor-container elementor-column-gap-default\">\n\t\t\t\t\t<div class=\"elementor-column elementor-col-100 elementor-top-column elementor-element elementor-element-0389f91\" data-id=\"0389f91\" data-element_type=\"column\">\n\t\t\t<div class=\"elementor-widget-wrap elementor-element-populated\">\n\t\t\t\t\t\t<div class=\"elementor-element elementor-element-c211cb0 elementor-widget elementor-widget-text-editor\" data-id=\"c211cb0\" data-element_type=\"widget\" data-widget_type=\"text-editor.default\">\n\t\t\t\t<div class=\"elementor-widget-container\">\n\t\t\t\t\t\t\t\t\t<h3 style=\"text-align: center;\"><b>EFFECTIF DES\u00a0 INSCRITS\u00a0 EN GRADUATION<\/b><\/h3><h3 style=\"text-align: center;\"><b>ANNEE UNIVERSITAIRE <span style=\"color: #0000ff;\">2025-2026<\/span><\/b><\/h3><h3 style=\"text-align: center;\">\u00a0<\/h3>\t\t\t\t\t\t\t\t<\/div>\n\t\t\t\t<\/div>\n\t\t\t\t\t<\/div>\n\t\t<\/div>\n\t\t\t\t\t<\/div>\n\t\t<\/section>\n\t\t\t\t<section class=\"elementor-section elementor-top-section elementor-element elementor-element-12c53a0 elementor-section-boxed elementor-section-height-default elementor-section-height-default\" data-id=\"12c53a0\" data-element_type=\"section\">\n\t\t\t\t\t\t<div class=\"elementor-container elementor-column-gap-default\">\n\t\t\t\t\t<div class=\"elementor-column elementor-col-100 elementor-top-column elementor-element elementor-element-33fcada\" data-id=\"33fcada\" data-element_type=\"column\">\n\t\t\t<div class=\"elementor-widget-wrap elementor-element-populated\">\n\t\t\t\t\t\t<div class=\"elementor-element elementor-element-b1818eb elementor-tabs-view-horizontal elementor-widget elementor-widget-tabs\" data-id=\"b1818eb\" data-element_type=\"widget\" data-widget_type=\"tabs.default\">\n\t\t\t\t<div class=\"elementor-widget-container\">\n\t\t\t\t\t\t\t<div class=\"elementor-tabs\">\n\t\t\t<div class=\"elementor-tabs-wrapper\" role=\"tablist\" >\n\t\t\t\t\t\t\t\t\t<div id=\"elementor-tab-title-1861\" class=\"elementor-tab-title elementor-tab-desktop-title\" aria-selected=\"true\" data-tab=\"1\" role=\"tab\" tabindex=\"0\" aria-controls=\"elementor-tab-content-1861\" aria-expanded=\"false\">R\u00e9cap<\/div>\n\t\t\t\t\t\t\t\t\t<div id=\"elementor-tab-title-1862\" class=\"elementor-tab-title elementor-tab-desktop-title\" aria-selected=\"false\" data-tab=\"2\" role=\"tab\" tabindex=\"-1\" aria-controls=\"elementor-tab-content-1862\" aria-expanded=\"false\">D\u00e9tail<\/div>\n\t\t\t\t\t\t\t<\/div>\n\t\t\t<div class=\"elementor-tabs-content-wrapper\" role=\"tablist\" aria-orientation=\"vertical\">\n\t\t\t\t\t\t\t\t\t<div class=\"elementor-tab-title elementor-tab-mobile-title\" aria-selected=\"true\" data-tab=\"1\" role=\"tab\" tabindex=\"0\" aria-controls=\"elementor-tab-content-1861\" aria-expanded=\"false\">R\u00e9cap<\/div>\n\t\t\t\t\t<div id=\"elementor-tab-content-1861\" class=\"elementor-tab-content elementor-clearfix\" data-tab=\"1\" role=\"tabpanel\" aria-labelledby=\"elementor-tab-title-1861\" tabindex=\"0\" hidden=\"false\"><table width=\"468\"><tbody><tr><td rowspan=\"5\" width=\"340\"><h3><strong>Ing\u00e9nieur<\/strong><\/h3><\/td><td width=\"64\"><h3><strong>I1<\/strong><\/h3><\/td><td width=\"64\"><h3><strong>44<\/strong><\/h3><\/td><\/tr><tr><td><h3><strong>I2<\/strong><\/h3><\/td><td><h3><strong>20<\/strong><\/h3><\/td><\/tr><tr><td><h3><strong>I3<\/strong><\/h3><\/td><td><h3><strong>32<\/strong><\/h3><\/td><\/tr><tr><td><h3><strong>I4<\/strong><\/h3><\/td><td><h3><strong>52<\/strong><\/h3><\/td><\/tr><tr><td><h3><strong>I5<\/strong><\/h3><\/td><td><h3><strong>0<\/strong><\/h3><\/td><\/tr><tr><td rowspan=\"4\"><h3><strong>Licence &amp; Master<\/strong><\/h3><\/td><td><h3><strong>L2<\/strong><\/h3><\/td><td><h3><strong>363<\/strong><\/h3><\/td><\/tr><tr><td><h3><strong>L3<\/strong><\/h3><\/td><td><h3><strong>575<\/strong><\/h3><\/td><\/tr><tr><td><h3><strong>M1<\/strong><\/h3><\/td><td><h3><strong>506<\/strong><\/h3><\/td><\/tr><tr><td><h3><strong>M2<\/strong><\/h3><\/td><td><h3><strong>321<\/strong><\/h3><\/td><\/tr><\/tbody><\/table><\/div>\n\t\t\t\t\t\t\t\t\t<div class=\"elementor-tab-title elementor-tab-mobile-title\" aria-selected=\"false\" data-tab=\"2\" role=\"tab\" tabindex=\"-1\" aria-controls=\"elementor-tab-content-1862\" aria-expanded=\"false\">D\u00e9tail<\/div>\n\t\t\t\t\t<div id=\"elementor-tab-content-1862\" class=\"elementor-tab-content elementor-clearfix\" data-tab=\"2\" role=\"tabpanel\" aria-labelledby=\"elementor-tab-title-1862\" tabindex=\"0\" hidden=\"hidden\"><table width=\"1066\"><tbody><tr><td width=\"80\"><h3><strong>Facult\u00e9<\/strong><\/h3><\/td><td width=\"217\"><h3><strong>D\u00e9partements<\/strong><\/h3><\/td><td width=\"164\"><h3><strong>DOMAINE<\/strong><\/h3><\/td><td width=\"191\"><h3><strong>FILIERE<\/strong><\/h3><\/td><td width=\"254\"><h3><strong>SPECIALITE<\/strong><\/h3><\/td><td width=\"80\"><h3><strong>Cycles<\/strong><\/h3><\/td><td width=\"80\"><h3><strong>TOTAL<\/strong><\/h3><\/td><\/tr><tr><td rowspan=\"36\"><h3><strong>CHIMIE<\/strong><\/h3><\/td><td rowspan=\"6\" width=\"217\"><h3><strong>D\u00e9partement G\u00e9nie des Mat\u00e9riaux<\/strong><\/h3><\/td><td rowspan=\"25\" width=\"164\"><h3><strong>Sciences et Technologies<\/strong><\/h3><\/td><td rowspan=\"17\"><h3><strong>G\u00e9nie des proc\u00e9d\u00e9s<\/strong><\/h3><\/td><td rowspan=\"2\"><h3><strong>G\u00e9nie des Proc\u00e9d\u00e9s<\/strong><\/h3><\/td><td><h3><strong>L2<\/strong><\/h3><\/td><td><h3><strong>202<\/strong><\/h3><\/td><\/tr><tr><td><h3><strong>L3<\/strong><\/h3><\/td><td><h3><strong>309<\/strong><\/h3><\/td><\/tr><tr><td rowspan=\"2\"><h3><strong>\u00a0G\u00e9nie des Proc\u00e9d\u00e9s des Mat\u00e9riaux<\/strong><\/h3><\/td><td><h3><strong>M1<\/strong><\/h3><\/td><td><h3><strong>40<\/strong><\/h3><\/td><\/tr><tr><td><h3><strong>M2<\/strong><\/h3><\/td><td><h3><strong>42<\/strong><\/h3><\/td><\/tr><tr><td rowspan=\"2\"><h3><strong>\u00a0G\u00e9nie des Polym\u00e8res<\/strong><\/h3><\/td><td><h3><strong>M1<\/strong><\/h3><\/td><td><h3><strong>61<\/strong><\/h3><\/td><\/tr><tr><td><h3><strong>M2<\/strong><\/h3><\/td><td><h3><strong>22<\/strong><\/h3><\/td><\/tr><tr><td rowspan=\"15\" width=\"217\"><h3><strong>D\u00e9partement g\u00e9nie chimique<\/strong><\/h3><\/td><td rowspan=\"2\"><h3><strong>G\u00e9nie Des Proc\u00e9d\u00e9s (Ing\u00e9nieur)<\/strong><\/h3><\/td><td><h3><strong>I1<\/strong><\/h3><\/td><td><h3><strong>44<\/strong><\/h3><\/td><\/tr><tr><td><h3><strong>I2<\/strong><\/h3><\/td><td><h3><strong>20<\/strong><\/h3><\/td><\/tr><tr><td rowspan=\"3\"><h3><strong>Ing\u00e9nierie Des Proc\u00e9d\u00e9s Chimiques<\/strong><\/h3><\/td><td><h3><strong>I3<\/strong><\/h3><\/td><td><h3><strong>32<\/strong><\/h3><\/td><\/tr><tr><td><h3><strong>I4<\/strong><\/h3><\/td><td><h3><strong>52<\/strong><\/h3><\/td><\/tr><tr><td><h3><strong>I5<\/strong><\/h3><\/td><td><h3><strong>0<\/strong><\/h3><\/td><\/tr><tr><td rowspan=\"2\"><h3><strong>G\u00e9nie Pharmaceutique<\/strong><\/h3><\/td><td><h3><strong>M1<\/strong><\/h3><\/td><td><h3><strong>60<\/strong><\/h3><\/td><\/tr><tr><td><h3><strong>M2<\/strong><\/h3><\/td><td><h3><strong>24<\/strong><\/h3><\/td><\/tr><tr><td rowspan=\"2\"><h3><strong>G\u00e9nie Chimique<\/strong><\/h3><\/td><td><h3><strong>M1<\/strong><\/h3><\/td><td><h3><strong>47<\/strong><\/h3><\/td><\/tr><tr><td><h3><strong>M2<\/strong><\/h3><\/td><td><h3><strong>46<\/strong><\/h3><\/td><\/tr><tr><td rowspan=\"2\"><h3><strong>\u00a0G\u00e9nie des Proc\u00e8d\u00e9s de l&rsquo;Environnement<\/strong><\/h3><\/td><td><h3><strong>M1<\/strong><\/h3><\/td><td><h3><strong>40<\/strong><\/h3><\/td><\/tr><tr><td><h3><strong>M2<\/strong><\/h3><\/td><td><h3><strong>41<\/strong><\/h3><\/td><\/tr><tr><td rowspan=\"4\"><h3><strong>Industries p\u00e9trochimiques<\/strong><\/h3><\/td><td rowspan=\"2\"><h3><strong>Raffinage et p\u00e9trochimie<\/strong><\/h3><\/td><td><h3><strong>L2<\/strong><\/h3><\/td><td><h3><strong>87<\/strong><\/h3><\/td><\/tr><tr><td><h3><strong>L3<\/strong><\/h3><\/td><td><h3><strong>108<\/strong><\/h3><\/td><\/tr><tr><td rowspan=\"2\"><h3><strong>G\u00e9nie P\u00e9trochimique<\/strong><\/h3><\/td><td><h3><strong>M1<\/strong><\/h3><\/td><td><h3><strong>61<\/strong><\/h3><\/td><\/tr><tr><td><h3><strong>M2<\/strong><\/h3><\/td><td><h3><strong>46<\/strong><\/h3><\/td><\/tr><tr><td rowspan=\"15\"><h3><strong>D\u00e9partement Chimie Physique<\/strong><\/h3><\/td><td rowspan=\"4\"><h3><strong>Hygi\u00e8ne et s\u00e9curit\u00e9 industrielle<\/strong><\/h3><\/td><td rowspan=\"4\"><h3><strong>Hygi\u00e8ne et s\u00e9curit\u00e9 industrielle<\/strong><\/h3><\/td><td><h3><strong>L2<\/strong><\/h3><\/td><td><h3><strong>74<\/strong><\/h3><\/td><\/tr><tr><td><h3><strong>L3<\/strong><\/h3><\/td><td><h3><strong>69<\/strong><\/h3><\/td><\/tr><tr><td><h3><strong>M1<\/strong><\/h3><\/td><td><h3><strong>97<\/strong><\/h3><\/td><\/tr><tr><td><h3><strong>M2<\/strong><\/h3><\/td><td><h3><strong>53<\/strong><\/h3><\/td><\/tr><tr><td rowspan=\"11\" width=\"164\"><h3><strong>Sciences de la Mati\u00e8re<\/strong><\/h3><\/td><td rowspan=\"11\"><h3><strong>Chimie<\/strong><\/h3><\/td><td rowspan=\"2\"><h3><strong>\u00a0Chimie Pharmaceutique<\/strong><\/h3><\/td><td><h3><strong>L3<\/strong><\/h3><\/td><td><h3><strong>28<\/strong><\/h3><\/td><\/tr><tr><td><h3><strong>M1<\/strong><\/h3><\/td><td><h3><strong>18<\/strong><\/h3><\/td><\/tr><tr><td><h3><strong>Chimie de l\u2019environnement et de l\u2019eau<\/strong><\/h3><\/td><td><h3><strong>M1<\/strong><\/h3><\/td><td><h3><strong>22<\/strong><\/h3><\/td><\/tr><tr><td rowspan=\"2\"><h3><strong>Chimie Physique<\/strong><\/h3><\/td><td><h3><strong>M1<\/strong><\/h3><\/td><td><h3><strong>14<\/strong><\/h3><\/td><\/tr><tr><td><h3><strong>M2<\/strong><\/h3><\/td><td><h3><strong>24<\/strong><\/h3><\/td><\/tr><tr><td><h3><strong>Chimie Fondamentale<\/strong><\/h3><\/td><td><h3><strong>L3<\/strong><\/h3><\/td><td><h3><strong>23<\/strong><\/h3><\/td><\/tr><tr><td rowspan=\"3\"><h3><strong>Chimie Analytique<\/strong><\/h3><\/td><td><h3><strong>L3<\/strong><\/h3><\/td><td><h3><strong>38<\/strong><\/h3><\/td><\/tr><tr><td><h3><strong>M1<\/strong><\/h3><\/td><td><h3><strong>28<\/strong><\/h3><\/td><\/tr><tr><td><h3><strong>M2<\/strong><\/h3><\/td><td><h3><strong>15<\/strong><\/h3><\/td><\/tr><tr><td rowspan=\"2\"><h3><strong>\u00a0Chimie Th\u00e9orique et Computationnelle<\/strong><\/h3><\/td><td><h3><strong>M1<\/strong><\/h3><\/td><td><h3><strong>18<\/strong><\/h3><\/td><\/tr><tr><td><h3><strong>M2<\/strong><\/h3><\/td><td><h3><strong>8<\/strong><\/h3><\/td><\/tr><\/tbody><\/table><\/div>\n\t\t\t\t\t\t\t<\/div>\n\t\t<\/div>\n\t\t\t\t\t\t<\/div>\n\t\t\t\t<\/div>\n\t\t\t\t\t<\/div>\n\t\t<\/div>\n\t\t\t\t\t<\/div>\n\t\t<\/section>\n\t\t\t\t<section class=\"elementor-section elementor-top-section elementor-element elementor-element-53162f1 elementor-section-boxed elementor-section-height-default elementor-section-height-default\" data-id=\"53162f1\" data-element_type=\"section\">\n\t\t\t\t\t\t<div class=\"elementor-container elementor-column-gap-default\">\n\t\t\t\t\t<div class=\"elementor-column elementor-col-100 elementor-top-column elementor-element elementor-element-a314ad5\" data-id=\"a314ad5\" data-element_type=\"column\">\n\t\t\t<div class=\"elementor-widget-wrap elementor-element-populated\">\n\t\t\t\t\t\t<div class=\"elementor-element elementor-element-f9afa5c elementor-widget-divider--view-line elementor-widget elementor-widget-divider\" data-id=\"f9afa5c\" data-element_type=\"widget\" data-widget_type=\"divider.default\">\n\t\t\t\t<div class=\"elementor-widget-container\">\n\t\t\t\t\t\t\t<div class=\"elementor-divider\">\n\t\t\t<span class=\"elementor-divider-separator\">\n\t\t\t\t\t\t<\/span>\n\t\t<\/div>\n\t\t\t\t\t\t<\/div>\n\t\t\t\t<\/div>\n\t\t\t\t\t<\/div>\n\t\t<\/div>\n\t\t\t\t\t<\/div>\n\t\t<\/section>\n\t\t\t\t<section class=\"elementor-section elementor-top-section elementor-element elementor-element-231befc elementor-section-boxed elementor-section-height-default elementor-section-height-default\" data-id=\"231befc\" data-element_type=\"section\">\n\t\t\t\t\t\t<div class=\"elementor-container elementor-column-gap-default\">\n\t\t\t\t\t<div class=\"elementor-column elementor-col-100 elementor-top-column elementor-element elementor-element-aa619de\" data-id=\"aa619de\" data-element_type=\"column\">\n\t\t\t<div class=\"elementor-widget-wrap elementor-element-populated\">\n\t\t\t\t\t\t<div class=\"elementor-element elementor-element-92f094b elementor-widget elementor-widget-text-editor\" data-id=\"92f094b\" data-element_type=\"widget\" data-widget_type=\"text-editor.default\">\n\t\t\t\t<div class=\"elementor-widget-container\">\n\t\t\t\t\t\t\t\t\t<h3 style=\"text-align: center;\"><b>ENCADREMENT PEDAGOGIQUE <span style=\"color: #0000ff;\">2025-2026<\/span><\/b><\/h3><h3 style=\"text-align: center;\"><strong>\u00a0Les enseignants permanents sont au nombre de <span style=\"color: #0000ff;\">161<\/span> r\u00e9partis<\/strong><\/h3><h3 style=\"text-align: center;\"><strong>\u00a0selon\u00a0\u00a0 les grades suivants\u00a0<\/strong><\/h3><h3 style=\"text-align: center;\">\u00a0<\/h3>\t\t\t\t\t\t\t\t<\/div>\n\t\t\t\t<\/div>\n\t\t\t\t\t<\/div>\n\t\t<\/div>\n\t\t\t\t\t<\/div>\n\t\t<\/section>\n\t\t\t\t<section class=\"elementor-section elementor-top-section elementor-element elementor-element-de8b6ad elementor-section-boxed elementor-section-height-default elementor-section-height-default\" data-id=\"de8b6ad\" data-element_type=\"section\">\n\t\t\t\t\t\t<div class=\"elementor-container elementor-column-gap-default\">\n\t\t\t\t\t<div class=\"elementor-column elementor-col-100 elementor-top-column elementor-element elementor-element-44ccd55\" data-id=\"44ccd55\" data-element_type=\"column\">\n\t\t\t<div class=\"elementor-widget-wrap elementor-element-populated\">\n\t\t\t\t\t\t<div class=\"elementor-element elementor-element-b6ce7af elementor-widget elementor-widget-text-editor\" data-id=\"b6ce7af\" data-element_type=\"widget\" data-widget_type=\"text-editor.default\">\n\t\t\t\t<div class=\"elementor-widget-container\">\n\t\t\t\t\t\t\t\t\t<table width=\"823\"><tbody><tr><td width=\"218\"><h3><strong>GRADE\/DEPT<\/strong><\/h3><\/td><td width=\"207\"><h3><strong>G\u00e9nie\u00a0 chimique\u00a0<\/strong><\/h3><\/td><td width=\"155\"><h3><strong>G\u00e9nie des\u00a0 Mat\u00e9riaux<\/strong><\/h3><\/td><td width=\"137\"><h3><strong>Chimie physique<\/strong><\/h3><\/td><td width=\"106\"><h3><strong>Total<\/strong><\/h3><\/td><\/tr><tr><td><h3><strong>Professeur<\/strong><\/h3><\/td><td><h3><strong>20<\/strong><\/h3><\/td><td><h3><strong>15<\/strong><\/h3><\/td><td><h3><strong>3<\/strong><\/h3><\/td><td><h3><strong>38<\/strong><\/h3><\/td><\/tr><tr><td><h3><strong>Ma\u00eetre de Conf\u00e9rences de classe A<\/strong><\/h3><\/td><td><h3><strong>17<\/strong><\/h3><\/td><td><h3><strong>6<\/strong><\/h3><\/td><td><h3><strong>10<\/strong><\/h3><\/td><td><h3><strong>33<\/strong><\/h3><\/td><\/tr><tr><td><h3><strong>Ma\u00eetre de Conf\u00e9rences de classe B<\/strong><\/h3><\/td><td><h3><strong>22<\/strong><\/h3><\/td><td><h3><strong>22<\/strong><\/h3><\/td><td><h3><strong>15<\/strong><\/h3><\/td><td><h3><strong>59<\/strong><\/h3><\/td><\/tr><tr><td><h3><strong>Ma\u00eetre Assistant de classe A<\/strong><\/h3><\/td><td><h3><strong>6<\/strong><\/h3><\/td><td><h3><strong>15<\/strong><\/h3><\/td><td><h3><strong>9<\/strong><\/h3><\/td><td><h3><strong>30<\/strong><\/h3><\/td><\/tr><tr><td><h3><strong>Ma\u00eetre Assistant de classe B<\/strong><\/h3><\/td><td><h3><strong>0<\/strong><\/h3><\/td><td><h3><strong>1<\/strong><\/h3><\/td><td><h3><strong>0<\/strong><\/h3><\/td><td><h3><strong>1<\/strong><\/h3><\/td><\/tr><tr><td><h3><strong>Ma\u00eetre Assistant\u00a0\u00a0<\/strong><\/h3><\/td><td><h3><strong>0<\/strong><\/h3><\/td><td><h3><strong>0<\/strong><\/h3><\/td><td><h3><strong>0<\/strong><\/h3><\/td><td><h3><strong>0<\/strong><\/h3><\/td><\/tr><tr><td><h3><strong>TOTAL<\/strong><\/h3><\/td><td><h3><strong>65<\/strong><\/h3><\/td><td><h3><strong>59<\/strong><\/h3><\/td><td><h3><strong>37<\/strong><\/h3><\/td><td><h3><strong>161<\/strong><\/h3><\/td><\/tr><\/tbody><\/table>\t\t\t\t\t\t\t\t<\/div>\n\t\t\t\t<\/div>\n\t\t\t\t\t<\/div>\n\t\t<\/div>\n\t\t\t\t\t<\/div>\n\t\t<\/section>\n\t\t\t\t<\/div>\n\t\t","protected":false},"excerpt":{"rendered":"<p>EFFECTIF DES\u00a0 INSCRITS\u00a0 EN GRADUATION ANNEE UNIVERSITAIRE 2025-2026 \u00a0 R\u00e9cap D\u00e9tail R\u00e9cap Ing\u00e9nieur I1 44 I2 20 I3 32 I4 52 I5 0 Licence &amp; Master L2 363 L3 575 <a href=\"https:\/\/www.univ-usto.dz\/faculte\/fac-chimie\/fr\/la-faculte-en-chiffres\/\" class=\"read-more\">Lire la suite &#8230;<\/a><\/p>\n","protected":false},"author":14,"featured_media":0,"parent":0,"menu_order":0,"comment_status":"closed","ping_status":"closed","template":"","meta":{"footnotes":""},"class_list":["post-11203","page","type-page","status-publish","hentry"],"_links":{"self":[{"href":"https:\/\/www.univ-usto.dz\/faculte\/fac-chimie\/wp-json\/wp\/v2\/pages\/11203","targetHints":{"allow":["GET"]}}],"collection":[{"href":"https:\/\/www.univ-usto.dz\/faculte\/fac-chimie\/wp-json\/wp\/v2\/pages"}],"about":[{"href":"https:\/\/www.univ-usto.dz\/faculte\/fac-chimie\/wp-json\/wp\/v2\/types\/page"}],"author":[{"embeddable":true,"href":"https:\/\/www.univ-usto.dz\/faculte\/fac-chimie\/wp-json\/wp\/v2\/users\/14"}],"replies":[{"embeddable":true,"href":"https:\/\/www.univ-usto.dz\/faculte\/fac-chimie\/wp-json\/wp\/v2\/comments?post=11203"}],"version-history":[{"count":61,"href":"https:\/\/www.univ-usto.dz\/faculte\/fac-chimie\/wp-json\/wp\/v2\/pages\/11203\/revisions"}],"predecessor-version":[{"id":34766,"href":"https:\/\/www.univ-usto.dz\/faculte\/fac-chimie\/wp-json\/wp\/v2\/pages\/11203\/revisions\/34766"}],"wp:attachment":[{"href":"https:\/\/www.univ-usto.dz\/faculte\/fac-chimie\/wp-json\/wp\/v2\/media?parent=11203"}],"curies":[{"name":"wp","href":"https:\/\/api.w.org\/{rel}","templated":true}]}}