{"id":11649,"date":"2021-04-21T11:10:15","date_gmt":"2021-04-21T11:10:15","guid":{"rendered":"https:\/\/www.univ-usto.dz\/faculte\/fac-chimie\/?page_id=11649"},"modified":"2026-03-11T09:17:56","modified_gmt":"2026-03-11T09:17:56","slug":"presentation-de-la-bibliotheque","status":"publish","type":"page","link":"https:\/\/www.univ-usto.dz\/faculte\/fac-chimie\/fr\/presentation-de-la-bibliotheque\/","title":{"rendered":"Pr\u00e9sentation de la Biblioth\u00e8que"},"content":{"rendered":"\t\t<div data-elementor-type=\"wp-page\" data-elementor-id=\"11649\" class=\"elementor elementor-11649\">\n\t\t\t\t\t\t<section class=\"elementor-section elementor-top-section elementor-element elementor-element-f66cb41 elementor-section-boxed elementor-section-height-default elementor-section-height-default\" data-id=\"f66cb41\" data-element_type=\"section\">\n\t\t\t\t\t\t<div class=\"elementor-container elementor-column-gap-default\">\n\t\t\t\t\t<div class=\"elementor-column elementor-col-100 elementor-top-column elementor-element elementor-element-3be678b\" data-id=\"3be678b\" data-element_type=\"column\">\n\t\t\t<div class=\"elementor-widget-wrap elementor-element-populated\">\n\t\t\t\t\t\t<div class=\"elementor-element elementor-element-0cf120a elementor-widget-divider--view-line elementor-widget elementor-widget-divider\" data-id=\"0cf120a\" data-element_type=\"widget\" data-widget_type=\"divider.default\">\n\t\t\t\t<div class=\"elementor-widget-container\">\n\t\t\t\t\t\t\t<div class=\"elementor-divider\">\n\t\t\t<span class=\"elementor-divider-separator\">\n\t\t\t\t\t\t<\/span>\n\t\t<\/div>\n\t\t\t\t\t\t<\/div>\n\t\t\t\t<\/div>\n\t\t\t\t\t<\/div>\n\t\t<\/div>\n\t\t\t\t\t<\/div>\n\t\t<\/section>\n\t\t\t\t<section class=\"elementor-section elementor-top-section elementor-element elementor-element-a35cafd elementor-section-boxed elementor-section-height-default elementor-section-height-default\" data-id=\"a35cafd\" data-element_type=\"section\">\n\t\t\t\t\t\t<div class=\"elementor-container elementor-column-gap-default\">\n\t\t\t\t\t<div class=\"elementor-column elementor-col-100 elementor-top-column elementor-element elementor-element-ac4212d\" data-id=\"ac4212d\" data-element_type=\"column\">\n\t\t\t<div class=\"elementor-widget-wrap elementor-element-populated\">\n\t\t\t\t\t\t<section class=\"elementor-section elementor-inner-section elementor-element elementor-element-a8f1074 elementor-section-boxed elementor-section-height-default elementor-section-height-default\" data-id=\"a8f1074\" data-element_type=\"section\">\n\t\t\t\t\t\t<div class=\"elementor-container elementor-column-gap-default\">\n\t\t\t\t\t<div class=\"elementor-column elementor-col-50 elementor-inner-column elementor-element elementor-element-6d95b6d\" data-id=\"6d95b6d\" data-element_type=\"column\">\n\t\t\t<div class=\"elementor-widget-wrap elementor-element-populated\">\n\t\t\t\t\t\t<div class=\"elementor-element elementor-element-4b4917b elementor-widget elementor-widget-text-editor\" data-id=\"4b4917b\" data-element_type=\"widget\" data-widget_type=\"text-editor.default\">\n\t\t\t\t<div class=\"elementor-widget-container\">\n\t\t\t\t\t\t\t\t\t<h3><strong>La Responsable <span style=\"color: #ff00ff;\">SAOUAG Yasmine<\/span><\/strong><\/h3><h3><strong>Email: <span style=\"color: #0000ff;\">yasmine.saouag@univ-usto.dz<\/span><\/strong><\/h3>\t\t\t\t\t\t\t\t<\/div>\n\t\t\t\t<\/div>\n\t\t\t\t\t<\/div>\n\t\t<\/div>\n\t\t\t\t<div class=\"elementor-column elementor-col-50 elementor-inner-column elementor-element elementor-element-ccf2741\" data-id=\"ccf2741\" data-element_type=\"column\">\n\t\t\t<div class=\"elementor-widget-wrap elementor-element-populated\">\n\t\t\t\t\t\t\t<\/div>\n\t\t<\/div>\n\t\t\t\t\t<\/div>\n\t\t<\/section>\n\t\t\t\t\t<\/div>\n\t\t<\/div>\n\t\t\t\t\t<\/div>\n\t\t<\/section>\n\t\t\t\t<section class=\"elementor-section elementor-top-section elementor-element elementor-element-27bc060 elementor-section-boxed elementor-section-height-default elementor-section-height-default\" data-id=\"27bc060\" data-element_type=\"section\">\n\t\t\t\t\t\t<div class=\"elementor-container elementor-column-gap-default\">\n\t\t\t\t\t<div class=\"elementor-column elementor-col-100 elementor-top-column elementor-element elementor-element-7e51aec\" data-id=\"7e51aec\" data-element_type=\"column\">\n\t\t\t<div class=\"elementor-widget-wrap elementor-element-populated\">\n\t\t\t\t\t\t<div class=\"elementor-element elementor-element-7690ba5 elementor-widget elementor-widget-text-editor\" data-id=\"7690ba5\" data-element_type=\"widget\" data-widget_type=\"text-editor.default\">\n\t\t\t\t<div class=\"elementor-widget-container\">\n\t\t\t\t\t\t\t\t\t<h3 style=\"text-align: center;\"><strong>La biblioth\u00e8que de la Facult\u00e9 de chimie a \u00e9t\u00e9 cr\u00e9\u00e9 en 2013, conform\u00e9ment au d\u00e9cret ex\u00e9cutif <span style=\"color: #0000ff;\">N\u00b013\/199 du 20 Mai 2013<\/span>.<\/strong><\/h3><h3 style=\"text-align: center;\"><strong>Celle-ci, se compose d\u2019une salle\u00a0; r\u00e9serv\u00e9e pour les ouvrages et des th\u00e8ses Universitaires.<\/strong><\/h3><h3 style=\"text-align: center;\"><strong>\u00a0<\/strong><\/h3><h3 style=\"text-align: center;\"><strong>\u00a0 \u00a0 \u00a0 Les Visiteurs et Utilisateurs de cette biblioth\u00e8ques sont ; les professeurs, les Doctorants, les \u00e9tudiants en master et les \u00e9tudiants de 3\u00e8me ann\u00e9e licence. Ces derniers b\u00e9n\u00e9ficient de la possibilit\u00e9 d\u2019une consultation interne des ouvrages et m\u00eame pour un emprunt hors les limites de celle-ci.<\/strong><\/h3><h3 style=\"text-align: center;\">\u00a0<strong>\u00a0\u00a0\u00a0\u00a0\u00a0\u00a0\u00a0\u00a0\u00a0\u00a0 Le Fond documentaire de la biblioth\u00e8que est comme suit\u00a0:<\/strong><\/h3><h3 style=\"text-align: center;\"><strong><span style=\"color: #008000;\">Th\u00e8ses de Doctorat<\/span> \u2026\u2026\u2026..<span style=\"color: #008000;\">207<\/span> titres.<\/strong><\/h3><h3 style=\"text-align: center;\"><strong><span style=\"color: #ff6600;\">M\u00e9moires de Magister<\/span>\u2026\u2026..<span style=\"color: #ff6600;\">229<\/span> titres.<\/strong><\/h3><h3 style=\"text-align: center;\"><strong><span style=\"color: #ff00ff;\">M\u00e9moires Master<\/span>\u2026\u2026\u2026\u2026..<span style=\"color: #0000ff;\">2987<\/span> titres.<\/strong><\/h3><h3 style=\"text-align: center;\"><strong>les <span style=\"color: #ff0000;\">ouvrages<\/span>\u2026\u2026..\u00a0 <span style=\"color: #ff0000;\">1580<\/span>\u00a0 titres.<\/strong><\/h3><p>\u00a0<\/p><h3 style=\"text-align: center;\"><span style=\"text-decoration: underline;\"><strong><span style=\"color: #ff0000; text-decoration: underline;\">R\u00e8glement Int\u00e9rieur:<\/span><\/strong><\/span><\/h3><h3 style=\"text-align: center;\"><strong>Tout utilisateur de la biblioth\u00e8que est tenu \u00e0 respecter le r\u00e8glement int\u00e9rieur\u00a0:<\/strong><\/h3><h3 style=\"text-align: center;\"><strong>Il est notamment interdit de fumer\u00a0,de manger ou de boire dans les locaux de mani\u00e8res g\u00e9n\u00e9rale, et d\u2019avoir un comportement g\u00eanant pour les autres usagers<\/strong><\/h3><h3 style=\"text-align: center;\"><strong>Les usages doivent respecter le calme des lieux et avoir un comportement correct<\/strong><\/h3><h3 style=\"text-align: center;\"><strong>L\u2019usage du t\u00e9l\u00e9phone portable est interdit dans locaux.<\/strong><\/h3><h3 style=\"text-align: center;\"><strong>Des infractions graves au r\u00e8glement et le non respect de recommandation entraineront la Suppression temporaire ou d\u00e9finitive du droit au pr\u00eat.<\/strong><\/h3><h3 style=\"text-align: center;\"><strong>Le personnel se tient \u00e0 la disposition des utilisateurs pour les accueillir, les conseiller, les accompagner dans leurs recherches et d\u2019une mani\u00e8re g\u00e9n\u00e9rale, les aider dans l\u2019utilisation\u00a0des services de la biblioth\u00e8que de la facult\u00e9.<\/strong><\/h3><p>\u00a0<\/p><h3 style=\"text-align: center;\"><strong><span style=\"text-decoration: underline; color: #ff0000;\">QUITUS<\/span>:<\/strong><\/h3><h3 style=\"text-align: center;\"><strong>\u00a0\u00a0\u00a0\u00a0 \u00a0Enfin d\u2019ann\u00e9e universitaire, les \u00e9tudiants doivent se faire<\/strong> <strong>d\u00e9livrer un quitus\u00a0 \u00a0attestant qu\u2019ils ont restitu\u00e9 tous les ouvrages emprunt\u00e9s \u00e0 la biblioth\u00e8que<\/strong> <strong>de la facult\u00e9.<\/strong><\/h3>\t\t\t\t\t\t\t\t<\/div>\n\t\t\t\t<\/div>\n\t\t\t\t\t<\/div>\n\t\t<\/div>\n\t\t\t\t\t<\/div>\n\t\t<\/section>\n\t\t\t\t<\/div>\n\t\t","protected":false},"excerpt":{"rendered":"<p>La Responsable SAOUAG Yasmine Email: yasmine.saouag@univ-usto.dz La biblioth\u00e8que de la Facult\u00e9 de chimie a \u00e9t\u00e9 cr\u00e9\u00e9 en 2013, conform\u00e9ment au d\u00e9cret ex\u00e9cutif N\u00b013\/199 du 20 Mai 2013. Celle-ci, se compose <a href=\"https:\/\/www.univ-usto.dz\/faculte\/fac-chimie\/fr\/presentation-de-la-bibliotheque\/\" class=\"read-more\">Lire la suite &#8230;<\/a><\/p>\n","protected":false},"author":14,"featured_media":0,"parent":0,"menu_order":0,"comment_status":"closed","ping_status":"closed","template":"","meta":{"footnotes":""},"class_list":["post-11649","page","type-page","status-publish","hentry"],"_links":{"self":[{"href":"https:\/\/www.univ-usto.dz\/faculte\/fac-chimie\/wp-json\/wp\/v2\/pages\/11649","targetHints":{"allow":["GET"]}}],"collection":[{"href":"https:\/\/www.univ-usto.dz\/faculte\/fac-chimie\/wp-json\/wp\/v2\/pages"}],"about":[{"href":"https:\/\/www.univ-usto.dz\/faculte\/fac-chimie\/wp-json\/wp\/v2\/types\/page"}],"author":[{"embeddable":true,"href":"https:\/\/www.univ-usto.dz\/faculte\/fac-chimie\/wp-json\/wp\/v2\/users\/14"}],"replies":[{"embeddable":true,"href":"https:\/\/www.univ-usto.dz\/faculte\/fac-chimie\/wp-json\/wp\/v2\/comments?post=11649"}],"version-history":[{"count":46,"href":"https:\/\/www.univ-usto.dz\/faculte\/fac-chimie\/wp-json\/wp\/v2\/pages\/11649\/revisions"}],"predecessor-version":[{"id":35930,"href":"https:\/\/www.univ-usto.dz\/faculte\/fac-chimie\/wp-json\/wp\/v2\/pages\/11649\/revisions\/35930"}],"wp:attachment":[{"href":"https:\/\/www.univ-usto.dz\/faculte\/fac-chimie\/wp-json\/wp\/v2\/media?parent=11649"}],"curies":[{"name":"wp","href":"https:\/\/api.w.org\/{rel}","templated":true}]}}