{"id":12659,"date":"2023-01-31T11:16:00","date_gmt":"2023-01-31T11:16:00","guid":{"rendered":"https:\/\/www.univ-usto.dz\/faculte\/fac-chimie\/?page_id=12659"},"modified":"2024-05-16T09:14:45","modified_gmt":"2024-05-16T09:14:45","slug":"notes-et-corrige-l3-gp","status":"publish","type":"page","link":"https:\/\/www.univ-usto.dz\/faculte\/fac-chimie\/fr\/notes-et-corrige-l3-gp\/","title":{"rendered":"Notes et corrig\u00e9s L3 GP- 2023-2024"},"content":{"rendered":"\t\t<div data-elementor-type=\"wp-page\" data-elementor-id=\"12659\" class=\"elementor elementor-12659\">\n\t\t\t\t\t\t<section class=\"elementor-section elementor-top-section elementor-element elementor-element-25e012b elementor-section-boxed elementor-section-height-default elementor-section-height-default\" data-id=\"25e012b\" data-element_type=\"section\">\n\t\t\t\t\t\t<div class=\"elementor-container elementor-column-gap-default\">\n\t\t\t\t\t<div class=\"elementor-column elementor-col-100 elementor-top-column elementor-element elementor-element-862c6be\" data-id=\"862c6be\" data-element_type=\"column\">\n\t\t\t<div class=\"elementor-widget-wrap elementor-element-populated\">\n\t\t\t\t\t\t<div class=\"elementor-element elementor-element-cd958ad elementor-widget-divider--view-line elementor-widget elementor-widget-divider\" data-id=\"cd958ad\" data-element_type=\"widget\" data-widget_type=\"divider.default\">\n\t\t\t\t<div class=\"elementor-widget-container\">\n\t\t\t\t\t\t\t<div class=\"elementor-divider\">\n\t\t\t<span class=\"elementor-divider-separator\">\n\t\t\t\t\t\t<\/span>\n\t\t<\/div>\n\t\t\t\t\t\t<\/div>\n\t\t\t\t<\/div>\n\t\t\t\t\t<\/div>\n\t\t<\/div>\n\t\t\t\t\t<\/div>\n\t\t<\/section>\n\t\t\t\t<section class=\"elementor-section elementor-top-section elementor-element elementor-element-222e064 elementor-section-boxed elementor-section-height-default elementor-section-height-default\" data-id=\"222e064\" data-element_type=\"section\">\n\t\t\t\t\t\t<div class=\"elementor-container elementor-column-gap-default\">\n\t\t\t\t\t<div class=\"elementor-column elementor-col-100 elementor-top-column elementor-element elementor-element-290c227\" data-id=\"290c227\" data-element_type=\"column\">\n\t\t\t<div class=\"elementor-widget-wrap elementor-element-populated\">\n\t\t\t\t\t\t<div class=\"elementor-element elementor-element-5ecf0eb elementor-widget elementor-widget-text-editor\" data-id=\"5ecf0eb\" data-element_type=\"widget\" data-widget_type=\"text-editor.default\">\n\t\t\t\t<div class=\"elementor-widget-container\">\n\t\t\t\t\t\t\t\t\t<h3><span style=\"color: #ff0000;\"><strong>R\u00e9acteurs homog\u00e8nes:<\/strong><\/span><\/h3><h3><strong><a href=\"https:\/\/www.univ-usto.dz\/faculte\/fac-chimie\/wp-content\/uploads\/2024\/05\/examen-reacteur-2024-corrige.pdf\">examen r\u00e9acteur 2024+ corrig\u00e9<\/a><\/strong><\/h3>\t\t\t\t\t\t\t\t<\/div>\n\t\t\t\t<\/div>\n\t\t\t\t\t<\/div>\n\t\t<\/div>\n\t\t\t\t\t<\/div>\n\t\t<\/section>\n\t\t\t\t<\/div>\n\t\t","protected":false},"excerpt":{"rendered":"<p>R\u00e9acteurs homog\u00e8nes: examen r\u00e9acteur 2024+ corrig\u00e9<\/p>\n","protected":false},"author":14,"featured_media":0,"parent":0,"menu_order":0,"comment_status":"closed","ping_status":"closed","template":"","meta":{"footnotes":""},"class_list":["post-12659","page","type-page","status-publish","hentry"],"_links":{"self":[{"href":"https:\/\/www.univ-usto.dz\/faculte\/fac-chimie\/wp-json\/wp\/v2\/pages\/12659","targetHints":{"allow":["GET"]}}],"collection":[{"href":"https:\/\/www.univ-usto.dz\/faculte\/fac-chimie\/wp-json\/wp\/v2\/pages"}],"about":[{"href":"https:\/\/www.univ-usto.dz\/faculte\/fac-chimie\/wp-json\/wp\/v2\/types\/page"}],"author":[{"embeddable":true,"href":"https:\/\/www.univ-usto.dz\/faculte\/fac-chimie\/wp-json\/wp\/v2\/users\/14"}],"replies":[{"embeddable":true,"href":"https:\/\/www.univ-usto.dz\/faculte\/fac-chimie\/wp-json\/wp\/v2\/comments?post=12659"}],"version-history":[{"count":133,"href":"https:\/\/www.univ-usto.dz\/faculte\/fac-chimie\/wp-json\/wp\/v2\/pages\/12659\/revisions"}],"predecessor-version":[{"id":26797,"href":"https:\/\/www.univ-usto.dz\/faculte\/fac-chimie\/wp-json\/wp\/v2\/pages\/12659\/revisions\/26797"}],"wp:attachment":[{"href":"https:\/\/www.univ-usto.dz\/faculte\/fac-chimie\/wp-json\/wp\/v2\/media?parent=12659"}],"curies":[{"name":"wp","href":"https:\/\/api.w.org\/{rel}","templated":true}]}}