{"id":17319,"date":"2022-10-18T10:08:24","date_gmt":"2022-10-18T10:08:24","guid":{"rendered":"https:\/\/www.univ-usto.dz\/faculte\/fac-chimie\/?page_id=17319"},"modified":"2024-01-28T09:16:52","modified_gmt":"2024-01-28T09:16:52","slug":"emplois-du-temps-genie-chimique","status":"publish","type":"page","link":"https:\/\/www.univ-usto.dz\/faculte\/fac-chimie\/fr\/emplois-du-temps-genie-chimique\/","title":{"rendered":"Emplois du temps -G\u00e9nie Chimique-"},"content":{"rendered":"\t\t<div data-elementor-type=\"wp-page\" data-elementor-id=\"17319\" class=\"elementor elementor-17319\">\n\t\t\t\t\t\t<section class=\"elementor-section elementor-top-section elementor-element elementor-element-26c1b84 elementor-section-boxed elementor-section-height-default elementor-section-height-default\" data-id=\"26c1b84\" data-element_type=\"section\">\n\t\t\t\t\t\t<div class=\"elementor-container elementor-column-gap-default\">\n\t\t\t\t\t<div class=\"elementor-column elementor-col-100 elementor-top-column elementor-element elementor-element-7b1a2aa\" data-id=\"7b1a2aa\" data-element_type=\"column\">\n\t\t\t<div class=\"elementor-widget-wrap elementor-element-populated\">\n\t\t\t\t\t\t<div class=\"elementor-element elementor-element-bb298b4 elementor-widget-divider--view-line elementor-widget elementor-widget-divider\" data-id=\"bb298b4\" data-element_type=\"widget\" data-widget_type=\"divider.default\">\n\t\t\t\t<div class=\"elementor-widget-container\">\n\t\t\t\t\t\t\t<div class=\"elementor-divider\">\n\t\t\t<span class=\"elementor-divider-separator\">\n\t\t\t\t\t\t<\/span>\n\t\t<\/div>\n\t\t\t\t\t\t<\/div>\n\t\t\t\t<\/div>\n\t\t\t\t\t<\/div>\n\t\t<\/div>\n\t\t\t\t\t<\/div>\n\t\t<\/section>\n\t\t\t\t<section class=\"elementor-section elementor-top-section elementor-element elementor-element-ef9492b elementor-section-boxed elementor-section-height-default elementor-section-height-default\" data-id=\"ef9492b\" data-element_type=\"section\">\n\t\t\t\t\t\t<div class=\"elementor-container elementor-column-gap-default\">\n\t\t\t\t\t<div class=\"elementor-column elementor-col-100 elementor-top-column elementor-element elementor-element-4e7af0a\" data-id=\"4e7af0a\" data-element_type=\"column\">\n\t\t\t<div class=\"elementor-widget-wrap elementor-element-populated\">\n\t\t\t\t\t\t<div class=\"elementor-element elementor-element-d7ba601 elementor-widget elementor-widget-heading\" data-id=\"d7ba601\" data-element_type=\"widget\" data-widget_type=\"heading.default\">\n\t\t\t\t<div class=\"elementor-widget-container\">\n\t\t\t\t\t<h1 class=\"elementor-heading-title elementor-size-large\">Emploi du temps de l'ann\u00e9e universitaire 2023-2024<\/h1>\t\t\t\t<\/div>\n\t\t\t\t<\/div>\n\t\t\t\t\t<\/div>\n\t\t<\/div>\n\t\t\t\t\t<\/div>\n\t\t<\/section>\n\t\t\t\t<section class=\"elementor-section elementor-top-section elementor-element elementor-element-795fb46 elementor-section-boxed elementor-section-height-default elementor-section-height-default\" data-id=\"795fb46\" data-element_type=\"section\">\n\t\t\t\t\t\t<div class=\"elementor-container elementor-column-gap-default\">\n\t\t\t\t\t<div class=\"elementor-column elementor-col-100 elementor-top-column elementor-element elementor-element-388f3ff\" data-id=\"388f3ff\" data-element_type=\"column\">\n\t\t\t<div class=\"elementor-widget-wrap elementor-element-populated\">\n\t\t\t\t\t\t<div class=\"elementor-element elementor-element-5676ca5 elementor-widget-divider--view-line elementor-widget elementor-widget-divider\" data-id=\"5676ca5\" data-element_type=\"widget\" data-widget_type=\"divider.default\">\n\t\t\t\t<div class=\"elementor-widget-container\">\n\t\t\t\t\t\t\t<div class=\"elementor-divider\">\n\t\t\t<span class=\"elementor-divider-separator\">\n\t\t\t\t\t\t<\/span>\n\t\t<\/div>\n\t\t\t\t\t\t<\/div>\n\t\t\t\t<\/div>\n\t\t\t\t\t<\/div>\n\t\t<\/div>\n\t\t\t\t\t<\/div>\n\t\t<\/section>\n\t\t\t\t<section class=\"elementor-section elementor-top-section elementor-element elementor-element-d6f9e72 elementor-section-boxed elementor-section-height-default elementor-section-height-default\" data-id=\"d6f9e72\" data-element_type=\"section\">\n\t\t\t\t\t\t<div class=\"elementor-container elementor-column-gap-default\">\n\t\t\t\t\t<div class=\"elementor-column elementor-col-100 elementor-top-column elementor-element elementor-element-049553a\" data-id=\"049553a\" data-element_type=\"column\">\n\t\t\t<div class=\"elementor-widget-wrap elementor-element-populated\">\n\t\t\t\t\t\t<div class=\"elementor-element elementor-element-a127746 elementor-widget elementor-widget-text-editor\" data-id=\"a127746\" data-element_type=\"widget\" data-widget_type=\"text-editor.default\">\n\t\t\t\t<div class=\"elementor-widget-container\">\n\t\t\t\t\t\t\t\t\t<h1><strong>Semestre 2<\/strong><\/h1><h3><strong><a href=\"https:\/\/www.univ-usto.dz\/faculte\/fac-chimie\/wp-content\/uploads\/2024\/01\/Emploi-du-Temps-L1-COURS-24.pdf\"><img decoding=\"async\" class=\"alignnone  wp-image-17343\" src=\"https:\/\/www.univ-usto.dz\/faculte\/fac-chimie\/wp-content\/uploads\/2022\/10\/new-300x158.png\" alt=\"\" width=\"87\" height=\"46\" srcset=\"https:\/\/www.univ-usto.dz\/faculte\/fac-chimie\/wp-content\/uploads\/2022\/10\/new-300x158.png 300w, https:\/\/www.univ-usto.dz\/faculte\/fac-chimie\/wp-content\/uploads\/2022\/10\/new-24x13.png 24w, https:\/\/www.univ-usto.dz\/faculte\/fac-chimie\/wp-content\/uploads\/2022\/10\/new-36x19.png 36w, https:\/\/www.univ-usto.dz\/faculte\/fac-chimie\/wp-content\/uploads\/2022\/10\/new-48x25.png 48w, https:\/\/www.univ-usto.dz\/faculte\/fac-chimie\/wp-content\/uploads\/2022\/10\/new.png 310w\" sizes=\"(max-width: 87px) 100vw, 87px\" \/>Emploi du Temps <span style=\"color: #ff0000;\">L1 &#8211; COURS 24<\/span><\/a> <\/strong><\/h3><h3><strong><a href=\"https:\/\/www.univ-usto.dz\/faculte\/fac-chimie\/wp-content\/uploads\/2024\/01\/Emploi-du-Temps-L2-S4.pdf\">\u00a0 \u00a0 \u00a0 \u00a0 \u00a0 \u00a0 \u00a0 \u00a0 \u00a0 \u00a0 \u00a0 \u00a0 \u00a0 \u00a0 \u00a0Emploi du Temps <span style=\"color: #ff0000;\">L2 -S4<\/span><\/a> <\/strong><\/h3><h3><strong><a href=\"https:\/\/www.univ-usto.dz\/faculte\/fac-chimie\/wp-content\/uploads\/2024\/01\/Emploi-du-temps_-S2-Dpt-GC_-2024-M1.pdf\">\u00a0 \u00a0 \u00a0 \u00a0 \u00a0 \u00a0 \u00a0 \u00a0 \u00a0 \u00a0 \u00a0 \u00a0 \u00a0 \u00a0 \u00a0Emploi du temps_ S2- Dpt GC_ 2024-<span style=\"color: #ff0000;\">M1<\/span><\/a><\/strong><\/h3><h3><strong> <a href=\"https:\/\/www.univ-usto.dz\/faculte\/fac-chimie\/wp-content\/uploads\/2024\/01\/Emploi-du-temps_-S4-L2-Raffi.pdf\">\u00a0 \u00a0 \u00a0 \u00a0 \u00a0 \u00a0 \u00a0 \u00a0 \u00a0 \u00a0 \u00a0 \u00a0 \u00a0 \u00a0 \u00a0Emploi du temps_ <span style=\"color: #ff0000;\">S4-L2 Raffinage<\/span><\/a><\/strong><\/h3><h3><strong><a href=\"https:\/\/www.univ-usto.dz\/faculte\/fac-chimie\/wp-content\/uploads\/2024\/01\/Emploi-du-temps_-S6-L3-raff.pdf\">\u00a0 \u00a0 \u00a0 \u00a0 \u00a0 \u00a0 \u00a0 \u00a0 \u00a0 \u00a0 \u00a0 \u00a0 \u00a0 \u00a0 Emploi du temps_ <span style=\"color: #ff0000;\">S6-L3 raffinage<\/span><\/a><\/strong><\/h3>\t\t\t\t\t\t\t\t<\/div>\n\t\t\t\t<\/div>\n\t\t\t\t\t<\/div>\n\t\t<\/div>\n\t\t\t\t\t<\/div>\n\t\t<\/section>\n\t\t\t\t<section class=\"elementor-section elementor-top-section elementor-element elementor-element-443f870 elementor-section-boxed elementor-section-height-default elementor-section-height-default\" data-id=\"443f870\" data-element_type=\"section\">\n\t\t\t\t\t\t<div class=\"elementor-container elementor-column-gap-default\">\n\t\t\t\t\t<div class=\"elementor-column elementor-col-100 elementor-top-column elementor-element elementor-element-afd640e\" data-id=\"afd640e\" data-element_type=\"column\">\n\t\t\t<div class=\"elementor-widget-wrap elementor-element-populated\">\n\t\t\t\t\t\t<div class=\"elementor-element elementor-element-3890bfe elementor-widget-divider--view-line elementor-widget elementor-widget-divider\" data-id=\"3890bfe\" data-element_type=\"widget\" data-widget_type=\"divider.default\">\n\t\t\t\t<div class=\"elementor-widget-container\">\n\t\t\t\t\t\t\t<div class=\"elementor-divider\">\n\t\t\t<span class=\"elementor-divider-separator\">\n\t\t\t\t\t\t<\/span>\n\t\t<\/div>\n\t\t\t\t\t\t<\/div>\n\t\t\t\t<\/div>\n\t\t\t\t\t<\/div>\n\t\t<\/div>\n\t\t\t\t\t<\/div>\n\t\t<\/section>\n\t\t\t\t<section class=\"elementor-section elementor-top-section elementor-element elementor-element-38ade66 elementor-section-boxed elementor-section-height-default elementor-section-height-default\" data-id=\"38ade66\" data-element_type=\"section\">\n\t\t\t\t\t\t<div class=\"elementor-container elementor-column-gap-default\">\n\t\t\t\t\t<div class=\"elementor-column elementor-col-100 elementor-top-column elementor-element elementor-element-aa50b21\" data-id=\"aa50b21\" data-element_type=\"column\">\n\t\t\t<div class=\"elementor-widget-wrap elementor-element-populated\">\n\t\t\t\t\t\t<div class=\"elementor-element elementor-element-7491df7 elementor-widget elementor-widget-text-editor\" data-id=\"7491df7\" data-element_type=\"widget\" data-widget_type=\"text-editor.default\">\n\t\t\t\t<div class=\"elementor-widget-container\">\n\t\t\t\t\t\t\t\t\t<h1><strong>Semestre 1<\/strong><\/h1><h2><span style=\"color: #0000ff;\"><strong>Master:<\/strong><\/span><\/h2><h3><strong><a href=\"https:\/\/www.univ-usto.dz\/faculte\/fac-chimie\/wp-content\/uploads\/2023\/10\/M1-Genie-Petrochimique-.-2023-2024.pdf\"><span style=\"color: #ff0000;\">M1 G\u00e9nie P\u00e9trochimique<\/span> .-2023-2024<\/a> <\/strong><\/h3><h3><strong><a href=\"https:\/\/www.univ-usto.dz\/faculte\/fac-chimie\/wp-content\/uploads\/2023\/10\/M1-Genie-Pharmaceutique_-2023-2024.pdf\"><span style=\"color: #ff0000;\">M1 G\u00e9nie Pharmaceutique<\/span>_ 2023-2024<\/a> <\/strong><\/h3><h3><strong><a href=\"https:\/\/www.univ-usto.dz\/faculte\/fac-chimie\/wp-content\/uploads\/2023\/10\/M1Genie-Chimique-2023-2024v2.pdf\"><span style=\"color: #ff0000;\">M1 G\u00e9nie Chimique<\/span> 2023-2024v2<\/a> <\/strong><\/h3><h3><strong><a href=\"https:\/\/www.univ-usto.dz\/faculte\/fac-chimie\/wp-content\/uploads\/2023\/10\/M1Genie-des-Procedes-de-lEnvironnement-2023-2024.pdf\"><span style=\"color: #ff0000;\">M1 G\u00e9nie des Proc\u00e9d\u00e9s de l&rsquo;Environnement<\/span> 2023-2024<\/a> <\/strong><\/h3><h3><strong><a href=\"https:\/\/www.univ-usto.dz\/faculte\/fac-chimie\/wp-content\/uploads\/2023\/10\/M2-Genie-Chimique-2023-2024.pdf\"><span style=\"color: #ff0000;\">M2 G\u00e9nie Chimique<\/span>-2023-2024<\/a> <\/strong><\/h3><h3><strong><a href=\"https:\/\/www.univ-usto.dz\/faculte\/fac-chimie\/wp-content\/uploads\/2023\/10\/M2-Genie-des-Procedes-de-lEnvironnement-2023-2024.pdf\"><span style=\"color: #ff0000;\">M2 G\u00e9nie des Proc\u00e9d\u00e9s de l&rsquo;Environnemen<\/span>t-2023-2024<\/a> <\/strong><\/h3><h3><strong><a href=\"https:\/\/www.univ-usto.dz\/faculte\/fac-chimie\/wp-content\/uploads\/2023\/10\/M2-Genie-Petrochimique.2023-2024.pdf\"><span style=\"color: #ff0000;\">M2 G\u00e9nie P\u00e9trochimique<\/span>.2023-2024<\/a> <\/strong><\/h3><h3><strong><a href=\"https:\/\/www.univ-usto.dz\/faculte\/fac-chimie\/wp-content\/uploads\/2023\/10\/M2-Genie-Pharmaceutique.2023-2024-.pdf\"><span style=\"color: #ff0000;\">M2 G\u00e9nie Pharmaceutique<\/span>.2023-2024<\/a><\/strong><\/h3><h2><span style=\"color: #0000ff;\"><strong>Licence:<\/strong><\/span><\/h2><h3><strong><a href=\"https:\/\/www.univ-usto.dz\/faculte\/fac-chimie\/wp-content\/uploads\/2023\/10\/Emploi-du-Temps-L1-Ing-2023-2024.pdf\">Emploi du Temps <span style=\"color: #ff0000;\">L1- Ing\u00e9nieur<\/span> 2023-2024<\/a> <\/strong><\/h3><h3><strong><a href=\"https:\/\/www.univ-usto.dz\/faculte\/fac-chimie\/wp-content\/uploads\/2023\/10\/L2-ingenieur.pdf\">Emploi du temps <span style=\"color: #ff0000;\">L2 ing\u00e9nieur<\/span><\/a> <\/strong><\/h3><h3><strong><a href=\"https:\/\/www.univ-usto.dz\/faculte\/fac-chimie\/wp-content\/uploads\/2023\/10\/L2-Raffinage-2023-2024.pdf\"><span style=\"color: #ff0000;\">L2 Raffinage<\/span>&#8211; 2023-2024<\/a> <\/strong><\/h3><h3><strong><a href=\"https:\/\/www.univ-usto.dz\/faculte\/fac-chimie\/wp-content\/uploads\/2023\/10\/L3-Raffinage.-Petro-2023-2024.pdf\"><span style=\"color: #ff0000;\">L3 Raffinage. &amp; P\u00e9tro<\/span>-2023-2024<\/a><\/strong><\/h3><h3>\u00a0<\/h3>\t\t\t\t\t\t\t\t<\/div>\n\t\t\t\t<\/div>\n\t\t\t\t\t<\/div>\n\t\t<\/div>\n\t\t\t\t\t<\/div>\n\t\t<\/section>\n\t\t\t\t<\/div>\n\t\t","protected":false},"excerpt":{"rendered":"<p>Emploi du temps de l&rsquo;ann\u00e9e universitaire 2023-2024 Semestre 2 Emploi du Temps L1 &#8211; COURS 24 \u00a0 \u00a0 \u00a0 \u00a0 \u00a0 \u00a0 \u00a0 \u00a0 \u00a0 \u00a0 \u00a0 \u00a0 \u00a0 \u00a0 <a href=\"https:\/\/www.univ-usto.dz\/faculte\/fac-chimie\/fr\/emplois-du-temps-genie-chimique\/\" class=\"read-more\">Lire la suite &#8230;<\/a><\/p>\n","protected":false},"author":14,"featured_media":0,"parent":0,"menu_order":0,"comment_status":"closed","ping_status":"closed","template":"","meta":{"footnotes":""},"class_list":["post-17319","page","type-page","status-publish","hentry"],"_links":{"self":[{"href":"https:\/\/www.univ-usto.dz\/faculte\/fac-chimie\/wp-json\/wp\/v2\/pages\/17319","targetHints":{"allow":["GET"]}}],"collection":[{"href":"https:\/\/www.univ-usto.dz\/faculte\/fac-chimie\/wp-json\/wp\/v2\/pages"}],"about":[{"href":"https:\/\/www.univ-usto.dz\/faculte\/fac-chimie\/wp-json\/wp\/v2\/types\/page"}],"author":[{"embeddable":true,"href":"https:\/\/www.univ-usto.dz\/faculte\/fac-chimie\/wp-json\/wp\/v2\/users\/14"}],"replies":[{"embeddable":true,"href":"https:\/\/www.univ-usto.dz\/faculte\/fac-chimie\/wp-json\/wp\/v2\/comments?post=17319"}],"version-history":[{"count":121,"href":"https:\/\/www.univ-usto.dz\/faculte\/fac-chimie\/wp-json\/wp\/v2\/pages\/17319\/revisions"}],"predecessor-version":[{"id":25180,"href":"https:\/\/www.univ-usto.dz\/faculte\/fac-chimie\/wp-json\/wp\/v2\/pages\/17319\/revisions\/25180"}],"wp:attachment":[{"href":"https:\/\/www.univ-usto.dz\/faculte\/fac-chimie\/wp-json\/wp\/v2\/media?parent=17319"}],"curies":[{"name":"wp","href":"https:\/\/api.w.org\/{rel}","templated":true}]}}