{"id":17324,"date":"2022-10-18T10:11:24","date_gmt":"2022-10-18T10:11:24","guid":{"rendered":"https:\/\/www.univ-usto.dz\/faculte\/fac-chimie\/?page_id=17324"},"modified":"2024-11-04T13:40:07","modified_gmt":"2024-11-04T13:40:07","slug":"liste-par-groupe-genie-chimique","status":"publish","type":"page","link":"https:\/\/www.univ-usto.dz\/faculte\/fac-chimie\/fr\/liste-par-groupe-genie-chimique\/","title":{"rendered":"Listes par groupes -G\u00e9nie chimique- 2024-2025"},"content":{"rendered":"\t\t<div data-elementor-type=\"wp-page\" data-elementor-id=\"17324\" class=\"elementor elementor-17324\">\n\t\t\t\t\t\t<section class=\"elementor-section elementor-top-section elementor-element elementor-element-d581883 elementor-section-boxed elementor-section-height-default elementor-section-height-default\" data-id=\"d581883\" data-element_type=\"section\">\n\t\t\t\t\t\t<div class=\"elementor-container elementor-column-gap-default\">\n\t\t\t\t\t<div class=\"elementor-column elementor-col-100 elementor-top-column elementor-element elementor-element-73534ea\" data-id=\"73534ea\" data-element_type=\"column\">\n\t\t\t<div class=\"elementor-widget-wrap elementor-element-populated\">\n\t\t\t\t\t\t<div class=\"elementor-element elementor-element-de1000e elementor-widget-divider--view-line elementor-widget elementor-widget-divider\" data-id=\"de1000e\" data-element_type=\"widget\" data-widget_type=\"divider.default\">\n\t\t\t\t<div class=\"elementor-widget-container\">\n\t\t\t\t\t\t\t<div class=\"elementor-divider\">\n\t\t\t<span class=\"elementor-divider-separator\">\n\t\t\t\t\t\t<\/span>\n\t\t<\/div>\n\t\t\t\t\t\t<\/div>\n\t\t\t\t<\/div>\n\t\t\t\t\t<\/div>\n\t\t<\/div>\n\t\t\t\t\t<\/div>\n\t\t<\/section>\n\t\t\t\t<section class=\"elementor-section elementor-top-section elementor-element elementor-element-0fc280c elementor-section-boxed elementor-section-height-default elementor-section-height-default\" data-id=\"0fc280c\" data-element_type=\"section\">\n\t\t\t\t\t\t<div class=\"elementor-container elementor-column-gap-default\">\n\t\t\t\t\t<div class=\"elementor-column elementor-col-100 elementor-top-column elementor-element elementor-element-592a2c0\" data-id=\"592a2c0\" data-element_type=\"column\">\n\t\t\t<div class=\"elementor-widget-wrap elementor-element-populated\">\n\t\t\t\t\t\t<div class=\"elementor-element elementor-element-788b2b4 elementor-widget elementor-widget-text-editor\" data-id=\"788b2b4\" data-element_type=\"widget\" data-widget_type=\"text-editor.default\">\n\t\t\t\t<div class=\"elementor-widget-container\">\n\t\t\t\t\t\t\t\t\t<h3 style=\"text-align: center;\"><span style=\"color: #ff0000;\"><strong>Nouvelle version des groupes de TD\/TP &#8211; 04\/11\/2024-<\/strong><\/span><\/h3><p>\u00a0<\/p><p><a href=\"https:\/\/www.univ-usto.dz\/faculte\/fac-chimie\/wp-content\/uploads\/2024\/11\/L1-ing.xlsx\">L1 ing\u00e9nieur<\/a><\/p><p><a href=\"https:\/\/www.univ-usto.dz\/faculte\/fac-chimie\/wp-content\/uploads\/2024\/11\/L2-ing.xlsx\">L2 ing\u00e9nieur<\/a><\/p><p><a href=\"https:\/\/www.univ-usto.dz\/faculte\/fac-chimie\/wp-content\/uploads\/2024\/11\/L2-PETRO.xlsx\">L2 G\u00e9nie p\u00e9trochimique<\/a><\/p><p><a href=\"https:\/\/www.univ-usto.dz\/faculte\/fac-chimie\/wp-content\/uploads\/2024\/11\/L3-ing.xlsx\">L3 ing\u00e9nieur<\/a><\/p><p><a href=\"https:\/\/www.univ-usto.dz\/faculte\/fac-chimie\/wp-content\/uploads\/2024\/11\/L3-PETRO.xlsx\">L3 G\u00e9nie P\u00e9trochimique<\/a><\/p><p><a href=\"https:\/\/www.univ-usto.dz\/faculte\/fac-chimie\/wp-content\/uploads\/2024\/11\/M1-GC.xlsx\">M1 G\u00e9nie Chimique<\/a><\/p><p><a href=\"https:\/\/www.univ-usto.dz\/faculte\/fac-chimie\/wp-content\/uploads\/2024\/11\/M1-GPE.xlsx\">M1 GPE<\/a><\/p><p><a href=\"https:\/\/www.univ-usto.dz\/faculte\/fac-chimie\/wp-content\/uploads\/2024\/11\/M1-GPetro.xlsx\">M1 GP\u00e9tro<\/a><\/p><p><a href=\"https:\/\/www.univ-usto.dz\/faculte\/fac-chimie\/wp-content\/uploads\/2024\/11\/M1-Gphm.xlsx\">M1 Gphm<\/a><\/p><p><a href=\"https:\/\/www.univ-usto.dz\/faculte\/fac-chimie\/wp-content\/uploads\/2024\/11\/M2-GC.xlsx\">M2 GC<\/a><\/p><p><a href=\"https:\/\/www.univ-usto.dz\/faculte\/fac-chimie\/wp-content\/uploads\/2024\/11\/M2-GPE.xlsx\">M2 GPE<\/a><\/p><p><a href=\"https:\/\/www.univ-usto.dz\/faculte\/fac-chimie\/wp-content\/uploads\/2024\/11\/M2-GPetro.xlsx\">M2 GP\u00e9tro<\/a><\/p><p><a href=\"https:\/\/www.univ-usto.dz\/faculte\/fac-chimie\/wp-content\/uploads\/2024\/11\/M2-Gphm.xlsx\">M2 Gphm<\/a><\/p>\t\t\t\t\t\t\t\t<\/div>\n\t\t\t\t<\/div>\n\t\t\t\t\t<\/div>\n\t\t<\/div>\n\t\t\t\t\t<\/div>\n\t\t<\/section>\n\t\t\t\t<section class=\"elementor-section elementor-top-section elementor-element elementor-element-a16699c elementor-section-boxed elementor-section-height-default elementor-section-height-default\" data-id=\"a16699c\" data-element_type=\"section\">\n\t\t\t\t\t\t<div class=\"elementor-container elementor-column-gap-default\">\n\t\t\t\t\t<div class=\"elementor-column elementor-col-100 elementor-top-column elementor-element elementor-element-cbf8ef1\" data-id=\"cbf8ef1\" data-element_type=\"column\">\n\t\t\t<div class=\"elementor-widget-wrap elementor-element-populated\">\n\t\t\t\t\t\t<div class=\"elementor-element elementor-element-541494c elementor-widget-divider--view-line elementor-widget elementor-widget-divider\" data-id=\"541494c\" data-element_type=\"widget\" data-widget_type=\"divider.default\">\n\t\t\t\t<div class=\"elementor-widget-container\">\n\t\t\t\t\t\t\t<div class=\"elementor-divider\">\n\t\t\t<span class=\"elementor-divider-separator\">\n\t\t\t\t\t\t<\/span>\n\t\t<\/div>\n\t\t\t\t\t\t<\/div>\n\t\t\t\t<\/div>\n\t\t\t\t\t<\/div>\n\t\t<\/div>\n\t\t\t\t\t<\/div>\n\t\t<\/section>\n\t\t\t\t<section class=\"elementor-section elementor-top-section elementor-element elementor-element-6d4d8aa elementor-section-boxed elementor-section-height-default elementor-section-height-default\" data-id=\"6d4d8aa\" data-element_type=\"section\">\n\t\t\t\t\t\t<div class=\"elementor-container elementor-column-gap-default\">\n\t\t\t\t\t<div class=\"elementor-column elementor-col-100 elementor-top-column elementor-element elementor-element-045e971\" data-id=\"045e971\" data-element_type=\"column\">\n\t\t\t<div class=\"elementor-widget-wrap elementor-element-populated\">\n\t\t\t\t\t\t<div class=\"elementor-element elementor-element-ddbb57c elementor-widget elementor-widget-text-editor\" data-id=\"ddbb57c\" data-element_type=\"widget\" data-widget_type=\"text-editor.default\">\n\t\t\t\t<div class=\"elementor-widget-container\">\n\t\t\t\t\t\t\t\t\t<h3><strong><a href=\"https:\/\/www.univ-usto.dz\/faculte\/fac-chimie\/wp-content\/uploads\/2024\/09\/groupes-L2-petro.pdf\">Groupes <span style=\"color: #ff0000;\">L2 Raffinage et p\u00e9trochimie <span style=\"color: #0000ff;\">-2024-2025-<\/span><\/span><\/a><\/strong><\/h3><h3><strong><a href=\"https:\/\/www.univ-usto.dz\/faculte\/fac-chimie\/wp-content\/uploads\/2024\/09\/groupes-L3-petro.pdf\">Groupes <span style=\"color: #339966;\">L3 Raffnage et p\u00e9trochimie <\/span><\/a><\/strong><strong><a href=\"https:\/\/www.univ-usto.dz\/faculte\/fac-chimie\/wp-content\/uploads\/2024\/09\/groupes-L2-petro.pdf\"><span style=\"color: #ff0000;\"><span style=\"color: #0000ff;\">-2024-2025-<\/span><\/span><\/a><\/strong><\/h3><h3><strong><a href=\"https:\/\/www.univ-usto.dz\/faculte\/fac-chimie\/wp-content\/uploads\/2024\/09\/groupes-M1GC.pdf\">Groupes <span style=\"color: #ff00ff;\">M1 G\u00e9nie Chimique <\/span><\/a><\/strong><strong><a href=\"https:\/\/www.univ-usto.dz\/faculte\/fac-chimie\/wp-content\/uploads\/2024\/09\/groupes-L2-petro.pdf\"><span style=\"color: #ff0000;\"><span style=\"color: #0000ff;\">-2024-2025-<\/span><\/span><\/a><\/strong><\/h3><h3><strong><a href=\"https:\/\/www.univ-usto.dz\/faculte\/fac-chimie\/wp-content\/uploads\/2024\/09\/groupes-M1GPE.pdf\">Groupes <span style=\"color: #800000;\">M1 G\u00e9nie des Proc\u00e9d\u00e9s de l&rsquo;environnement <\/span><\/a><\/strong><strong><a href=\"https:\/\/www.univ-usto.dz\/faculte\/fac-chimie\/wp-content\/uploads\/2024\/09\/groupes-L2-petro.pdf\"><span style=\"color: #ff0000;\"><span style=\"color: #0000ff;\">-2024-2025-<\/span><\/span><\/a><\/strong><\/h3><h3><strong><a href=\"https:\/\/www.univ-usto.dz\/faculte\/fac-chimie\/wp-content\/uploads\/2024\/09\/groupes-M1Gpetro.pdf\">Groupes<span style=\"color: #ff6600;\"> M1 G\u00e9nie p\u00e9trochimique <\/span><\/a><\/strong><strong><a href=\"https:\/\/www.univ-usto.dz\/faculte\/fac-chimie\/wp-content\/uploads\/2024\/09\/groupes-L2-petro.pdf\"><span style=\"color: #ff0000;\"><span style=\"color: #0000ff;\">-2024-2025-<\/span><\/span><\/a><\/strong><\/h3><h3><strong><a href=\"https:\/\/www.univ-usto.dz\/faculte\/fac-chimie\/wp-content\/uploads\/2024\/09\/groupes-M1Gpharma.pdf\">Groupes <span style=\"color: #0000ff;\">M1 G\u00e9nie Pharmaceutique <\/span><\/a><\/strong><strong><a href=\"https:\/\/www.univ-usto.dz\/faculte\/fac-chimie\/wp-content\/uploads\/2024\/09\/groupes-L2-petro.pdf\"><span style=\"color: #ff0000;\"><span style=\"color: #0000ff;\">-2024-2025-<\/span><\/span><\/a><\/strong><\/h3><h3><strong><a href=\"https:\/\/www.univ-usto.dz\/faculte\/fac-chimie\/wp-content\/uploads\/2024\/09\/groupes-M2GC.pdf\">Groupes <span style=\"color: #666699;\">M2 G\u00e9nie Chimique<\/span> <\/a><\/strong><strong><a href=\"https:\/\/www.univ-usto.dz\/faculte\/fac-chimie\/wp-content\/uploads\/2024\/09\/groupes-L2-petro.pdf\"><span style=\"color: #ff0000;\"><span style=\"color: #0000ff;\">-2024-2025-<\/span><\/span><\/a><\/strong><\/h3><h3><strong><a href=\"https:\/\/www.univ-usto.dz\/faculte\/fac-chimie\/wp-content\/uploads\/2024\/09\/groupes-M2GPE.pdf\">Groupes <span style=\"color: #33cccc;\">M2 G\u00e9nie des Proc\u00e9d\u00e9s de l&rsquo;environnement <\/span><\/a><\/strong><strong><a href=\"https:\/\/www.univ-usto.dz\/faculte\/fac-chimie\/wp-content\/uploads\/2024\/09\/groupes-L2-petro.pdf\"><span style=\"color: #ff0000;\"><span style=\"color: #0000ff;\">-2024-2025-<\/span><\/span><\/a><\/strong><\/h3><h3><strong><a href=\"https:\/\/www.univ-usto.dz\/faculte\/fac-chimie\/wp-content\/uploads\/2024\/09\/groupes-M2Gpetro.pdf\">Groupes <span style=\"color: #ff99cc;\">M2 G\u00e9nie p\u00e9trochimique <\/span><\/a><\/strong><strong><a href=\"https:\/\/www.univ-usto.dz\/faculte\/fac-chimie\/wp-content\/uploads\/2024\/09\/groupes-L2-petro.pdf\"><span style=\"color: #ff0000;\"><span style=\"color: #0000ff;\">-2024-2025-<\/span><\/span><\/a><\/strong><\/h3><h3><strong><a href=\"https:\/\/www.univ-usto.dz\/faculte\/fac-chimie\/wp-content\/uploads\/2024\/09\/groupes-M2Gpharma.pdf\">Groupes <span style=\"color: #808000;\">M2 G\u00e9nie pharmaceutique<\/span><\/a><\/strong><strong><a href=\"https:\/\/www.univ-usto.dz\/faculte\/fac-chimie\/wp-content\/uploads\/2024\/09\/groupes-L2-petro.pdf\"><span style=\"color: #ff0000;\"><span style=\"color: #0000ff;\">-2024-2025-<\/span><\/span><\/a><\/strong><\/h3><h3><strong><a href=\"https:\/\/www.univ-usto.dz\/faculte\/fac-chimie\/wp-content\/uploads\/2024\/09\/L1-ing-gp.pdf\">Groupes <span style=\"color: #ff0000;\">L1 ing\u00e9nieur GP <\/span><\/a><\/strong><strong><a href=\"https:\/\/www.univ-usto.dz\/faculte\/fac-chimie\/wp-content\/uploads\/2024\/09\/groupes-L2-petro.pdf\"><span style=\"color: #ff0000;\"><span style=\"color: #0000ff;\">-2024-2025-<\/span><\/span><\/a><\/strong><\/h3><h3><strong><a href=\"https:\/\/www.univ-usto.dz\/faculte\/fac-chimie\/wp-content\/uploads\/2024\/09\/L2-ING-GP.pdf\">Groupes <span style=\"color: #339966;\">L2 ing\u00e9nieur GP <\/span><\/a><\/strong><strong><a href=\"https:\/\/www.univ-usto.dz\/faculte\/fac-chimie\/wp-content\/uploads\/2024\/09\/groupes-L2-petro.pdf\"><span style=\"color: #ff0000;\"><span style=\"color: #0000ff;\">-2024-2025-<\/span><\/span><\/a><\/strong><\/h3><h3><span style=\"color: #ff00ff;\"><strong><a style=\"color: #ff00ff;\" href=\"https:\/\/www.univ-usto.dz\/faculte\/fac-chimie\/wp-content\/uploads\/2024\/09\/L3ing-GP.pdf\"><span style=\"color: #000000;\">Groupes<\/span> L3 Ing\u00e9nieur GP <\/a><\/strong><\/span><strong><a href=\"https:\/\/www.univ-usto.dz\/faculte\/fac-chimie\/wp-content\/uploads\/2024\/09\/groupes-L2-petro.pdf\"><span style=\"color: #ff0000;\"><span style=\"color: #0000ff;\">-2024-2025-<\/span><\/span><\/a><\/strong><\/h3><h3>\u00a0<\/h3><h3>\u00a0<\/h3>\t\t\t\t\t\t\t\t<\/div>\n\t\t\t\t<\/div>\n\t\t\t\t\t<\/div>\n\t\t<\/div>\n\t\t\t\t\t<\/div>\n\t\t<\/section>\n\t\t\t\t<\/div>\n\t\t","protected":false},"excerpt":{"rendered":"<p>Nouvelle version des groupes de TD\/TP &#8211; 04\/11\/2024- \u00a0 L1 ing\u00e9nieur L2 ing\u00e9nieur L2 G\u00e9nie p\u00e9trochimique L3 ing\u00e9nieur L3 G\u00e9nie P\u00e9trochimique M1 G\u00e9nie Chimique M1 GPE M1 GP\u00e9tro M1 Gphm <a href=\"https:\/\/www.univ-usto.dz\/faculte\/fac-chimie\/fr\/liste-par-groupe-genie-chimique\/\" class=\"read-more\">Lire la suite &#8230;<\/a><\/p>\n","protected":false},"author":14,"featured_media":0,"parent":0,"menu_order":0,"comment_status":"closed","ping_status":"closed","template":"","meta":{"footnotes":""},"class_list":["post-17324","page","type-page","status-publish","hentry"],"_links":{"self":[{"href":"https:\/\/www.univ-usto.dz\/faculte\/fac-chimie\/wp-json\/wp\/v2\/pages\/17324","targetHints":{"allow":["GET"]}}],"collection":[{"href":"https:\/\/www.univ-usto.dz\/faculte\/fac-chimie\/wp-json\/wp\/v2\/pages"}],"about":[{"href":"https:\/\/www.univ-usto.dz\/faculte\/fac-chimie\/wp-json\/wp\/v2\/types\/page"}],"author":[{"embeddable":true,"href":"https:\/\/www.univ-usto.dz\/faculte\/fac-chimie\/wp-json\/wp\/v2\/users\/14"}],"replies":[{"embeddable":true,"href":"https:\/\/www.univ-usto.dz\/faculte\/fac-chimie\/wp-json\/wp\/v2\/comments?post=17324"}],"version-history":[{"count":62,"href":"https:\/\/www.univ-usto.dz\/faculte\/fac-chimie\/wp-json\/wp\/v2\/pages\/17324\/revisions"}],"predecessor-version":[{"id":29790,"href":"https:\/\/www.univ-usto.dz\/faculte\/fac-chimie\/wp-json\/wp\/v2\/pages\/17324\/revisions\/29790"}],"wp:attachment":[{"href":"https:\/\/www.univ-usto.dz\/faculte\/fac-chimie\/wp-json\/wp\/v2\/media?parent=17324"}],"curies":[{"name":"wp","href":"https:\/\/api.w.org\/{rel}","templated":true}]}}