{"id":17539,"date":"2022-10-31T10:25:47","date_gmt":"2022-10-31T10:25:47","guid":{"rendered":"https:\/\/www.univ-usto.dz\/faculte\/fac-chimie\/?page_id=17539"},"modified":"2025-09-16T10:37:57","modified_gmt":"2025-09-16T10:37:57","slug":"canevas-de-departement-genie-des-materiaux","status":"publish","type":"page","link":"https:\/\/www.univ-usto.dz\/faculte\/fac-chimie\/fr\/canevas-de-departement-genie-des-materiaux\/","title":{"rendered":"Canevas  de d\u00e9partement G\u00e9nie des mat\u00e9riaux"},"content":{"rendered":"\t\t<div data-elementor-type=\"wp-page\" data-elementor-id=\"17539\" class=\"elementor elementor-17539\">\n\t\t\t\t\t\t<section class=\"elementor-section elementor-top-section elementor-element elementor-element-1e92759 elementor-section-boxed elementor-section-height-default elementor-section-height-default\" data-id=\"1e92759\" data-element_type=\"section\">\n\t\t\t\t\t\t<div class=\"elementor-container elementor-column-gap-default\">\n\t\t\t\t\t<div class=\"elementor-column elementor-col-100 elementor-top-column elementor-element elementor-element-c1ddd7a\" data-id=\"c1ddd7a\" data-element_type=\"column\">\n\t\t\t<div class=\"elementor-widget-wrap elementor-element-populated\">\n\t\t\t\t\t\t<div class=\"elementor-element elementor-element-3027f6c elementor-widget-divider--view-line elementor-widget elementor-widget-divider\" data-id=\"3027f6c\" data-element_type=\"widget\" data-widget_type=\"divider.default\">\n\t\t\t\t<div class=\"elementor-widget-container\">\n\t\t\t\t\t\t\t<div class=\"elementor-divider\">\n\t\t\t<span class=\"elementor-divider-separator\">\n\t\t\t\t\t\t<\/span>\n\t\t<\/div>\n\t\t\t\t\t\t<\/div>\n\t\t\t\t<\/div>\n\t\t\t\t\t<\/div>\n\t\t<\/div>\n\t\t\t\t\t<\/div>\n\t\t<\/section>\n\t\t\t\t<section class=\"elementor-section elementor-top-section elementor-element elementor-element-62e2008 elementor-section-boxed elementor-section-height-default elementor-section-height-default\" data-id=\"62e2008\" data-element_type=\"section\">\n\t\t\t\t\t\t<div class=\"elementor-container elementor-column-gap-default\">\n\t\t\t\t\t<div class=\"elementor-column elementor-col-100 elementor-top-column elementor-element elementor-element-ffeb85f\" data-id=\"ffeb85f\" data-element_type=\"column\">\n\t\t\t<div class=\"elementor-widget-wrap elementor-element-populated\">\n\t\t\t\t\t\t<div class=\"elementor-element elementor-element-93d7929 elementor-widget elementor-widget-text-editor\" data-id=\"93d7929\" data-element_type=\"widget\" data-widget_type=\"text-editor.default\">\n\t\t\t\t<div class=\"elementor-widget-container\">\n\t\t\t\t\t\t\t\t\t<h2 style=\"text-align: center;\"><span style=\"color: #0000ff;\"><strong>Nouvelles versions 2025<\/strong><\/span><\/h2>\t\t\t\t\t\t\t\t<\/div>\n\t\t\t\t<\/div>\n\t\t\t\t\t<\/div>\n\t\t<\/div>\n\t\t\t\t\t<\/div>\n\t\t<\/section>\n\t\t\t\t<section class=\"elementor-section elementor-top-section elementor-element elementor-element-c085948 elementor-section-boxed elementor-section-height-default elementor-section-height-default\" data-id=\"c085948\" data-element_type=\"section\">\n\t\t\t\t\t\t<div class=\"elementor-container elementor-column-gap-default\">\n\t\t\t\t\t<div class=\"elementor-column elementor-col-100 elementor-top-column elementor-element elementor-element-23a5dd9\" data-id=\"23a5dd9\" data-element_type=\"column\">\n\t\t\t<div class=\"elementor-widget-wrap elementor-element-populated\">\n\t\t\t\t\t\t<div class=\"elementor-element elementor-element-05b4812 elementor-widget elementor-widget-text-editor\" data-id=\"05b4812\" data-element_type=\"widget\" data-widget_type=\"text-editor.default\">\n\t\t\t\t<div class=\"elementor-widget-container\">\n\t\t\t\t\t\t\t\t\t<h3><strong><span style=\"color: #33cccc;\">Licence<\/span><\/strong><\/h3><p><strong><a href=\"https:\/\/www.univ-usto.dz\/faculte\/fac-chimie\/wp-content\/uploads\/2025\/09\/C2-Licence-Genie-des-procedes-MAJ-2025.pdf\">C2-<span style=\"color: #ff0000;\">Licence-G\u00e9nie des proc\u00e9d\u00e9s<\/span> MAJ 2025<\/a><\/strong><\/p><p><span style=\"color: #33cccc;\"><strong>Master<\/strong><\/span><\/p><p><strong><a href=\"https:\/\/www.univ-usto.dz\/faculte\/fac-chimie\/wp-content\/uploads\/2025\/09\/GP-genie-des-procedes-des-materiaux_MAJ-2025.pdf\">GP- <span style=\"color: #ff0000;\">G<\/span><\/a><\/strong><strong><a href=\"https:\/\/www.univ-usto.dz\/faculte\/fac-chimie\/wp-content\/uploads\/2025\/09\/GP-genie-des-procedes-des-materiaux_MAJ-2025.pdf\"><span style=\"color: #ff0000;\">\u00e9nie des proc\u00e9d\u00e9s des materiaux <\/span><\/a><\/strong><strong><a href=\"https:\/\/www.univ-usto.dz\/faculte\/fac-chimie\/wp-content\/uploads\/2025\/09\/GP-genie-des-procedes-des-materiaux_MAJ-2025.pdf\">G_MAJ 2025<\/a><\/strong><\/p><p><strong><a href=\"https:\/\/www.univ-usto.dz\/faculte\/fac-chimie\/wp-content\/uploads\/2025\/09\/GP-Genie-des-polymeres-MAJ-2025.pdf\">GP- <span style=\"color: #ff0000;\">G\u00e9nie des polym\u00e8res<\/span> MAJ 2025<\/a><\/strong><\/p>\t\t\t\t\t\t\t\t<\/div>\n\t\t\t\t<\/div>\n\t\t\t\t\t<\/div>\n\t\t<\/div>\n\t\t\t\t\t<\/div>\n\t\t<\/section>\n\t\t\t\t<section class=\"elementor-section elementor-top-section elementor-element elementor-element-1fe4b05 elementor-section-boxed elementor-section-height-default elementor-section-height-default\" data-id=\"1fe4b05\" data-element_type=\"section\">\n\t\t\t\t\t\t<div class=\"elementor-container elementor-column-gap-default\">\n\t\t\t\t\t<div class=\"elementor-column elementor-col-100 elementor-top-column elementor-element elementor-element-92e7bbf\" data-id=\"92e7bbf\" data-element_type=\"column\">\n\t\t\t<div class=\"elementor-widget-wrap elementor-element-populated\">\n\t\t\t\t\t\t<div class=\"elementor-element elementor-element-619784a elementor-widget-divider--view-line elementor-widget elementor-widget-divider\" data-id=\"619784a\" data-element_type=\"widget\" data-widget_type=\"divider.default\">\n\t\t\t\t<div class=\"elementor-widget-container\">\n\t\t\t\t\t\t\t<div class=\"elementor-divider\">\n\t\t\t<span class=\"elementor-divider-separator\">\n\t\t\t\t\t\t<\/span>\n\t\t<\/div>\n\t\t\t\t\t\t<\/div>\n\t\t\t\t<\/div>\n\t\t\t\t\t<\/div>\n\t\t<\/div>\n\t\t\t\t\t<\/div>\n\t\t<\/section>\n\t\t\t\t<section class=\"elementor-section elementor-top-section elementor-element elementor-element-67246ed elementor-section-boxed elementor-section-height-default elementor-section-height-default\" data-id=\"67246ed\" data-element_type=\"section\">\n\t\t\t\t\t\t<div class=\"elementor-container elementor-column-gap-default\">\n\t\t\t\t\t<div class=\"elementor-column elementor-col-100 elementor-top-column elementor-element elementor-element-66be7a8\" data-id=\"66be7a8\" data-element_type=\"column\">\n\t\t\t<div class=\"elementor-widget-wrap elementor-element-populated\">\n\t\t\t\t\t\t<div class=\"elementor-element elementor-element-5192766 elementor-widget elementor-widget-text-editor\" data-id=\"5192766\" data-element_type=\"widget\" data-widget_type=\"text-editor.default\">\n\t\t\t\t<div class=\"elementor-widget-container\">\n\t\t\t\t\t\t\t\t\t<h2 style=\"text-align: center;\"><span style=\"color: #0000ff;\"><strong>Anciennes versions<\/strong><\/span><\/h2>\t\t\t\t\t\t\t\t<\/div>\n\t\t\t\t<\/div>\n\t\t\t\t\t<\/div>\n\t\t<\/div>\n\t\t\t\t\t<\/div>\n\t\t<\/section>\n\t\t\t\t<section class=\"elementor-section elementor-top-section elementor-element elementor-element-cefbee2 elementor-section-boxed elementor-section-height-default elementor-section-height-default\" data-id=\"cefbee2\" data-element_type=\"section\">\n\t\t\t\t\t\t<div class=\"elementor-container elementor-column-gap-default\">\n\t\t\t\t\t<div class=\"elementor-column elementor-col-100 elementor-top-column elementor-element elementor-element-353ec45\" data-id=\"353ec45\" data-element_type=\"column\">\n\t\t\t<div class=\"elementor-widget-wrap elementor-element-populated\">\n\t\t\t\t\t\t<div class=\"elementor-element elementor-element-6fb1be9 elementor-widget elementor-widget-heading\" data-id=\"6fb1be9\" data-element_type=\"widget\" data-widget_type=\"heading.default\">\n\t\t\t\t<div class=\"elementor-widget-container\">\n\t\t\t\t\t<h2 class=\"elementor-heading-title elementor-size-default\"> Licence<\/h2>\t\t\t\t<\/div>\n\t\t\t\t<\/div>\n\t\t\t\t<div class=\"elementor-element elementor-element-d986090 elementor-widget elementor-widget-text-editor\" data-id=\"d986090\" data-element_type=\"widget\" data-widget_type=\"text-editor.default\">\n\t\t\t\t<div class=\"elementor-widget-container\">\n\t\t\t\t\t\t\t\t\t<p><strong><a href=\"https:\/\/www.univ-usto.dz\/faculte\/fac-chimie\/wp-content\/uploads\/2022\/03\/canevas-Licence-Genie-des-procedes-actualisee-2.pdf\">Canevas Licence G\u00e9nie des proc\u00e9d\u00e9s actualis\u00e9e-2<\/a><\/strong><\/p>\t\t\t\t\t\t\t\t<\/div>\n\t\t\t\t<\/div>\n\t\t\t\t<div class=\"elementor-element elementor-element-0adcb9e elementor-widget elementor-widget-heading\" data-id=\"0adcb9e\" data-element_type=\"widget\" data-widget_type=\"heading.default\">\n\t\t\t\t<div class=\"elementor-widget-container\">\n\t\t\t\t\t<h2 class=\"elementor-heading-title elementor-size-default\">Master<\/h2>\t\t\t\t<\/div>\n\t\t\t\t<\/div>\n\t\t\t\t<div class=\"elementor-element elementor-element-26ad816 elementor-widget elementor-widget-text-editor\" data-id=\"26ad816\" data-element_type=\"widget\" data-widget_type=\"text-editor.default\">\n\t\t\t\t<div class=\"elementor-widget-container\">\n\t\t\t\t\t\t\t\t\t<p><strong><a href=\"https:\/\/www.univ-usto.dz\/faculte\/fac-chimie\/wp-content\/uploads\/2023\/10\/Nouveau-canevas-GP-genie-des-procedes-des-materiaux_MAJ-2022_.pdf\">Canevas GP- <span style=\"color: #ff0000;\">g\u00e9nie des proc\u00e9d\u00e9s des mat\u00e9riaux<\/span>_MAJ 2022_<\/a> <\/strong><\/p><p><strong><a href=\"https:\/\/www.univ-usto.dz\/faculte\/fac-chimie\/wp-content\/uploads\/2023\/10\/Nouveau-canevs-genie-des-polymeres.pdf\">Canevas <span style=\"color: #ff0000;\">g\u00e9nie des polym\u00e8res<\/span><\/a><\/strong><\/p><p><strong><a href=\"https:\/\/www.univ-usto.dz\/faculte\/fac-chimie\/wp-content\/uploads\/2022\/03\/CANEVAS-GP-Genie-des-Polymeres-Master.pdf\">CANEVAS GP-G\u00e9nie des Polym\u00e8res Master<\/a><\/strong><\/p>\t\t\t\t\t\t\t\t<\/div>\n\t\t\t\t<\/div>\n\t\t\t\t<div class=\"elementor-element elementor-element-222c0d5 elementor-widget elementor-widget-text-editor\" data-id=\"222c0d5\" data-element_type=\"widget\" data-widget_type=\"text-editor.default\">\n\t\t\t\t<div class=\"elementor-widget-container\">\n\t\t\t\t\t\t\t\t\t<p><strong><a href=\"https:\/\/www.univ-usto.dz\/faculte\/fac-chimie\/wp-content\/uploads\/2022\/03\/CANEVAS-Genie-des-Procedes-des-Materiaux-Master.pdf\">CANEVAS G\u00e9nie des Proc\u00e9d\u00e9s des Mat\u00e9riaux Master<\/a><\/strong><\/p>\t\t\t\t\t\t\t\t<\/div>\n\t\t\t\t<\/div>\n\t\t\t\t\t<\/div>\n\t\t<\/div>\n\t\t\t\t\t<\/div>\n\t\t<\/section>\n\t\t\t\t<\/div>\n\t\t","protected":false},"excerpt":{"rendered":"<p>Nouvelles versions 2025 Licence C2-Licence-G\u00e9nie des proc\u00e9d\u00e9s MAJ 2025 Master GP- G\u00e9nie des proc\u00e9d\u00e9s des materiaux G_MAJ 2025 GP- G\u00e9nie des polym\u00e8res MAJ 2025 Anciennes versions Licence Canevas Licence G\u00e9nie <a href=\"https:\/\/www.univ-usto.dz\/faculte\/fac-chimie\/fr\/canevas-de-departement-genie-des-materiaux\/\" class=\"read-more\">Lire la suite &#8230;<\/a><\/p>\n","protected":false},"author":14,"featured_media":0,"parent":0,"menu_order":0,"comment_status":"closed","ping_status":"closed","template":"","meta":{"footnotes":""},"class_list":["post-17539","page","type-page","status-publish","hentry"],"_links":{"self":[{"href":"https:\/\/www.univ-usto.dz\/faculte\/fac-chimie\/wp-json\/wp\/v2\/pages\/17539","targetHints":{"allow":["GET"]}}],"collection":[{"href":"https:\/\/www.univ-usto.dz\/faculte\/fac-chimie\/wp-json\/wp\/v2\/pages"}],"about":[{"href":"https:\/\/www.univ-usto.dz\/faculte\/fac-chimie\/wp-json\/wp\/v2\/types\/page"}],"author":[{"embeddable":true,"href":"https:\/\/www.univ-usto.dz\/faculte\/fac-chimie\/wp-json\/wp\/v2\/users\/14"}],"replies":[{"embeddable":true,"href":"https:\/\/www.univ-usto.dz\/faculte\/fac-chimie\/wp-json\/wp\/v2\/comments?post=17539"}],"version-history":[{"count":31,"href":"https:\/\/www.univ-usto.dz\/faculte\/fac-chimie\/wp-json\/wp\/v2\/pages\/17539\/revisions"}],"predecessor-version":[{"id":33070,"href":"https:\/\/www.univ-usto.dz\/faculte\/fac-chimie\/wp-json\/wp\/v2\/pages\/17539\/revisions\/33070"}],"wp:attachment":[{"href":"https:\/\/www.univ-usto.dz\/faculte\/fac-chimie\/wp-json\/wp\/v2\/media?parent=17539"}],"curies":[{"name":"wp","href":"https:\/\/api.w.org\/{rel}","templated":true}]}}