{"id":17555,"date":"2022-10-31T10:33:54","date_gmt":"2022-10-31T10:33:54","guid":{"rendered":"https:\/\/www.univ-usto.dz\/faculte\/fac-chimie\/?page_id=17555"},"modified":"2025-10-13T09:46:26","modified_gmt":"2025-10-13T09:46:26","slug":"liste-par-groupes-departement-genie-des-materiaux","status":"publish","type":"page","link":"https:\/\/www.univ-usto.dz\/faculte\/fac-chimie\/fr\/liste-par-groupes-departement-genie-des-materiaux\/","title":{"rendered":"Liste par groupes d\u00e9partement g\u00e9nie des mat\u00e9riaux 2025-2026"},"content":{"rendered":"\t\t<div data-elementor-type=\"wp-page\" data-elementor-id=\"17555\" class=\"elementor elementor-17555\">\n\t\t\t\t\t\t<section class=\"elementor-section elementor-top-section elementor-element elementor-element-acd4bd7 elementor-section-boxed elementor-section-height-default elementor-section-height-default\" data-id=\"acd4bd7\" data-element_type=\"section\">\n\t\t\t\t\t\t<div class=\"elementor-container elementor-column-gap-default\">\n\t\t\t\t\t<div class=\"elementor-column elementor-col-100 elementor-top-column elementor-element elementor-element-6ca6328\" data-id=\"6ca6328\" data-element_type=\"column\">\n\t\t\t<div class=\"elementor-widget-wrap elementor-element-populated\">\n\t\t\t\t\t\t<div class=\"elementor-element elementor-element-76952c6 elementor-widget-divider--view-line elementor-widget elementor-widget-divider\" data-id=\"76952c6\" data-element_type=\"widget\" data-widget_type=\"divider.default\">\n\t\t\t\t<div class=\"elementor-widget-container\">\n\t\t\t\t\t\t\t<div class=\"elementor-divider\">\n\t\t\t<span class=\"elementor-divider-separator\">\n\t\t\t\t\t\t<\/span>\n\t\t<\/div>\n\t\t\t\t\t\t<\/div>\n\t\t\t\t<\/div>\n\t\t\t\t\t<\/div>\n\t\t<\/div>\n\t\t\t\t\t<\/div>\n\t\t<\/section>\n\t\t\t\t<section class=\"elementor-section elementor-top-section elementor-element elementor-element-57552b8 elementor-section-boxed elementor-section-height-default elementor-section-height-default\" data-id=\"57552b8\" data-element_type=\"section\">\n\t\t\t\t\t\t<div class=\"elementor-container elementor-column-gap-default\">\n\t\t\t\t\t<div class=\"elementor-column elementor-col-100 elementor-top-column elementor-element elementor-element-d29332f\" data-id=\"d29332f\" data-element_type=\"column\">\n\t\t\t<div class=\"elementor-widget-wrap elementor-element-populated\">\n\t\t\t\t\t\t<div class=\"elementor-element elementor-element-9fd5a12 elementor-widget elementor-widget-text-editor\" data-id=\"9fd5a12\" data-element_type=\"widget\" data-widget_type=\"text-editor.default\">\n\t\t\t\t<div class=\"elementor-widget-container\">\n\t\t\t\t\t\t\t\t\t<h3><strong><a href=\"https:\/\/www.univ-usto.dz\/faculte\/fac-chimie\/wp-content\/uploads\/2025\/10\/L2-Dettes-GP-2025-25026.pdf\"><span style=\"color: #0000ff;\"><span style=\"color: #333300;\">Liste<\/span> L2 Dettes GP<\/span> 2025-25026<\/a> <\/strong><\/h3><h3><strong><a href=\"https:\/\/www.univ-usto.dz\/faculte\/fac-chimie\/wp-content\/uploads\/2025\/10\/Liste-L2-GP-Finale-2025-2026.pdf\">Liste <span style=\"color: #ff00ff;\">L2 GP Finale<\/span> 2025-2026<\/a><\/strong><\/h3><h3><strong><a href=\"https:\/\/www.univ-usto.dz\/faculte\/fac-chimie\/wp-content\/uploads\/2025\/10\/Liste-M_S3-GP.pdf\">Liste Master_<span style=\"color: #008000;\">S3 G\u00e9nie des Polym\u00e8res<\/span><\/a> <\/strong><\/h3><h3><strong><a href=\"https:\/\/www.univ-usto.dz\/faculte\/fac-chimie\/wp-content\/uploads\/2025\/10\/Liste-M_S1-GP.pdf\">Liste Master_<span style=\"color: #ff0000;\">S1 G\u00e9nie des Polym\u00e8res<\/span><\/a> <\/strong><\/h3><h3><strong><a href=\"https:\/\/www.univ-usto.dz\/faculte\/fac-chimie\/wp-content\/uploads\/2025\/10\/Liste-M_S3-GPM.pdf\">Liste Master_<span style=\"color: #993366;\">S3 G\u00e9nie des Proc\u00e9d\u00e9s des Mat\u00e9riaux<\/span><\/a> <\/strong><\/h3><h3><strong><a href=\"https:\/\/www.univ-usto.dz\/faculte\/fac-chimie\/wp-content\/uploads\/2025\/10\/Liste_M_S1-GPM.pdf\">Liste_Master_<span style=\"color: #00ccff;\">S1 G\u00e9nie des Proc\u00e9d\u00e9s des Mat\u00e9riaux<\/span><\/a><\/strong><\/h3>\t\t\t\t\t\t\t\t<\/div>\n\t\t\t\t<\/div>\n\t\t\t\t\t<\/div>\n\t\t<\/div>\n\t\t\t\t\t<\/div>\n\t\t<\/section>\n\t\t\t\t<\/div>\n\t\t","protected":false},"excerpt":{"rendered":"<p>Liste L2 Dettes GP 2025-25026 Liste L2 GP Finale 2025-2026 Liste Master_S3 G\u00e9nie des Polym\u00e8res Liste Master_S1 G\u00e9nie des Polym\u00e8res Liste Master_S3 G\u00e9nie des Proc\u00e9d\u00e9s des Mat\u00e9riaux Liste_Master_S1 G\u00e9nie des <a href=\"https:\/\/www.univ-usto.dz\/faculte\/fac-chimie\/fr\/liste-par-groupes-departement-genie-des-materiaux\/\" class=\"read-more\">Lire la suite &#8230;<\/a><\/p>\n","protected":false},"author":14,"featured_media":0,"parent":0,"menu_order":0,"comment_status":"closed","ping_status":"closed","template":"","meta":{"footnotes":""},"class_list":["post-17555","page","type-page","status-publish","hentry"],"_links":{"self":[{"href":"https:\/\/www.univ-usto.dz\/faculte\/fac-chimie\/wp-json\/wp\/v2\/pages\/17555","targetHints":{"allow":["GET"]}}],"collection":[{"href":"https:\/\/www.univ-usto.dz\/faculte\/fac-chimie\/wp-json\/wp\/v2\/pages"}],"about":[{"href":"https:\/\/www.univ-usto.dz\/faculte\/fac-chimie\/wp-json\/wp\/v2\/types\/page"}],"author":[{"embeddable":true,"href":"https:\/\/www.univ-usto.dz\/faculte\/fac-chimie\/wp-json\/wp\/v2\/users\/14"}],"replies":[{"embeddable":true,"href":"https:\/\/www.univ-usto.dz\/faculte\/fac-chimie\/wp-json\/wp\/v2\/comments?post=17555"}],"version-history":[{"count":69,"href":"https:\/\/www.univ-usto.dz\/faculte\/fac-chimie\/wp-json\/wp\/v2\/pages\/17555\/revisions"}],"predecessor-version":[{"id":33972,"href":"https:\/\/www.univ-usto.dz\/faculte\/fac-chimie\/wp-json\/wp\/v2\/pages\/17555\/revisions\/33972"}],"wp:attachment":[{"href":"https:\/\/www.univ-usto.dz\/faculte\/fac-chimie\/wp-json\/wp\/v2\/media?parent=17555"}],"curies":[{"name":"wp","href":"https:\/\/api.w.org\/{rel}","templated":true}]}}