{"id":18495,"date":"2023-01-08T09:28:55","date_gmt":"2023-01-08T09:28:55","guid":{"rendered":"https:\/\/www.univ-usto.dz\/faculte\/fac-chimie\/?page_id=18495"},"modified":"2023-01-08T09:32:55","modified_gmt":"2023-01-08T09:32:55","slug":"encadrement-pfe-departement-gc","status":"publish","type":"page","link":"https:\/\/www.univ-usto.dz\/faculte\/fac-chimie\/encadrement-pfe-departement-gc\/","title":{"rendered":"Encadrement PFE d\u00e9partement GC"},"content":{"rendered":"\t\t<div data-elementor-type=\"wp-page\" data-elementor-id=\"18495\" class=\"elementor elementor-18495\">\n\t\t\t\t\t\t<section class=\"elementor-section elementor-top-section elementor-element elementor-element-9eb0876 elementor-section-boxed elementor-section-height-default elementor-section-height-default\" data-id=\"9eb0876\" data-element_type=\"section\">\n\t\t\t\t\t\t<div class=\"elementor-container elementor-column-gap-default\">\n\t\t\t\t\t<div class=\"elementor-column elementor-col-100 elementor-top-column elementor-element elementor-element-03fd5b5\" data-id=\"03fd5b5\" data-element_type=\"column\">\n\t\t\t<div class=\"elementor-widget-wrap elementor-element-populated\">\n\t\t\t\t\t\t<div class=\"elementor-element elementor-element-1fafdd0 elementor-widget-divider--view-line elementor-widget elementor-widget-divider\" data-id=\"1fafdd0\" data-element_type=\"widget\" data-widget_type=\"divider.default\">\n\t\t\t\t<div class=\"elementor-widget-container\">\n\t\t\t\t\t\t\t<div class=\"elementor-divider\">\n\t\t\t<span class=\"elementor-divider-separator\">\n\t\t\t\t\t\t<\/span>\n\t\t<\/div>\n\t\t\t\t\t\t<\/div>\n\t\t\t\t<\/div>\n\t\t\t\t\t<\/div>\n\t\t<\/div>\n\t\t\t\t\t<\/div>\n\t\t<\/section>\n\t\t\t\t<section class=\"elementor-section elementor-top-section elementor-element elementor-element-85b0ed3 elementor-section-boxed elementor-section-height-default elementor-section-height-default\" data-id=\"85b0ed3\" data-element_type=\"section\">\n\t\t\t\t\t\t<div class=\"elementor-container elementor-column-gap-default\">\n\t\t\t\t\t<div class=\"elementor-column elementor-col-100 elementor-top-column elementor-element elementor-element-cbe0a09\" data-id=\"cbe0a09\" data-element_type=\"column\">\n\t\t\t<div class=\"elementor-widget-wrap elementor-element-populated\">\n\t\t\t\t\t\t<div class=\"elementor-element elementor-element-0afb228 elementor-widget elementor-widget-text-editor\" data-id=\"0afb228\" data-element_type=\"widget\" data-widget_type=\"text-editor.default\">\n\t\t\t\t<div class=\"elementor-widget-container\">\n\t\t\t\t\t\t\t\t\t<h1 class=\"gmail_default\" style=\"text-align: center;\">Vous trouverez ci-joint la fiche d\u2019encadrement +fiche de choix du bin\u00f4me<br \/><br \/><b><span style=\"color: #ff0000;\">Le d\u00e9lai du d\u00e9p\u00f4t des fiches sera le 31-1-2023 \u00e0 15h30 \u00a0Bureau 4419 de PG (BENMOUSSA Hasnia)<\/span><\/b><\/h1><h1 class=\"gmail_default\" style=\"text-align: center;\"><b><u><span style=\"color: #ff0000;\">(formulaires \u00e0 r\u00e9cup\u00e9rer de la PG du d\u00e9partement de G\u00e9nie Chimique (Bureau 4419))<\/span><\/u><\/b><span style=\"color: #ff0000;\"><b><br \/><\/b><\/span>Le S4 d\u00e9butera le 15 f\u00e9vrier 2023 jusqu\u2019\u00e0 le 15 juin 2023 (4 mois de PEF),<br \/>le 15 juin sera consid\u00e9r\u00e9 comme la date limite de d\u00e9p\u00f4t de m\u00e9moire&#8230;&#8230;&#8230;.Apr\u00e8s cette date l&rsquo; \u00e9tudiant sera ajourn\u00e9<br \/>les soutenances seront programm\u00e9es \u00e0 partir du<br \/><b><i>19-20 juin de 9h00 \u2013 \u00e0 16h00 (pour les GPE)<br \/>21-22 juin de 9h00 \u2013 \u00e0 16h00 (pour les GP\u00e9tro)<br \/>25-26 juin de 9h00 \u2013 \u00e0 16h00 (pour les GC+GPharma.)<\/i><\/b><br \/>la commission de gestion et de v\u00e9rification des th\u00e8mes des PFE sera responsable de la validation des th\u00e8mes et des encadreurs (<b><i>r\u00e9union sera programm\u00e9e inshallah le 07 f\u00e9vrier 2023<\/i><\/b>\u00a0)<br \/><br \/><span style=\"color: #ff0000;\"><b>les \u00e9tudiants qui n&rsquo;ont pas d&rsquo;encadreur doivent se pr\u00e9senter au bureau de l&rsquo;administration du Dpt GC\u00a0apr\u00e8s les examens<\/b><\/span><br \/><b><span style=\"color: #ff0000;\">faites diffuser &amp; merci<\/span><\/b><\/h1>\t\t\t\t\t\t\t\t<\/div>\n\t\t\t\t<\/div>\n\t\t\t\t\t<\/div>\n\t\t<\/div>\n\t\t\t\t\t<\/div>\n\t\t<\/section>\n\t\t\t\t<section class=\"elementor-section elementor-top-section elementor-element elementor-element-f875235 elementor-section-boxed elementor-section-height-default elementor-section-height-default\" data-id=\"f875235\" data-element_type=\"section\">\n\t\t\t\t\t\t<div class=\"elementor-container elementor-column-gap-default\">\n\t\t\t\t\t<div class=\"elementor-column elementor-col-100 elementor-top-column elementor-element elementor-element-d2439ae\" data-id=\"d2439ae\" data-element_type=\"column\">\n\t\t\t<div class=\"elementor-widget-wrap elementor-element-populated\">\n\t\t\t\t\t\t<div class=\"elementor-element elementor-element-9e32f96 elementor-widget elementor-widget-text-editor\" data-id=\"9e32f96\" data-element_type=\"widget\" data-widget_type=\"text-editor.default\">\n\t\t\t\t<div class=\"elementor-widget-container\">\n\t\t\t\t\t\t\t\t\t<p><strong><a href=\"https:\/\/www.univ-usto.dz\/faculte\/fac-chimie\/wp-content\/uploads\/2023\/01\/fiche-dencadrement-PEF-2022-2023.pdf\">Fiche d&rsquo;encadrement-PEF 2022-2023&#8211;&gt;PDF<\/a> <\/strong><\/p><p><strong><a href=\"https:\/\/www.univ-usto.dz\/faculte\/fac-chimie\/wp-content\/uploads\/2023\/01\/Choix-du-binome-pef-2022-2023-17-12-2022.pdf\">Choix du bin\u00f4me-pef 2022-2023 &#8211; 17-12-2022&#8211;&gt;PDF<\/a><\/strong><\/p><p><strong><a href=\"https:\/\/www.univ-usto.dz\/faculte\/fac-chimie\/wp-content\/uploads\/2023\/01\/fiche-dencadrement-PEF-2022-2023.doc\">Fiche d&rsquo;encadrement-PEF 2022-2023&#8211;&gt;Word<\/a> <\/strong><\/p><p><strong><a href=\"https:\/\/www.univ-usto.dz\/faculte\/fac-chimie\/wp-content\/uploads\/2023\/01\/Choix-du-binome-pef-2022-2023-17-12-2022.docx\">Choix du bin\u00f4me-pef 2022-2023 &#8211; 17-12-2022&#8211;&gt;Word<\/a><\/strong><\/p><p>\u00a0<\/p>\t\t\t\t\t\t\t\t<\/div>\n\t\t\t\t<\/div>\n\t\t\t\t\t<\/div>\n\t\t<\/div>\n\t\t\t\t\t<\/div>\n\t\t<\/section>\n\t\t\t\t<\/div>\n\t\t","protected":false},"excerpt":{"rendered":"<p>Vous trouverez ci-joint la fiche d\u2019encadrement +fiche de choix du bin\u00f4me Le d\u00e9lai du d\u00e9p\u00f4t des fiches sera le 31-1-2023 \u00e0 15h30 \u00a0Bureau 4419 de PG (BENMOUSSA Hasnia) (formulaires \u00e0 <a href=\"https:\/\/www.univ-usto.dz\/faculte\/fac-chimie\/encadrement-pfe-departement-gc\/\" class=\"read-more\">Lire la suite &#8230;<\/a><\/p>\n","protected":false},"author":14,"featured_media":0,"parent":0,"menu_order":0,"comment_status":"closed","ping_status":"closed","template":"","meta":{"footnotes":""},"class_list":["post-18495","page","type-page","status-publish","hentry"],"_links":{"self":[{"href":"https:\/\/www.univ-usto.dz\/faculte\/fac-chimie\/wp-json\/wp\/v2\/pages\/18495","targetHints":{"allow":["GET"]}}],"collection":[{"href":"https:\/\/www.univ-usto.dz\/faculte\/fac-chimie\/wp-json\/wp\/v2\/pages"}],"about":[{"href":"https:\/\/www.univ-usto.dz\/faculte\/fac-chimie\/wp-json\/wp\/v2\/types\/page"}],"author":[{"embeddable":true,"href":"https:\/\/www.univ-usto.dz\/faculte\/fac-chimie\/wp-json\/wp\/v2\/users\/14"}],"replies":[{"embeddable":true,"href":"https:\/\/www.univ-usto.dz\/faculte\/fac-chimie\/wp-json\/wp\/v2\/comments?post=18495"}],"version-history":[{"count":4,"href":"https:\/\/www.univ-usto.dz\/faculte\/fac-chimie\/wp-json\/wp\/v2\/pages\/18495\/revisions"}],"predecessor-version":[{"id":18504,"href":"https:\/\/www.univ-usto.dz\/faculte\/fac-chimie\/wp-json\/wp\/v2\/pages\/18495\/revisions\/18504"}],"wp:attachment":[{"href":"https:\/\/www.univ-usto.dz\/faculte\/fac-chimie\/wp-json\/wp\/v2\/media?parent=18495"}],"curies":[{"name":"wp","href":"https:\/\/api.w.org\/{rel}","templated":true}]}}